{"id":10,"date":"2016-11-06T19:06:21","date_gmt":"2016-11-06T18:06:21","guid":{"rendered":"https:\/\/metropolevsech.eu\/?page_id=10"},"modified":"2025-05-26T21:23:35","modified_gmt":"2025-05-26T19:23:35","slug":"praha","status":"publish","type":"page","link":"https:\/\/metropolevsech.eu\/cs\/praha\/","title":{"rendered":"O m\u011bst\u011b"},"content":{"rendered":"<p><span style=\"font-weight: 400;\">V\u00edt\u00e1me v\u00e1s v hlavn\u00edm m\u011bst\u011b \u010cesk\u00e9 republiky Praze!<\/span><\/p>\n<p><span style=\"font-weight: 400;\">V t\u00e9to \u010d\u00e1sti webov\u00fdch str\u00e1nek naleznete kr\u00e1tk\u00e9 p\u0159edstaven\u00ed hlavn\u00edho m\u011bsta Prahy, jeho historie a kulturn\u00ed rozmanitosti a tak\u00e9 nejd\u016fle\u017eit\u011bj\u0161\u00ed pam\u00e1tky, se kter\u00fdmi byste se m\u011bli sezn\u00e1mit. Pozn\u00e1te tak alespo\u0148 malou \u010d\u00e1st tis\u00edcilet\u00e9 historie na\u0161eho m\u011bsta. Velk\u00e1 kapitola je v\u011bnov\u00e1na doprav\u011b v Praze. Nechyb\u00ed \u010d\u00e1st o kultu\u0159e a tipech, jak tr\u00e1vit voln\u00fd \u010das. Pravideln\u011b pro v\u00e1s zde uve\u0159ej\u0148ujeme novinky nejen z hlavn\u00edho m\u011bsta a akce, kter\u00e9 m\u016f\u017eete nav\u0161t\u00edvit. Nechyb\u00ed ani p\u0159ehled mo\u017enost\u00ed ob\u010dansk\u00e9 participace \u2013 a\u0165 u\u017e jde o dobrovolnictv\u00ed, zapojen\u00ed do komunitn\u00edch iniciativ nebo dal\u0161\u00ed formy aktivn\u00ed \u00fa\u010dasti na d\u011bn\u00ed ve m\u011bst\u011b. Inspirac\u00ed v\u00e1m mohou b\u00fdt i p\u0159\u00edb\u011bhy <\/span><span style=\"font-weight: 400;\">Pra\u017ean\u016f z r\u016fzn\u00fdch kout\u016f sv\u011bta<\/span><span style=\"font-weight: 400;\">.<\/span><\/p>\n<h3>Z\u00e1kladn\u00ed informace o m\u011bst\u011b<\/h3>\n<p>Mimo z\u00e1kladn\u00edch \u00fadaj\u016f, jako je rozloha, po\u010det obyvatel, veden\u00ed, administrativn\u00ed \u010dlen\u011bn\u00ed apod., v\u00e1m tak\u00e9 odhal\u00edme pov\u011bst o zalo\u017een\u00ed Prahy.<\/p>\n<p><a href=\"\/\/metropolevsech.eu\/cs\/praha\/zakladni-informace-o-meste\/\"><section class=\"centered-container link link--arrowed\">\u010c\u00edst v\u00edce<svg class=\"arrow-icon\" xmlns=\"http:\/\/www.w3.org\/2000\/svg\" width=\"32\" height=\"32\" viewBox=\"0 0 32 32\">\n      <g fill=\"none\" stroke=\"#e4061f\" stroke-width=\"1.5\" stroke-linejoin=\"round\" stroke-miterlimit=\"10\">\n        <circle class=\"arrow-icon--circle\" cx=\"16\" cy=\"16\" r=\"15.12\"><\/circle>\n        <path class=\"arrow-icon--arrow\" d=\"M16.14 9.93L22.21 16l-6.07 6.07M8.23 16h13.98\"><\/path>\n      <\/g>\n    <\/svg><\/section><\/a><\/p>\n<h3>Praha rozmanit\u00e1<\/h3>\n<p>Zde objev\u00edte historick\u00e9 zaj\u00edmavosti o etnick\u00e9m a n\u00e1rodnostn\u00edm slo\u017een\u00ed Prahy a tak\u00e9 informace o tom, jak\u00fd p\u016fvod maj\u00ed obyvatel\u00e9 Prahy dnes.<\/p>\n<p><a href=\"\/\/metropolevsech.eu\/cs\/praha\/2-2-praha-rozmanita\/\"><section class=\"centered-container link link--arrowed\">\u010c\u00edst v\u00edce<svg class=\"arrow-icon\" xmlns=\"http:\/\/www.w3.org\/2000\/svg\" width=\"32\" height=\"32\" viewBox=\"0 0 32 32\">\n      <g fill=\"none\" stroke=\"#e4061f\" stroke-width=\"1.5\" stroke-linejoin=\"round\" stroke-miterlimit=\"10\">\n        <circle class=\"arrow-icon--circle\" cx=\"16\" cy=\"16\" r=\"15.12\"><\/circle>\n        <path class=\"arrow-icon--arrow\" d=\"M16.14 9.93L22.21 16l-6.07 6.07M8.23 16h13.98\"><\/path>\n      <\/g>\n    <\/svg><\/section><\/a><\/p>\n<h3>Pra\u017esk\u00e9 pam\u00e1tky<\/h3>\n<p>Je toho tolik co objevovat: hrady, mosty, n\u00e1m\u011bst\u00ed, kostely, domy&#8230; Vydejte se s n\u00e1mi po stop\u00e1ch pra\u017esk\u00e9 historie a architektury.<\/p>\n<p><a href=\"\/\/metropolevsech.eu\/cs\/praha\/2-3-prazske-pametihodnosti\/\"><section class=\"centered-container link link--arrowed\">\u010c\u00edst v\u00edce<svg class=\"arrow-icon\" xmlns=\"http:\/\/www.w3.org\/2000\/svg\" width=\"32\" height=\"32\" viewBox=\"0 0 32 32\">\n      <g fill=\"none\" stroke=\"#e4061f\" stroke-width=\"1.5\" stroke-linejoin=\"round\" stroke-miterlimit=\"10\">\n        <circle class=\"arrow-icon--circle\" cx=\"16\" cy=\"16\" r=\"15.12\"><\/circle>\n        <path class=\"arrow-icon--arrow\" d=\"M16.14 9.93L22.21 16l-6.07 6.07M8.23 16h13.98\"><\/path>\n      <\/g>\n    <\/svg><\/section><\/a><\/p>\n<h3>Doprava v Praze<\/h3>\n<p>V\u011b\u0159\u00edme, \u017ee pro u\u017eivatele t\u00e9to webov\u00e9 str\u00e1nky budou u\u017eite\u010dn\u00e9 praktick\u00e9 informace o doprav\u011b v\u00a0Praze, a to jak o m\u011bstsk\u00e9 hromadn\u00e9 doprav\u011b, tak i cestov\u00e1n\u00ed autem po Praze. Dozv\u00edte se zde, jak\u00e9 j\u00edzdenky k\u00a0cestov\u00e1n\u00ed pot\u0159ebujete, jak m\u016f\u017eete vyhled\u00e1vat nejlep\u0161\u00ed spoje pro cestov\u00e1n\u00ed po Praze a v\u00a0jej\u00edm okol\u00ed, ale tak\u00e9 kde zaparkovat sv\u00e9 auto v\u00a0r\u016fzn\u00fdch \u010d\u00e1stech Prahy. Doporu\u010dujeme v\u00e1m prostudovat souvisej\u00edc\u00ed odkazy, kter\u00e9 v\u00e1m poskytnou mnoho u\u017eite\u010dn\u00fdch rad a n\u00e1vod\u016f.<a href=\"\/\/metropolevsech.eu\/cs\/praha\/472-2\/\"><\/a><\/p>\n<p><a href=\"\/\/metropolevsech.eu\/cs\/praha\/doprava-v-praze\/\"><section class=\"centered-container link link--arrowed\">\u010c\u00edst v\u00edce<svg class=\"arrow-icon\" xmlns=\"http:\/\/www.w3.org\/2000\/svg\" width=\"32\" height=\"32\" viewBox=\"0 0 32 32\">\n      <g fill=\"none\" stroke=\"#e4061f\" stroke-width=\"1.5\" stroke-linejoin=\"round\" stroke-miterlimit=\"10\">\n        <circle class=\"arrow-icon--circle\" cx=\"16\" cy=\"16\" r=\"15.12\"><\/circle>\n        <path class=\"arrow-icon--arrow\" d=\"M16.14 9.93L22.21 16l-6.07 6.07M8.23 16h13.98\"><\/path>\n      <\/g>\n    <\/svg><\/section><\/a><\/p>\n<h3>Kultura v Praze<\/h3>\n<p>V\u00a0\u010d\u00e1sti kultura v\u00a0Praze jsme pro v\u00e1s p\u0159ipravili z\u00e1kladn\u00ed informace, kter\u00e9 v\u00e1m napomohou l\u00e9pe poznat kulturu m\u00edstn\u00edch obyvatel, a to jak prost\u0159ednictv\u00edm literatury, um\u011bn\u00ed, hudby nebo divadel. V\u00a0ka\u017ed\u00e9 \u010d\u00e1sti naleznete tipy, kter\u00e9 v\u00e1m napomohou v\u00a0orientaci, a\u010dkoliv byste se zat\u00edm nedomluvili dob\u0159e \u010desky. Doporu\u010dujeme sezn\u00e1mit se s\u00a0\u010dinnost\u00ed M\u011bstsk\u00e9 knihovny v\u00a0Praze, kter\u00e1 m\u00e1 pobo\u010dku ur\u010dit\u011b i v\u00a0bl\u00edzkosti va\u0161eho bydli\u0161t\u011b. Naleznete zde knihy, \u010dasopisy, ale i audiovizu\u00e1ln\u00ed materi\u00e1ly nejen v\u00a0\u010desk\u00e9m jazyce, ale i v\u00a0mnoha dal\u0161\u00edch jazyc\u00edch.<\/p>\n<p><a href=\"\/\/metropolevsech.eu\/cs\/praha\/472-2\/\"><section class=\"centered-container link link--arrowed\">\u010c\u00edst v\u00edce<svg class=\"arrow-icon\" xmlns=\"http:\/\/www.w3.org\/2000\/svg\" width=\"32\" height=\"32\" viewBox=\"0 0 32 32\">\n      <g fill=\"none\" stroke=\"#e4061f\" stroke-width=\"1.5\" stroke-linejoin=\"round\" stroke-miterlimit=\"10\">\n        <circle class=\"arrow-icon--circle\" cx=\"16\" cy=\"16\" r=\"15.12\"><\/circle>\n        <path class=\"arrow-icon--arrow\" d=\"M16.14 9.93L22.21 16l-6.07 6.07M8.23 16h13.98\"><\/path>\n      <\/g>\n    <\/svg><\/section><\/a><\/p>\n<h3>Voln\u00fd \u010das<\/h3>\n<p>V\u00a0posledn\u00ed kapitole t\u00e9to \u010d\u00e1sti se sezn\u00e1m\u00edte s\u00a0mo\u017enostmi, jak tr\u00e1vit sv\u016fj voln\u00fd \u010das, a to a\u0165 u\u017e jste dosp\u011bl\u00ed, nebo sh\u00e1n\u00edte vy\u017eit\u00ed pro sv\u00e9 d\u011bti. Naleznete zde mno\u017estv\u00ed u\u017eite\u010dn\u00fdch odkaz\u016f v\u010detn\u011b tip\u016f na v\u00fdlety, sportovn\u00ed aktivity, kurzy a vzd\u011bl\u00e1v\u00e1n\u00ed nebo mo\u017enosti se zapojit do dobrovolnick\u00fdch aktivit.<\/p>\n<p>M\u00e1te-li d\u011bti, ur\u010dit\u011b si pozorn\u011b p\u0159e\u010dt\u011bte kapitolu o mo\u017enostech tr\u00e1ven\u00ed voln\u00e9ho \u010dasu pro d\u011bti. Naleznete zde rady a tipy pro d\u011bti v\u00a0p\u0159ed\u0161koln\u00edm v\u011bku, i pro ml\u00e1de\u017e. Na webov\u00fdch str\u00e1nk\u00e1ch Praha sportovn\u00ed Magistr\u00e1tu hl. m. Prahy naleznete informace o sportovn\u00edch p\u0159\u00edle\u017eitostech pro v\u0161echny. A Domy d\u011bt\u00ed a ml\u00e1de\u017ee ur\u010dit\u011b poskytnou mo\u017enosti tr\u00e1ven\u00ed voln\u00e9ho \u010dasu pr\u00e1v\u011b i va\u0161emu d\u00edt\u011bti.<\/p>\n<p><a href=\"\/\/metropolevsech.eu\/cs\/praha\/volny-cas\/\"><section class=\"centered-container link link--arrowed\">\u010c\u00edst v\u00edce<svg class=\"arrow-icon\" xmlns=\"http:\/\/www.w3.org\/2000\/svg\" width=\"32\" height=\"32\" viewBox=\"0 0 32 32\">\n      <g fill=\"none\" stroke=\"#e4061f\" stroke-width=\"1.5\" stroke-linejoin=\"round\" stroke-miterlimit=\"10\">\n        <circle class=\"arrow-icon--circle\" cx=\"16\" cy=\"16\" r=\"15.12\"><\/circle>\n        <path class=\"arrow-icon--arrow\" d=\"M16.14 9.93L22.21 16l-6.07 6.07M8.23 16h13.98\"><\/path>\n      <\/g>\n    <\/svg><\/section><\/a><\/p>\n<h3>Ob\u010dansk\u00e1 a politick\u00e1 participace<\/h3>\n<p><span style=\"font-weight: 400;\">Chcete se aktivn\u011b pod\u00edlet na \u017eivot\u011b v Praze?<\/span> <span style=\"font-weight: 400;\">Tato \u010d\u00e1st v\u00e1m poskytne v\u0161echny pot\u0159ebn\u00e9 informace o tom, jak m\u016f\u017eete p\u0159isp\u011bt k rozvoji m\u011bstsk\u00e9 komunity, z\u00edskat nov\u00e9 dovednosti a c\u00edtit se sou\u010d\u00e1st\u00ed spole\u010dnosti. Aktivn\u00ed \u00fa\u010dast nen\u00ed prosp\u011b\u0161n\u00e1 jen v\u00e1m, ale i ostatn\u00edm \u2013 p\u0159in\u00e1\u0161\u00ed pocit u\u017eite\u010dnosti a obohacuje ve\u0159ejnou diskusi. Uk\u00e1\u017eeme v\u00e1m, jak m\u016f\u017eete ovlivnit d\u011bn\u00ed (i kdy\u017e t\u0159eba nejste ob\u010dan\u00e9 \u010cesk\u00e9 republiky a nem\u00e1te politick\u00e9 zastoupen\u00ed) a jak\u00e9 mo\u017enosti a p\u0159\u00edle\u017eitosti v\u00e1s \u010dekaj\u00ed.<\/span><\/p>\n<p><a href=\"https:\/\/metropolevsech.eu\/cs\/obcanska-a-politicka-participace\/\"><section class=\"centered-container link link--arrowed\">\u010c\u00edst v\u00edce<svg class=\"arrow-icon\" xmlns=\"http:\/\/www.w3.org\/2000\/svg\" width=\"32\" height=\"32\" viewBox=\"0 0 32 32\">\n      <g fill=\"none\" stroke=\"#e4061f\" stroke-width=\"1.5\" stroke-linejoin=\"round\" stroke-miterlimit=\"10\">\n        <circle class=\"arrow-icon--circle\" cx=\"16\" cy=\"16\" r=\"15.12\"><\/circle>\n        <path class=\"arrow-icon--arrow\" d=\"M16.14 9.93L22.21 16l-6.07 6.07M8.23 16h13.98\"><\/path>\n      <\/g>\n    <\/svg><\/section><\/a><\/p>\n<h3>Novinky a Akce<\/h3>\n<p>Sledujte aktu\u00e1ln\u00ed d\u011bn\u00ed v Praze a nenechte si uj\u00edt tipy na zaj\u00edmav\u00e9 akce, kter\u00e9 pro v\u00e1s pravideln\u011b vyb\u00edr\u00e1me.<\/p>\n<p><a href=\"\/\/metropolevsech.eu\/cs\/news\/\"><section class=\"centered-container link link--arrowed\">Novinky<svg class=\"arrow-icon\" xmlns=\"http:\/\/www.w3.org\/2000\/svg\" width=\"32\" height=\"32\" viewBox=\"0 0 32 32\">\n      <g fill=\"none\" stroke=\"#e4061f\" stroke-width=\"1.5\" stroke-linejoin=\"round\" stroke-miterlimit=\"10\">\n        <circle class=\"arrow-icon--circle\" cx=\"16\" cy=\"16\" r=\"15.12\"><\/circle>\n        <path class=\"arrow-icon--arrow\" d=\"M16.14 9.93L22.21 16l-6.07 6.07M8.23 16h13.98\"><\/path>\n      <\/g>\n    <\/svg><\/section><\/a><\/p>\n<p><a href=\"\/\/metropolevsech.eu\/cs\/events\/\"><section class=\"centered-container link link--arrowed\">Akce<svg class=\"arrow-icon\" xmlns=\"http:\/\/www.w3.org\/2000\/svg\" width=\"32\" height=\"32\" viewBox=\"0 0 32 32\">\n      <g fill=\"none\" stroke=\"#e4061f\" stroke-width=\"1.5\" stroke-linejoin=\"round\" stroke-miterlimit=\"10\">\n        <circle class=\"arrow-icon--circle\" cx=\"16\" cy=\"16\" r=\"15.12\"><\/circle>\n        <path class=\"arrow-icon--arrow\" d=\"M16.14 9.93L22.21 16l-6.07 6.07M8.23 16h13.98\"><\/path>\n      <\/g>\n    <\/svg><\/section><\/a><\/p>\n<h3>Pra\u017ean\u00e9 z r\u016fzn\u00fdch kout\u016f sv\u011bta<\/h3>\n<p>Zde naleznete rozhovory se zaj\u00edmav\u00fdmi lidmi a dal\u0161\u00ed \u010dl\u00e1nky, kter\u00e9 stoj\u00ed za to si p\u0159e\u010d\u00edst.<\/p>\n<p><a href=\"\/\/metropolevsech.eu\/cs\/expats\/\"><section class=\"centered-container link link--arrowed\">\u010c\u00edst v\u00edce<svg class=\"arrow-icon\" xmlns=\"http:\/\/www.w3.org\/2000\/svg\" width=\"32\" height=\"32\" viewBox=\"0 0 32 32\">\n      <g fill=\"none\" stroke=\"#e4061f\" stroke-width=\"1.5\" stroke-linejoin=\"round\" stroke-miterlimit=\"10\">\n        <circle class=\"arrow-icon--circle\" cx=\"16\" cy=\"16\" r=\"15.12\"><\/circle>\n        <path class=\"arrow-icon--arrow\" d=\"M16.14 9.93L22.21 16l-6.07 6.07M8.23 16h13.98\"><\/path>\n      <\/g>\n    <\/svg><\/section><\/a><\/p>","protected":false},"excerpt":{"rendered":"<p>V\u00edt\u00e1me v\u00e1s v hlavn\u00edm m\u011bst\u011b \u010cesk\u00e9 republiky Praze! V t\u00e9to \u010d\u00e1sti webov\u00fdch str\u00e1nek naleznete kr\u00e1tk\u00e9 p\u0159edstaven\u00ed hlavn\u00edho m\u011bsta Prahy, jeho historie a kulturn\u00ed rozmanitosti a tak\u00e9 nejd\u016fle\u017eit\u011bj\u0161\u00ed pam\u00e1tky, se kter\u00fdmi byste se m\u011bli sezn\u00e1mit. Pozn\u00e1te tak alespo\u0148 malou \u010d\u00e1st tis\u00edcilet\u00e9&#8230;<\/p>\n<a class=\"more-block\" href=\"https:\/\/metropolevsech.eu\/cs\/praha\/\">\u010c\u00edst v\u00edce<\/a>","protected":false},"author":2,"featured_media":9382,"parent":0,"menu_order":2,"comment_status":"closed","ping_status":"closed","template":"","meta":[],"acf":[],"_links":{"self":[{"href":"https:\/\/metropolevsech.eu\/cs\/wp-json\/wp\/v2\/pages\/10"}],"collection":[{"href":"https:\/\/metropolevsech.eu\/cs\/wp-json\/wp\/v2\/pages"}],"about":[{"href":"https:\/\/metropolevsech.eu\/cs\/wp-json\/wp\/v2\/types\/page"}],"author":[{"embeddable":true,"href":"https:\/\/metropolevsech.eu\/cs\/wp-json\/wp\/v2\/users\/2"}],"replies":[{"embeddable":true,"href":"https:\/\/metropolevsech.eu\/cs\/wp-json\/wp\/v2\/comments?post=10"}],"version-history":[{"count":38,"href":"https:\/\/metropolevsech.eu\/cs\/wp-json\/wp\/v2\/pages\/10\/revisions"}],"predecessor-version":[{"id":22950,"href":"https:\/\/metropolevsech.eu\/cs\/wp-json\/wp\/v2\/pages\/10\/revisions\/22950"}],"wp:featuredmedia":[{"embeddable":true,"href":"https:\/\/metropolevsech.eu\/cs\/wp-json\/wp\/v2\/media\/9382"}],"wp:attachment":[{"href":"https:\/\/metropolevsech.eu\/cs\/wp-json\/wp\/v2\/media?parent=10"}],"curies":[{"name":"wp","href":"https:\/\/api.w.org\/{rel}","templated":true}]}}