{"id":11467,"date":"2020-04-12T11:52:27","date_gmt":"2020-04-12T09:52:27","guid":{"rendered":"https:\/\/metropolevsech.eu\/?page_id=11467"},"modified":"2020-04-19T13:00:35","modified_gmt":"2020-04-19T11:00:35","slug":"on-line-studium-ceskeho-jazyka","status":"publish","type":"page","link":"https:\/\/metropolevsech.eu\/cs\/potrebuji-resit\/vzdelavani-a-nostrifikace-diplomu\/kurzy-ceskeho-jazyka\/on-line-studium-ceskeho-jazyka\/","title":{"rendered":"On-line studium \u010desk\u00e9ho jazyka"},"content":{"rendered":"<p>Nem\u016f\u017eete chodit na kurz \u010de\u0161tiny prezen\u010dn\u00ed formou, nebo se chcete u\u010dit \u010desky i doma?\u00a0N\u00ed\u017ee naleznete seznam r\u016fzn\u00fdch mo\u017enost\u00ed, kter\u00e9 v\u00e1m pomohou ve v\u00fduce \u010desk\u00e9ho jazyka.<\/p>\n<p>&nbsp;<\/p>\n<p>&nbsp;<\/p>\n<p><b>Kurzy \u010de\u0161tiny pro cizince &#8211; e-learning Centra pro integraci cizinc\u016f<\/b><\/p>\n<p><a href=\"\/\/www.kurzycestinyprocizince.cz\">\/\/www.kurzycestinyprocizince.cz<\/a><\/p>\n<p>Na str\u00e1nce naleznete videokurzy \u010desk\u00e9ho jazyka. Kurzy jsou orientov\u00e1ny na z\u00e1kladn\u00ed konverzaci u\u017e\u00edvanou ve \u0161kole nebo v zam\u011bstn\u00e1n\u00ed. Naleznete zde \u0159adu vide\u00ed pod t\u00e9matick\u00fdmi celky \u010ce\u0161tina do pr\u00e1ce, \u010ce\u0161tina do \u0161koly a Rodinn\u00fd kurz.<\/p>\n<p>&nbsp;<\/p>\n<p><b>\u010ce\u0161tina jako druh\u00fd jazyk spole\u010dnosti META<\/b><\/p>\n<p><a href=\"\/\/www.cestina2.cz\/\">\/\/www.cestina2.cz\/<\/a><\/p>\n<p>C\u00edlem e-learningu je podpo\u0159it d\u011bti a \u017e\u00e1ky, kte\u0159\u00ed v r\u016fzn\u00e9m v\u011bku za\u010d\u00ednaj\u00ed s \u010de\u0161tinou jako druh\u00fdm jazykem. Nau\u010d\u00ed v\u00e1s slovn\u00ed z\u00e1sobu, v\u00fdslovnost, gramatiku a \u010de\u0161tinu v praxi. Obsahem lekc\u00ed a cvi\u010den\u00ed jsou r\u016fzn\u00e1 t\u00e9mata vztahuj\u00edc\u00ed se ke \u0161kole, rodin\u011b, voln\u00e9mu \u010dasu atd.<\/p>\n<p>&nbsp;<\/p>\n<p><b>Inkluzivn\u00ed \u0161kola spole\u010dnosti META o.p.s.<\/b><\/p>\n<p>Port\u00e1l inkluzivn\u00ed \u0161kola je velmi komplexn\u00edm zdrojem informac\u00ed pro odborn\u00edky, pedagogy pracuj\u00edc\u00edmi s\u202f\u017e\u00e1ky s\u202fodli\u0161n\u00fdm mate\u0159sk\u00fdm jazykem, \u0161koly, i rodi\u010de d\u011bt\u00ed cizinc\u016f. Naleznete zde \u0159adu informac\u00ed a podp\u016frn\u00fdch materi\u00e1l\u016f.<\/p>\n<p>Doporu\u010dujeme tak\u00e9 materi\u00e1ly pro v\u00fduku \u010de\u0161tiny (p\u0159edev\u0161\u00edm pro vietnamsky hovo\u0159\u00edc\u00ed studenty). Soubor obsahuje 15 tematick\u00fdch lekc\u00ed.<\/p>\n<p><a href=\"\/\/www.inkluzivniskola.cz\/content\/cestina-pro-vietnamce-z-klubu-hanoi\">\/\/www.inkluzivniskola.cz\/content\/cestina-pro-vietnamce-z-klubu-hanoi<\/a><\/p>\n<p>&nbsp;<\/p>\n<p><b>Click4Czech<\/b><\/p>\n<p>Aplikace spole\u010dnosti META a Centra pro integraci cizinc\u016f k\u202fprocvi\u010dov\u00e1n\u00ed \u010desk\u00e9ho jazyka.<\/p>\n<p><a href=\"\/\/www.click4czech.cz\/app\/\">\/\/www.click4czech.cz\/app\/<\/a><\/p>\n<p>&nbsp;<\/p>\n<p>&nbsp;<\/p>\n<p><b>Mluvte \u010desky <\/b><\/p>\n<p><a href=\"\/\/mluvtecesky.net\/en\">\/\/mluvtecesky.net\/en<\/a><\/p>\n<p>Mluvte \u010desky! vznik\u00e1 d\u00edky podpo\u0159e programu EU Leonardo da Vinci jako jedin\u00fd online kurz \u010desk\u00e9ho jazyka pro cizince v angli\u010dtin\u011b, n\u011bm\u010din\u011b, pol\u0161tin\u011b a sloven\u0161tin\u011b. T\u011b\u0161it se m\u016f\u017eete na multimedi\u00e1ln\u00ed obsah s poutav\u00fdmi interaktivn\u00edmi cvi\u010den\u00edmi, hrami, texty, ale i na r\u016fzn\u00e9 audiovizu\u00e1ln\u00ed pom\u016fcky.<\/p>\n<p>Naleznete zde tak\u00e9 specializovan\u00fd kurz odborn\u00e9 l\u00e9ka\u0159sk\u00e9 \u010de\u0161tiny a pot\u0159ebn\u00e9 informace pro studenty medic\u00edny, cizince pracuj\u00edc\u00ed ve zdravotnictv\u00ed i obyvatele pohrani\u010dn\u00edch oblast\u00ed, kte\u0159\u00ed by cht\u011bli pracovat v \u010cesk\u00e9 republice.<\/p>\n<p>&nbsp;<\/p>\n<h4><b>Filmy a seri\u00e1ly v \u010de\u0161tin\u011b s \u010desk\u00fdmi nebo anglick\u00fdmi titulky<\/b><\/h4>\n<p>Nau\u010dit se \u010desky v\u00e1m pomohou i filmy, seri\u00e1ly, ivys\u00edl\u00e1n\u00ed nebo jen poslech \u010de\u0161tiny.<\/p>\n<p>&nbsp;<\/p>\n<p><b>\u010cesk\u00e1 televize <\/b><\/p>\n<p><a href=\"\/\/www.ceskatelevize.cz\/porady\/a-z\/\">\/\/www.ceskatelevize.cz\/porady\/a-z\/<\/a><\/p>\n<p>Poh\u00e1dky, po\u0159ady o va\u0159en\u00ed, sportovn\u00ed p\u0159enosy, zpravodajstv\u00ed \u2013 v\u0161e zdarma.<\/p>\n<p>&nbsp;<\/p>\n<p><b>Ivys\u00edl\u00e1n\u00ed \u010cesk\u00e9 televize<\/b><\/p>\n<p><a href=\"\/\/www.ceskatelevize.cz\/ivysilani\/\">\/\/www.ceskatelevize.cz\/ivysilani\/<\/a><\/p>\n<p>&nbsp;<\/p>\n<p><b>Prom\u00edtej i ty!<\/b><\/p>\n<p><a href=\"\/\/www.promitejity.cz\/filmy\/\">\/\/www.promitejity.cz\/filmy\/<\/a><\/p>\n<p>Prom\u00edtej i ty! je platforma, d\u00edky kter\u00e9 m\u016f\u017eete zdarma a leg\u00e1ln\u011b prom\u00edtat kvalitn\u00ed dokument\u00e1rn\u00ed filmy \u2014 a to bu\u010f sami pro sebe, nebo \u0161ir\u0161\u00edmu publiku. Za Prom\u00edtej i ty! stoj\u00ed festival Jeden sv\u011bt, nejv\u011bt\u0161\u00ed p\u0159ehl\u00eddka dokument\u00e1rn\u00edch film\u016f o lidsk\u00fdch pr\u00e1vech na sv\u011bt\u011b. Ten vyjedn\u00e1 a zaplat\u00ed licence majitel\u016fm filmov\u00fdch pr\u00e1v a vy d\u00edky tomu m\u016f\u017eete v\u0161echny dokumenty jednodu\u0161e a bez starost\u00ed stahovat a prom\u00edtat, ve vlastn\u00edm ob\u00fdv\u00e1ku nebo v letn\u00edm kin\u011b.<\/p>\n<p>&nbsp;<\/p>\n<p>&nbsp;<\/p>\n<p><b>\u010cesk\u00fd rozhlas \u2013 \u010dten\u00e1\u0159sk\u00fd den\u00edk<\/b><\/p>\n<p><a href=\"\/\/temata.rozhlas.cz\/ctenarskydenik\">\/\/temata.rozhlas.cz\/ctenarskydenik<\/a><\/p>\n<p>Des\u00edtky liter\u00e1rn\u00edch klasik (nap\u0159. Babi\u010dka Bo\u017eeny N\u011bmcov\u00e9, Malostransk\u00e9 pov\u00eddky Jana Nerudy nebo \u0160kvoreck\u00e9ho Zbab\u011blci) najdete voln\u011b ke sta\u017een\u00ed na webu \u010cesk\u00e9ho rozhlasu. Nejzn\u00e1m\u011bj\u0161\u00ed b\u00e1sn\u011b, rom\u00e1ny i pov\u00eddky jinak, ne\u017e je zn\u00e1te ze \u0161koln\u00edch lavic: jejich hrdinov\u00e9 promlouvaj\u00ed hlasem p\u0159edn\u00edch \u010desk\u00fdch herc\u016f.<\/p>\n<p>&nbsp;<\/p>\n<p><b>Dal\u0161\u00ed zdroje a aplikace k\u202fv\u00fduce \u010de\u0161tiny<\/b><\/p>\n<p><a href=\"\/\/www.101languages.net\/\">\/\/www.101languages.net\/<\/a><\/p>\n<p>Str\u00e1nka navr\u017een\u00e1 pro lidi, kte\u0159\u00ed se cht\u011bj\u00ed nau\u010dit \u010desk\u00fd jazyk. Naleznete zde odkazy na vys\u00edl\u00e1n\u00ed \u010desk\u00fdch r\u00e1di\u00ed, lekce na slov\u00ed\u010dka, slovn\u00ed hry, \u010desk\u00e9 zpr\u00e1vy, noviny a slovn\u00edky.<\/p>\n<p>&nbsp;<\/p>\n<p><a href=\"\/\/www.gettandem.com\/\">\/\/www.gettandem.com\/<\/a><\/p>\n<p>Zlep\u0161ete sv\u00e9 jazykov\u00e9 dovednosti s pomoc\u00ed rodil\u00fdch mluv\u010d\u00edch \u017eij\u00edc\u00edch nebo studuj\u00edc\u00edch ve Va\u0161em okol\u00ed.<\/p>\n<p>&nbsp;<\/p>\n<p><a href=\"\/\/mylanguageexchange.com\/\">\/\/mylanguageexchange.com\/<\/a><\/p>\n<p>Internetov\u00e1 online komunita, kde je mo\u017en\u00e9 nab\u00eddnout dou\u010dov\u00e1n\u00ed za dou\u010dov\u00e1n\u00ed.<\/p>\n<p>&nbsp;<\/p>\n<p><a href=\"\/\/www.conversationexchange.com\/\">\/\/www.conversationexchange.com\/<\/a><\/p>\n<p>Zlep\u0161ete sv\u00e9 jazykov\u00e9 dovednosti s pomoc\u00ed rodil\u00fdch mluv\u010d\u00edch \u017eij\u00edc\u00edch ve Va\u0161em sousedstv\u00ed.<\/p>\n<p>&nbsp;<\/p>\n<p>&nbsp;<\/p>\n<h4><b>Mobiln\u00ed aplikace<\/b><\/h4>\n<p>Pokud si chcete vz\u00edt u\u010den\u00ed na cesty, jsou pro v\u00e1s dobrou volbou mobiln\u00ed aplikace. M\u016f\u017eete s nimi tr\u00e9novat v parku, u vody nebo ve vlaku.<\/p>\n<p>&nbsp;<\/p>\n<p><strong>Duolingo\u00a0<\/strong><\/p>\n<p>Tato aplikace se za dobu sv\u00e9 existence stala legendou. Je proto velmi pravd\u011bpodobn\u00e9, \u017ee jste o n\u00ed u\u017e sly\u0161eli. Jej\u00ed popularita je opr\u00e1vn\u011bn\u00e1. Cel\u00e1 aplikace je postaven\u00e1 na principu u\u010den\u00ed se hrou a proto u n\u00ed vydr\u017e\u00edte mnohem d\u00e9le, ne\u017e u prost\u00e9ho biflov\u00e1n\u00ed. Nav\u00edc funguje na mobiln\u00edch telefonech se v\u0161emi opera\u010dn\u00edmi syst\u00e9my \u2013 nez\u00e1le\u017e\u00ed proto na tom, kter\u00fd z chytr\u00fdch telefon\u016f vlastn\u00edte.<\/p>\n<p>&nbsp;<\/p>\n<p><strong>Memrise<\/strong><\/p>\n<p>Aplikace Memrise je v\u00fdborn\u00fdm n\u00e1strojem na u\u010den\u00ed se a tr\u00e9nink slov\u00ed\u010dek. Tato aplikace jde proti proudu a sna\u017e\u00ed se p\u0159em\u011bnit prostoduch\u00e9 memorov\u00e1n\u00ed na origin\u00e1ln\u00ed z\u00e1bavu. M\u016f\u017eete se tak setkat se soubory slov\u00ed\u010dek z docela kuri\u00f3zn\u00edch oblast\u00ed. A pokud v\u00e1m nic z toho, co v aplikaci najdete, nevyhovuje, m\u016f\u017eete si vytvo\u0159it vlastn\u00ed.<\/p>\n<p>&nbsp;<\/p>\n<p><strong>HelloTalk\u00a0<\/strong><\/p>\n<p>R\u00e1di byste komunikovali s rodil\u00fdmi mluv\u010d\u00edmi, ale boj\u00edte se mluven\u00ed? V t\u00e9to aplikaci si m\u016f\u017eete ps\u00e1t a vz\u00e1jemn\u011b si opravovat chyby, na kter\u00e9 naraz\u00edte. Jinak funguje tato aplikace v podstat\u011b jako kter\u00fdkoliv jin\u00fd messenger. M\u016f\u017eete si v n\u011bm v\u0161ak nastavit, jak dlouho si chcete vym\u011b\u0148ovat zpr\u00e1vy, kolik zpr\u00e1v nebo znak\u016f chcete napsat.<\/p>\n<p>&nbsp;<\/p>\n<p><strong>Mondly\u00a0<\/strong><\/p>\n<p>Aplikace nab\u00edz\u00ed u\u010den\u00ed se jazyku prost\u0159ednictv\u00edm nov\u00fdch slov\u00ed\u010dek i fr\u00e1z\u00ed.<\/p>","protected":false},"excerpt":{"rendered":"<p>Nem\u016f\u017eete chodit na kurz \u010de\u0161tiny prezen\u010dn\u00ed formou, nebo se chcete u\u010dit \u010desky i doma?\u00a0N\u00ed\u017ee naleznete seznam r\u016fzn\u00fdch mo\u017enost\u00ed, kter\u00e9 v\u00e1m pomohou ve v\u00fduce \u010desk\u00e9ho jazyka. &nbsp; &nbsp; Kurzy \u010de\u0161tiny pro cizince &#8211; e-learning Centra pro integraci cizinc\u016f \/\/www.kurzycestinyprocizince.cz Na str\u00e1nce&#8230;<\/p>\n<a class=\"more-block\" href=\"https:\/\/metropolevsech.eu\/cs\/potrebuji-resit\/vzdelavani-a-nostrifikace-diplomu\/kurzy-ceskeho-jazyka\/on-line-studium-ceskeho-jazyka\/\">\u010c\u00edst v\u00edce<\/a>","protected":false},"author":7,"featured_media":0,"parent":891,"menu_order":0,"comment_status":"closed","ping_status":"closed","template":"","meta":[],"acf":[],"_links":{"self":[{"href":"https:\/\/metropolevsech.eu\/cs\/wp-json\/wp\/v2\/pages\/11467"}],"collection":[{"href":"https:\/\/metropolevsech.eu\/cs\/wp-json\/wp\/v2\/pages"}],"about":[{"href":"https:\/\/metropolevsech.eu\/cs\/wp-json\/wp\/v2\/types\/page"}],"author":[{"embeddable":true,"href":"https:\/\/metropolevsech.eu\/cs\/wp-json\/wp\/v2\/users\/7"}],"replies":[{"embeddable":true,"href":"https:\/\/metropolevsech.eu\/cs\/wp-json\/wp\/v2\/comments?post=11467"}],"version-history":[{"count":0,"href":"https:\/\/metropolevsech.eu\/cs\/wp-json\/wp\/v2\/pages\/11467\/revisions"}],"up":[{"embeddable":true,"href":"https:\/\/metropolevsech.eu\/cs\/wp-json\/wp\/v2\/pages\/891"}],"wp:attachment":[{"href":"https:\/\/metropolevsech.eu\/cs\/wp-json\/wp\/v2\/media?parent=11467"}],"curies":[{"name":"wp","href":"https:\/\/api.w.org\/{rel}","templated":true}]}}