{"id":12059,"date":"2020-08-21T15:47:54","date_gmt":"2020-08-21T13:47:54","guid":{"rendered":"https:\/\/metropolevsech.eu\/?page_id=12059"},"modified":"2026-01-26T10:22:45","modified_gmt":"2026-01-26T09:22:45","slug":"manzelstvi-registrovane-partnerstvi-a-rodicovstvi","status":"publish","type":"page","link":"https:\/\/metropolevsech.eu\/cs\/potrebuji-resit\/manzelstvi-registrovane-partnerstvi-a-rodicovstvi\/","title":{"rendered":"Rodina"},"content":{"rendered":"<p><i><span style=\"font-weight: 400;\">V t\u00e9to kapitole webu Praha <em>\u2013 m<\/em>etropole v\u0161ech se dozv\u00edte, jak postupovat, pokud chcete uzav\u0159\u00edt v \u010cesk\u00e9 republice s\u0148atek nebo registrovan\u00e9 partnerstv\u00ed s cizincem (a\u0165 u\u017e jste s\u00e1m \u010cech, \u010di tak\u00e9 cizinec), kam se obr\u00e1tit, jak\u00e9 doklady don\u00e9st a co je pot\u0159eba po svatb\u011b za\u0159\u00eddit. Tak\u00e9 zjist\u00edte, jak jsou podle \u010desk\u00fdch pr\u00e1vn\u00edch p\u0159edpis\u016f po svatb\u011b uspo\u0159\u00e1d\u00e1ny majetkov\u00e9 vztahy man\u017eel\u016f. Druh\u00e1 \u010d\u00e1st t\u00e9to kapitoly je v\u011bnov\u00e1na t\u00e9matu narozen\u00ed d\u00edt\u011bte \u017een\u011b cizince.<\/span><\/i><\/p>\n<p>&nbsp;<\/p>\n<ul class=\"bullet\">\n<li><a href=\"\/\/metropolevsech.eu\/potrebuji-resit\/manzelstvi-registrovane-partnerstvi-a-rodicovstvi\/uzavreni-manzelstvi-s-cizincem\/\"><span style=\"font-weight: 400;\">Uzav\u0159en\u00ed man\u017eelstv\u00ed s cizincem<\/span><\/a><\/li>\n<li><a href=\"\/\/metropolevsech.eu\/potrebuji-resit\/manzelstvi-registrovane-partnerstvi-a-rodicovstvi\/uzavreni-manzelstvi-s-cizincem\/\"><span style=\"font-weight: 400;\">Registrovan\u00e9 partnerstv\u00ed s cizincem<\/span><\/a><\/li>\n<li><a href=\"\/\/metropolevsech.eu\/potrebuji-resit\/manzelstvi-registrovane-partnerstvi-a-rodicovstvi\/narozeni-ditete-cizince\/\"><span style=\"font-weight: 400;\">Narozen\u00ed d\u00edt\u011bte \u017een\u011b cizince<\/span><\/a><\/li>\n<\/ul>\n<p><\/p>","protected":false},"excerpt":{"rendered":"<p>V t\u00e9to kapitole webu Praha \u2013 metropole v\u0161ech se dozv\u00edte, jak postupovat, pokud chcete uzav\u0159\u00edt v \u010cesk\u00e9 republice s\u0148atek nebo registrovan\u00e9 partnerstv\u00ed s cizincem (a\u0165 u\u017e jste s\u00e1m \u010cech, \u010di tak\u00e9 cizinec), kam se obr\u00e1tit, jak\u00e9 doklady don\u00e9st a co&#8230;<\/p>\n<a class=\"more-block\" href=\"https:\/\/metropolevsech.eu\/cs\/potrebuji-resit\/manzelstvi-registrovane-partnerstvi-a-rodicovstvi\/\">\u010c\u00edst v\u00edce<\/a>","protected":false},"author":18,"featured_media":0,"parent":736,"menu_order":8,"comment_status":"closed","ping_status":"closed","template":"","meta":[],"acf":[],"_links":{"self":[{"href":"https:\/\/metropolevsech.eu\/cs\/wp-json\/wp\/v2\/pages\/12059"}],"collection":[{"href":"https:\/\/metropolevsech.eu\/cs\/wp-json\/wp\/v2\/pages"}],"about":[{"href":"https:\/\/metropolevsech.eu\/cs\/wp-json\/wp\/v2\/types\/page"}],"author":[{"embeddable":true,"href":"https:\/\/metropolevsech.eu\/cs\/wp-json\/wp\/v2\/users\/18"}],"replies":[{"embeddable":true,"href":"https:\/\/metropolevsech.eu\/cs\/wp-json\/wp\/v2\/comments?post=12059"}],"version-history":[{"count":6,"href":"https:\/\/metropolevsech.eu\/cs\/wp-json\/wp\/v2\/pages\/12059\/revisions"}],"predecessor-version":[{"id":24599,"href":"https:\/\/metropolevsech.eu\/cs\/wp-json\/wp\/v2\/pages\/12059\/revisions\/24599"}],"up":[{"embeddable":true,"href":"https:\/\/metropolevsech.eu\/cs\/wp-json\/wp\/v2\/pages\/736"}],"wp:attachment":[{"href":"https:\/\/metropolevsech.eu\/cs\/wp-json\/wp\/v2\/media?parent=12059"}],"curies":[{"name":"wp","href":"https:\/\/api.w.org\/{rel}","templated":true}]}}