{"id":12066,"date":"2020-08-21T16:44:00","date_gmt":"2020-08-21T14:44:00","guid":{"rendered":"https:\/\/metropolevsech.eu\/?page_id=12066"},"modified":"2026-01-26T10:42:04","modified_gmt":"2026-01-26T09:42:04","slug":"uzavreni-manzelstvi-s-cizincem","status":"publish","type":"page","link":"https:\/\/metropolevsech.eu\/cs\/potrebuji-resit\/manzelstvi-registrovane-partnerstvi-a-rodicovstvi\/uzavreni-manzelstvi-s-cizincem\/","title":{"rendered":"Man\u017eelstv\u00ed a registrovan\u00e9 partnerstv\u00ed"},"content":{"rendered":"<p>Ob\u010dan \u010cesk\u00e9 republiky m\u016f\u017ee na \u00fazem\u00ed \u010cesk\u00e9 republiky uzav\u0159\u00edt man\u017eelstv\u00ed s cizincem, t\u00e9\u017e dva cizinci mohou uzav\u0159\u00edt man\u017eelstv\u00ed na \u00fazem\u00ed \u010cesk\u00e9 republiky, a to formou <b>ob\u010dansk\u00e9ho (civiln\u00edho)<\/b> nebo <b>c\u00edrkevn\u00edho s\u0148atku<\/b> . V p\u0159\u00edpad\u011b ob\u010dansk\u00e9ho s\u0148atku v\u00e1s bude odd\u00e1vat \u00fa\u0159edn\u00ed osoba (starosta, m\u00edstostarosta, zastupitel). Pokud si zvol\u00edte c\u00edrkevn\u00ed s\u0148atek, ob\u0159ad prob\u011bhne p\u0159ed z\u00e1stupcem c\u00edrkve nebo n\u00e1bo\u017eensk\u00e9 spole\u010dnosti.<\/p>\n<p>Man\u017eelstv\u00ed se uzav\u00edr\u00e1 svobodn\u00fdm a \u00fapln\u00fdm souhlasn\u00fdm prohl\u00e1\u0161en\u00edm mu\u017ee a \u017eeny (snoubenc\u016f) o tom, \u017ee spolu vstupuj\u00ed do man\u017eelstv\u00ed. Prohl\u00e1\u0161en\u00ed se \u010din\u00ed ve\u0159ejn\u011b a slavnostn\u00edm zp\u016fsobem v p\u0159\u00edtomnosti dvou sv\u011bdk\u016f.<\/p>\n<h3><span style=\"color: #ff0000;\"><b>P\u0159ed uzav\u0159en\u00edm s\u0148atku<\/b> <\/span><\/h3>\n<p>Nejprve si vyberte m\u00edsto a p\u0159edb\u011b\u017en\u00e9 datum uzav\u0159en\u00ed man\u017eelstv\u00ed. Pokud jste se rozhodli pro ob\u010dansk\u00fd s\u0148atek, obra\u0165te se na matri\u010dn\u00ed \u00fa\u0159ad, do jeho\u017e spr\u00e1vn\u00edho obvodu vybran\u00e9 m\u00edsto k uzav\u0159en\u00ed man\u017eelstv\u00ed spad\u00e1. Matri\u010dn\u00ed \u00fa\u0159ad najdete na m\u011bstsk\u00e9m \u00fa\u0159ad\u011b nebo na <a href=\"\/\/metropolevsech.eu\/cs\/urady-v-praze\/jednotlive-mestske-casti\/obecne-informace\/#Odbor%20ob%C4%8Dansko-spr%C3%A1vn%C3%ADch%20agend\"> \u00fa\u0159ad\u011b m\u011bstsk\u00e9 \u010d\u00e1sti <\/a> . Chcete-li uzav\u0159\u00edt man\u017eelstv\u00ed c\u00edrkevn\u00ed formou, obra\u0165te se na osobu pov\u011b\u0159enou opr\u00e1vn\u011bnou c\u00edrkv\u00ed nebo n\u00e1bo\u017eenskou spole\u010dnost\u00ed.<\/p>\n<div class=\"box-ok\"><\/p>\n<p><i> Matri\u010dn\u00edmi \u00fa\u0159ady jsou v Praze \u00fa\u0159ady m\u011bstsk\u00fdch \u010d\u00e1st\u00ed, konkr\u00e9tn\u011b <\/i><a href=\"\/\/metropolevsech.eu\/cs\/urady-v-praze\/jednotlive-mestske-casti\/obecne-informace\/#Odbor%20ob%C4%8Dansko-spr%C3%A1vn%C3%ADch%20agend\"><b><i>odbory ob\u010dansko-spr\u00e1vn\u00edch agend<\/i><\/b><\/a><i> <em>\u2013<\/em> odd\u011blen\u00ed matrik. <\/i> <\/div>\n<h2><span style=\"color: #ff0000;\"><b>Uzav\u0159en\u00ed man\u017eelstv\u00ed ob\u010danskou formou<\/b> <\/span><\/h2>\n<p>Na matri\u010dn\u00ed \u00fa\u0159ad se dostavte v dostate\u010dn\u00e9m p\u0159edstihu, abyste stihli vy\u0159\u00eddit pot\u0159ebn\u00e9 dokumenty (viz d\u00e1le). Na \u00fa\u0159ad\u011b si domluv\u00edte nejen p\u0159esn\u00fd term\u00edn, ale z\u00edsk\u00e1te tam i dal\u0161\u00ed pot\u0159ebn\u00e9 informace.<\/p>\n<div class=\"box-fixa\"><\/p>\n<p><i> Pokud n\u011bkter\u00fd ze snoubenc\u016f cizinc\u016f nerozum\u00ed \u010desky, nezapome\u0148te tento fakt na matrice uv\u00e9st. V takov\u00e9m p\u0159\u00edpad\u011b bude nezbytn\u00e9 zajistit pro ob\u0159ad soudn\u00edho tlumo\u010dn\u00edka, kter\u00fd se n\u00e1sledn\u011b podep\u00ed\u0161e na protokol o uzav\u0159en\u00ed man\u017eelstv\u00ed. <\/i> <\/div>\n<h3><span style=\"color: #ff0000;\"><b>Jak\u00e9 dokumenty je nezbytn\u00e9 p\u0159edlo\u017eit<\/b> <\/span><\/h3>\n<p>Snoubenci mus\u00ed p\u0159ed uzav\u0159en\u00edm man\u017eelstv\u00ed vyplnit <b>Dotazn\u00edk k uzav\u0159en\u00ed man\u017eelstv\u00ed<\/b> . Tento dotazn\u00edk obdr\u017e\u00edte u matri\u010dn\u00edho \u00fa\u0159adu, nebo si jej m\u016f\u017eete st\u00e1hnout <a href=\"\/\/www.mvcr.cz\/soubor\/osobni-doklady-dotaznik-k-uzavreni-manzelstvi.aspx\"> zde <\/a> . Prvn\u00ed \u010d\u00e1st dotazn\u00edku vypl\u0148uj\u00ed snoubenci (za pomoci zam\u011bstnance matriky), druhou \u010d\u00e1st zam\u011bstnanec matriky.<\/p>\n<p>D\u00e1le je t\u0159eba p\u0159edlo\u017eit n\u00e1sleduj\u00edc\u00ed pot\u0159ebn\u00e9 p\u0159edepsan\u00e9 doklady, jimi\u017e prok\u00e1\u017eete svou pr\u00e1vn\u00ed zp\u016fsobilost k uzav\u0159en\u00ed man\u017eelstv\u00ed:<\/p>\n<p><strong>\u2022<\/strong>\u00a0 Snoubenec, kter\u00fd m\u00e1 \u010desk\u00e9 st\u00e1tn\u00ed ob\u010danstv\u00ed, p\u0159edlo\u017e\u00ed:<\/p>\n<p style=\"padding-left: 80px;\">1) <b>rodn\u00fd list <\/b> (origin\u00e1l nebo \u00fa\u0159edn\u011b ov\u011b\u0159enou kopii);<\/p>\n<p style=\"padding-left: 80px;\">2) <b>ob\u010dansk\u00fd pr\u016fkaz<\/b> \u010cesk\u00e9 republiky nebo <b>platn\u00fd cestovn\u00ed doklad<\/b> \u010cesk\u00e9 republiky (pokud to z ob\u010dansk\u00e9ho pr\u016fkazu nen\u00ed z\u0159ejm\u00e9, je t\u0159eba p\u0159edlo\u017eit i v\u00fdpis z informa\u010dn\u00edho syst\u00e9mu evidence obyvatel o osobn\u00edm stavu a o m\u00edst\u011b trval\u00e9ho pobytu);<\/p>\n<p style=\"padding-left: 80px;\">3) v p\u0159\u00edpad\u011b, \u017ee m\u00e1 povolen trval\u00fd pobyt v cizin\u011b, p\u0159edlo\u017e\u00ed v\u00fd\u0161e uveden\u00e9 <b>v\u00fdpisy o osobn\u00edm stavu a m\u00edstu trval\u00e9ho pobytu v cizin\u011b, <\/b> nebo jim odpov\u00eddaj\u00edc\u00ed obdobn\u00e9 doklady vydan\u00e9 st\u00e1tem, na jeho\u017e \u00fazem\u00ed m\u00e1 snoubenec pobyt (pokud jsou ciz\u00edm st\u00e1tem vyd\u00e1v\u00e1ny);<\/p>\n<p style=\"padding-left: 80px;\">4) <b>pravomocn\u00fd rozsudek o rozvodu<\/b> <b>p\u0159edchoz\u00edho man\u017eelstv\u00ed<\/b> (je-li snoubenec rozveden\u00fd), nebo <b>\u00famrtn\u00ed list zem\u0159el\u00e9ho man\u017eela<\/b> (je-li snoubenec ovdov\u011bl\u00fd).<\/p>\n<p><strong>\u2022<\/strong>\u00a0 Snoubenec, kter\u00fd je cizincem p\u0159edlo\u017e\u00ed:<\/p>\n<p style=\"padding-left: 80px;\">1) <b>doklad toto\u017enosti<\/b> ;<\/p>\n<p style=\"padding-left: 80px;\">2) <b>rodn\u00fd list<\/b> ;<\/p>\n<p style=\"padding-left: 80px;\">3) <b>doklad o st\u00e1tn\u00edm ob\u010danstv\u00ed <\/b> (lze prok\u00e1zat cestovn\u00edm dokladem);<\/p>\n<p style=\"padding-left: 80px;\">4) <b>doklad o pr\u00e1vn\u00ed zp\u016fsobilosti k uzav\u0159en\u00ed man\u017eelstv\u00ed<\/b> , kter\u00fd nesm\u00ed b\u00fdt k datu uzav\u0159en\u00ed man\u017eelstv\u00ed star\u0161\u00ed 6 m\u011bs\u00edc\u016f;<\/p>\n<div class=\"box-ok\">\n<p><i> Tento doklad naz\u00fdvan\u00fd t\u00e9\u017e vysv\u011bd\u010den\u00ed o pr\u00e1vn\u00ed zp\u016fsobilosti k uzav\u0159en\u00ed man\u017eelstv\u00ed v\u00e1m vyd\u00e1 domovsk\u00fd st\u00e1t. Zeptejte se na ambas\u00e1d\u011b, zda v\u00e1m pom\u016f\u017ee s vystaven\u00edm tohoto vysv\u011bd\u010den\u00ed.<\/div> <\/i><\/p>\n<p style=\"padding-left: 80px;\">5) <b>potvrzen\u00ed o osobn\u00edm stavu a pobytu<\/b> , je-li ciz\u00edm st\u00e1tem vyd\u00e1v\u00e1no a pokud nen\u00ed sou\u010d\u00e1st\u00ed Vysv\u011bd\u010den\u00ed o pr\u00e1vn\u00ed zp\u016fsobilosti k uzav\u0159en\u00ed man\u017eelstv\u00ed;<\/p>\n<p style=\"padding-left: 80px;\">6) <b>\u00famrtn\u00ed list zem\u0159el\u00e9ho man\u017eela<\/b> (je-li snoubenec ovdov\u011bl\u00fd);<\/p>\n<p style=\"padding-left: 80px;\">7) <b>pravomocn\u00fd rozsudek o rozvodu p\u0159edchoz\u00edho man\u017eelstv\u00ed<\/b> (je-li snoubenec rozveden\u00fd);<\/p>\n<p style=\"padding-left: 80px;\">8) nejpozd\u011bji v den uzav\u0159en\u00ed man\u017eelstv\u00ed <b>potvrzen\u00ed o opr\u00e1vn\u011bnosti pobytu na \u00fazem\u00ed \u010cesk\u00e9 republiky<\/b> vydan\u00e9 cizineckou polici\u00ed \u010cR, kter\u00e9 nesm\u00ed b\u00fdt ke dni uzav\u0159en\u00ed man\u017eelstv\u00ed star\u0161\u00ed 7 pracovn\u00edch dn\u016f. Pokud je snoubenec st\u00e1tn\u00edm ob\u010danem Evropsk\u00e9 unie, ob\u010danem jin\u00e9ho smluvn\u00edho st\u00e1tu Dohody o Evropsk\u00e9m hospod\u00e1\u0159sk\u00e9m prostoru nebo jeho rodinn\u00fdm p\u0159\u00edslu\u0161n\u00edkem, toto potvrzen\u00ed nep\u0159edkl\u00e1d\u00e1.<\/p>\n<div class=\"box-fixa\">\n<p><b><i>P\u0159edkl\u00e1dan\u00e9 listiny<\/i><\/b><i> k uzav\u0159en\u00ed man\u017eelstv\u00ed vydan\u00e9 org\u00e1ny ciz\u00edho st\u00e1tu mus\u00ed <\/i><b><i>b\u00fdt opat\u0159eny p\u0159edepsan\u00fdmi ov\u011b\u0159en\u00edmi<\/i><\/b><i> , pokud mezin\u00e1rodn\u00ed smlouva nestanov\u00ed jinak, <\/i><b><i>a \u00fa\u0159edn\u011b p\u0159elo\u017eeny do \u010desk\u00e9ho jazyka<\/i><\/b><i> . Matri\u010dn\u00ed \u00fa\u0159ad m\u016f\u017ee pot\u0159ebn\u00e1 ov\u011b\u0159en\u00ed listin prominout, je-li jejich opat\u0159en\u00ed spojeno s t\u011b\u017eko p\u0159ekonatelnou p\u0159ek\u00e1\u017ekou.<\/div> <\/i><\/p>\n<h3><span style=\"color: #ff0000;\"><b>Protokol o uzav\u0159en\u00ed man\u017eelstv\u00ed<\/b> <\/span><\/h3>\n<p>Na z\u00e1klad\u011b v\u00fd\u0161e uveden\u00fdch dokument\u016f vypln\u00edte na matrice spolu se zam\u011bstnancem matriky <b>Protokol o uzav\u0159en\u00ed man\u017eelstv\u00ed.<\/b> Do protokolu o uzav\u0159en\u00ed man\u017eelstv\u00ed se mimo jin\u00e9 uv\u00e1d\u011bj\u00ed jm\u00e9na, p\u0159\u00edjmen\u00ed a rodn\u00e1 \u010d\u00edsla sv\u011bdk\u016f, jde-li o cizince, kter\u00fd nem\u00e1 rodn\u00e9 \u010d\u00edslo, datum a m\u00edsto jeho narozen\u00ed.<\/p>\n<p><b><i>D\u016fle\u017eit\u00e9<\/i><\/b><i> : Sv\u011bdek se n\u00e1sledn\u011b p\u0159i uzav\u0159en\u00ed man\u017eelstv\u00ed prokazuje pr\u016fkazem toto\u017enosti (ob\u010dansk\u00fdm pr\u016fkazem, \u010di cestovn\u00edm pasem). <\/i><\/p>\n<h2><span style=\"color: #ff0000;\"><b>Uzav\u0159en\u00ed man\u017eelstv\u00ed c\u00edrkevn\u00ed formou<\/b> <\/span><\/h2>\n<p><b>Chcete-li uzav\u0159\u00edt man\u017eelstv\u00ed c\u00edrkevn\u00ed formou, m\u016f\u017eete tak u\u010dinit <\/b> pouze p\u0159ed pov\u011b\u0159enou osobou st\u00e1tem uznan\u00e9 c\u00edrkve nebo n\u00e1bo\u017eensk\u00e9 spole\u010dnosti.<\/p>\n<p>Budete dokl\u00e1dat stejn\u00e9 doklady jako p\u0159i uzav\u0159en\u00ed man\u017eelstv\u00ed ob\u010danskou formou (viz v\u00fd\u0161e).<\/p>\n<p>Osobn\u011b se dostavte na matri\u010dn\u00ed \u00fa\u0159ad p\u0159\u00edslu\u0161n\u00fd k m\u00edstu, kde odd\u00e1v\u00e1 va\u0161e c\u00edrkev a podejte p\u00edsemnou \u017e\u00e1dost o vyd\u00e1n\u00ed <b>Osv\u011bd\u010den\u00ed o spln\u011bn\u00ed po\u017eadavk\u016f z\u00e1kona o rodin\u011b pro uzav\u0159en\u00ed c\u00edrkevn\u00edho s\u0148atku<\/b> . Toto osv\u011bd\u010den\u00ed n\u00e1sledn\u011b odevzd\u00e1te p\u0159edstaviteli c\u00edrkve. V den svatby nesm\u00ed b\u00fdt tento dokument star\u0161\u00ed 3 m\u011bs\u00edc\u016f.<\/p>\n<p>Po uzav\u0159en\u00ed s\u0148atku z\u00e1stupce c\u00edrkve do 3 pracovn\u00edch dn\u016f doru\u010d\u00ed matri\u010dn\u00edmu \u00fa\u0159adu protokol o uzav\u0159en\u00ed man\u017eelstv\u00ed.<\/p>\n<h2><span style=\"color: #ff0000;\"><b>Povinnosti cizince po svatb\u011b<\/b> <\/span><\/h2>\n<p>Matrika v\u00e1m vystav\u00ed <b>oddac\u00ed list<\/b> do 30 dn\u016f (v p\u0159\u00edpad\u011b c\u00edrkevn\u00edho s\u0148atku do 33 dn\u016f).<\/p>\n<div class=\"box-ok\"><\/p>\n<p><i> Oddac\u00ed list si dob\u0159e uschovejte, je to v\u00e1\u0161 z\u00e1kladn\u00ed dokument o tom, \u017ee jste \u017eenat\u00fd\/vdan\u00e1. <\/i><\/p>\n<p><\/div>\n<p>Na odd\u011blen\u00ed OAMP Ministerstva vnitra \u010cR nahlaste do 3 pracovn\u00edch dn\u016f zm\u011bnu rodinn\u00e9ho stavu a p\u0159\u00edpadn\u011b i zm\u011bnu p\u0159\u00edjmen\u00ed.<\/p>\n<p>Ob\u010dan EU nebo jeho rodinn\u00fd p\u0159\u00edslu\u0161n\u00edk hl\u00e1s\u00ed zm\u011bnu rodinn\u00e9ho stavu a jm\u00e9na do 15 pracovn\u00edch dn\u016f.<\/p>\n<div class=\"box-fixa\">\n<p><i> M\u011bn\u00edte-li si p\u0159\u00edjmen\u00ed, mus\u00edte po\u017e\u00e1dat na ambas\u00e1d\u011b sv\u00e9ho st\u00e1tu o vyd\u00e1n\u00ed nov\u00e9ho pasu. Je pravd\u011bpodobn\u00e9, \u017ee ambas\u00e1da bude vy\u017eadovat nejprve soudn\u011b ov\u011b\u0159en\u00fd p\u0159eklad \u010desk\u00e9ho oddac\u00edho listu do jazyka zem\u011b p\u016fvodu. <\/div> <\/i><\/p>\n<p>Nov\u00fd pas znovu p\u0159edlo\u017ete OAMP, kter\u00e9 v\u00e1m s nejv\u011bt\u0161\u00ed pravd\u011bpodobnost\u00ed vyd\u00e1 nov\u00e9 povolen\u00ed k pobytu.<\/p>\n<h2><span style=\"color: #ff0000;\"><b>Spole\u010dn\u00e9 jm\u011bn\u00ed man\u017eel\u016f<\/b> <\/span><\/h2>\n<p>Po uzav\u0159en\u00ed man\u017eelstv\u00ed v \u010cesk\u00e9 republice vznikne man\u017eel\u016fm ze z\u00e1kona speci\u00e1ln\u00ed forma spoluvlastnictv\u00ed majetku a finan\u010dn\u00edch z\u00e1vazk\u016f. Naz\u00fdv\u00e1 se spole\u010dn\u00e9 jm\u011bn\u00ed man\u017eel\u016f. Do spole\u010dn\u00e9ho jm\u011bn\u00ed man\u017eel\u016f pat\u0159\u00ed v\u0161e, co nabyli man\u017eel\u00e9 spole\u010dn\u011b (ale i jeden z nich) za trv\u00e1n\u00ed man\u017eelstv\u00ed. V\u00fdjimku tvo\u0159\u00ed zejm\u00e9na v\u011bci osobn\u00ed pot\u0159eby jednoho z man\u017eel\u016f nebo d\u011bdictv\u00ed \u010di dar pouze jednomu z man\u017eel\u016f.<\/p>\n<p>V \u010cesk\u00e9 republice si mohou snoubenci a man\u017eel\u00e9 ujednat man\u017eelsk\u00fd majetkov\u00fd re\u017eim odli\u0161n\u00fd od z\u00e1konn\u00e9ho re\u017eimu. Spole\u010dn\u00e9 jm\u011bn\u00ed man\u017eel\u016f lze smluvn\u011b roz\u0161\u00ed\u0159it nebo z\u00fa\u017eit. K tomu je zapot\u0159eb\u00ed uzav\u0159\u00edt dohodu ve form\u011b not\u00e1\u0159sk\u00e9ho z\u00e1pisu.<\/p>\n<div class=\"box-ok\"><\/p>\n<p>V p\u0159\u00edpad\u011b podnikatelsk\u00fdch aktivit jednoho z man\u017eel\u016f m\u016f\u017ee b\u00fdt v\u00fdhodn\u00e9 spole\u010dn\u00e9 jm\u011bn\u00ed man\u017eel\u016f z\u00fa\u017eit a sejmout tak z jednoho z man\u017eel\u016f odpov\u011bdnost za p\u0159\u00edpadn\u00e9 dluhy zp\u016fsoben\u00e9 podnikatelskou \u010dinnost\u00ed.<\/p>\n<p><\/div>\n<h3><span style=\"color: #ff0000;\"><b>Vypo\u0159\u00e1d\u00e1n\u00ed majetku po rozvodu<\/b> <\/span><\/h3>\n<div class=\"box-fixa\"><\/p>\n<p>V p\u0159\u00edpad\u011b rozvodu a vypo\u0159\u00e1d\u00e1n\u00ed majetkov\u00fdch pom\u011br\u016f na \u00fazem\u00ed \u010cesk\u00e9 republiky je t\u0159eba nejprve zjistit, zda \u010cR uzn\u00e1v\u00e1 s\u0148atky ze zem\u011b, kde prob\u011bhl ob\u0159ad. Pro pod\u00e1n\u00ed \u017e\u00e1dosti o rozvod v \u010cR mus\u00ed m\u00edt man\u017eel\u00e9 (nebo jeden z man\u017eel\u016f) m\u00edsto obvykl\u00e9ho bydli\u0161t\u011b v \u010cesk\u00e9 republice. Pro posouzen\u00ed, zda se pro \u00fa\u010dely vypo\u0159\u00e1d\u00e1n\u00ed majetku jedn\u00e1 o spole\u010dn\u00e9 jm\u011bn\u00ed man\u017eel\u016f, bude d\u016fle\u017eit\u00e1 st\u00e1tn\u00ed p\u0159\u00edslu\u0161nost man\u017eel\u016f a pot\u00e9 tak\u00e9 m\u00edsto obvykl\u00e9ho bydli\u0161t\u011b. V p\u0159\u00edpad\u011b, \u017ee jsou oba man\u017eel\u00e9 cizinci ze stejn\u00e9ho st\u00e1tu, vypo\u0159\u00e1d\u00e1 se jejich majetek podle pr\u00e1va dan\u00e9ho st\u00e1tu. V ostatn\u00edch p\u0159\u00edpadech (pokud je jeden man\u017eel \u010cech a druh\u00fd cizinec nebo jsou man\u017eel\u00e9 oba cizinci s odli\u0161nou st\u00e1tn\u00ed p\u0159\u00edslu\u0161nost\u00ed) se bude postupovat podle \u010desk\u00e9ho pr\u00e1va, jestli\u017ee v \u010cesk\u00e9 republice man\u017eel\u00e9 nebo jeden z man\u017eel\u016f maj\u00ed obvykl\u00e9 bydli\u0161t\u011b. <\/div>\n<div class=\"box-ok\"><\/p>\n<p>Nejste si jisti, jak se bude ve va\u0161em p\u0159\u00edpad\u011b postupovat p\u0159i vypo\u0159\u00e1d\u00e1n\u00ed majetku? Obra\u0165te se na bezplatn\u00e9 pr\u00e1vn\u00ed poradenstv\u00ed poskytovan\u00e9 <a href=\"\/\/metropolevsech.eu\/cs\/sluzby-pro-migranty\/integracni-centrum-praha\/\"> Integra\u010dn\u00edm centrem Praha <\/a> a <a href=\"\/\/metropolevsech.eu\/cs\/sluzby-pro-migranty\/nevladni-neziskove-organizace\/\"> nevl\u00e1dn\u00edmi neziskov\u00fdmi organizacemi <\/a> .<\/p>\n<p><\/div>\n<h2><span style=\"color: #ff0000;\"><b>Registrovan\u00e9 partnerstv\u00ed<\/b> <\/span><\/h2>\n<p>Registrovan\u00e9 partnerstv\u00ed je trval\u00e9 sou\u017eit\u00ed dvou osob stejn\u00e9ho pohlav\u00ed, kter\u00e9 vznik\u00e1 souhlasn\u00fdm prohl\u00e1\u0161en\u00edm t\u011bchto osob o tom, \u017ee spolu vstupuj\u00ed do partnerstv\u00ed. Pro uzav\u0159en\u00ed registrovan\u00e9ho partnerstv\u00ed mus\u00ed b\u00fdt oba partne\u0159i star\u0161\u00ed 18 let, p\u0159i\u010dem\u017e alespo\u0148 jeden z nich mus\u00ed b\u00fdt st\u00e1tn\u00edm ob\u010danem \u010cesk\u00e9 republiky. Do partnerstv\u00ed nemohou vstoupit osoby navz\u00e1jem p\u0159\u00edbuzn\u00e9 v linii p\u0159\u00edm\u00e9 a sourozenci.<\/p>\n<p>Prohl\u00e1\u0161en\u00ed se \u010din\u00ed p\u0159ed matri\u010dn\u00edm \u00fa\u0159adem. Pokud jeden z partner\u016f je cizinec a nerozum\u00ed \u010desky, je nezbytn\u00e9 zajistit soudn\u00edho tlumo\u010dn\u00edka, kter\u00fd se n\u00e1sledn\u011b podep\u00ed\u0161e na protokol. P\u0159\u00edtomnost sv\u011bdk\u016f nen\u00ed vy\u017eadov\u00e1na.<\/p>\n<p>Kontaktujte matri\u010dn\u00ed \u00fa\u0159ad p\u0159\u00edslu\u0161n\u00fd podle va\u0161eho trval\u00e9ho bydli\u0161t\u011b. Seznam relevantn\u00edch matri\u010dn\u00edch \u00fa\u0159ad\u016f naleznete <a href=\"\/\/www.mvcr.cz\/clanek\/uzavreni-registrovaneho-partnerstvi.aspx\"> na webu Ministerstva vnitra \u010cR <\/a> .<\/p>\n<p>Pot\u0159ebujete podobn\u00e9 doklady jako k uzav\u0159en\u00ed man\u017eelstv\u00ed (viz v\u00fd\u0161e):<\/p>\n<p style=\"padding-left: 40px;\"><strong>\u2022\u00a0 <\/strong>rodn\u00fd list, pas;<\/p>\n<p style=\"padding-left: 40px;\"><strong>\u2022\u00a0 <\/strong>doklad o pr\u00e1vn\u00ed zp\u016fsobilosti ke vstupu do partnerstv\u00ed (ne star\u0161\u00ed 6 m\u011bs\u00edc\u016f), je-li ciz\u00edm st\u00e1tem vyd\u00e1v\u00e1n;<\/p>\n<p style=\"padding-left: 40px;\"><strong>\u2022\u00a0 <\/strong>doklad o rodinn\u00e9m stavu a pobytu, je-li ciz\u00edm st\u00e1tem vyd\u00e1v\u00e1n;<\/p>\n<p style=\"padding-left: 40px;\"><strong>\u2022 \u00a0<\/strong>p\u0159\u00edpadn\u011b \u00famrtn\u00ed list \u010di rozsudek o rozvodu man\u017eelstv\u00ed nebo rozhodnut\u00ed soudu o zru\u0161en\u00ed p\u0159edchoz\u00edho partnerstv\u00ed.<\/p>\n<p style=\"padding-left: 40px;\"><strong>\u2022 \u00a0<\/strong>Nem\u00e1te-li trval\u00fd pobyt v \u010cR, dolo\u017e\u00edte nav\u00edc je\u0161t\u011b potvrzen\u00ed o opr\u00e1vn\u011bnosti pobytu na \u00fazem\u00ed \u010cR ne star\u0161\u00ed ne\u017e 7 dn\u00ed, kter\u00e9 v\u00e1m vyd\u00e1 cizineck\u00e1 policie. Toto potvrzen\u00ed nepot\u0159ebuj\u00ed ob\u010dan\u00e9 EU.<\/p>\n<p style=\"padding-left: 40px;\"><strong>\u2022 \u00a0<\/strong>Pokud v\u00e1m byl ud\u011blen azyl nebo dopl\u0148kov\u00e1 ochrana, m\u016f\u017ee p\u0159\u00edslu\u0161n\u00fd matri\u010dn\u00ed \u00fa\u0159ad prominout p\u0159edlo\u017een\u00ed doklad\u016f, je-li jejich opat\u0159en\u00ed spojeno s t\u011b\u017eko p\u0159ekonatelnou p\u0159ek\u00e1\u017ekou.<\/p>\n<h3><span style=\"color: #ff0000;\"><b>U\u017eite\u010dn\u00e9 odkazy a kontakty:\u00a0<\/b> <\/span><\/h3>\n<ul class=\"bullet-links\">\n<li>V\u00edce informac\u00ed o uzav\u00edr\u00e1n\u00ed s\u0148atku ob\u010dana \u010cR s cizincem naleznete <a href=\"\/\/www.mvcr.cz\/clanek\/uzavreni-manzelstvi-statniho-obcana-ceske-republiky-s-cizincem-na-uzemi-ceske-republiky.aspx\"> na webov\u00fdch str\u00e1nk\u00e1ch Ministerstva vnitra \u010cesk\u00e9 republiky.\u00a0 <\/a><\/li>\n<li>Dotazn\u00edk k uzav\u0159en\u00ed man\u017eelstv\u00ed si m\u016f\u017eete st\u00e1hnout <a href=\"\/\/www.mvcr.cz\/soubor\/osobni-doklady-dotaznik-k-uzavreni-manzelstvi.aspx\"> zde<\/a>.<\/li>\n<li>Detailn\u00ed informace ohledn\u011b uzav\u0159en\u00ed s\u0148atku s cizincem naleznete na webov\u00fdch str\u00e1nk\u00e1ch <a href=\"\/\/www.cicpraha.org\/cs\/socialni-poradenstvi\/manzelstvi-narozeni-ditete-rodina\/uzavreni-manzelstvi-s-cizincem.html\"> Centra pro integraci cizinc\u016f<\/a>.<\/li>\n<li>V\u00edce informac\u00ed o uzav\u0159en\u00ed registrovan\u00e9ho partnerstv\u00ed naleznete <a href=\"\/\/www.mvcr.cz\/clanek\/uzavreni-registrovaneho-partnerstvi.aspx\"> na webu Ministerstva vnitra \u010cR<\/a>.<\/li>\n<\/ul>\n<div class=\"box-ok\">\n<p><i> Konkr\u00e9tn\u00ed informace v\u010detn\u011b kontakt\u016f naleznete tak\u00e9 na webech jednotliv\u00fdch m\u011bstsk\u00fdch \u010d\u00e1st\u00ed. Nap\u0159\u00edklad <\/i><a href=\"\/\/www.praha4.cz\/Uzavreni-manzelstvi.html\"><i> m\u011bstsk\u00e9 \u010d\u00e1sti Praha 4 <\/i><\/a><i> nebo <\/i><a href=\"\/\/m.praha8.cz\/Uzavreni-manzelstvi.html\"><i> m\u011bstsk\u00e9 \u010d\u00e1sti Praha 8 <\/i><\/a><i> . <\/div><\/i><\/p>\n<p style=\"text-align: right;\"><em>Posledn\u00ed aktualizace: 4. b\u0159ezen 2025<\/em><\/p>\n<p><\/p>","protected":false},"excerpt":{"rendered":"<p>Ob\u010dan \u010cesk\u00e9 republiky m\u016f\u017ee na \u00fazem\u00ed \u010cesk\u00e9 republiky uzav\u0159\u00edt man\u017eelstv\u00ed s cizincem, t\u00e9\u017e dva cizinci mohou uzav\u0159\u00edt man\u017eelstv\u00ed na \u00fazem\u00ed \u010cesk\u00e9 republiky, a to formou ob\u010dansk\u00e9ho (civiln\u00edho) nebo c\u00edrkevn\u00edho s\u0148atku . V p\u0159\u00edpad\u011b ob\u010dansk\u00e9ho s\u0148atku v\u00e1s bude odd\u00e1vat \u00fa\u0159edn\u00ed osoba&#8230;<\/p>\n<a class=\"more-block\" href=\"https:\/\/metropolevsech.eu\/cs\/potrebuji-resit\/manzelstvi-registrovane-partnerstvi-a-rodicovstvi\/uzavreni-manzelstvi-s-cizincem\/\">\u010c\u00edst v\u00edce<\/a>","protected":false},"author":18,"featured_media":0,"parent":12059,"menu_order":0,"comment_status":"closed","ping_status":"closed","template":"","meta":[],"acf":[],"_links":{"self":[{"href":"https:\/\/metropolevsech.eu\/cs\/wp-json\/wp\/v2\/pages\/12066"}],"collection":[{"href":"https:\/\/metropolevsech.eu\/cs\/wp-json\/wp\/v2\/pages"}],"about":[{"href":"https:\/\/metropolevsech.eu\/cs\/wp-json\/wp\/v2\/types\/page"}],"author":[{"embeddable":true,"href":"https:\/\/metropolevsech.eu\/cs\/wp-json\/wp\/v2\/users\/18"}],"replies":[{"embeddable":true,"href":"https:\/\/metropolevsech.eu\/cs\/wp-json\/wp\/v2\/comments?post=12066"}],"version-history":[{"count":12,"href":"https:\/\/metropolevsech.eu\/cs\/wp-json\/wp\/v2\/pages\/12066\/revisions"}],"predecessor-version":[{"id":24601,"href":"https:\/\/metropolevsech.eu\/cs\/wp-json\/wp\/v2\/pages\/12066\/revisions\/24601"}],"up":[{"embeddable":true,"href":"https:\/\/metropolevsech.eu\/cs\/wp-json\/wp\/v2\/pages\/12059"}],"wp:attachment":[{"href":"https:\/\/metropolevsech.eu\/cs\/wp-json\/wp\/v2\/media?parent=12066"}],"curies":[{"name":"wp","href":"https:\/\/api.w.org\/{rel}","templated":true}]}}