{"id":12121,"date":"2020-09-07T11:19:03","date_gmt":"2020-09-07T09:19:03","guid":{"rendered":"https:\/\/metropolevsech.eu\/?page_id=12121"},"modified":"2020-11-27T13:21:01","modified_gmt":"2020-11-27T12:21:01","slug":"registrovane-partnerstvi-s-cizincem","status":"publish","type":"page","link":"https:\/\/metropolevsech.eu\/cs\/registrovane-partnerstvi-s-cizincem\/","title":{"rendered":"Registrovan\u00e9 partnerstv\u00ed s cizincem"},"content":{"rendered":"<p>Registrovan\u00e9 partnerstv\u00ed je trval\u00e9 sou\u017eit\u00ed dvou osob stejn\u00e9ho pohlav\u00ed, kter\u00e9 vznik\u00e1 souhlasn\u00fdm prohl\u00e1\u0161en\u00edm t\u011bchto osob o tom, \u017ee spolu vstupuj\u00ed do partnerstv\u00ed. Pro uzav\u0159en\u00ed registrovan\u00e9ho partnerstv\u00ed mus\u00ed b\u00fdt oba partne\u0159i star\u0161\u00ed 18 let, p\u0159i\u010dem\u017e alespo\u0148 jeden z nich mus\u00ed b\u00fdt st\u00e1tn\u00edm ob\u010danem \u010cesk\u00e9 republiky. Do partnerstv\u00ed nemohou vstoupit osoby navz\u00e1jem p\u0159\u00edbuzn\u00e9 v linii p\u0159\u00edm\u00e9 a sourozenci.<\/p>\n<p>Prohl\u00e1\u0161en\u00ed se \u010din\u00ed p\u0159ed matri\u010dn\u00edm \u00fa\u0159adem. Pokud jeden z partner\u016f je cizinec a nerozum\u00ed \u010desky, je nezbytn\u00e9 zajistit soudn\u00edho tlumo\u010dn\u00edka, kter\u00fd se n\u00e1sledn\u011b podep\u00ed\u0161e na protokol. P\u0159\u00edtomnost sv\u011bdk\u016f nen\u00ed vy\u017eadov\u00e1na.<\/p>\n<p>Kontaktujte matri\u010dn\u00ed \u00fa\u0159ad p\u0159\u00edslu\u0161n\u00fd podle va\u0161eho trval\u00e9ho bydli\u0161t\u011b. Seznam relevantn\u00edch matri\u010dn\u00edch \u00fa\u0159ad\u016f naleznete <a href=\"\/\/www.mvcr.cz\/clanek\/uzavreni-registrovaneho-partnerstvi.aspx\">na webu Ministerstva vnitra \u010cR<\/a>.<\/p>\n<p>Pot\u0159ebujete podobn\u00e9 doklady jako k uzav\u0159en\u00ed man\u017eelstv\u00ed (viz v\u00fd\u0161e):<\/p>\n<p><strong>\u2022\u00a0 <\/strong>rodn\u00fd list, pas;<\/p>\n<p><strong>\u2022 \u00a0<\/strong>doklad o pr\u00e1vn\u00ed zp\u016fsobilosti ke vstupu do partnerstv\u00ed (ne star\u0161\u00ed 6 m\u011bs\u00edc\u016f), je-li ciz\u00edm st\u00e1tem vyd\u00e1v\u00e1n;<\/p>\n<p><strong>\u2022\u00a0 <\/strong>doklad o rodinn\u00e9m stavu a pobytu, je-li ciz\u00edm st\u00e1tem vyd\u00e1v\u00e1n;<\/p>\n<p><strong>\u2022 \u00a0<\/strong>p\u0159\u00edpadn\u011b \u00famrtn\u00ed list \u010di rozsudek o rozvodu man\u017eelstv\u00ed nebo rozhodnut\u00ed soudu o zru\u0161en\u00ed p\u0159edchoz\u00edho partnerstv\u00ed.<\/p>\n<p><strong>\u2022 \u00a0<\/strong>Nem\u00e1te-li trval\u00fd pobyt v \u010cR, dolo\u017e\u00edte nav\u00edc je\u0161t\u011b potvrzen\u00ed o opr\u00e1vn\u011bnosti pobytu na \u00fazem\u00ed \u010cR ne star\u0161\u00ed ne\u017e 7 dn\u00ed, kter\u00e9 v\u00e1m vyd\u00e1 cizineck\u00e1 policie \u010cR. Toto potvrzen\u00ed nepot\u0159ebuj\u00ed ob\u010dan\u00e9 EU.<\/p>\n<p><strong>\u2022 \u00a0<\/strong>Pokud v\u00e1m byl ud\u011blen azyl nebo dopl\u0148kov\u00e1 ochrana, m\u016f\u017ee p\u0159\u00edslu\u0161n\u00fd matri\u010dn\u00ed \u00fa\u0159ad prominout p\u0159edlo\u017een\u00ed doklad\u016f, je-li jejich opat\u0159en\u00ed spojeno s t\u011b\u017eko p\u0159ekonatelnou p\u0159ek\u00e1\u017ekou.<\/p>\n<p>&nbsp;<\/p>\n<h3><b>U\u017eite\u010dn\u00e9 odkazy a kontakty:\u00a0<\/b><\/h3>\n<ul>\n<li>V\u00edce informac\u00ed o uzav\u0159en\u00ed registrovan\u00e9ho partnerstv\u00ed naleznete <a href=\"\/\/www.mvcr.cz\/clanek\/uzavreni-registrovaneho-partnerstvi.aspx\">na webu Ministerstva vnitra \u010cR<\/a>.<\/li>\n<\/ul>\n<p><\/p>","protected":false},"excerpt":{"rendered":"<p>Registrovan\u00e9 partnerstv\u00ed je trval\u00e9 sou\u017eit\u00ed dvou osob stejn\u00e9ho pohlav\u00ed, kter\u00e9 vznik\u00e1 souhlasn\u00fdm prohl\u00e1\u0161en\u00edm t\u011bchto osob o tom, \u017ee spolu vstupuj\u00ed do partnerstv\u00ed. Pro uzav\u0159en\u00ed registrovan\u00e9ho partnerstv\u00ed mus\u00ed b\u00fdt oba partne\u0159i star\u0161\u00ed 18 let, p\u0159i\u010dem\u017e alespo\u0148 jeden z nich mus\u00ed b\u00fdt&#8230;<\/p>\n<a class=\"more-block\" href=\"https:\/\/metropolevsech.eu\/cs\/registrovane-partnerstvi-s-cizincem\/\">\u010c\u00edst v\u00edce<\/a>","protected":false},"author":7,"featured_media":0,"parent":0,"menu_order":0,"comment_status":"closed","ping_status":"closed","template":"","meta":[],"acf":[],"_links":{"self":[{"href":"https:\/\/metropolevsech.eu\/cs\/wp-json\/wp\/v2\/pages\/12121"}],"collection":[{"href":"https:\/\/metropolevsech.eu\/cs\/wp-json\/wp\/v2\/pages"}],"about":[{"href":"https:\/\/metropolevsech.eu\/cs\/wp-json\/wp\/v2\/types\/page"}],"author":[{"embeddable":true,"href":"https:\/\/metropolevsech.eu\/cs\/wp-json\/wp\/v2\/users\/7"}],"replies":[{"embeddable":true,"href":"https:\/\/metropolevsech.eu\/cs\/wp-json\/wp\/v2\/comments?post=12121"}],"version-history":[{"count":0,"href":"https:\/\/metropolevsech.eu\/cs\/wp-json\/wp\/v2\/pages\/12121\/revisions"}],"wp:attachment":[{"href":"https:\/\/metropolevsech.eu\/cs\/wp-json\/wp\/v2\/media?parent=12121"}],"curies":[{"name":"wp","href":"https:\/\/api.w.org\/{rel}","templated":true}]}}