{"id":14566,"date":"2021-09-08T15:16:21","date_gmt":"2021-09-08T13:16:21","guid":{"rendered":"https:\/\/metropolevsech.eu\/?page_id=14566"},"modified":"2021-11-20T00:01:51","modified_gmt":"2021-11-19T23:01:51","slug":"dum-narodnostnich-mensin-praha","status":"publish","type":"page","link":"https:\/\/metropolevsech.eu\/cs\/kontakty\/dum-narodnostnich-mensin-praha\/","title":{"rendered":"D\u016fm n\u00e1rodnostn\u00edch men\u0161in \u2013 Praha"},"content":{"rendered":"<p>D\u016fm n\u00e1rodnostn\u00edch men\u0161in (DNM) byl v Praze slavnostn\u011b otev\u0159en men\u0161in\u00e1m i ve\u0159ejnosti 21. \u010dervna 2007. Je m\u00edstem, kter\u00e9 slou\u017e\u00ed zejm\u00e9na pot\u0159eb\u00e1m organizac\u00ed n\u00e1rodnostn\u00edch men\u0161in, ale t\u00e9\u017e pot\u0159eb\u00e1m organizac\u00ed ve\u0159ejn\u00e9 spr\u00e1vy a nevl\u00e1dn\u00edch organizac\u00ed.<\/p>\n<p>Jeho hlavn\u00edm c\u00edlem je napl\u0148ov\u00e1n\u00ed spole\u010densk\u00fdch, kulturn\u00edch a vzd\u011bl\u00e1vac\u00edch pot\u0159eb n\u00e1rodnostn\u00edch men\u0161in. V\u011bt\u0161ina akc\u00ed je p\u0159\u00edstupn\u00e1 pro z\u00e1jemce z \u0159ad ve\u0159ejnosti. Velk\u00fd d\u016fraz je kladen tak\u00e9 na kulturn\u00ed a vzd\u011bl\u00e1vac\u00ed aktivity pro d\u011bti a ml\u00e1de\u017e jako na efektivn\u00ed a \u00fa\u010dinnou prevenci xenofobie a rasismu.<\/p>\n<ul class=\"bullet-links\">\n<li><a href=\"http:\/\/www.dnm-praha.eu\/\" rel=\"noopener\" target=\"_blank\">Webov\u00e1 str\u00e1nka Domu n\u00e1rodnostn\u00edch men\u0161in<\/a><\/li>\n<\/ul>\n<p>Idea Domu n\u00e1rodnostn\u00edch men\u0161in vznikla ji\u017e na za\u010d\u00e1tku 90. let. Z\u00e1rove\u0148 s formov\u00e1n\u00edm organizac\u00ed n\u00e1rodnostn\u00edch men\u0161in v souvislosti s demokratiza\u010dn\u00edm procesem vznikala pot\u0159eba z\u0159\u00eddit jednotn\u00e9 m\u00edsto, kde by mohly n\u00e1rodnostn\u00ed men\u0161iny rozv\u00edjet svou \u010dinnost. Ot\u00e1zka z\u0159\u00edzen\u00ed Domu byla tak\u00e9 jedn\u00edm z politick\u00fdch z\u00e1vazk\u016f, kter\u00fdmi byla v oblasti men\u0161inov\u00e9 politiky zav\u00e1z\u00e1na \u010desk\u00e1 vl\u00e1da.<\/p>\n<p>V budov\u011b Domu n\u00e1rodnostn\u00edch men\u0161in s\u00eddl\u00ed v sou\u010dasnosti 14 n\u00e1rodnostn\u00edch men\u0161in, a to b\u011blorusk\u00e1, bulharsk\u00e1, chorvatsk\u00e1, ma\u010farsk\u00e1, n\u011bmeck\u00e1, polsk\u00e1, romsk\u00e1, rus\u00ednsk\u00e1, rusk\u00e1, \u0159eck\u00e1, slovensk\u00e1, srbsk\u00e1, ukrajinsk\u00e1 a vietnamsk\u00e1. Jednotliv\u00e9 organizace n\u00e1rodnostn\u00edch men\u0161in sd\u00edlej\u00ed administrativn\u00ed z\u00e1zem\u00ed individu\u00e1ln\u011b dle \u201eDohody o u\u017e\u00edv\u00e1n\u00ed kancel\u00e1\u0159\u00ed\u201c v r\u016fzn\u00e9m po\u010dtu z\u00fa\u010dastn\u011bn\u00fdch spolk\u016f.<\/p>\n<p>Pr\u016fb\u011b\u017en\u011b se v DNM realizuj\u00ed projekty financovan\u00e9 z grant\u016f v r\u00e1mci Celom\u011bstsk\u00e9ho programu podpory aktivit n\u00e1rodnostn\u00edch men\u0161in na \u00fazem\u00ed hl. m. Prahy. D\u016fm n\u00e1rodnostn\u00edch men\u0161in tak\u00e9 ka\u017edoro\u010dn\u011b spolupo\u0159\u00e1d\u00e1 Setk\u00e1n\u00ed n\u00e1rodnostn\u00edch men\u0161in.<\/p>\n<img loading=\"lazy\" src=\"https:\/\/metropolevsech.eu\/wp-content\/uploads\/2019\/04\/d\u016fm-n\u00e1rodnostn\u00edch-men\u0161in-foto-z-jejich-webu.jpg\" alt=\"\" width=\"750\" height=\"300\" class=\"alignleft size-full wp-image-9226\" srcset=\"https:\/\/metropolevsech.eu\/wp-content\/uploads\/2019\/04\/d\u016fm-n\u00e1rodnostn\u00edch-men\u0161in-foto-z-jejich-webu.jpg 750w, https:\/\/metropolevsech.eu\/wp-content\/uploads\/2019\/04\/d\u016fm-n\u00e1rodnostn\u00edch-men\u0161in-foto-z-jejich-webu-300x120.jpg 300w, https:\/\/metropolevsech.eu\/wp-content\/uploads\/2019\/04\/d\u016fm-n\u00e1rodnostn\u00edch-men\u0161in-foto-z-jejich-webu-670x268.jpg 670w\" sizes=\"(max-width: 750px) 100vw, 750px\" \/>\n<p>foto \u00a9 D\u016fm n\u00e1rodnostn\u00edch men\u0161in, o.p.s.<\/p>\n<p>Adresa: <a href=\"https:\/\/mapy.cz\/s\/lehelusoba\" rel=\"noopener\" target=\"_blank\">Vocelova 602\/3, 120 00 Praha 2<\/a><\/p>\n<p>Tel.: <a href=\"tel:+420221419800\">+420 221 419 800<\/a><\/p>","protected":false},"excerpt":{"rendered":"<p>D\u016fm n\u00e1rodnostn\u00edch men\u0161in (DNM) byl v Praze slavnostn\u011b otev\u0159en men\u0161in\u00e1m i ve\u0159ejnosti 21. \u010dervna 2007. Je m\u00edstem, kter\u00e9 slou\u017e\u00ed zejm\u00e9na pot\u0159eb\u00e1m organizac\u00ed n\u00e1rodnostn\u00edch men\u0161in, ale t\u00e9\u017e pot\u0159eb\u00e1m organizac\u00ed ve\u0159ejn\u00e9 spr\u00e1vy a nevl\u00e1dn\u00edch organizac\u00ed. Jeho hlavn\u00edm c\u00edlem je napl\u0148ov\u00e1n\u00ed spole\u010densk\u00fdch, kulturn\u00edch&#8230;<\/p>\n<a class=\"more-block\" href=\"https:\/\/metropolevsech.eu\/cs\/kontakty\/dum-narodnostnich-mensin-praha\/\">\u010c\u00edst v\u00edce<\/a>","protected":false},"author":12,"featured_media":0,"parent":895,"menu_order":4,"comment_status":"closed","ping_status":"closed","template":"","meta":[],"acf":[],"_links":{"self":[{"href":"https:\/\/metropolevsech.eu\/cs\/wp-json\/wp\/v2\/pages\/14566"}],"collection":[{"href":"https:\/\/metropolevsech.eu\/cs\/wp-json\/wp\/v2\/pages"}],"about":[{"href":"https:\/\/metropolevsech.eu\/cs\/wp-json\/wp\/v2\/types\/page"}],"author":[{"embeddable":true,"href":"https:\/\/metropolevsech.eu\/cs\/wp-json\/wp\/v2\/users\/12"}],"replies":[{"embeddable":true,"href":"https:\/\/metropolevsech.eu\/cs\/wp-json\/wp\/v2\/comments?post=14566"}],"version-history":[{"count":3,"href":"https:\/\/metropolevsech.eu\/cs\/wp-json\/wp\/v2\/pages\/14566\/revisions"}],"predecessor-version":[{"id":14842,"href":"https:\/\/metropolevsech.eu\/cs\/wp-json\/wp\/v2\/pages\/14566\/revisions\/14842"}],"up":[{"embeddable":true,"href":"https:\/\/metropolevsech.eu\/cs\/wp-json\/wp\/v2\/pages\/895"}],"wp:attachment":[{"href":"https:\/\/metropolevsech.eu\/cs\/wp-json\/wp\/v2\/media?parent=14566"}],"curies":[{"name":"wp","href":"https:\/\/api.w.org\/{rel}","templated":true}]}}