{"id":14813,"date":"2021-10-13T10:59:28","date_gmt":"2021-10-13T08:59:28","guid":{"rendered":"https:\/\/metropolevsech.eu\/?page_id=14813"},"modified":"2026-01-23T17:44:14","modified_gmt":"2026-01-23T16:44:14","slug":"podnikani-fyzickych-osob-2","status":"publish","type":"page","link":"https:\/\/metropolevsech.eu\/cs\/potrebuji-resit\/podnikani\/podnikani-fyzickych-osob-2\/","title":{"rendered":"Podnik\u00e1n\u00ed fyzick\u00fdch osob"},"content":{"rendered":"<p><i>V t\u00e9to kapitole se dozv\u00edte, kdo je to podnikatel (fyzick\u00e1 osoba) a na z\u00e1klad\u011b jak\u00e9ho opr\u00e1vn\u011bn\u00ed m\u016f\u017ee v \u010cR podnikat. <\/i><\/p>\n<p>Podnikatel je v \u010cesk\u00e9 republice definov\u00e1n jako ten, kdo samostatn\u011b vykon\u00e1v\u00e1 na vlastn\u00ed \u00fa\u010det a odpov\u011bdnost v\u00fdd\u011ble\u010dnou \u010dinnost \u017eivnostensk\u00fdm nebo obdobn\u00fdm zp\u016fsobem se z\u00e1m\u011brem \u010dinit tak soustavn\u011b za \u00fa\u010delem dosa\u017een\u00ed zisku.<\/p>\n<p>Osoba, kter\u00e1 podnik\u00e1, se naz\u00fdv\u00e1 <b>osobou samostatn\u011b v\u00fdd\u011ble\u010dn\u011b \u010dinnou \u2013 tzv. OSV\u010c<\/b>. Samostatn\u00e1 v\u00fdd\u011ble\u010dn\u00e1 \u010dinnost se rozd\u011bluje na <b>hlavn\u00ed<\/b> samostatnou v\u00fdd\u011ble\u010dnou \u010dinnost a na <b>vedlej\u0161\u00ed<\/b> samostatnou v\u00fdd\u011ble\u010dnou \u010dinnost. O vedlej\u0161\u00ed \u010dinnost se nap\u0159\u00edklad m\u016f\u017ee jednat, pokud podnik\u00e1te p\u0159i zam\u011bstn\u00e1n\u00ed, nebo jste na rodi\u010dovsk\u00e9 dovolen\u00e9 \u010di pob\u00edr\u00e1te starobn\u00ed d\u016fchod.<\/p>\n<p><i><div class=\"box-ok\"> Detailn\u00ed informace o samostatn\u00e9 v\u00fdd\u011ble\u010dn\u00e9 \u010dinnosti a kdy je pova\u017eov\u00e1na za hlavn\u00ed nebo vedlej\u0161\u00ed, se dozv\u00edte <a href=\"https:\/\/www.cssz.cz\/definice-a-druhy-svc\">na webov\u00fdch str\u00e1nk\u00e1ch \u010cesk\u00e9 spr\u00e1vy soci\u00e1ln\u00edho zabezpe\u010den\u00ed.<\/a><\/div><\/i><\/p>\n<p>Nej\u010dast\u011bj\u0161\u00ed zp\u016fsob podnik\u00e1n\u00ed v \u010cR je <b>\u017eivnostensk\u00e9 podnik\u00e1n\u00ed<\/b>, kter\u00e9 je upraveno tzv. \u017eivnostensk\u00fdm z\u00e1konem. Aktu\u00e1ln\u00ed zn\u011bn\u00ed z\u00e1kona najdete <a href=\"https:\/\/www.mpo.cz\/cz\/podnikani\/zivnostenske-podnikani\/pravni-predpisy\/zivnostensky-zakon--166698\/\">na webov\u00fdch str\u00e1nk\u00e1ch <b>Ministerstva pr\u016fmyslu a obchodu<\/b><\/a>, do jeho\u017e p\u016fsobnosti podnik\u00e1n\u00ed pat\u0159\u00ed.<\/p>\n<p>Z\u00e1rove\u0148 je ale mo\u017en\u00e9 podnikat v r\u00e1mci tzv. <b>svobodn\u00e9ho povol\u00e1n\u00ed<\/b>. Svobodn\u00e9 povol\u00e1n\u00ed je definov\u00e1no jako podnik\u00e1n\u00ed fyzick\u00e9 osoby, kter\u00e1 podnik\u00e1 na z\u00e1klad\u011b jin\u00e9ho ne\u017e \u017eivnostensk\u00e9ho z\u00e1kona. Pro n\u011bkter\u00e1 svobodn\u00e1 povol\u00e1n\u00ed plat\u00ed tak\u00e9 povinn\u00e9 \u010dlenstv\u00ed v profesn\u00ed komo\u0159e (nap\u0159. pro advok\u00e1ty a l\u00e9ka\u0159e), pro jin\u00e1 je \u010dlenstv\u00ed v profesn\u00ed komo\u0159e pouze dobrovoln\u00e9 (nap\u0159. pro novin\u00e1\u0159e).<\/p>\n<p>Jednotliv\u00e9 druhy podnik\u00e1n\u00ed fyzick\u00fdch osob si bl\u00ed\u017ee vysv\u011btl\u00edme v n\u00e1sleduj\u00edc\u00edch kapitol\u00e1ch.<\/p>\n<ul class=\"bullet-links\">\n<li aria-level=\"1\"><a href=\"https:\/\/metropolevsech.eu\/cs\/podnikani-fyzickych-osob-2\/zivnostenske-podnikani-cizincu-v-cr\/\">\u017divnostensk\u00e9 podnik\u00e1n\u00ed<\/a><\/li>\n<li aria-level=\"1\"><a href=\"https:\/\/metropolevsech.eu\/cs\/potrebuji-resit\/podnikani\/podnikani-fyzickych-osob-2\/14822-2\/\">Svobodn\u00e9 povol\u00e1n\u00ed<\/a><\/li>\n<\/ul>\n<p style=\"text-align: right;\"><em>Posledn\u00ed aktualizace: 4. b\u0159ezen 2025<\/em><\/p>\n<p><\/p>","protected":false},"excerpt":{"rendered":"<p>V t\u00e9to kapitole se dozv\u00edte, kdo je to podnikatel (fyzick\u00e1 osoba) a na z\u00e1klad\u011b jak\u00e9ho opr\u00e1vn\u011bn\u00ed m\u016f\u017ee v \u010cR podnikat. Podnikatel je v \u010cesk\u00e9 republice definov\u00e1n jako ten, kdo samostatn\u011b vykon\u00e1v\u00e1 na vlastn\u00ed \u00fa\u010det a odpov\u011bdnost v\u00fdd\u011ble\u010dnou \u010dinnost \u017eivnostensk\u00fdm nebo&#8230;<\/p>\n<a class=\"more-block\" href=\"https:\/\/metropolevsech.eu\/cs\/potrebuji-resit\/podnikani\/podnikani-fyzickych-osob-2\/\">\u010c\u00edst v\u00edce<\/a>","protected":false},"author":7,"featured_media":0,"parent":603,"menu_order":2,"comment_status":"closed","ping_status":"closed","template":"","meta":[],"acf":[],"_links":{"self":[{"href":"https:\/\/metropolevsech.eu\/cs\/wp-json\/wp\/v2\/pages\/14813"}],"collection":[{"href":"https:\/\/metropolevsech.eu\/cs\/wp-json\/wp\/v2\/pages"}],"about":[{"href":"https:\/\/metropolevsech.eu\/cs\/wp-json\/wp\/v2\/types\/page"}],"author":[{"embeddable":true,"href":"https:\/\/metropolevsech.eu\/cs\/wp-json\/wp\/v2\/users\/7"}],"replies":[{"embeddable":true,"href":"https:\/\/metropolevsech.eu\/cs\/wp-json\/wp\/v2\/comments?post=14813"}],"version-history":[{"count":7,"href":"https:\/\/metropolevsech.eu\/cs\/wp-json\/wp\/v2\/pages\/14813\/revisions"}],"predecessor-version":[{"id":24548,"href":"https:\/\/metropolevsech.eu\/cs\/wp-json\/wp\/v2\/pages\/14813\/revisions\/24548"}],"up":[{"embeddable":true,"href":"https:\/\/metropolevsech.eu\/cs\/wp-json\/wp\/v2\/pages\/603"}],"wp:attachment":[{"href":"https:\/\/metropolevsech.eu\/cs\/wp-json\/wp\/v2\/media?parent=14813"}],"curies":[{"name":"wp","href":"https:\/\/api.w.org\/{rel}","templated":true}]}}