{"id":14817,"date":"2021-10-13T11:08:27","date_gmt":"2021-10-13T09:08:27","guid":{"rendered":"https:\/\/metropolevsech.eu\/?page_id=14817"},"modified":"2026-01-27T20:12:34","modified_gmt":"2026-01-27T19:12:34","slug":"zivnostenske-podnikani-cizincu-v-cr","status":"publish","type":"page","link":"https:\/\/metropolevsech.eu\/cs\/potrebuji-resit\/podnikani\/podnikani-fyzickych-osob-2\/zivnostenske-podnikani-cizincu-v-cr\/","title":{"rendered":"\u017divnostensk\u00e9 podnik\u00e1n\u00ed"},"content":{"rendered":"<p><\/p>\n<ul class=\"bullet\">\n<li><a href=\"#zivnost\">Co je \u017eivnost?<\/a><\/li>\n<li><a href=\"#druhyzivnosti\">Druhy \u017eivnost\u00ed<\/a><\/li>\n<li><a href=\"#opravneni\">Kde z\u00edskat \u017eivnostensk\u00e9 opr\u00e1vn\u011bn\u00ed?<\/a><\/li>\n<li><a href=\"#jednotnyformular\">Jednotn\u00fd registra\u010dn\u00ed formul\u00e1\u0159<\/a><\/li>\n<\/ul>\n<h3 id=\"zivnost\">Co je \u017eivnost a \u017eivnostensk\u00e9 opr\u00e1vn\u011bn\u00ed?<\/h3>\n<p><b>\u017divnost\u00ed<\/b> se rozum\u00ed soustavn\u00e1 \u010dinnost provozovan\u00e1 samostatn\u011b, vlastn\u00edm jm\u00e9nem, na vlastn\u00ed odpov\u011bdnost, za \u00fa\u010delem dosa\u017een\u00ed zisku a za podm\u00ednek stanoven\u00fdch \u017eivnostensk\u00fdm z\u00e1konem. Nen\u00ed j\u00ed tedy jednor\u00e1zov\u00e1 pr\u00e1ce ani \u010dinnost, kter\u00e1 nen\u00ed provozov\u00e1na za \u00fa\u010delem zisku, \u010di pr\u00e1ce vykon\u00e1van\u00e9 na z\u00e1klad\u011b pracovn\u011bpr\u00e1vn\u00edho vztahu. Provozovat <b>\u017eivnost<\/b> lze pouze na z\u00e1klad\u011b <strong>\u017eivnostensk\u00e9ho opr\u00e1vn\u011bn\u00ed<\/strong>, kter\u00e9 vyd\u00e1v\u00e1 <a href=\"https:\/\/www.businessinfo.cz\/clanky\/zivnostenske-urady-kraj-praha\/\">\u017eivnostensk\u00fd \u00fa\u0159ad<\/a>.<\/p>\n<p><div class=\"box-fixa\"><i> Pokud v\u00e1s bude zam\u011bstnavatel nutit, abyste si vy\u0159\u00eddili \u017eivnostensk\u00e9 opr\u00e1vn\u011bn\u00ed a abyste form\u00e1ln\u011b vystupovali jako samostatn\u00ed podnikatel\u00e9, p\u0159esto\u017ee pro n\u011bj budete fakticky vykon\u00e1vat b\u011b\u017en\u00e9 \u010dinnosti jako zam\u011bstnanci, jde o neleg\u00e1ln\u00ed obch\u00e1zen\u00ed z\u00e1kona (tzv. \u0161varcsyst\u00e9m)!<\/div><\/i><\/p>\n<p>\u017divnostensk\u00e9 podnik\u00e1n\u00ed je upraveno tzv. \u017eivnostensk\u00fdm z\u00e1konem. Jeho aktu\u00e1ln\u00ed zn\u011bn\u00ed najdete <a href=\"https:\/\/www.mpo.cz\/cz\/podnikani\/zivnostenske-podnikani\/pravni-predpisy\/zivnostensky-zakon--166698\/\">na webov\u00fdch str\u00e1nk\u00e1ch <b>Ministerstva pr\u016fmyslu a obchodu<\/b><\/a>.<\/p>\n<div class=\"box-ok\"><em><b>Jak si v \u010cR vy\u0159\u00edd\u00ed \u017eivnost cizinec?<\/b><\/em><\/p>\n<p>Na webov\u00fdch str\u00e1nk\u00e1ch Ministerstva pr\u016fmyslu a obchodu naleznete <a href=\"https:\/\/www.mpo.cz\/cz\/podnikani\/zivnostenske-podnikani\/pruvodce-zivnostenskym-podnikanim\/pruvodce-zivnostenskym-podnikanim-pro-fyzicke-osoby--ktere-nemaji-bydliste-na-uzemi-cr-zahranicni-fo---obcan-clenskeho-statu-eu--ehp-a-svycarska--77544\/\">Pr\u016fvodce podnik\u00e1n\u00edm pro fyzick\u00e9 osoby<\/a>, kter\u00e9 nemaj\u00ed bydli\u0161t\u011b na \u00fazem\u00ed \u010cR (zahrani\u010dn\u00ed fyzick\u00e9 osoby \u2013 ob\u010dan\u00e9 \u010dlensk\u00e9ho st\u00e1tu EU, EHP a \u0160v\u00fdcarska).<\/div>\n<h3 id=\"druhyzivnosti\"><b>Druhy \u017eivnost\u00ed<\/b><\/h3>\n<p>\u017divnosti se rozli\u0161uj\u00ed na <b>ohla\u0161ovac\u00ed<\/b> a <b>koncesovan\u00e9<\/b>.<\/p>\n<h4><b>Ohla\u0161ovac\u00ed \u017eivnosti<\/b><\/h4>\n<p>Ohla\u0161ovac\u00ed \u017eivnost posta\u010d\u00ed ohl\u00e1sit \u017eivnostensk\u00e9mu \u00fa\u0159adu a hned m\u016f\u017eete podnikat. V r\u00e1mci ohla\u0161ovac\u00edch \u017eivnost\u00ed je\u0161t\u011b rozli\u0161ujeme:<\/p>\n<ul class=\"bullet\">\n<li><b>\u017divnost volnou<\/b> \u2013 je t\u0159eba splnit pouze v\u0161eobecn\u00e9 podm\u00ednky pro provozov\u00e1n\u00ed \u017eivnosti (dosa\u017een\u00ed v\u011bku 18 let, zp\u016fsobilost k pr\u00e1vn\u00edm \u00fakon\u016fm a bez\u00fahonnost), nen\u00ed t\u0159eba prokazovat odbornou ani jinou zp\u016fsobilost. Jde o \u010dinnosti jako nap\u0159. v\u00fdroba a oprava obuvi, ubytovac\u00ed slu\u017eby \u010di fotografick\u00e9 slu\u017eby, u kter\u00fdch nen\u00ed pot\u0159eba \u017e\u00e1dn\u00e1 odborn\u00e1 zp\u016fsobilost. \u00dapln\u00fd v\u00fdpis \u017eivnost\u00ed voln\u00fdch naleznete<a href=\"https:\/\/www.mpo.cz\/assets\/cz\/podnikani\/zivnostenske-podnikani\/pravni-predpisy\/2021\/10\/ZZ_UPLNE_ZNENI_prilohy_k_2_8_2021_WEB.pdf\"> v p\u0159\u00edloze \u010d. 4\u00a0 \u017eivnostensk\u00e9ho z\u00e1kona<\/a>.<\/li>\n<li><b>\u017divnost \u0159emeslnou<\/b> \u2013 jde o \u0159emesla, u kter\u00fdch je vy\u017eadov\u00e1na odborn\u00e1 zp\u016fsobilost. Jejich \u00fapln\u00fd seznam je obsa\u017een <a href=\"https:\/\/www.mpo.cz\/assets\/cz\/podnikani\/zivnostenske-podnikani\/pravni-predpisy\/2021\/10\/ZZ_UPLNE_ZNENI_prilohy_k_2_8_2021_WEB.pdf\">v p\u0159\u00edloze \u010d. 1 \u017eivnostensk\u00e9ho z\u00e1kona<\/a>. Je to nap\u0159. \u0159eznictv\u00ed a uzen\u00e1\u0159stv\u00ed, peka\u0159stv\u00ed a cukr\u00e1\u0159stv\u00ed, z\u00e1me\u010dnictv\u00ed, zednictv\u00ed, kade\u0159nictv\u00ed a dal\u0161\u00ed.<\/li>\n<li><b>\u017divnost v\u00e1zanou<\/b> \u2013 jedn\u00e1 se o \u010dinnosti jako nap\u0159. provozov\u00e1n\u00ed auto\u0161koly, podnik\u00e1n\u00ed v oblasti nakl\u00e1d\u00e1n\u00ed s nebezpe\u010dn\u00fdmi odpady, \u010dinnost \u00fa\u010detn\u00edch poradc\u016f a jin\u00e9, u kter\u00fdch je vy\u017eadov\u00e1na odborn\u00e1 zp\u016fsobilost. \u00dapln\u00fd seznam naleznete <a href=\"https:\/\/www.mpo.cz\/assets\/cz\/podnikani\/zivnostenske-podnikani\/pravni-predpisy\/2021\/10\/ZZ_UPLNE_ZNENI_prilohy_k_2_8_2021_WEB.pdf\">v p\u0159\u00edloze \u010d. 2 \u017eivnostensk\u00e9ho z\u00e1kona.<\/a><\/li>\n<\/ul>\n<h4><b>Koncesovan\u00e9 \u017eivnosti<\/b><\/h4>\n<p>Jde o ty \u017eivnosti, kter\u00e9 velmi \u010dasto z\u00e1rove\u0148 po\u017eaduj\u00ed povolen\u00ed v\u011bcn\u011b p\u0159\u00edslu\u0161n\u00e9ho \u00fa\u0159adu, m\u016f\u017ee b\u00fdt tak\u00e9 vy\u017eadov\u00e1na odborn\u00e1 zp\u016fsobilost (a p\u0159\u00edpadn\u011b i ur\u010dit\u00e1 d\u00e9lka praxe) a na podnikatele jsou kladeny i dal\u0161\u00ed po\u017eadavky, jako nap\u0159\u00edklad bez\u00fahonnost v\u0161ech osob vykon\u00e1vaj\u00edc\u00edch \u010dinnost aj. \u00dapln\u00fd seznam je obsa\u017een <a href=\"https:\/\/www.mpo.cz\/assets\/cz\/podnikani\/zivnostenske-podnikani\/pravni-predpisy\/2021\/10\/ZZ_UPLNE_ZNENI_prilohy_k_2_8_2021_WEB.pdf\">v p\u0159\u00edloze \u010d. 3 \u017eivnostensk\u00e9ho z\u00e1kona<\/a>. Jedn\u00e1 se nap\u0159. o silni\u010dn\u00ed motorovou dopravu n\u00e1kladn\u00ed, provozov\u00e1n\u00ed cestovn\u00ed kancel\u00e1\u0159e, ostrahu majetku a osob a jin\u00e9.<\/p>\n<h3 id=\"opravneni\"><b>Kde z\u00edskat \u017eivnostensk\u00e9 opr\u00e1vn\u011bn\u00ed?<\/b><\/h3>\n<p>Ohl\u00e1sit \u017eivnost nebo podat \u017e\u00e1dost o koncesi m\u016f\u017eete osobn\u011b u kter\u00e9hokoliv \u017eivnostensk\u00e9ho odboru p\u0159i \u00fa\u0159adech <a href=\"https:\/\/metropolevsech.eu\/cs\/urady-v-praze\/jednotlive-mestske-casti\/\">m\u011bstsk\u00fdch \u010d\u00e1st\u00ed<\/a> hlavn\u00edho m\u011bsta Prahy. Tyto \u017eivnostensk\u00e9 odbory naleznete tak\u00e9 pod n\u00e1zvem <a href=\"https:\/\/www.mpo.cz\/dokument155549.html\"><b>Centr\u00e1ln\u00ed registra\u010dn\u00ed m\u00edsta (CRM)<\/b><\/a>, proto\u017ee jedin\u00fdm formul\u00e1\u0159em \u2013 tzv. <strong>Jednotn\u00fdm registra\u010dn\u00edm formul\u00e1\u0159em \u2013<\/strong> provedete vedle vlastn\u00edho ozn\u00e1men\u00ed \u017eivnosti tak\u00e9 da\u0148ovou registraci, ozn\u00e1men\u00ed \u010cesk\u00e9 spr\u00e1v\u011b soci\u00e1ln\u00edho zabezpe\u010den\u00ed, \u00fa\u0159ad\u016fm pr\u00e1ce i p\u0159\u00edslu\u0161n\u00e9 zdravotn\u00ed poji\u0161\u0165ovn\u011b. V\u0161e m\u016f\u017eete tak\u00e9 prov\u00e9st po\u0161tou \u010di elektronicky. \u017divnost m\u016f\u017eete vy\u0159\u00eddit i prost\u0159ednictv\u00edm <a href=\"https:\/\/metropolevsech.eu\/cs\/potrebuji-resit\/czechpoint\/\">Czech POINTu<\/a>.<\/p>\n<div class=\"box-ok\"><em> \u017divnostensk\u00e9 opr\u00e1vn\u011bn\u00ed m\u016f\u017eete tak\u00e9 vy\u0159\u00eddit prost\u0159ednictv\u00edm Jednotn\u00e9ho kontaktn\u00edho m\u00edsta.<\/em> <\/div>\n<p>Kontakty na jednotliv\u00e9 \u017eivnostensk\u00e9 \u00fa\u0159ady v Praze naleznete <a href=\"https:\/\/www.businessinfo.cz\/clanky\/zivnostenske-urady-kraj-praha\/\">na webov\u00fdch str\u00e1nk\u00e1ch businessinfo.cz.<\/a><\/p>\n<div class=\"box-ok\"> <i>N\u00e1vod, jak z\u00edskat \u017eivnostensk\u00e9 opr\u00e1vn\u011bn\u00ed (ohl\u00e1sit \u017eivnost nebo po\u017e\u00e1dat o koncesi), najdete na str\u00e1nk\u00e1ch Ministerstva pr\u016fmyslu a obchodu v odd\u00edle <\/i><a href=\"https:\/\/www.mpo.cz\/cz\/podnikani\/zivnostenske-podnikani\/pruvodce-zivnostenskym-podnikanim\/\"><i>Pr\u016fvodce \u017eivnostensk\u00fdm podnik\u00e1n\u00edm<\/i><\/a><i>. Zde tak\u00e9 naleznete <\/i><a href=\"https:\/\/www.mpo.cz\/cz\/podnikani\/zivnostenske-podnikani\/pruvodce-zivnostenskym-podnikanim\/radce-nejen-pro-zacinajici-podnikatele--225510\/\"><i>R\u00e1dce (nejen pro za\u010d\u00ednaj\u00edc\u00ed) podnikatele<\/i><\/a><i>, kter\u00fd obsahuje informace o z\u00e1kladn\u00edch po\u017eadavc\u00edch stanoven\u00fdch pr\u00e1vn\u00edmi p\u0159edpisy pro zah\u00e1jen\u00ed a pr\u016fb\u011bh \u017eivnostensk\u00e9ho podnik\u00e1n\u00ed.<\/i> <\/div>\n<h3 id=\"jednotnyformular\"><b>Jednotn\u00fd registra\u010dn\u00ed formul\u00e1\u0159<\/b><\/h3>\n<p>Jednotn\u00fd registra\u010dn\u00ed formul\u00e1\u0159 slou\u017e\u00ed podnikatel\u016fm ke spln\u011bn\u00ed jejich oznamovac\u00edch povinnost\u00ed p\u0159i zah\u00e1jen\u00ed a v pr\u016fb\u011bhu \u017eivnostensk\u00e9ho podnik\u00e1n\u00ed. Nahrazuje r\u016fzn\u00e9 typy formul\u00e1\u0159\u016f pro pod\u00e1n\u00ed, kter\u00e9 podnikatel mus\u00ed u\u010dinit nejen p\u0159ed vstupem do podnik\u00e1n\u00ed, ale i b\u011bhem podnik\u00e1n\u00ed, a to na \u017eivnostensk\u00e9m \u00fa\u0159ad\u011b, p\u0159\u00edslu\u0161n\u00e9 spr\u00e1v\u011b soci\u00e1ln\u00edho poji\u0161t\u011bn\u00ed a zdravotn\u00ed poji\u0161\u0165ovn\u011b. Prost\u0159ednictv\u00edm tohoto formul\u00e1\u0159e m\u016f\u017eete tedy rovn\u011b\u017e nap\u0159. ohl\u00e1sit zm\u011bny \u00fadaj\u016f nebo p\u0159eru\u0161it provozov\u00e1n\u00ed \u017eivnosti.<\/p>\n<div class=\"box-fixa\"><em> Pod\u00e1vat p\u0159ihl\u00e1\u0161ky k da\u0148ov\u00e9 registraci a oznamovat zm\u011bny registra\u010dn\u00edch \u00fadaj\u016f na \u017eivnostensk\u00fdch \u00fa\u0159adech lze pouze <a href=\"http:\/\/www.financnisprava.cz\/cs\/dane\/danove-tiskopisy\">na tiskopisech vydan\u00fdch Ministerstvem financ\u00ed<\/a>.<\/em><\/div>\n<p>Aplikaci k vytvo\u0159en\u00ed a odesl\u00e1n\u00ed elektronick\u00e9ho Jednotn\u00e9ho registra\u010dn\u00edho formul\u00e1\u0159e a tiskopis\u016f Ministerstva financ\u00ed naleznete <a href=\"https:\/\/www.rzp.cz\/epo\/cs\/\">na webov\u00fdch str\u00e1nk\u00e1ch<\/a> Registru \u017divnostensk\u00e9ho podnik\u00e1n\u00ed. <a href=\"https:\/\/www.rzp.cz\/cgi-bin\/aps_cacheWEB.sh?VSS_SERV=ZVWSBJFND\">Registr \u017eivnostensk\u00e9ho podnik\u00e1n\u00ed<\/a> je ve\u0159ejn\u00fd rejst\u0159\u00edk a slou\u017e\u00ed k vyhled\u00e1v\u00e1n\u00ed podnikatel\u016f a jejich \u00fadaj\u016f.<\/p>\n<div class=\"box-ok\"><em>P\u0159i vy\u0159izov\u00e1n\u00ed \u017eivnostensk\u00e9ho opr\u00e1vn\u011bn\u00ed je tedy nejjednodu\u0161\u0161\u00ed za\u010d\u00edt t\u00edm, \u017ee vypln\u00edte tzv. <a href=\"https:\/\/www.mpo.cz\/assets\/cz\/podnikani\/zivnostenske-podnikani\/crm-jednotny-registracni-formular\/2019\/9\/FO.pdf\">Jednotn\u00fd registra\u010dn\u00ed formul\u00e1\u0159<\/a>, kter\u00fd m\u016f\u017eete vyu\u017e\u00edt pro v\u00edce registrac\u00ed a ohl\u00e1\u0161en\u00ed, kter\u00e9 budete pot\u0159ebovat. M\u016f\u017eete tedy nar\u00e1z vy\u0159\u00eddit zah\u00e1jen\u00ed \u017eivnosti i ozn\u00e1men\u00ed zdravotn\u00ed poji\u0161\u0165ovn\u011b a spr\u00e1v\u011b soci\u00e1ln\u00edho zabezpe\u010den\u00ed.<\/em><\/div>\n<p>V\u00edce informac\u00ed o Jednotn\u00e9m registra\u010dn\u00edm formul\u00e1\u0159i a jak\u00e1 dal\u0161\u00ed ozn\u00e1men\u00ed jeho prost\u0159ednictv\u00edm m\u016f\u017eete pod\u00e1vat, se dozv\u00edte <a href=\"https:\/\/www.mpo.cz\/cz\/podnikani\/zivnostenske-podnikani\/crm-jednotny-registracni-formular\/jednotny-registracni-formular---234081\/\">na webov\u00e9 str\u00e1nce Ministerstva pr\u016fmyslu a obchodu.<\/a><\/p>","protected":false},"excerpt":{"rendered":"<p>Co je \u017eivnost? Druhy \u017eivnost\u00ed Kde z\u00edskat \u017eivnostensk\u00e9 opr\u00e1vn\u011bn\u00ed? Jednotn\u00fd registra\u010dn\u00ed formul\u00e1\u0159 Co je \u017eivnost a \u017eivnostensk\u00e9 opr\u00e1vn\u011bn\u00ed? \u017divnost\u00ed se rozum\u00ed soustavn\u00e1 \u010dinnost provozovan\u00e1 samostatn\u011b, vlastn\u00edm jm\u00e9nem, na vlastn\u00ed odpov\u011bdnost, za \u00fa\u010delem dosa\u017een\u00ed zisku a za podm\u00ednek stanoven\u00fdch \u017eivnostensk\u00fdm z\u00e1konem&#8230;.<\/p>\n<a class=\"more-block\" href=\"https:\/\/metropolevsech.eu\/cs\/potrebuji-resit\/podnikani\/podnikani-fyzickych-osob-2\/zivnostenske-podnikani-cizincu-v-cr\/\">\u010c\u00edst v\u00edce<\/a>","protected":false},"author":7,"featured_media":0,"parent":14813,"menu_order":1,"comment_status":"closed","ping_status":"closed","template":"","meta":[],"acf":[],"_links":{"self":[{"href":"https:\/\/metropolevsech.eu\/cs\/wp-json\/wp\/v2\/pages\/14817"}],"collection":[{"href":"https:\/\/metropolevsech.eu\/cs\/wp-json\/wp\/v2\/pages"}],"about":[{"href":"https:\/\/metropolevsech.eu\/cs\/wp-json\/wp\/v2\/types\/page"}],"author":[{"embeddable":true,"href":"https:\/\/metropolevsech.eu\/cs\/wp-json\/wp\/v2\/users\/7"}],"replies":[{"embeddable":true,"href":"https:\/\/metropolevsech.eu\/cs\/wp-json\/wp\/v2\/comments?post=14817"}],"version-history":[{"count":13,"href":"https:\/\/metropolevsech.eu\/cs\/wp-json\/wp\/v2\/pages\/14817\/revisions"}],"predecessor-version":[{"id":24737,"href":"https:\/\/metropolevsech.eu\/cs\/wp-json\/wp\/v2\/pages\/14817\/revisions\/24737"}],"up":[{"embeddable":true,"href":"https:\/\/metropolevsech.eu\/cs\/wp-json\/wp\/v2\/pages\/14813"}],"wp:attachment":[{"href":"https:\/\/metropolevsech.eu\/cs\/wp-json\/wp\/v2\/media?parent=14817"}],"curies":[{"name":"wp","href":"https:\/\/api.w.org\/{rel}","templated":true}]}}