{"id":14822,"date":"2021-10-13T11:18:18","date_gmt":"2021-10-13T09:18:18","guid":{"rendered":"https:\/\/metropolevsech.eu\/?page_id=14822"},"modified":"2021-12-31T09:53:36","modified_gmt":"2021-12-31T08:53:36","slug":"14822-2","status":"publish","type":"page","link":"https:\/\/metropolevsech.eu\/cs\/potrebuji-resit\/podnikani\/podnikani-fyzickych-osob-2\/14822-2\/","title":{"rendered":"Svobodn\u00e1 povol\u00e1n\u00ed"},"content":{"rendered":"<p>Chcete-li provozovat nez\u00e1visl\u00e9 povol\u00e1n\u00ed, jako je herec \u010di hudebn\u00edk, nepot\u0159ebujete \u017eivnostensk\u00e9 opr\u00e1vn\u011bn\u00ed.<\/p>\n<p>Stejn\u011b tak jsou jin\u00e1 pravidla pro podnik\u00e1n\u00ed v oblasti zem\u011bd\u011blsk\u00e9 v\u00fdroby, lesn\u00edho a vodn\u00edho hospod\u00e1\u0159stv\u00ed, kde posta\u010d\u00ed registrovat se na obecn\u00edm \u00fa\u0159ad\u011b.<\/p>\n<p>D\u00e1le v p\u0159\u00edpad\u011b profes\u00ed regulovan\u00fdch podle zvl\u00e1\u0161tn\u00edch p\u0159edpis\u016f (u kter\u00fdch je zpravidla vy\u017eadov\u00e1na st\u00e1tn\u00ed zkou\u0161ka) se rovn\u011b\u017e ne\u017e\u00e1d\u00e1 o \u017eivnostensk\u00e9 opr\u00e1vn\u011bn\u00ed. Jde nap\u0159. o n\u00e1sleduj\u00edc\u00ed profese: advok\u00e1t, makl\u00e9\u0159, da\u0148ov\u00fd poradce, znalec,\u00a0 psychoterapeut a dal\u0161\u00ed. Mus\u00edte v\u0161ak splnit jin\u00e9 po\u017eadavky, abyste mohli danou profesi samostatn\u011b vykon\u00e1vat.<\/p>\n<p><em><div class=\"box-ok\">Konkr\u00e9tn\u00ed n\u00e1vod jak za\u010d\u00edt podnikat v jednotliv\u00fdch profes\u00edch naleznete na webov\u00fdch str\u00e1nk\u00e1ch businessinfo.cz \u2013 <a href=\"https:\/\/www.businessinfo.cz\/navody\/\">v sekci Pr\u016fvodce podnik\u00e1n\u00edm<\/a>. Pod\u00edvejte se nap\u0159. na postup, <a href=\"https:\/\/www.businessinfo.cz\/navody\/vykon-cinnosti-advokata\/\">jak se st\u00e1t advok\u00e1tem v \u010cesk\u00e9 republice \u2013 krok za krokem<\/a>. <\/div><\/em><\/p>","protected":false},"excerpt":{"rendered":"<p>Chcete-li provozovat nez\u00e1visl\u00e9 povol\u00e1n\u00ed, jako je herec \u010di hudebn\u00edk, nepot\u0159ebujete \u017eivnostensk\u00e9 opr\u00e1vn\u011bn\u00ed. Stejn\u011b tak jsou jin\u00e1 pravidla pro podnik\u00e1n\u00ed v oblasti zem\u011bd\u011blsk\u00e9 v\u00fdroby, lesn\u00edho a vodn\u00edho hospod\u00e1\u0159stv\u00ed, kde posta\u010d\u00ed registrovat se na obecn\u00edm \u00fa\u0159ad\u011b. D\u00e1le v p\u0159\u00edpad\u011b profes\u00ed regulovan\u00fdch podle&#8230;<\/p>\n<a class=\"more-block\" href=\"https:\/\/metropolevsech.eu\/cs\/potrebuji-resit\/podnikani\/podnikani-fyzickych-osob-2\/14822-2\/\">\u010c\u00edst v\u00edce<\/a>","protected":false},"author":7,"featured_media":0,"parent":14813,"menu_order":2,"comment_status":"closed","ping_status":"closed","template":"","meta":[],"acf":[],"_links":{"self":[{"href":"https:\/\/metropolevsech.eu\/cs\/wp-json\/wp\/v2\/pages\/14822"}],"collection":[{"href":"https:\/\/metropolevsech.eu\/cs\/wp-json\/wp\/v2\/pages"}],"about":[{"href":"https:\/\/metropolevsech.eu\/cs\/wp-json\/wp\/v2\/types\/page"}],"author":[{"embeddable":true,"href":"https:\/\/metropolevsech.eu\/cs\/wp-json\/wp\/v2\/users\/7"}],"replies":[{"embeddable":true,"href":"https:\/\/metropolevsech.eu\/cs\/wp-json\/wp\/v2\/comments?post=14822"}],"version-history":[{"count":3,"href":"https:\/\/metropolevsech.eu\/cs\/wp-json\/wp\/v2\/pages\/14822\/revisions"}],"predecessor-version":[{"id":16176,"href":"https:\/\/metropolevsech.eu\/cs\/wp-json\/wp\/v2\/pages\/14822\/revisions\/16176"}],"up":[{"embeddable":true,"href":"https:\/\/metropolevsech.eu\/cs\/wp-json\/wp\/v2\/pages\/14813"}],"wp:attachment":[{"href":"https:\/\/metropolevsech.eu\/cs\/wp-json\/wp\/v2\/media?parent=14822"}],"curies":[{"name":"wp","href":"https:\/\/api.w.org\/{rel}","templated":true}]}}