{"id":15073,"date":"2021-11-05T08:31:08","date_gmt":"2021-11-05T07:31:08","guid":{"rendered":"https:\/\/metropolevsech.eu\/?page_id=15073"},"modified":"2026-01-23T17:41:52","modified_gmt":"2026-01-23T16:41:52","slug":"za-jakych-podminek-mohou-cizinci-podnikat-v-ceske-republice","status":"publish","type":"page","link":"https:\/\/metropolevsech.eu\/cs\/potrebuji-resit\/podnikani\/za-jakych-podminek-mohou-cizinci-podnikat-v-ceske-republice\/","title":{"rendered":"Podnik\u00e1n\u00ed cizinc\u016f"},"content":{"rendered":"<p><em>V t\u00e9to kapitole se dozv\u00edte, za jak\u00fdch podm\u00ednek m\u016f\u017eete jako cizinec podnikat v \u010cesk\u00e9 republice. Uvedeme si informace o situaci, v n\u00ed\u017e se teprve chyst\u00e1te do \u010cR, nebo zde ji\u017e pob\u00fdv\u00e1te a chcete podnikat. <i>Tak\u00e9 z\u00e1le\u017e\u00ed na tom, z jak\u00e9 zem\u011b poch\u00e1z\u00edte, zda ze zem\u011b Evropsk\u00e9 unie nebo mimo Evropskou unii.<\/i><\/em><\/p>\n<ul class=\"bullet\">\n<li><a href=\"#podnikanivcr\">Teprve se chyst\u00e1te do \u010cesk\u00e9 republiky a cht\u011bli byste zde podnikat?<\/a><\/li>\n<li><a href=\"#zmenaucelunapodnikani\">Pob\u00fdv\u00e1te ji\u017e v \u010cR za jin\u00fdm \u00fa\u010delem a chcete za\u010d\u00edt podnikat?<\/a><\/li>\n<\/ul>\n<h3 id=\"podnikanivcr\">Teprve se chyst\u00e1te do \u010cesk\u00e9 republiky a cht\u011bli byste zde podnikat?<\/h3>\n<h4>Ob\u010dan\u00e9 EU, EHP a \u0160v\u00fdcarska<\/h4>\n<p>Ob\u010dan\u00e9 \u010dlensk\u00e9ho st\u00e1tu Evropsk\u00e9 unie nebo jin\u00e9ho smluvn\u00edho st\u00e1tu Dohody o Evropsk\u00e9m hospod\u00e1\u0159sk\u00e9m prostoru nebo ob\u010dan\u00e9 \u0160v\u00fdcarsk\u00e9 konfederace m\u016f\u017eou v \u010cR podnikat za stejn\u00fdch podm\u00ednek jako \u010de\u0161t\u00ed ob\u010dan\u00e9.<\/p>\n<p><i><div class=\"box-ok\"> Pokud podnikatel z jednoho \u010dlensk\u00e9ho st\u00e1tu EU poskytuje sv\u00e9 slu\u017eby v jin\u00e9m \u010dlensk\u00e9m st\u00e1t\u011b do\u010dasn\u011b \u010di p\u0159\u00edle\u017eitostn\u011b, jedn\u00e1 se o tzv. p\u0159eshrani\u010dn\u00ed poskytov\u00e1n\u00ed slu\u017eeb. V takov\u00e9m p\u0159\u00edpad\u011b nedoch\u00e1z\u00ed v hostuj\u00edc\u00ed zemi k usazen\u00ed a pro poskytov\u00e1n\u00ed slu\u017eeb sta\u010d\u00ed pouze podat ozn\u00e1men\u00ed p\u0159\u00edslu\u0161n\u00fdm org\u00e1n\u016fm. V\u00edce informac\u00ed ohledn\u011b p\u0159eshrani\u010dn\u00edho poskytov\u00e1n\u00ed slu\u017eeb naleznete na webu <a href=\"http:\/\/businessinfo.cz\">BusinessINFO.cz<\/a>. <\/div> <\/i><\/p>\n<h4>Ob\u010dan\u00e9 z t\u0159et\u00edch zem\u00ed (mimo EU)<\/h4>\n<p>Pokud poch\u00e1z\u00edte z t\u0159et\u00edch zem\u00ed, m\u016f\u017eete si prost\u0159ednictv\u00edm zastupitelsk\u00e9ho \u00fa\u0159adu ve sv\u00e9 zemi po\u017e\u00e1dat <a href=\"https:\/\/www.mvcr.cz\/clanek\/vizum-k-pobytu-nad-90-dnu-dlouhodobe.aspx?q=Y2hudW09MQ%3d%3d\"><strong>o tzv. dlouhodob\u00e9 v\u00edzum za \u00fa\u010delem podnik\u00e1n\u00ed<\/strong><\/a>. Je t\u0159eba po\u010d\u00edtat s t\u00edm, \u017ee budete muset prok\u00e1zat, \u017ee m\u00e1te <a href=\"https:\/\/www.mvcr.cz\/clanek\/prostredky-k-pobytu-pro-ucely-dlouhodobeho-viza.aspx\">prost\u0159edky k pobytu pro \u00fa\u010dely dlouhodob\u00e9ho v\u00edza<\/a>. V \u010cesk\u00e9 republice pot\u00e9 m\u016f\u017eete i jako cizinci v z\u00e1sad\u011b podnikat za stejn\u00fdch podm\u00ednek jako \u010de\u0161t\u00ed ob\u010dan\u00e9.<\/p>\n<p><em><div class=\"box-fixa\">Od 1. z\u00e1\u0159\u00ed 2019 byly na vybran\u00fdch zastupitelsk\u00fdch \u00fa\u0159adech \u010cR zavedeny po\u010detn\u00ed kv\u00f3ty pro po\u010det p\u0159ijat\u00fdch \u017e\u00e1dost\u00ed o v\u00edzum za \u00fa\u010delem podnik\u00e1n\u00ed. Jejich v\u00fd\u0161i stanovuje <a href=\"https:\/\/www.mvcr.cz\/soubor\/narizeni-vlady-c-233-2021-sb-o-maximalnim-poctu-zadosti-o-vizum-k-pobytu-nad-90-dnu-za-ucelem-podnikani-zadosti-o-povoleni-k-dlouhodobemu-pobytu-za-ucelem-investovani-a-zadosti-o-zamestnaneckou-kartu.aspx\">na\u0159\u00edzen\u00ed vl\u00e1dy<\/a>. Informace o aktu\u00e1ln\u00edm \u010derp\u00e1n\u00ed konkr\u00e9tn\u00edch kv\u00f3t jsou zve\u0159ejn\u011bny p\u0159\u00edmo na internetov\u00fdch str\u00e1nk\u00e1ch p\u0159\u00edslu\u0161n\u00fdch zastupitelsk\u00fdch \u00fa\u0159ad\u016f.<\/em><\/p>\n<p><i>V\u00edce informac\u00ed naleznete <\/i><a href=\"https:\/\/www.mvcr.cz\/clanek\/kvoty-pro-ekonomickou-migraci-programy-schvalene-vladou-za-ucelem-dosazeni-ekonomickeho-prinosu-pro-cr.aspx\"><i>na str\u00e1nk\u00e1ch Ministerstva vnitra \u010cR.\u00a0<\/i><\/a><\/p>\n<p><em><\/div><\/em><\/p>\n<h3 id=\"zmenaucelunapodnikani\">Pob\u00fdv\u00e1te ji\u017e v \u010cR za jin\u00fdm \u00fa\u010delem a chcete za\u010d\u00edt podnikat?<\/h3>\n<p>Pokud m\u00e1te <strong>trval\u00fd pobyt v \u010cR<\/strong>,\u00a0m\u016f\u017eete podnikat za stejn\u00fdch podm\u00ednek jako \u010de\u0161t\u00ed ob\u010dan\u00e9.<\/p>\n<p>V p\u0159\u00edpad\u011b, \u017ee jste cizinec z t\u0159et\u00ed zem\u011b (mimo EU), ji\u017e pob\u00fdv\u00e1te v \u010cR a chcete z\u00edskat <strong>povolen\u00ed k dlouhodob\u00e9mu pobytu za \u00fa\u010delem podnik\u00e1n\u00ed<\/strong>, m\u016f\u017eete tak u\u010dinit a\u017e po p\u011bti letech pobytu v \u010cR. Pokud je v\u00e1\u0161 \u00fa\u010del pobytu slou\u010den\u00ed s rodinou, m\u016f\u017eete o \u00fa\u010del podnik\u00e1n\u00ed po\u017e\u00e1dat po t\u0159ech letech.<\/p>\n<p>Podnikat v\u0161ak m\u016f\u017eete i soub\u011b\u017en\u011b\u00a0 p\u0159i pln\u011bn\u00ed jin\u00e9ho \u00fa\u010delu pobytu\/v\u00edza (nap\u0159\u00edklad p\u0159i studiu, zam\u011bstn\u00e1n\u00ed nebo slou\u010den\u00ed s rodinou). M\u016f\u017ee to b\u00fdt formou p\u0159iv\u00fdd\u011blku, kter\u00fd v\u00e1m zajist\u00ed pot\u0159ebn\u00e9 finance. Mus\u00edte v\u0161ak fakticky plnit sv\u016fj \u00fa\u010del pobytu, kter\u00fd jste prok\u00e1zali Ministerstvu vnitra \u010cR (tedy nap\u0159. i nad\u00e1le studovat, pracovat nebo b\u00fdt slou\u010deni s rodinou).<\/p>\n<p>Pro lep\u0161\u00ed pochopen\u00ed jsme si pro v\u00e1s p\u0159ipravili p\u0159\u00edklady takov\u00fdch situac\u00ed:<\/p>\n<h5><strong>Jsem cizinec studuj\u00edc\u00ed v \u010cR a r\u00e1d bych si p\u0159ivyd\u011blal podnik\u00e1n\u00edm.<\/strong><\/h5>\n<p>Ano, jako cizinci si m\u016f\u017eete v \u010cR p\u0159ivyd\u011blat p\u0159i studiu <a href=\"https:\/\/metropolevsech.eu\/cs\/podnikani-fyzickych-osob-2\/zivnostenske-podnikani-cizincu-v-cr\/\">\u017eivnostensk\u00fdm podnik\u00e1n\u00edm<\/a>. Obvykl\u00e9 formy p\u0159iv\u00fdd\u011blku mohou b\u00fdt p\u0159eklady, tlumo\u010den\u00ed, pr\u016fvodcov\u00e1n\u00ed po Praze v ciz\u00edm jazyce a mnoho dal\u0161\u00edch dle va\u0161ich dovednost\u00ed a schopnost\u00ed. Pokud budete i nad\u00e1le studovat, m\u016f\u017eete nejen podnikat, ale i pracovat jako zam\u011bstnanci. Mus\u00edte v\u0161ak fakticky plnit sv\u00e9 studijn\u00ed povinnosti a tedy i v\u00e1\u0161 \u00fa\u010del pobytu, kter\u00fdm je studium.<\/p>\n<h5><strong>Jsem \u017eena, kter\u00e1 m\u00e1 povolen\u00ed\/v\u00edzum k pobytu za \u00fa\u010delem slou\u010den\u00ed s man\u017eelem a r\u00e1da bych podnikala.<\/strong><\/h5>\n<p>Ano, i v tomto p\u0159\u00edpad\u011b lze podnikat, ale i b\u00fdt zam\u011bstnan\u00e1, pokud st\u00e1le pln\u00edte sv\u016fj \u00fa\u010del pobytu (slou\u010den\u00ed s rodinou). Pokud spln\u00edte podm\u00ednky pro v\u00e1mi zvolen\u00fd druh \u010dinnosti, m\u016f\u017eete si po\u017e\u00e1dat <a href=\"https:\/\/metropolevsech.eu\/cs\/podnikani-fyzickych-osob-2\/zivnostenske-podnikani-cizincu-v-cr\/\">o \u017eivnostensk\u00e9 opr\u00e1vn\u011bn\u00ed<\/a>. Je mo\u017en\u00e9, \u017ee si budete v \u010cR cht\u00edt tak\u00e9 zv\u00fd\u0161it svou profesn\u00ed kvalifikaci nebo se rekvalifikovat na novou profesi.<\/p>\n<p><em><div class=\"box-ok\"> Mnoho \u017een v \u010cR, kter\u00e9 se staraj\u00ed o d\u011bti v r\u00e1mci tzv. rodi\u010dovsk\u00e9 dovolen\u00e9, si p\u0159ivyd\u011bl\u00e1v\u00e1 pr\u00e1v\u011b podnik\u00e1n\u00edm nebo men\u0161\u00edm pracovn\u00edm \u00favazkem v r\u00e1mci zam\u011bstn\u00e1n\u00ed. <\/div><\/em><\/p>\n<p><em><div class=\"box-ok\"> Zeptejte se v <a href=\"https:\/\/metropolevsech.eu\/cs\/kontakty\/nevladni-neziskove-organizace\/\">neziskov\u00fdch organizac\u00edch<\/a> a <a href=\"https:\/\/icpraha.com\/poradenstvi\/\">v Integra\u010dn\u00edm centru Praha<\/a> na konkr\u00e9tn\u00ed mo\u017enosti pr\u00e1v\u011b pro v\u00e1s. R\u00e1di v\u00e1m pomohou!<\/div><\/em><\/p>\n<p>V \u010cR m\u016f\u017eete podnikat dv\u011bma zp\u016fsoby \u2013 jako <strong>fyzick\u00e1 osoba<\/strong>, nebo jako\u00a0<strong>pr\u00e1vnick\u00e1 osoba<\/strong>. Detailn\u011bj\u0161\u00ed informace naleznete v jednotliv\u00fdch kapitol\u00e1ch.<\/p>\n<ul class=\"bullet-links\">\n<li><a href=\"https:\/\/metropolevsech.eu\/cs\/podnikani-fyzickych-osob-2\/\">Podnik\u00e1n\u00ed fyzick\u00fdch osob<\/a> \u2013 OSV\u010c (zejm\u00e9na \u017eivnostensk\u00e9 podnik\u00e1n\u00ed a svobodn\u00e1 povol\u00e1n\u00ed)<\/li>\n<li><a href=\"https:\/\/metropolevsech.eu\/cs\/potrebuji-resit\/podnikani\/zalozeni-obchodni-korporace\/\">Podnik\u00e1n\u00ed pr\u00e1vnick\u00fdch osob<\/a> (zalo\u017een\u00ed obchodn\u00ed spole\u010dnosti)<\/li>\n<\/ul>\n<p style=\"text-align: right;\"><em>Posledn\u00ed aktualizace: 4. b\u0159ezen 2025<\/em><\/p>\n<p><\/p>","protected":false},"excerpt":{"rendered":"<p>V t\u00e9to kapitole se dozv\u00edte, za jak\u00fdch podm\u00ednek m\u016f\u017eete jako cizinec podnikat v \u010cesk\u00e9 republice. Uvedeme si informace o situaci, v n\u00ed\u017e se teprve chyst\u00e1te do \u010cR, nebo zde ji\u017e pob\u00fdv\u00e1te a chcete podnikat. Tak\u00e9 z\u00e1le\u017e\u00ed na tom, z jak\u00e9&#8230;<\/p>\n<a class=\"more-block\" href=\"https:\/\/metropolevsech.eu\/cs\/potrebuji-resit\/podnikani\/za-jakych-podminek-mohou-cizinci-podnikat-v-ceske-republice\/\">\u010c\u00edst v\u00edce<\/a>","protected":false},"author":7,"featured_media":0,"parent":603,"menu_order":1,"comment_status":"closed","ping_status":"closed","template":"","meta":[],"acf":[],"_links":{"self":[{"href":"https:\/\/metropolevsech.eu\/cs\/wp-json\/wp\/v2\/pages\/15073"}],"collection":[{"href":"https:\/\/metropolevsech.eu\/cs\/wp-json\/wp\/v2\/pages"}],"about":[{"href":"https:\/\/metropolevsech.eu\/cs\/wp-json\/wp\/v2\/types\/page"}],"author":[{"embeddable":true,"href":"https:\/\/metropolevsech.eu\/cs\/wp-json\/wp\/v2\/users\/7"}],"replies":[{"embeddable":true,"href":"https:\/\/metropolevsech.eu\/cs\/wp-json\/wp\/v2\/comments?post=15073"}],"version-history":[{"count":13,"href":"https:\/\/metropolevsech.eu\/cs\/wp-json\/wp\/v2\/pages\/15073\/revisions"}],"predecessor-version":[{"id":24547,"href":"https:\/\/metropolevsech.eu\/cs\/wp-json\/wp\/v2\/pages\/15073\/revisions\/24547"}],"up":[{"embeddable":true,"href":"https:\/\/metropolevsech.eu\/cs\/wp-json\/wp\/v2\/pages\/603"}],"wp:attachment":[{"href":"https:\/\/metropolevsech.eu\/cs\/wp-json\/wp\/v2\/media?parent=15073"}],"curies":[{"name":"wp","href":"https:\/\/api.w.org\/{rel}","templated":true}]}}