{"id":15447,"date":"2021-11-08T16:52:28","date_gmt":"2021-11-08T15:52:28","guid":{"rendered":"https:\/\/metropolevsech.eu\/?page_id=15447"},"modified":"2026-01-15T20:05:50","modified_gmt":"2026-01-15T19:05:50","slug":"interkulturni-pracovnik","status":"publish","type":"page","link":"https:\/\/metropolevsech.eu\/cs\/kontakty\/interkulturni-pracovnici-a-komunitni-tlumocnici\/interkulturni-pracovnik\/","title":{"rendered":"Interkulturn\u00ed pracovn\u00edci"},"content":{"rendered":"<p><em>V t\u00e9to kapitole si vysv\u011btl\u00edme s \u010d\u00edm v\u00e1m m\u016f\u017ee pomoci interkulturn\u00ed pracovn\u00edk, kdo konkr\u00e9tn\u011b m\u016f\u017ee jeho slu\u017eeb vyu\u017e\u00edvat a jak ho lze objednat. V seznamu interkulturn\u00edch pracovn\u00edk\u016f naleznete kontakty na jednotliv\u00e9 interkulturn\u00ed pracovn\u00edky.\u00a0<\/em><\/p>\n<ul class=\"bullet\">\n<li><a href=\"#interkulturniprace\">Kdo je interkulturn\u00ed pracovn\u00edk?<\/a><\/li>\n<li><a href=\"#whatcanhehelpwith\">S \u010d\u00edm V\u00e1m m\u016f\u017ee pomoci?<\/a><\/li>\n<li><a href=\"#whocanorderIP\">Kdo ho m\u016f\u017ee objednat?<\/a><\/li>\n<li><a href=\"#howtoorderIP\">Jak ho objednat?<\/a><\/li>\n<li><a href=\"#howisIPpayed\">Jak je jeho pr\u00e1ce placena?<\/a><\/li>\n<\/ul>\n<p><a href=\"https:\/\/metropolevsech.eu\/cs\/ikp\/\" class=\"buttonIKP\"><i class=\"gg-chevron-right\"><\/i>Seznam interkulturn\u00edch pracovn\u00edk\u016f<\/a><\/p>\n<h4 id=\"interkulturniprace\"><strong>Kdo je interkulturn\u00ed pracovn\u00edk?<\/strong><\/h4>\n<p>Je to profesion\u00e1l, kter\u00fd podporuje migranty, majoritn\u00ed spole\u010dnost a ve\u0159ejn\u00e9 instituce p\u0159i vz\u00e1jemn\u00e9 komunikaci, posiluje jejich p\u0159\u00e1telsk\u00e9 sou\u017eit\u00ed a p\u0159ekon\u00e1v\u00e1n\u00ed bari\u00e9r mezi nimi.<\/p>\n<h4 id=\"whatcanhehelpwith\">S \u010d\u00edm m\u016f\u017ee interkulturn\u00ed pracovn\u00edk pomoci?<\/h4>\n<ul class=\"bullet\">\n<li aria-level=\"1\">poskytne<b> doprovod, asistenci a tlumo\u010den\u00ed <\/b>na \u017e\u00e1dost migranta nebo \u00fa\u0159edn\u00edka\/pracovn\u00edka instituce<\/li>\n<li aria-level=\"1\">poskytne <strong>z\u00e1kladn\u00ed soci\u00e1ln\u00ed poradenstv\u00ed<\/strong> v \u010desk\u00e9m a dal\u0161\u00edm jazyce<\/li>\n<li aria-level=\"1\">poskytne<strong> kontakty na odborn\u00e9 poradenstv\u00ed<\/strong>, doporu\u010d\u00ed, na koho se v dan\u00e9 situaci obr\u00e1tit<\/li>\n<li aria-level=\"1\">pom\u016f\u017ee migrant\u016fm <strong>zorientovat se v \u010desk\u00e9m prost\u0159ed\u00ed<\/strong> a poskytne <strong>z\u00e1kladn\u00ed informace o \u017eivot\u011b v \u010cR a v Praze<\/strong><\/li>\n<li aria-level=\"1\">pom\u016f\u017ee <strong>p\u0159ekon\u00e1vat psychologick\u00e9 bari\u00e9ry<\/strong> migrant\u016f i pracovn\u00edk\u016f \u00fa\u0159ad\u016f a instituc\u00ed;<\/li>\n<li aria-level=\"1\">zasahuje p\u0159i konfliktn\u00edch situac\u00edch a \u0159e\u0161\u00ed <strong>p\u0159\u00edpadn\u00e1 nedorozum\u011bn\u00ed<\/strong><\/li>\n<\/ul>\n<h4 id=\"whocanorderIP\">Kdo m\u016f\u017ee interkulturn\u00edho pracovn\u00edka objednat?<\/h4>\n<ul class=\"bullet\">\n<li aria-level=\"1\">migranti, kte\u0159\u00ed pot\u0159ebuj\u00ed doprovod, tlumo\u010den\u00ed a odbornou podporu p\u0159i jedn\u00e1n\u00ed na \u00fa\u0159adech, ve \u0161kol\u00e1ch, ve zdravotnick\u00e9m za\u0159\u00edzen\u00ed nebo v dal\u0161\u00edch instituc\u00edch (banky, zam\u011bstnavatel)<\/li>\n<li aria-level=\"1\">pracovn\u00edci ve\u0159ejn\u00e9 spr\u00e1vy p\u0159i jedn\u00e1n\u00ed s migranty<\/li>\n<li aria-level=\"1\">pracovn\u00edci ve \u0161kolstv\u00ed<\/li>\n<li aria-level=\"1\">pracovn\u00edci ve zdravotnictv\u00ed<\/li>\n<\/ul>\n<h4 id=\"howtoorderIP\">Jak je mo\u017en\u00e9 interkulturn\u00edho pracovn\u00edka objednat?<\/h4>\n<p>V <a href=\"https:\/\/metropolevsech.eu\/cs\/ikp\/\">Seznamu interkulturn\u00edch pracovn\u00edk\u016f<\/a> si vyberte pracovn\u00edka podle jazyka, ve kter\u00e9m chcete jednat.<\/p>\n<p>Kontaktujte pracovn\u00edka telefonicky nebo e-mailem a domluvte se na spolupr\u00e1ci.<\/p>\n<p>Spolupr\u00e1ci domlouvejte pokud mo\u017eno v dostate\u010dn\u00e9m \u010dasov\u00e9m p\u0159edstihu, nap\u0159\u00edklad 3 dny p\u0159edem.<\/p>\n<h4 id=\"howisIPpayed\">Jak je pr\u00e1ce interkulturn\u00edho pracovn\u00edka placena?<\/h4>\n<p>Slu\u017eby interkulturn\u00edch pracovn\u00edk\u016f jsou klient\u016fm poskytov\u00e1ny ZDARMA. Pracovn\u00edci jsou placeni organizacemi, kter\u00e9 je zam\u011bstn\u00e1vaj\u00ed &#8211; nap\u0159\u00edklad neziskov\u00fdmi organizacemi nebo obcemi.<\/p>\n<div class=\"box-ok\"><em>V\u00edce informac\u00ed o interkulturn\u00ed pr\u00e1ci naleznete na webu META, o.p.s. (<a href=\"https:\/\/www.inkluzivniskola.cz\/interkulturni-prace\">Inkluzivn\u00ed \u0161kola<\/a>) nebo na webu <a href=\"https:\/\/interkulturniprace.cz\/co-je-interkulturni-prace\/ip-v-ceske-republice\/\">Asociace pro interkulturn\u00ed pr\u00e1ci<\/a>. <\/em><\/div>\n<p><em>\u010ct\u011bte tak\u00e9:<\/em> <a href=\"https:\/\/metropolevsech.eu\/cs\/kontakty\/interkulturni-pracovnici-a-komunitni-tlumocnici\/komunitni-tlumocnici\/\">Kdo je komunitn\u00ed tlumo\u010dn\u00edk?<\/a><br \/>\n<p class=\"lastUpdate\"> 15. ledna, 2026<\/p><\/p>","protected":false},"excerpt":{"rendered":"<p>V t\u00e9to kapitole si vysv\u011btl\u00edme s \u010d\u00edm v\u00e1m m\u016f\u017ee pomoci interkulturn\u00ed pracovn\u00edk, kdo konkr\u00e9tn\u011b m\u016f\u017ee jeho slu\u017eeb vyu\u017e\u00edvat a jak ho lze objednat. V seznamu interkulturn\u00edch pracovn\u00edk\u016f naleznete kontakty na jednotliv\u00e9 interkulturn\u00ed pracovn\u00edky.\u00a0 Kdo je interkulturn\u00ed pracovn\u00edk? S \u010d\u00edm V\u00e1m&#8230;<\/p>\n<a class=\"more-block\" href=\"https:\/\/metropolevsech.eu\/cs\/kontakty\/interkulturni-pracovnici-a-komunitni-tlumocnici\/interkulturni-pracovnik\/\">\u010c\u00edst v\u00edce<\/a>","protected":false},"author":7,"featured_media":0,"parent":889,"menu_order":1,"comment_status":"closed","ping_status":"closed","template":"","meta":[],"acf":[],"_links":{"self":[{"href":"https:\/\/metropolevsech.eu\/cs\/wp-json\/wp\/v2\/pages\/15447"}],"collection":[{"href":"https:\/\/metropolevsech.eu\/cs\/wp-json\/wp\/v2\/pages"}],"about":[{"href":"https:\/\/metropolevsech.eu\/cs\/wp-json\/wp\/v2\/types\/page"}],"author":[{"embeddable":true,"href":"https:\/\/metropolevsech.eu\/cs\/wp-json\/wp\/v2\/users\/7"}],"replies":[{"embeddable":true,"href":"https:\/\/metropolevsech.eu\/cs\/wp-json\/wp\/v2\/comments?post=15447"}],"version-history":[{"count":20,"href":"https:\/\/metropolevsech.eu\/cs\/wp-json\/wp\/v2\/pages\/15447\/revisions"}],"predecessor-version":[{"id":24457,"href":"https:\/\/metropolevsech.eu\/cs\/wp-json\/wp\/v2\/pages\/15447\/revisions\/24457"}],"up":[{"embeddable":true,"href":"https:\/\/metropolevsech.eu\/cs\/wp-json\/wp\/v2\/pages\/889"}],"wp:attachment":[{"href":"https:\/\/metropolevsech.eu\/cs\/wp-json\/wp\/v2\/media?parent=15447"}],"curies":[{"name":"wp","href":"https:\/\/api.w.org\/{rel}","templated":true}]}}