{"id":15767,"date":"2021-11-19T16:38:45","date_gmt":"2021-11-19T15:38:45","guid":{"rendered":"https:\/\/metropolevsech.eu\/?page_id=15767"},"modified":"2021-11-20T01:28:50","modified_gmt":"2021-11-20T00:28:50","slug":"policie-ceske-republiky-sluzba-cizinecke-policie","status":"publish","type":"page","link":"https:\/\/metropolevsech.eu\/cs\/kontakty\/policie-ceske-republiky-sluzba-cizinecke-policie\/","title":{"rendered":"Policie \u010cesk\u00e9 republiky \u2013 Slu\u017eba cizineck\u00e9 policie"},"content":{"rendered":"<p>Na cizineckou policii se mus\u00edte dostavit do <strong>t\u0159\u00ed dn\u016f od prvn\u00edho p\u0159\u00edjezdu do \u010cesk\u00e9 republiky<\/strong> a <strong>ohl\u00e1sit zde sv\u016fj pobyt<\/strong> (pokud to za v\u00e1s neu\u010din\u00ed ubytovatel). D\u00e1le je zde mo\u017en\u00e9 vy\u0159\u00eddit <strong>pozv\u00e1n\u00ed <\/strong>pro sv\u00e9ho p\u0159\u00edbuzn\u00e9ho\/kamar\u00e1da. Cizineck\u00e1 policie prov\u00e1d\u00ed pobytov\u00e9 kontroly a nastupuje tak\u00e9 v p\u0159\u00edpad\u011b nedodr\u017een\u00ed podm\u00ednek pobytu v \u010cR.<\/p>\n<div class=\"box-ok\">Ohla\u0161ovac\u00ed povinnost spln\u00edte na odd\u011blen\u00ed pobytov\u00fdch agend odboru cizineck\u00e9 policie krajsk\u00e9ho \u0159editelstv\u00ed P\u010cR, m\u00edstn\u011b p\u0159\u00edslu\u0161n\u00e9ho podle m\u00edsta sv\u00e9ho hl\u00e1\u0161en\u00e9ho pobytu. Ohla\u0161ovac\u00ed povinnost se nevztahuje na cizince mlad\u0161\u00ed 15 let a na ty, kte\u0159\u00ed jsou ubytov\u00e1ni v hotelu nebo na koleji. Cizinci, kter\u00fdm bylo ud\u011bleno povolen\u00ed k dlouhodob\u00e9mu pobytu ohla\u0161ovac\u00ed povinnost spln\u00ed p\u0159i sejmut\u00ed biometrick\u00fdch \u00fadaj\u016f na OAMP Ministerstva vnitra \u010cR.<\/div>\n<ul class=\"bullet-links\">\n<li><a href=\"https:\/\/www.policie.cz\/sluzba-cizinecke-policie.aspx\">Slu\u017eba cizineck\u00e9 policie<\/a><\/li>\n<\/ul>\n<p>Kontakty na jednotliv\u00e1 region\u00e1ln\u00ed pracovi\u0161t\u011b cizineck\u00e9 policie naleznete <a href=\"https:\/\/www.policie.cz\/clanek\/oddeleni-pobytovych-agend.aspx\">zde<\/a>.<\/p>\n<p>Pro v\u00edce informac\u00ed nav\u0161tivte <a href=\"https:\/\/www.policie.cz\/sluzba-cizinecke-policie.aspx\">webov\u00e9 str\u00e1nky<\/a> cizineck\u00e9 policie. <\/p>\n<p><div class=\"box-fixa\">D\u016fsledn\u011b rozli\u0161ujte mezi Slu\u017ebou cizineck\u00e9 policie a Odborem azylov\u00e9 a migra\u010dn\u00ed politiky Ministerstva vnitra \u010cR! Pokud uvedete nespr\u00e1vnou adresu nap\u0159\u00edklad p\u0159i zas\u00edl\u00e1n\u00ed \u017e\u00e1dosti o prodlou\u017een\u00ed povolen\u00ed k dlouhodob\u00e9mu pobytu, va\u0161e \u017e\u00e1dost nebude p\u0159ijata!<\/div><br \/>\n<\/p>","protected":false},"excerpt":{"rendered":"<p>Na cizineckou policii se mus\u00edte dostavit do t\u0159\u00ed dn\u016f od prvn\u00edho p\u0159\u00edjezdu do \u010cesk\u00e9 republiky a ohl\u00e1sit zde sv\u016fj pobyt (pokud to za v\u00e1s neu\u010din\u00ed ubytovatel). D\u00e1le je zde mo\u017en\u00e9 vy\u0159\u00eddit pozv\u00e1n\u00ed pro sv\u00e9ho p\u0159\u00edbuzn\u00e9ho\/kamar\u00e1da. Cizineck\u00e1 policie prov\u00e1d\u00ed pobytov\u00e9 kontroly&#8230;<\/p>\n<a class=\"more-block\" href=\"https:\/\/metropolevsech.eu\/cs\/kontakty\/policie-ceske-republiky-sluzba-cizinecke-policie\/\">\u010c\u00edst v\u00edce<\/a>","protected":false},"author":12,"featured_media":0,"parent":895,"menu_order":5,"comment_status":"closed","ping_status":"closed","template":"","meta":[],"acf":[],"_links":{"self":[{"href":"https:\/\/metropolevsech.eu\/cs\/wp-json\/wp\/v2\/pages\/15767"}],"collection":[{"href":"https:\/\/metropolevsech.eu\/cs\/wp-json\/wp\/v2\/pages"}],"about":[{"href":"https:\/\/metropolevsech.eu\/cs\/wp-json\/wp\/v2\/types\/page"}],"author":[{"embeddable":true,"href":"https:\/\/metropolevsech.eu\/cs\/wp-json\/wp\/v2\/users\/12"}],"replies":[{"embeddable":true,"href":"https:\/\/metropolevsech.eu\/cs\/wp-json\/wp\/v2\/comments?post=15767"}],"version-history":[{"count":3,"href":"https:\/\/metropolevsech.eu\/cs\/wp-json\/wp\/v2\/pages\/15767\/revisions"}],"predecessor-version":[{"id":15827,"href":"https:\/\/metropolevsech.eu\/cs\/wp-json\/wp\/v2\/pages\/15767\/revisions\/15827"}],"up":[{"embeddable":true,"href":"https:\/\/metropolevsech.eu\/cs\/wp-json\/wp\/v2\/pages\/895"}],"wp:attachment":[{"href":"https:\/\/metropolevsech.eu\/cs\/wp-json\/wp\/v2\/media?parent=15767"}],"curies":[{"name":"wp","href":"https:\/\/api.w.org\/{rel}","templated":true}]}}