{"id":15772,"date":"2021-11-19T16:52:18","date_gmt":"2021-11-19T15:52:18","guid":{"rendered":"https:\/\/metropolevsech.eu\/?page_id=15772"},"modified":"2025-02-20T13:25:42","modified_gmt":"2025-02-20T12:25:42","slug":"oamp-ministerstva-vnitra-cr","status":"publish","type":"page","link":"https:\/\/metropolevsech.eu\/cs\/kontakty\/oamp-ministerstva-vnitra-cr\/","title":{"rendered":"OAMP Ministerstva vnitra \u010cR"},"content":{"rendered":"<p>Odbor azylov\u00e9 a migra\u010dn\u00ed politiky (OAMP) \u2013 odd\u011blen\u00ed pobytu cizinc\u016f (OPC) m\u00e1 na starosti agendu dlouhodob\u00fdch v\u00edz, dlouhodob\u00fdch a trval\u00fdch pobyt\u016f cizinc\u016f v \u010cR, p\u0159echodn\u00fdch pobyt\u016f pro ob\u010dany EU a jejich rodinn\u00e9 p\u0159\u00edslu\u0161n\u00edky, biometrick\u00e9 pr\u016fkazy apod.<\/p>\n<div class=\"box-fixa\">Va\u0161\u00ed povinnost\u00ed je hl\u00e1sit pracovi\u0161ti OAMP v\u0161echny zm\u011bny, kter\u00e9 se t\u00fdkaj\u00ed va\u0161eho bydli\u0161t\u011b, p\u0159\u00edjmen\u00ed, osobn\u00edho stavu, zm\u011bny \u00fadaj\u016f v cestovn\u00edm dokladu a v dokladu vydan\u00e9m k pobytu na \u00fazem\u00ed \u010cR. Nahl\u00e1sit zm\u011bnu bydli\u0161t\u011b mus\u00edte do 30 dn\u016f, ostatn\u00ed zm\u011bny v\u0161ak mus\u00edte nahl\u00e1sit nejd\u00e9le do 3 dn\u016f. <strong>V\u017edy dodr\u017eujte lh\u016fty!<\/strong><\/div>\n<div class=\"box-fixa\">D\u016fsledn\u011b rozli\u0161ujte mezi Slu\u017ebou cizineck\u00e9 policie a Odborem azylov\u00e9 a migra\u010dn\u00ed politiky Ministerstva vnitra \u010cR! Pokud uvedete nespr\u00e1vnou adresu nap\u0159\u00edklad p\u0159i zas\u00edl\u00e1n\u00ed \u017e\u00e1dosti o prodlou\u017een\u00ed povolen\u00ed k dlouhodob\u00e9mu pobytu, va\u0161e \u017e\u00e1dost nebude p\u0159ijata!<\/div>\n<table class=\"tg\">\n<thead>\n<tr>\n<th class=\"tg-iks7\"><\/th>\n<th class=\"tg-iks7\">Adresa<\/th>\n<th class=\"tg-iks7\">\u00da\u0159edn\u00ed hodiny<\/th>\n<\/tr>\n<\/thead>\n<tbody>\n<tr>\n<td class=\"tg-iks7\"><strong>Praha I<\/strong><\/td>\n<td class=\"tg-iks7\">\u017dukovsk\u00e9ho 888\/2<br \/>\nPraha 6<\/td>\n<td class=\"tg-iks7\">Po, St: 8.00 &#8211; 17.00<br \/>\n\u00dat, \u010ct: 8.00 &#8211; 15.00<br \/>\nP\u00e1: 8.00 &#8211; 12.00 (pouze pro objednan\u00e9)<\/td>\n<\/tr>\n<tr>\n<td class=\"tg-iks7\"><strong>Praha II<\/strong><\/td>\n<td class=\"tg-iks7\">Cig\u00e1nkova 1861\/2<br \/>\nPraha 4 &#8211; Chodov<\/td>\n<td class=\"tg-iks7\">Po, St: 8.00 &#8211; 17.00<br \/>\n\u00dat, \u010ct: 8.00 &#8211; 15.00<br \/>\nP\u00e1: 8.00 &#8211; 12.00 (pouze pro objednan\u00e9)<\/td>\n<\/tr>\n<tr>\n<td class=\"tg-iks7\"><strong>Praha III<\/strong><\/td>\n<td class=\"tg-iks7\">Hl\u00e1dkov 682\/9<br \/>\nPraha 6 &#8211; St\u0159e\u0161ovice<\/td>\n<td class=\"tg-iks7\">Po &#8211; \u010ct: 8.00 &#8211; 16.00 (pouze pro objednan\u00e9 klienty)<br \/>\nP\u00e1: 8.00 &#8211; 12.00 (pouze pro objednan\u00e9 klienty)<\/td>\n<\/tr>\n<tr>\n<td class=\"tg-iks7\"><strong>Praha V<\/strong><\/td>\n<td class=\"tg-iks7\">Kolbenova 942\/38a<br \/>\nPraha 9 &#8211; Vyso\u010dany<br \/>\nBudova KCD4<br \/>\nTel.: 974 801 801<\/td>\n<td class=\"tg-iks7\">Po, St: 8.00 &#8211; 17.00 (pouze pro objednan\u00e9)<br \/>\n\u00dat, \u010ct: 8.00 &#8211; 15.00 (pouze pro objednan\u00e9)<br \/>\nP\u00e1: 8.00 &#8211; 12.00 (pouze pro objednan\u00e9)<\/td>\n<\/tr>\n<\/tbody>\n<\/table>\n<p>Objednejte se online na pracovi\u0161t\u011b Ministerstva vnitra \u010cR <a href=\"https:\/\/frs.gov.cz\/\">zde<\/a>.<\/p>\n<div class=\"box-ok\">Pro aktu\u00e1ln\u00ed informace o pracovi\u0161t\u00edch OAMP a \u010das ve front\u00e1ch nav\u0161tivte <a href=\"https:\/\/frs.gov.cz\/kontakty\/#3\">webov\u00e9 str\u00e1nky Ministerstva vnitra<\/a>.<\/div>\n<h4>Infolinka OAMP MV<\/h4>\n<p>V p\u0159\u00edpad\u011b dotaz\u016f k imigra\u010dn\u00edm z\u00e1le\u017eitostem, jak si podat \u017e\u00e1dost o dlouhodob\u00e9 v\u00edzum \u010di povolen\u00ed k pobytu v \u010cR vyu\u017eijte telefonn\u00ed infolinku:<\/p>\n<p style=\"text-align: center;\">telefon: (+420) 974 801 801<\/p>\n<p style=\"text-align: center;\">PO &#8211; \u010cT: 8:00 &#8211; 16:00<\/p>\n<p style=\"text-align: center;\">P\u00c1: 8:00 &#8211; 14:00<\/p>\n<p>V\u00edce informac\u00ed o infolince se dozv\u00edte <a href=\"https:\/\/frs.gov.cz\/kontakty\/#3\">zde<\/a>.<\/p>\n<div class=\"box-ok\">Podrobn\u00e9 informace ohledn\u011b pobytu cizinc\u016f &#8211; ob\u010dan\u016f EU, ale i ob\u010dan\u016f t\u0159et\u00edch zem\u00ed naleznete na <a href=\"https:\/\/frs.gov.cz\/\">webov\u00fdch str\u00e1nk\u00e1ch Ministerstva vnitra \u010cR<\/a>.<\/div>\n<ul class=\"bullet\">\n<li>M\u00e1te obecn\u00fd dotaz t\u00fdkaj\u00edc\u00ed se imigra\u010dn\u00edch a pobytov\u00fdch z\u00e1le\u017eitost\u00ed?<\/li>\n<li>Nev\u00edte si rady s n\u00e1le\u017eitostmi \u017e\u00e1dosti o povolen\u00ed k pobytu \u010di ozn\u00e1men\u00ed zm\u011bny?<\/li>\n<li>M\u00e1te obecn\u00fd dotaz k povolen\u00ed k pobytu nad 90 dn\u016f na \u00fazem\u00ed \u010cR?<\/li>\n<li>M\u00e1te dotaz k chodu pracovi\u0161\u0165 OAMP?<\/li>\n<\/ul>\n<p>Vyu\u017eijte email: <a href=\"mailto:pobyty@mvcr.cz\">pobyty@mvcr.cz<\/a>. Pozor! Zde se nedozv\u00edte informace ke konkr\u00e9tn\u00edm \u0159\u00edzen\u00edm \u010di osob\u00e1m.<\/p>\n<p>Adresa: Nad \u0160tolou 3, 170 34 Praha 7 (po\u0161tovn\u00ed schr\u00e1nka 21)<\/p>","protected":false},"excerpt":{"rendered":"<p>Odbor azylov\u00e9 a migra\u010dn\u00ed politiky (OAMP) \u2013 odd\u011blen\u00ed pobytu cizinc\u016f (OPC) m\u00e1 na starosti agendu dlouhodob\u00fdch v\u00edz, dlouhodob\u00fdch a trval\u00fdch pobyt\u016f cizinc\u016f v \u010cR, p\u0159echodn\u00fdch pobyt\u016f pro ob\u010dany EU a jejich rodinn\u00e9 p\u0159\u00edslu\u0161n\u00edky, biometrick\u00e9 pr\u016fkazy apod. Adresa \u00da\u0159edn\u00ed hodiny Praha&#8230;<\/p>\n<a class=\"more-block\" href=\"https:\/\/metropolevsech.eu\/cs\/kontakty\/oamp-ministerstva-vnitra-cr\/\">\u010c\u00edst v\u00edce<\/a>","protected":false},"author":12,"featured_media":0,"parent":895,"menu_order":6,"comment_status":"closed","ping_status":"closed","template":"","meta":[],"acf":[],"_links":{"self":[{"href":"https:\/\/metropolevsech.eu\/cs\/wp-json\/wp\/v2\/pages\/15772"}],"collection":[{"href":"https:\/\/metropolevsech.eu\/cs\/wp-json\/wp\/v2\/pages"}],"about":[{"href":"https:\/\/metropolevsech.eu\/cs\/wp-json\/wp\/v2\/types\/page"}],"author":[{"embeddable":true,"href":"https:\/\/metropolevsech.eu\/cs\/wp-json\/wp\/v2\/users\/12"}],"replies":[{"embeddable":true,"href":"https:\/\/metropolevsech.eu\/cs\/wp-json\/wp\/v2\/comments?post=15772"}],"version-history":[{"count":6,"href":"https:\/\/metropolevsech.eu\/cs\/wp-json\/wp\/v2\/pages\/15772\/revisions"}],"predecessor-version":[{"id":21920,"href":"https:\/\/metropolevsech.eu\/cs\/wp-json\/wp\/v2\/pages\/15772\/revisions\/21920"}],"up":[{"embeddable":true,"href":"https:\/\/metropolevsech.eu\/cs\/wp-json\/wp\/v2\/pages\/895"}],"wp:attachment":[{"href":"https:\/\/metropolevsech.eu\/cs\/wp-json\/wp\/v2\/media?parent=15772"}],"curies":[{"name":"wp","href":"https:\/\/api.w.org\/{rel}","templated":true}]}}