{"id":15797,"date":"2021-11-20T00:08:20","date_gmt":"2021-11-19T23:08:20","guid":{"rendered":"https:\/\/metropolevsech.eu\/?page_id=15797"},"modified":"2022-03-21T07:09:49","modified_gmt":"2022-03-21T06:09:49","slug":"ministerstvo-zahranicnich-veci-mzv","status":"publish","type":"page","link":"https:\/\/metropolevsech.eu\/cs\/kontakty\/ministerstvo-zahranicnich-veci-mzv\/","title":{"rendered":"Ministerstvo zahrani\u010dn\u00edch v\u011bc\u00ed (MZV)"},"content":{"rendered":"<p>Ministerstvo zahrani\u010dn\u00edch v\u011bc\u00ed \u010cesk\u00e9 republiky m\u00e1 na starosti vyd\u00e1v\u00e1n\u00ed kr\u00e1tkodob\u00fdch v\u00edz do \u010cR cizinc\u016fm.<\/p>\n<p>Na <a href=\"https:\/\/www.mzv.cz\/\">ofici\u00e1ln\u00edch webov\u00fdch str\u00e1nk\u00e1ch<\/a> MZV \u010cR naleznete v\u00edce informac\u00ed.<\/p>","protected":false},"excerpt":{"rendered":"<p>Ministerstvo zahrani\u010dn\u00edch v\u011bc\u00ed \u010cesk\u00e9 republiky m\u00e1 na starosti vyd\u00e1v\u00e1n\u00ed kr\u00e1tkodob\u00fdch v\u00edz do \u010cR cizinc\u016fm. Na ofici\u00e1ln\u00edch webov\u00fdch str\u00e1nk\u00e1ch MZV \u010cR naleznete v\u00edce informac\u00ed.<\/p>\n<a class=\"more-block\" href=\"https:\/\/metropolevsech.eu\/cs\/kontakty\/ministerstvo-zahranicnich-veci-mzv\/\">\u010c\u00edst v\u00edce<\/a>","protected":false},"author":12,"featured_media":0,"parent":895,"menu_order":7,"comment_status":"closed","ping_status":"closed","template":"","meta":[],"acf":[],"_links":{"self":[{"href":"https:\/\/metropolevsech.eu\/cs\/wp-json\/wp\/v2\/pages\/15797"}],"collection":[{"href":"https:\/\/metropolevsech.eu\/cs\/wp-json\/wp\/v2\/pages"}],"about":[{"href":"https:\/\/metropolevsech.eu\/cs\/wp-json\/wp\/v2\/types\/page"}],"author":[{"embeddable":true,"href":"https:\/\/metropolevsech.eu\/cs\/wp-json\/wp\/v2\/users\/12"}],"replies":[{"embeddable":true,"href":"https:\/\/metropolevsech.eu\/cs\/wp-json\/wp\/v2\/comments?post=15797"}],"version-history":[{"count":3,"href":"https:\/\/metropolevsech.eu\/cs\/wp-json\/wp\/v2\/pages\/15797\/revisions"}],"predecessor-version":[{"id":16764,"href":"https:\/\/metropolevsech.eu\/cs\/wp-json\/wp\/v2\/pages\/15797\/revisions\/16764"}],"up":[{"embeddable":true,"href":"https:\/\/metropolevsech.eu\/cs\/wp-json\/wp\/v2\/pages\/895"}],"wp:attachment":[{"href":"https:\/\/metropolevsech.eu\/cs\/wp-json\/wp\/v2\/media?parent=15797"}],"curies":[{"name":"wp","href":"https:\/\/api.w.org\/{rel}","templated":true}]}}