{"id":16934,"date":"2022-06-01T23:45:31","date_gmt":"2022-06-01T21:45:31","guid":{"rendered":"https:\/\/metropolevsech.eu\/?page_id=16934"},"modified":"2022-06-11T22:43:42","modified_gmt":"2022-06-11T20:43:42","slug":"politicke-organy-a-administrativa","status":"publish","type":"page","link":"https:\/\/metropolevsech.eu\/cs\/o-nas\/hlavni-mesto-praha-a-integrace\/politicke-organy-a-administrativa\/","title":{"rendered":"Politick\u00e9 org\u00e1ny a administrativa"},"content":{"rendered":"<p><\/p>\n<h3>Magistr\u00e1t hl. m. Prahy<\/h3>\n<div class=\"box-ok\">Magistr\u00e1t hlavn\u00edho m\u011bsta Prahy je \u00fa\u0159ad pov\u011b\u0159en\u00fd ve\u0159ejnou spr\u00e1vou, jeho \u010dinnost je zam\u011b\u0159ena zejm\u00e9na na poskytov\u00e1n\u00ed slu\u017eeb ob\u010dan\u016fm hl. m. Prahy. Jedn\u00e1 se o obecn\u00ed a krajsk\u00fd \u00fa\u0159ad hl. m. Prahy.<\/div>\n<p>Z\u00e1kladn\u00edmi organiza\u010dn\u00edmi jednotkami magistr\u00e1tu jsou odbory, kter\u00e9 se d\u00e1le \u010dlen\u00ed na odd\u011blen\u00ed.<\/p>\n<p><strong>Prim\u00e1tor\/prim\u00e1torka<\/strong> hlavn\u00edho m\u011bsta zastupuje hlavn\u00ed m\u011bsto Prahu navenek. Je z v\u00fdkonu sv\u00e9 funkce odpov\u011bdn\u00fd\/\u00e1 Zastupitelstvu hlavn\u00edho m\u011bsta Prahy. Jeho postaven\u00ed, pravomoci, povinnosti, odpov\u011bdnost i odm\u011b\u0148ov\u00e1n\u00ed jsou upraveny z\u00e1konem o hlavn\u00edm m\u011bst\u011b Praze.<\/p>\n<p><strong>Zastupitelstvo hl. m. Prahy (d\u00e1le jen \u201ezastupitelstvo\u201c)<\/strong> je volen\u00fd org\u00e1n a sest\u00e1v\u00e1 z 65 zastupitel\u016f zvolen\u00fdch v obecn\u00edch volb\u00e1ch.<\/p>\n<p><strong>Rada hl. m\u011bsta Prahy (d\u00e1le jen \u201erada\u201c)<\/strong> m\u00e1 11 \u010dlen\u016f a je volena zastupitelstvem. Rada je odpov\u011bdn\u00e1 za sv\u00e9 \u010dinnosti zastupitelstvu. V kompetenci rady je hospoda\u0159en\u00ed hlavn\u00edho m\u011bsta Prahy podle schv\u00e1len\u00e9ho rozpo\u010dtu a kontrola hospoda\u0159en\u00ed. D\u00e1le ukl\u00e1d\u00e1 Magistr\u00e1tu hlavn\u00edho m\u011bsta Prahy \u00fakoly v oblasti samostatn\u00e9 p\u016fsobnosti hlavn\u00edho m\u011bsta Prahy a kontroluje jejich pln\u011bn\u00ed. Prov\u00e1d\u00ed rozpo\u010dtov\u00e1 opat\u0159en\u00ed v rozsahu stanoven\u00e9m zastupitelstvem. Projedn\u00e1v\u00e1 a \u0159e\u0161\u00ed n\u00e1vrhy, p\u0159ipom\u00ednky a podn\u011bty j\u00ed p\u0159edlo\u017een\u00e9 \u010dleny zastupitelstva, komisemi rady nebo m\u011bstsk\u00fdmi \u010d\u00e1stmi. Z\u0159izuje a ru\u0161\u00ed podle pot\u0159eby komise rady, jmenuje a odvol\u00e1v\u00e1 z funkce jejich p\u0159edsedy a \u010dleny.<\/p>\n<p><strong>Magistr\u00e1t <\/strong>tvo\u0159\u00ed \u0159editel magistr\u00e1tu a dal\u0161\u00ed zam\u011bstnanci. Magistr\u00e1t v samostatn\u00e9 p\u016fsobnosti hlavn\u00edho m\u011bsta pln\u00ed \u00fakoly ulo\u017een\u00e9 zastupitelstvem nebo radou. Vykon\u00e1v\u00e1 p\u0159enesenou p\u016fsobnost hlavn\u00edho m\u011bsta Prahy, nen\u00ed-li z\u00e1konem sv\u011b\u0159ena jin\u00fdm org\u00e1n\u016fm. Z\u00e1kladn\u00edmi organiza\u010dn\u00edmi jednotkami magistr\u00e1tu jsou odbory, kter\u00e9 se d\u00e1le \u010dlen\u00ed na odd\u011blen\u00ed. Sou\u010d\u00e1st\u00ed magistr\u00e1tu jsou tak\u00e9 zvl\u00e1\u0161tn\u00ed organiza\u010dn\u00ed jednotky.<\/p>\n<p>Hlavn\u00ed budovu Magistr\u00e1tu hlavn\u00edho m\u011bsta Prahy (MHMP) naleznete na adrese Mari\u00e1nsk\u00e9 n\u00e1m\u011bst\u00ed 2 na Praze 1. Magistr\u00e1t hl. m. Prahy m\u00e1 slo\u017eitou organiza\u010dn\u00ed strukturu a d\u011bl\u00ed se do r\u016fzn\u00fdch sekc\u00ed a slu\u017eeb. Nap\u0159\u00edklad jednotliv\u00e9 sekce (Sekce finan\u010dn\u00ed a spr\u00e1vy majetku, Sekce slu\u017eeb ob\u010dan\u016fm a dal\u0161\u00ed) se d\u00e1le d\u011bl\u00ed na odbory (nap\u0159. odbor kultury, zahrani\u010dn\u00edch vztah\u016f a cestovn\u00edho ruchu, odbor \u017eivnostensk\u00fd a ob\u010danskospr\u00e1vn\u00ed, odbor dopravn\u011b-spr\u00e1vn\u00edch \u010dinnost\u00ed, odbor spr\u00e1vn\u00edch \u010dinnost\u00ed ve zdravotnictv\u00ed a soci\u00e1ln\u00ed p\u00e9\u010di, odbor \u0161kolstv\u00ed a ml\u00e1de\u017ee, odbor sportu a voln\u00e9ho \u010dasu nebo odbor zdravotnictv\u00ed, soci\u00e1ln\u00ed p\u00e9\u010de a prevence).<\/p>","protected":false},"excerpt":{"rendered":"<p>Magistr\u00e1t hl. m. Prahy Z\u00e1kladn\u00edmi organiza\u010dn\u00edmi jednotkami magistr\u00e1tu jsou odbory, kter\u00e9 se d\u00e1le \u010dlen\u00ed na odd\u011blen\u00ed. Prim\u00e1tor\/prim\u00e1torka hlavn\u00edho m\u011bsta zastupuje hlavn\u00ed m\u011bsto Prahu navenek. Je z v\u00fdkonu sv\u00e9 funkce odpov\u011bdn\u00fd\/\u00e1 Zastupitelstvu hlavn\u00edho m\u011bsta Prahy. Jeho postaven\u00ed, pravomoci, povinnosti, odpov\u011bdnost i&#8230;<\/p>\n<a class=\"more-block\" href=\"https:\/\/metropolevsech.eu\/cs\/o-nas\/hlavni-mesto-praha-a-integrace\/politicke-organy-a-administrativa\/\">\u010c\u00edst v\u00edce<\/a>","protected":false},"author":12,"featured_media":0,"parent":16975,"menu_order":2,"comment_status":"closed","ping_status":"closed","template":"","meta":[],"acf":[],"_links":{"self":[{"href":"https:\/\/metropolevsech.eu\/cs\/wp-json\/wp\/v2\/pages\/16934"}],"collection":[{"href":"https:\/\/metropolevsech.eu\/cs\/wp-json\/wp\/v2\/pages"}],"about":[{"href":"https:\/\/metropolevsech.eu\/cs\/wp-json\/wp\/v2\/types\/page"}],"author":[{"embeddable":true,"href":"https:\/\/metropolevsech.eu\/cs\/wp-json\/wp\/v2\/users\/12"}],"replies":[{"embeddable":true,"href":"https:\/\/metropolevsech.eu\/cs\/wp-json\/wp\/v2\/comments?post=16934"}],"version-history":[{"count":2,"href":"https:\/\/metropolevsech.eu\/cs\/wp-json\/wp\/v2\/pages\/16934\/revisions"}],"predecessor-version":[{"id":17160,"href":"https:\/\/metropolevsech.eu\/cs\/wp-json\/wp\/v2\/pages\/16934\/revisions\/17160"}],"up":[{"embeddable":true,"href":"https:\/\/metropolevsech.eu\/cs\/wp-json\/wp\/v2\/pages\/16975"}],"wp:attachment":[{"href":"https:\/\/metropolevsech.eu\/cs\/wp-json\/wp\/v2\/media?parent=16934"}],"curies":[{"name":"wp","href":"https:\/\/api.w.org\/{rel}","templated":true}]}}