{"id":16948,"date":"2022-06-01T23:47:36","date_gmt":"2022-06-01T21:47:36","guid":{"rendered":"https:\/\/metropolevsech.eu\/?page_id=16948"},"modified":"2025-03-04T11:45:38","modified_gmt":"2025-03-04T10:45:38","slug":"financovani-integrace-cizincu","status":"publish","type":"page","link":"https:\/\/metropolevsech.eu\/cs\/o-nas\/hlavni-mesto-praha-a-integrace\/financovani-integrace-cizincu\/","title":{"rendered":"Financov\u00e1n\u00ed integrace cizinc\u016f"},"content":{"rendered":"<p>Vytva\u0301r\u030cet prostr\u030cedi\u0301 pro plynulou a efektivni\u0301 integraci cizincu\u030a je financ\u030cne\u030c na\u0301kladnou za\u0301lez\u030citosti\u0301. V celostni\u0301m pr\u030ci\u0301stupu integrace vyz\u030caduje mj. dostupne\u0301 kurzy c\u030ces\u030ctiny, podporu s\u030ckol v integraci de\u030cti\u0301 a z\u030ca\u0301ku\u030a, budova\u0301ni\u0301 a udrz\u030cova\u0301ni\u0301 kapacit ver\u030cejny\u0301ch instituci\u0301 tak, aby jejich sluz\u030cby mohli vyuz\u030ci\u0301vat vs\u030cichni bez rozdi\u0301lu pu\u030avodu c\u030ci podporu komunitni\u0301ho z\u030civota.<\/p>\n<p>Jedni\u0301m z hlavni\u0301ch zdroju\u030a financova\u0301ni\u0301 jsou programy Ministerstva vnitra, ktere\u0301 ma\u0301 integraci cizincu\u030a celona\u0301rodne\u030c v gesci. V letech 2014\u20132020 se mezi hlavni\u0301 zdroje financova\u0301ni\u0301 zar\u030cadily take\u0301 evropske\u0301 fondy (Azylovy\u0301, migrac\u030cni\u0301 a integrac\u030cni\u0301 fond a Fond pro vnitr\u030cni\u0301 bezpec\u030cnost a Evropsk\u00fd socia\u0301lni\u0301 fond). Evropsk\u00fd soci\u00e1ln\u00ed fond v C\u030ceske\u0301 republice spolufinancoval tr\u030ci operac\u030cni\u0301 programy: OP Zame\u030cstnanost, Vy\u0301zkum, vy\u0301voj a vzde\u030cla\u0301va\u0301ni\u0301, a OP Praha \u2013 po\u0301l ru\u030astu. Pra\u0301ve\u030c OP PPR, ktery\u0301 HMP vytvor\u030cilo a r\u030ci\u0301dilo, byl jedni\u0301m z nejdu\u030alez\u030cite\u030cjs\u030ci\u0301ch pr\u030cispe\u030cvatel\u016f k praz\u030cske\u0301 integrac\u030cni\u0301 politice. V roce 2022 vs\u030cak skonc\u030ci\u0301 posledni\u0301 projekty hrazene\u0301 z tohoto programu a OP PPR nebude mi\u0301t sve\u0301ho na\u0301stupce.<\/p>\n<p>Praha kaz\u030cdoroc\u030cne\u030c alokuje financ\u030cni\u0301 prostr\u030cedky zame\u030cr\u030cene\u0301 na podporu ci\u0301love\u0301 skupiny cizincu\u030a, a to v rozpoc\u030ctu odboru s\u030ckolstvi\u0301 mla\u0301dez\u030ce a sportu c\u030ci odboru socia\u0301lni\u0301ch ve\u030cci\u0301. Nejve\u030cts\u030ci\u0301 c\u030ca\u0301stku (ve vy\u0301s\u030ci 11 az\u030c 12 milionu\u030a Kc\u030c) alokuje v rozpoc\u030ctu pro oblast integrace cizincu\u030a, pr\u030cic\u030cemz\u030c v ra\u0301mci tohoto rozpoc\u030ctu jsou i financ\u030cni\u0301 prostr\u030cedky na podporu integrace prostr\u030cednictvi\u0301m programu s na\u0301zvem <em>Program podpory aktivit integrace cizincu\u030a na u\u0301zemi\u0301 hl. m. Prahy<\/em>, ktery\u0301 se podle zame\u030cr\u030ceni\u0301 skla\u0301da\u0301 ze dvou c\u030ca\u0301sti\u0301:<\/p>\n<p>1. Aktivity na podporu integrace cizincu\u030a v hl. m. Praze \u2013 kulturni\u0301, spolec\u030censka\u0301 a osve\u030ctova\u0301 c\u030cinnost, jazykova\u0301 pr\u030ci\u0301prava a komunitni\u0301 pra\u0301ce.<\/p>\n<p>2. Publikac\u030cni\u0301 c\u030cinnost, audio\/video nahr\u00e1vky souviseji\u0301ci\u0301 se vztahem k integraci cizincu\u030a v hl. m. Praze.<\/p>\n<img loading=\"lazy\" class=\"alignleft size-full wp-image-16952\" src=\"https:\/\/metropolevsech.eu\/wp-content\/uploads\/2022\/06\/8DE06C60-121E-4CCA-ACA0-62DF879AF061.jpeg\" alt=\"\" width=\"847\" height=\"581\" srcset=\"https:\/\/metropolevsech.eu\/wp-content\/uploads\/2022\/06\/8DE06C60-121E-4CCA-ACA0-62DF879AF061.jpeg 847w, https:\/\/metropolevsech.eu\/wp-content\/uploads\/2022\/06\/8DE06C60-121E-4CCA-ACA0-62DF879AF061-300x206.jpeg 300w, https:\/\/metropolevsech.eu\/wp-content\/uploads\/2022\/06\/8DE06C60-121E-4CCA-ACA0-62DF879AF061-768x527.jpeg 768w, https:\/\/metropolevsech.eu\/wp-content\/uploads\/2022\/06\/8DE06C60-121E-4CCA-ACA0-62DF879AF061-670x460.jpeg 670w\" sizes=\"(max-width: 847px) 100vw, 847px\" \/>\n<p class=\"quote-author\">Zdroj: <a target=\"_blank\" href=\"https:\/\/metropolevsech.eu\/wp-content\/uploads\/2022\/02\/Koncepce-HMP-pro-oblast-integrace-cizincu-2022-2027.pdf\" rel=\"noopener\">Koncepce hl.m.Prahy pro oblast integrace cizinc\u016f. Praha Metropole v\u0161ech, 2022-2027<\/a><\/p>\n<h3>Podpora prost\u0159ednictv\u00edm m\u011bstsk\u00fdch grant\u016f<\/h3>\n<p>Hl. m. Praha si klade za c\u00edl podpo\u0159it aktivity ve prosp\u011bch integrace cizinc\u016f, a to i formou podpory projekt\u016f prost\u0159ednictv\u00edm grantov\u00e9ho \u0159\u00edzen\u00ed \u2013 \u201e<a target=\"_blank\" href=\"https:\/\/www.praha.eu\/web\/praha\/integrace-cizincu\" rel=\"noopener\">Programy v oblasti podpory aktivit integrace cizinc\u016f a \u00fazem\u00ed hl. m. Prahy<\/a>\u201c.<\/p>\n<p>K program\u016fm grantov\u00e9ho \u0159\u00edzen\u00ed se mohou se sv\u00fdmi projekty p\u0159ihl\u00e1sit organizace migrant\u016f, d\u00e1le organizace pracuj\u00edc\u00ed s migranty a m\u011bstsk\u00e9 \u010d\u00e1sti.<\/p>\n<p>Jedn\u00e1 se o podporu aktivit, kter\u00e9 napom\u00e1haj\u00ed nejen zkvalitn\u011bn\u00ed \u017eivota migrant\u016f v Praze, ale sm\u011b\u0159uj\u00ed k vz\u00e1jemn\u00e9mu pozn\u00e1n\u00ed v\u0161ech obyvatel Prahy.<\/p>\n<p>Konkr\u00e9tn\u011b se jedn\u00e1 pro sou\u010dasn\u00fd rok o n\u00e1sleduj\u00edc\u00ed:<\/p>\n<p><strong>Opatr\u030ceni\u0301 I. \u2013 \u201eAktivity na podporu integrace cizincu\u030a v hl. m. Praze \u2013 kulturni\u0301, spolec\u030censka\u0301 a osve\u030ctova\u0301 c\u030cinnost, jazykova\u0301 pr\u030ci\u0301prava a komunitni\u0301 pra\u0301ce\u201c<\/strong><\/p>\n<p>1) Informovanost \u2013 podpora zvys\u030cova\u0301ni\u0301 informovanosti majoritni\u0301 spolec\u030cnosti, cizincu\u030a a odborni\u0301ku\u030a\/instituciona\u0301lni\u0301ch akte\u0301ru\u030a integrace<\/p>\n<ul class=\"bullet\">\n<li>kulturni\u0301, komunitni\u0301 a volnoc\u030casove\u0301 aktivity zahrnuji\u0301ci\u0301 informac\u030cni\u0301 aktivity;<\/li>\n<li>tvorba tis\u030cte\u030cny\u0301ch i digita\u0301lni\u0301ch informac\u030cni\u0301ch materia\u0301lu\u030a;<\/li>\n<li>media\u0301lni\u0301 vy\u0301stupy a kampane\u030c;<\/li>\n<li>tere\u0301nni\u0301 informac\u030cni\u0301 aktivity;<\/li>\n<li>kulate\u0301 stoly, konference, s\u030ckoleni\u0301, workshopy apod.<\/li>\n<\/ul>\n<p>2) P\u0159\u00edstup migrant\u016f k soci\u00e1ln\u00edm a n\u00e1vazn\u00fdm slu\u017eb\u00e1m \u2013 podpora poskytova\u0301ni\u0301 a rozvoje na\u0301vazny\u0301ch sluz\u030ceb pro migranty<\/p>\n<ul class=\"bullet\">\n<li>realizace komunitni\u0301, tere\u0301nni\u0301 a interkulturni\u0301 pra\u0301ce\/komunitni\u0301ho tlumoc\u030ceni\u0301;<\/li>\n<li>vzde\u030cla\u0301va\u0301ni\u0301 interkulturni\u0301ch pracovni\u0301ku\u030a\/komunitni\u0301ch tlumoc\u030cni\u0301ku\u030a\/tere\u0301nni\u0301ch pracovni\u0301ku\u030a<\/li>\n<\/ul>\n<p>3) Vzd\u011bl\u00e1v\u00e1n\u00ed \u2013 podpora vzde\u030cla\u0301va\u0301ni\u0301 a zac\u030clen\u030cova\u0301ni\u0301 de\u030cti\u0301 a z\u030ca\u0301ku\u030a s odlis\u030cny\u0301m mater\u030csky\u0301m jazykem; vzde\u030cla\u0301va\u0301ni\u0301 pedagogicky\u0301ch pracovni\u0301ku\u030a a dals\u030ci\u0301 podpora s\u030ckolsky\u0301ch zar\u030ci\u0301zeni\u03012 v oblasti vzde\u030cla\u0301va\u0301ni\u0301 a integrace de\u030cti\u0301 a z\u030ca\u0301ku\u030a s odlis\u030cny\u0301m mater\u030csky\u0301m jazykem; podpora vzde\u030cla\u0301va\u0301ni\u0301 dospe\u030cly\u0301ch cizincu\u030a<\/p>\n<ul class=\"bullet\">\n<li>douc\u030cova\u0301ni\u0301\/krouz\u030cky pr\u030ced zac\u030ca\u0301tkem s\u030ckolni\u0301ho roku, krouz\u030cky\/douc\u030cova\u0301ni\u0301 v jazykovy\u0301ch kompetenci\u0301ch a sociokulturni\u0301 orientaci pro de\u030cti a z\u030ca\u0301ky s odlis\u030cny\u0301m mater\u030csky\u0301m jazykem na MS\u030c, ZS\u030c, SS\u030c;<\/li>\n<li>vzde\u030cla\u0301vaci\u0301 aktivity pro pedagogy a dals\u030ci\u0301 realiza\u0301tory douc\u030cova\u0301ni\u0301;<\/li>\n<li>di\u0301lc\u030ci\u0301 pr\u030ceklady s\u030ckolni\u0301ch informac\u030cni\u0301ch materia\u0301lu\u030a;<\/li>\n<li>vzde\u030cla\u0301vaci\u0301 aktivity v knihovna\u0301ch;<\/li>\n<li>kurzy c\u030ces\u030ctiny pro ru\u030azne\u0301 u\u0301rovne\u030c znalosti jazyka;<\/li>\n<li>ni\u0301zkoprahove\u0301 vzde\u030cla\u0301va\u0301ni\u0301;<\/li>\n<li>kurzy sociokulturni\u0301 orientace, orientace na pracovni\u0301m trhu<\/li>\n<\/ul>\n<p>4) Sou\u017eit\u00ed majoritn\u00ed spole\u010dnosti a migrant\u016f \u2013 realizace komunitni\u0301ch, kulturni\u0301ch, sportovni\u0301ch c\u030ci volnoc\u030casovy\u0301ch aktivit zame\u030cr\u030ceny\u0301ch na podporu vza\u0301jemne\u0301ho pr\u030ca\u0301telske\u0301ho souz\u030citi\u0301 mezi majoritou a cizinci a prevenci xenofobni\u0301ho jedna\u0301ni\u0301; podpora koordinace, udrz\u030citelnosti a realizace dobrovolnictvi\u0301 a mentoringu; zvys\u030cova\u0301ni\u0301 interkulturni\u0301ch kompetenci\u0301 zame\u030cstnancu\u030a ver\u030cejny\u0301ch instituci\u0301 a organizaci\u0301, podpora mezikulturni\u0301ho dialogu a aktivni\u0301 zapojeni\u0301 migrantu\u030a do ver\u030cejne\u0301ho z\u030civota na u\u0301zemi\u0301 hl. m. Prahy; podpora kulturni\u0301ch a ume\u030clecky\u0301ch aktivit cizincu\u030a a podpora c\u030cinnosti za\u0301jmovy\u0301ch spolku\u030a jednotlivy\u0301ch komunit cizincu\u030a<\/p>\n<ul class=\"bullet\">\n<li>multikulturni\u0301 festivaly a sousedska\u0301 setka\u0301ni\u0301 c\u030ci jine\u0301 spolec\u030censke\u0301 aktivity zaloz\u030cene\u0301 na aktivni\u0301 participaci migrantu\u030a i majoritni\u0301 spolec\u030cnosti;<\/li>\n<li>sportovni\u0301 akce pro migranty i majoritni\u0301 spolec\u030cnost jako sportovni\u0301 turnaje apod.;<\/li>\n<li>dobrovolnicke\u0301 aktivity migrantu\u030a sme\u030crem k majorite\u030c a naopak;<\/li>\n<li>s\u030ckoleni\u0301 a supervize dobrovolni\u0301ku\u030a\/mentoru\u030a;<\/li>\n<li>kurzy a s\u030ckoleni\u0301 pro zame\u030cstnance ver\u030cejny\u0301ch instituci\u0301 a organizaci\u0301 jako jsou u\u0301r\u030cady, Domy de\u030cti\u0301 a mla\u0301dez\u030ce,<\/li>\n<li>muzea, knihovny apod.;<\/li>\n<li>tvorba, aktualizace a pr\u030ceklady informac\u030cni\u0301ch materia\u0301lu\u030a o povaze a fungova\u0301ni\u0301 organizaci\u0301 ver\u030cejne\u0301ho sektoru a moz\u030cnostech participace cizincu\u030a na ver\u030cejne\u0301m de\u030cni\u0301;<\/li>\n<li>aktivity zame\u030cr\u030cene\u0301 na zapojeni\u0301 cizincu\u030a do akci\u0301 spjaty\u0301ch s mi\u0301stni\u0301 kulturou a tradicemi a akci\u0301 plos\u030cne\u0301ho charakteru \u2013 napr\u030c. Zaz\u030ci\u0301t me\u030csto jinak, oslavy masopustu, festivaly, akce typu Noc kostelu\u030a, Muzejni\u0301 noc, Open House apod.;<\/li>\n<li>ver\u030cejna\u0301 fo\u0301ra a akce zame\u030cr\u030cene\u0301 na podporu komunikace mezi cizinci a majoritni\u0301 spolec\u030cnosti\u0301;<\/li>\n<li>celoroc\u030cni\u0301 c\u030cinnost spolku\u030a;<\/li>\n<li>organizace akci\u0301 cizincu\u030a k udrz\u030ceni\u0301 jejich tradic, pr\u030cipomenuti\u0301 sva\u0301tku\u030a apod.<\/li>\n<\/ul>\n<p><strong>Opatr\u030ceni\u0301 II. \u2013 \u201ePublikac\u030cni\u0301 c\u030cinnost, audio\/video nahra\u0301vky souviseji\u0301ci\u0301 se vztahem k integraci cizincu\u030a v hl. m. Praze\u201c<\/strong><\/p>\n<p>Podporova\u0301no je zejme\u0301na vyda\u0301va\u0301ni\u0301 publikaci\u0301 (vc\u030cetne\u030c elektronicke\u0301 formy), audio\/video nahra\u0301vek:<\/p>\n<p>a) zaby\u0301vaji\u0301ci\u0301ch se jazykem, historii\u0301, kulturou, osudy a z\u030civotem cizincu\u030a z\u030ciji\u0301ci\u0301ch na u\u0301zemi\u0301 hl. m. Prahy, na komunikaci a dialog, kontakty mezi minoritou a majoritou v praz\u030cske\u0301m teritoriu,<\/p>\n<p>b) motivovany\u0301ch vy\u0301chovou k toleranci a proti rasismu,<\/p>\n<p>c) napoma\u0301haji\u0301ci\u0301ch ke zvy\u0301s\u030ceni\u0301 informovanosti v oblasti integrace cizincu\u030a,<\/p>\n<p>d) publikac\u030cni\u0301ch aktivit, ktere\u0301 se ve\u030cnuji\u0301 aktua\u0301lni\u0301m ota\u0301zka\u0301m migrace c\u030ci integrace ve vztahu k hl. m. Praze.<\/p>\n<p>Ve\u0161ker\u00e9 podrobn\u00e9 informace ke v\u0161em m\u011bstsk\u00fdm grant\u016fm naleznete na <a target=\"_blank\" href=\"https:\/\/granty.praha.eu\/GrantyPortal\/default\" rel=\"noopener\">port\u00e1lu<\/a> hl. m. Prahy.<\/p>","protected":false},"excerpt":{"rendered":"<p>Vytva\u0301r\u030cet prostr\u030cedi\u0301 pro plynulou a efektivni\u0301 integraci cizincu\u030a je financ\u030cne\u030c na\u0301kladnou za\u0301lez\u030citosti\u0301. V celostni\u0301m pr\u030ci\u0301stupu integrace vyz\u030caduje mj. dostupne\u0301 kurzy c\u030ces\u030ctiny, podporu s\u030ckol v integraci de\u030cti\u0301 a z\u030ca\u0301ku\u030a, budova\u0301ni\u0301 a udrz\u030cova\u0301ni\u0301 kapacit ver\u030cejny\u0301ch instituci\u0301 tak, aby jejich sluz\u030cby mohli vyuz\u030ci\u0301vat&#8230;<\/p>\n<a class=\"more-block\" href=\"https:\/\/metropolevsech.eu\/cs\/o-nas\/hlavni-mesto-praha-a-integrace\/financovani-integrace-cizincu\/\">\u010c\u00edst v\u00edce<\/a>","protected":false},"author":12,"featured_media":0,"parent":16975,"menu_order":5,"comment_status":"closed","ping_status":"closed","template":"","meta":[],"acf":[],"_links":{"self":[{"href":"https:\/\/metropolevsech.eu\/cs\/wp-json\/wp\/v2\/pages\/16948"}],"collection":[{"href":"https:\/\/metropolevsech.eu\/cs\/wp-json\/wp\/v2\/pages"}],"about":[{"href":"https:\/\/metropolevsech.eu\/cs\/wp-json\/wp\/v2\/types\/page"}],"author":[{"embeddable":true,"href":"https:\/\/metropolevsech.eu\/cs\/wp-json\/wp\/v2\/users\/12"}],"replies":[{"embeddable":true,"href":"https:\/\/metropolevsech.eu\/cs\/wp-json\/wp\/v2\/comments?post=16948"}],"version-history":[{"count":9,"href":"https:\/\/metropolevsech.eu\/cs\/wp-json\/wp\/v2\/pages\/16948\/revisions"}],"predecessor-version":[{"id":21981,"href":"https:\/\/metropolevsech.eu\/cs\/wp-json\/wp\/v2\/pages\/16948\/revisions\/21981"}],"up":[{"embeddable":true,"href":"https:\/\/metropolevsech.eu\/cs\/wp-json\/wp\/v2\/pages\/16975"}],"wp:attachment":[{"href":"https:\/\/metropolevsech.eu\/cs\/wp-json\/wp\/v2\/media?parent=16948"}],"curies":[{"name":"wp","href":"https:\/\/api.w.org\/{rel}","templated":true}]}}