{"id":16975,"date":"2022-06-02T19:35:30","date_gmt":"2022-06-02T17:35:30","guid":{"rendered":"https:\/\/metropolevsech.eu\/?page_id=16975"},"modified":"2022-06-02T19:35:30","modified_gmt":"2022-06-02T17:35:30","slug":"hlavni-mesto-praha-a-integrace","status":"publish","type":"page","link":"https:\/\/metropolevsech.eu\/cs\/o-nas\/hlavni-mesto-praha-a-integrace\/","title":{"rendered":"Hlavn\u00ed m\u011bsto Praha a integrace"},"content":{"rendered":"<p>V\u00edt\u00e1me v\u00e1s na webov\u00e9 str\u00e1nce hlavn\u00edho m\u011bsta Praha \u2013 Metropole v\u0161ech.<\/p>\n<p>Tato webov\u00e1 str\u00e1nka je ur\u010dena pro v\u0161echny obyvatele kulturn\u011b rozmanit\u00e9 Prahy.<\/p>\n<p>Jako\u017eto cizinci zde naleznete zde informace, kter\u00e9 v\u00e1m napomohou v orientaci v hlavn\u00edm m\u011bst\u011b, jeho \u00fa\u0159adech a zodpov\u011bdn\u00fdch org\u00e1nech, kter\u00e9 \u0159\u00edd\u00ed \u010dinnosti v oblasti integrace migrant\u016f a migrantek a podpory sou\u017eit\u00ed v\u0161ech obyvatel hlavn\u00edho m\u011bsta. Z\u00edsk\u00e1te p\u0159ehled pro\u010d je oblast podpory integrace a sou\u017eit\u00ed v hlavn\u00edm m\u011bst\u011b d\u016fle\u017eit\u00e1 a dozv\u00edte se, jak se m\u016f\u017eete i vy sami zapojit. Dozv\u00edte se o aktu\u00e1ln\u00edm d\u011bn\u00ed v t\u00e9to oblasti na \u00farovni Magistr\u00e1tu hlavn\u00edho m\u011bsta Prahy.<\/p>\n<p>V \u010d\u00e1sti kontakty se m\u016f\u017eete obr\u00e1tit na pracovn\u00edky Magistr\u00e1tu hlavn\u00edho m\u011bsta Prahy (odd\u011blen\u00ed n\u00e1rodnostn\u00edch men\u0161in a cizinc\u016f) s dotazy k t\u00e9to webov\u00e9 str\u00e1nce nebo k politice a praxi v oblasti integrace a sou\u017eit\u00ed na \u00fazem\u00ed hlavn\u00edho m\u011bsta Praha.<\/p>\n<p>Migranti a migrantky se mohou obracet p\u0159\u00edmo na Integra\u010dn\u00ed centrum Praha, o.p.s., kter\u00e9 bylo z\u0159\u00edzeno hl. m. Praha.<\/p>\n<p>Odborn\u00edci z praxe v oblasti integrace cizinc\u016f zde naleznou d\u016fle\u017eit\u00e9 informace o fungov\u00e1n\u00ed politiky integrace cizinc\u016f, strategick\u00e9 dokumenty, anal\u00fdzy, data a statistiky, projekty a dobrou praxi.<\/p>","protected":false},"excerpt":{"rendered":"<p>V\u00edt\u00e1me v\u00e1s na webov\u00e9 str\u00e1nce hlavn\u00edho m\u011bsta Praha \u2013 Metropole v\u0161ech. Tato webov\u00e1 str\u00e1nka je ur\u010dena pro v\u0161echny obyvatele kulturn\u011b rozmanit\u00e9 Prahy. Jako\u017eto cizinci zde naleznete zde informace, kter\u00e9 v\u00e1m napomohou v orientaci v hlavn\u00edm m\u011bst\u011b, jeho \u00fa\u0159adech a zodpov\u011bdn\u00fdch&#8230;<\/p>\n<a class=\"more-block\" href=\"https:\/\/metropolevsech.eu\/cs\/o-nas\/hlavni-mesto-praha-a-integrace\/\">\u010c\u00edst v\u00edce<\/a>","protected":false},"author":12,"featured_media":0,"parent":8,"menu_order":0,"comment_status":"closed","ping_status":"closed","template":"","meta":[],"acf":[],"_links":{"self":[{"href":"https:\/\/metropolevsech.eu\/cs\/wp-json\/wp\/v2\/pages\/16975"}],"collection":[{"href":"https:\/\/metropolevsech.eu\/cs\/wp-json\/wp\/v2\/pages"}],"about":[{"href":"https:\/\/metropolevsech.eu\/cs\/wp-json\/wp\/v2\/types\/page"}],"author":[{"embeddable":true,"href":"https:\/\/metropolevsech.eu\/cs\/wp-json\/wp\/v2\/users\/12"}],"replies":[{"embeddable":true,"href":"https:\/\/metropolevsech.eu\/cs\/wp-json\/wp\/v2\/comments?post=16975"}],"version-history":[{"count":1,"href":"https:\/\/metropolevsech.eu\/cs\/wp-json\/wp\/v2\/pages\/16975\/revisions"}],"predecessor-version":[{"id":16976,"href":"https:\/\/metropolevsech.eu\/cs\/wp-json\/wp\/v2\/pages\/16975\/revisions\/16976"}],"up":[{"embeddable":true,"href":"https:\/\/metropolevsech.eu\/cs\/wp-json\/wp\/v2\/pages\/8"}],"wp:attachment":[{"href":"https:\/\/metropolevsech.eu\/cs\/wp-json\/wp\/v2\/media?parent=16975"}],"curies":[{"name":"wp","href":"https:\/\/api.w.org\/{rel}","templated":true}]}}