{"id":16982,"date":"2022-06-02T19:47:50","date_gmt":"2022-06-02T17:47:50","guid":{"rendered":"https:\/\/metropolevsech.eu\/?page_id=16982"},"modified":"2022-08-02T21:40:47","modified_gmt":"2022-08-02T19:40:47","slug":"strategicke-dokumenty-a-analyzy","status":"publish","type":"page","link":"https:\/\/metropolevsech.eu\/cs\/o-nas\/strategicke-dokumenty-a-analyzy\/","title":{"rendered":"Strategick\u00e9 dokumenty a anal\u00fdzy"},"content":{"rendered":"<p>V t\u00e9to \u010d\u00e1sti webov\u00e9 str\u00e1nky Praha &#8211; Metropole v\u0161ech naleznete detailn\u00ed informace o <a href=\"https:\/\/metropolevsech.eu\/cs\/o-nas\/strategicke-dokumenty-a-analyzy\/strategicke-dokumenty\/\">strategick\u00fdch dokumentech, tedy Koncepci Hlavn\u00edho m\u011bsta Prahy a ak\u010dn\u00edch pl\u00e1nech<\/a> a v\u00fdvoji strategick\u00fdch pl\u00e1n\u016f v hlavn\u00edm m\u011bst\u011b v oblasti integrace cizinc\u016f.<\/p>\n<p>D\u00e1le se m\u016f\u017eete sezn\u00e1mit s <a href=\"https:\/\/metropolevsech.eu\/cs\/analyzy\/\">anal\u00fdzami HMP a M\u010c<\/a>, p\u0159edev\u0161\u00edm pak Anal\u00fdzou postaven\u00ed migrant\u016f a migrantek na \u00fazem\u00ed hl. m. Prahy a tak\u00e9 anal\u00fdzami na \u00farovni jednotliv\u00fdch m\u011bstsk\u00fdch \u010d\u00e1st\u00ed.<\/p>\n<p>V \u010d\u00e1sti <a href=\"https:\/\/metropolevsech.eu\/cs\/o-nas\/strategicke-dokumenty-a-analyzy\/data-a-statistiky\/\">data a statistiky<\/a> se pak dozv\u00edte detailn\u00ed informace o po\u010dtech cizinc\u016f, jejich struktu\u0159e a v\u00fdvoji po\u010dt\u016f cizinc\u016f v dlouhodob\u00e9m horizontu.<\/p>\n<p><a href=\"https:\/\/metropolevsech.eu\/cs\/o-nas\/strategicke-dokumenty-a-analyzy\/uzitecne-odkazy\/\">U\u017eite\u010dn\u00e9 odkazy<\/a> v\u00e1s nasm\u011bruj\u00ed na dal\u0161\u00ed zaj\u00edmav\u00e9 webov\u00e9 str\u00e1nky s u\u017eite\u010dn\u00fdmi informacemi o cizinc\u00edch a migraci.<\/p>","protected":false},"excerpt":{"rendered":"<p>V t\u00e9to \u010d\u00e1sti webov\u00e9 str\u00e1nky Praha &#8211; Metropole v\u0161ech naleznete detailn\u00ed informace o strategick\u00fdch dokumentech, tedy Koncepci Hlavn\u00edho m\u011bsta Prahy a ak\u010dn\u00edch pl\u00e1nech a v\u00fdvoji strategick\u00fdch pl\u00e1n\u016f v hlavn\u00edm m\u011bst\u011b v oblasti integrace cizinc\u016f. D\u00e1le se m\u016f\u017eete sezn\u00e1mit s anal\u00fdzami&#8230;<\/p>\n<a class=\"more-block\" href=\"https:\/\/metropolevsech.eu\/cs\/o-nas\/strategicke-dokumenty-a-analyzy\/\">\u010c\u00edst v\u00edce<\/a>","protected":false},"author":12,"featured_media":0,"parent":8,"menu_order":2,"comment_status":"closed","ping_status":"closed","template":"","meta":[],"acf":[],"_links":{"self":[{"href":"https:\/\/metropolevsech.eu\/cs\/wp-json\/wp\/v2\/pages\/16982"}],"collection":[{"href":"https:\/\/metropolevsech.eu\/cs\/wp-json\/wp\/v2\/pages"}],"about":[{"href":"https:\/\/metropolevsech.eu\/cs\/wp-json\/wp\/v2\/types\/page"}],"author":[{"embeddable":true,"href":"https:\/\/metropolevsech.eu\/cs\/wp-json\/wp\/v2\/users\/12"}],"replies":[{"embeddable":true,"href":"https:\/\/metropolevsech.eu\/cs\/wp-json\/wp\/v2\/comments?post=16982"}],"version-history":[{"count":3,"href":"https:\/\/metropolevsech.eu\/cs\/wp-json\/wp\/v2\/pages\/16982\/revisions"}],"predecessor-version":[{"id":17048,"href":"https:\/\/metropolevsech.eu\/cs\/wp-json\/wp\/v2\/pages\/16982\/revisions\/17048"}],"up":[{"embeddable":true,"href":"https:\/\/metropolevsech.eu\/cs\/wp-json\/wp\/v2\/pages\/8"}],"wp:attachment":[{"href":"https:\/\/metropolevsech.eu\/cs\/wp-json\/wp\/v2\/media?parent=16982"}],"curies":[{"name":"wp","href":"https:\/\/api.w.org\/{rel}","templated":true}]}}