{"id":17003,"date":"2022-06-02T20:24:10","date_gmt":"2022-06-02T18:24:10","guid":{"rendered":"https:\/\/metropolevsech.eu\/?page_id=17003"},"modified":"2025-11-26T14:34:32","modified_gmt":"2025-11-26T13:34:32","slug":"analyzy","status":"publish","type":"page","link":"https:\/\/metropolevsech.eu\/cs\/o-nas\/strategicke-dokumenty-a-analyzy\/analyzy\/","title":{"rendered":"Anal\u00fdzy"},"content":{"rendered":"<p><\/p>\n<h3>Anal\u00fdzy HMP<\/h3>\n<ul class=\"bullet-links\">\n<li><a target=\"_blank\" href=\"https:\/\/metropolevsech.eu\/wp-content\/uploads\/2017\/11\/Anal%C3%BDza-postaven%C3%AD-migrant%C5%AF-a-migrantek-2017.pdf\" rel=\"noopener\">HMP \u2013 Anal\u00fdza postaven\u00ed migrant\u016f a migrantek na \u00fazem\u00ed hl. m. Prahy (Sociologick\u00fd \u00fastav Akademie v\u011bd \u010cR, 2017)<\/a><\/li>\n<\/ul>\n<p>Analy\u0301za byla zame\u030cr\u030cena zejme\u0301na na socia\u0301lni\u0301 postaveni\u0301 migrantu\u030a a migrantek v hlavni\u0301m me\u030cste\u030c (s du\u030arazem na interakci s majoritou a sta\u0301tni\u0301mi institucemi a take\u0301 komunitni\u0301 participaci) a take\u0301 na zjis\u030ct\u030cova\u0301ni\u0301 jejich potr\u030ceb a barie\u0301r v oblasti informovanosti, vzde\u030cla\u0301va\u0301ni\u0301 a socia\u0301lni\u0301ch sluz\u030ceb. Tematicke\u0301 okruhy analy\u0301zy byly zadavatelem definova\u0301ny pome\u030crne\u030c s\u030ciroce a podrobne\u030c. Mezi prioritni\u0301 oblasti spadaly zejme\u0301na na\u0301sleduji\u0301ci\u0301 tr\u030ci oblasti:<\/p>\n<p>1) Vzde\u030cla\u0301va\u0301ni\u0301 de\u030cti\u0301 a dospe\u030cly\u0301ch<\/p>\n<ul class=\"bullet\">\n<li>dostupnost a vyuz\u030ci\u0301va\u0301ni\u0301 jazykovy\u0301ch kurzu\u030a (za\u0301kladni\u0301ch a profesni\u0301ch\/ specializac\u030cni\u0301ch);<\/li>\n<li>dostupnost a vyuz\u030ci\u0301va\u0301ni\u0301 volnoc\u030casovy\u0301ch aktivit (se zr\u030cetelem na vyuz\u030ci\u0301va\u0301ni\u0301 aktivit Domu\u030a de\u030cti\u0301 a mla\u0301dez\u030ce hl. m. Prahy, vyuz\u030ci\u0301va\u0301ni\u0301 sportovni\u0301ch a kulturni\u0301ch aktivit v me\u030cstsky\u0301ch c\u030ca\u0301stech hl. m. Prahy);<\/li>\n<li>komunikace a interakce mezi rodic\u030ci a s\u030ckolou (vc\u030cetne\u030c vyuz\u030ci\u0301va\u0301ni\u0301 informaci\u0301 o vzde\u030cla\u0301vaci\u0301m syste\u0301mu v C\u030cR);<\/li>\n<\/ul>\n<p>2) Socia\u0301lni\u0301 a na\u0301vazne\u0301 sluz\u030cby<\/p>\n<ul class=\"bullet\">\n<li>typologie sluz\u030ceb a tere\u0301nni\u0301 socia\u0301lni\u0301 pra\u0301ce, ktere\u0301 migranti\/ky vyuz\u030ci\u0301vaji\u0301;<\/li>\n<li>identifikace (socia\u0301lni\u0301ch, kulturni\u0301ch nebo jazykovy\u0301ch) barie\u0301r, kvu\u030ali ktery\u0301m migranti\/ky nevyuz\u030ci\u0301vaji\u0301 relevantni\u0301 socia\u0301lni\u0301 sluz\u030cby;<\/li>\n<li>informovanost o poskytovany\u0301ch socia\u0301lni\u0301ch a na\u0301vazny\u0301ch sluz\u030cba\u0301ch;<\/li>\n<\/ul>\n<p>3) Informovanost a komunikace<\/p>\n<ul class=\"bullet\">\n<li>typologie vyuz\u030ci\u0301vany\u0301ch informaci\u0301;<\/li>\n<li>zdroje informaci\u0301 (identifikace vyuz\u030ci\u0301vany\u0301ch informac\u030cni\u0301ch kana\u0301lu\u030a);<\/li>\n<li>zpu\u030asoby interakce a komunikace v neforma\u0301lni\u0301m styku s majoritou a jiny\u0301mi migrantsky\u0301mi skupinami (se specia\u0301lni\u0301m zr\u030cetelem na mi\u0301sto pobytu);<\/li>\n<li>analy\u0301za aktivni\u0301 participace a pr\u030ci\u0301padny\u0301ch barie\u0301r na komunitni\u0301ch (spolec\u030censky\u0301ch, kulturni\u0301ch a sportovni\u0301ch) akci\u0301ch por\u030ca\u0301dany\u0301ch jednotlivy\u0301mi me\u030cstsky\u0301mi c\u030ca\u0301stmi hl. m. Prahy.<\/li>\n<\/ul>\n<a target=\"_blank\" href=\"https:\/\/metropolevsech.eu\/wp-content\/uploads\/2017\/11\/Anal\u00fdza-postaven%C3%AD-migrant\u016f-a-migrantek-2017.pdf\" rel=\"noopener\"><img loading=\"lazy\" class=\"alignleft size-full wp-image-17004\" src=\"https:\/\/metropolevsech.eu\/wp-content\/uploads\/2022\/06\/58B337A0-D6C5-419E-BE14-63A9BA2A4972-e1654193944950.jpeg\" alt=\"\" width=\"589\" height=\"796\" srcset=\"https:\/\/metropolevsech.eu\/wp-content\/uploads\/2022\/06\/58B337A0-D6C5-419E-BE14-63A9BA2A4972-e1654193944950.jpeg 589w, https:\/\/metropolevsech.eu\/wp-content\/uploads\/2022\/06\/58B337A0-D6C5-419E-BE14-63A9BA2A4972-e1654193944950-222x300.jpeg 222w\" sizes=\"(max-width: 589px) 100vw, 589px\" \/><\/a>\n<h3>V\u00fdstupy dal\u0161\u00edch projekt\u016f<\/h3>\n<ul class=\"bullet-links\">\n<li><a target=\"_blank\" href=\"https:\/\/www.soc.cas.cz\/sites\/default\/files\/publikace\/leontiyeva-mikesova-tollarova-prazane_s_cizim_pasem-vysledky_vyzkumu_cizincu_a_cizinek_ze_zemi_mimo_eu_zijicich_v_ceske_metropoli_0.pdf\" rel=\"noopener\">SO\u00da AV \u010cR \u2013 Publikace Pra\u017ean\u00e9 s ciz\u00edm pasem (V\u00fdsledky v\u00fdzkumu cizinc\u016f a cizinek ze zem\u00ed mimo EU \u017eij\u00edc\u00edch v \u010desk\u00e9 metropoli) (2018)<\/a><\/li>\n<li><a target=\"_blank\" href=\"https:\/\/www.iprpraha.cz\/uploads\/assets\/dokumenty\/ssp\/analyzy\/Obyvatelstvo\/Cizinci_text%202017_J_Mejstrik%20def.pdf\" rel=\"noopener\">IPR \u2013 Kde v Praze bydl\u00ed cizinci (IPR Praha, Sekce strategi\u00ed a politik, 2017)<\/a><\/li>\n<\/ul>\n<p>Studie se zab\u00fdv\u00e1 v\u00fdvojem po\u010dtu cizinc\u016f v Praze a ve St\u0159edo\u010desk\u00e9m kraji, nej\u010dast\u011bj\u0161\u00edmi zem\u011bmi p\u016fvodu cizinc\u016f a rozm\u00edst\u011bn\u00edm cizinc\u016f na \u00fazem\u00ed hl.m.Prahy.<\/p>\n<a target=\"_blank\" href=\"https:\/\/iprpraha.cz\/uploads\/assets\/dokumenty\/ssp\/analyzy\/Obyvatelstvo\/Cizinci_text%202017_J_Mejstrik%20def.pdf\" rel=\"noopener\"><img loading=\"lazy\" class=\"alignleft size-full wp-image-17005\" src=\"https:\/\/metropolevsech.eu\/wp-content\/uploads\/2022\/06\/FD78A080-3A26-433A-B017-BFF8E750E9B1.jpeg\" alt=\"\" width=\"587\" height=\"818\" srcset=\"https:\/\/metropolevsech.eu\/wp-content\/uploads\/2022\/06\/FD78A080-3A26-433A-B017-BFF8E750E9B1.jpeg 587w, https:\/\/metropolevsech.eu\/wp-content\/uploads\/2022\/06\/FD78A080-3A26-433A-B017-BFF8E750E9B1-215x300.jpeg 215w\" sizes=\"(max-width: 587px) 100vw, 587px\" \/><\/a>\n<ul class=\"bullet-links\">\n<li><a target=\"_blank\" href=\"https:\/\/www.iprpraha.cz\/uploads\/assets\/dokumenty\/ssp\/analyzy\/Obyvatelstvo\/analyza_cizinci_na_trhu_prace_2018.pdf\" rel=\"noopener\">IPR \u2013 Cizinci na pra\u017esk\u00e9m trhu pr\u00e1ce (IPR Praha, Sekce strategi\u00ed a politik, 2018)<\/a><\/li>\n<\/ul>\n<p>Anal\u00fdza se zab\u00fdv\u00e1 cizinci a jejich ekonomickou aktivitou v \u010cR a v Praze, skladbou zam\u011bstnan\u00fdch cizinc\u016f podle evidence, pohlav\u00ed, st\u00e1tn\u00ed p\u0159\u00edslu\u0161nosti a odv\u011btv\u00ed jejich ekonomick\u00e9 \u010dinnosti.<\/p>\n<a target=\"_blank\" href=\"https:\/\/iprpraha.cz\/uploads\/assets\/dokumenty\/ssp\/analyzy\/Obyvatelstvo\/analyza_cizinci_na_trhu_prace_2018.pdf\" rel=\"noopener\"><img loading=\"lazy\" class=\"alignnone size-full wp-image-17006\" src=\"https:\/\/metropolevsech.eu\/wp-content\/uploads\/2022\/06\/F6DBCCF1-11B1-42D3-9E4F-9F011AE6B7E8.jpeg\" alt=\"\" width=\"586\" height=\"822\" srcset=\"https:\/\/metropolevsech.eu\/wp-content\/uploads\/2022\/06\/F6DBCCF1-11B1-42D3-9E4F-9F011AE6B7E8.jpeg 586w, https:\/\/metropolevsech.eu\/wp-content\/uploads\/2022\/06\/F6DBCCF1-11B1-42D3-9E4F-9F011AE6B7E8-214x300.jpeg 214w\" sizes=\"(max-width: 586px) 100vw, 586px\" \/><\/a>\n<ul class=\"bullet-links\">\n<li><a target=\"_blank\" href=\"https:\/\/www.migrace.com\/adm\/_upload\/docs\/a4_analyza_def_1652961850.pdf\" rel=\"noopener\">SIMI \u2013 Anal\u00fdza dostupnosti vybran\u00fdch soci\u00e1ln\u00edch slu\u017eeb v hl. m. Praze pro migranty a migrantky, ohro\u017een\u00e9 soci\u00e1ln\u00edm vylou\u010den\u00edm (2022)<\/a><\/li>\n<\/ul>\n<p>Za\u0301me\u030crem analy\u0301zy bylo identifikovat proble\u0301my v pr\u030ci\u0301stupu k socia\u0301lni\u0301m sluz\u030cba\u0301m, ktery\u0301m migranti a migrantky, pr\u030ci\u0301padne\u030c osoby s migrac\u030cni\u0301 zkus\u030cenosti\u0301 na nas\u030cem u\u0301zemi\u0301, dlouhodobe\u030c c\u030ci bezprostr\u030cedne\u030c c\u030celi\u0301, a upozornit na ne\u030c pr\u030ci\u0301slus\u030cne\u0301 instituce a orga\u0301ny, resp. odbornou ver\u030cejnost.<\/p>\n<img loading=\"lazy\" class=\"alignnone size-content-image wp-image-17154\" src=\"https:\/\/metropolevsech.eu\/wp-content\/uploads\/2022\/06\/a4_analyza-670x947.png\" alt=\"\" width=\"670\" height=\"947\" srcset=\"https:\/\/metropolevsech.eu\/wp-content\/uploads\/2022\/06\/a4_analyza-670x947.png 670w, https:\/\/metropolevsech.eu\/wp-content\/uploads\/2022\/06\/a4_analyza-212x300.png 212w, https:\/\/metropolevsech.eu\/wp-content\/uploads\/2022\/06\/a4_analyza-735x1040.png 735w, https:\/\/metropolevsech.eu\/wp-content\/uploads\/2022\/06\/a4_analyza-768x1086.png 768w, https:\/\/metropolevsech.eu\/wp-content\/uploads\/2022\/06\/a4_analyza-1086x1536.png 1086w, https:\/\/metropolevsech.eu\/wp-content\/uploads\/2022\/06\/a4_analyza-1448x2048.png 1448w, https:\/\/metropolevsech.eu\/wp-content\/uploads\/2022\/06\/a4_analyza.png 1654w\" sizes=\"(max-width: 670px) 100vw, 670px\" \/>\n<h3>Anal\u00fdzy m\u011bstsk\u00fdch \u010d\u00e1st\u00ed HMP<\/h3>\n<ul class=\"bullet-links\">\n<li><a href=\"https:\/\/web.natur.cuni.cz\/~sykora\/pdf\/ciz\/Analyza_potreb_cizincu_na_uzemi_MC_Praha_11_2021.pdf\">M\u010c PRAHA 11 &#8211; Anal\u00fdza pot\u0159eb cizinc\u016f na \u00fazem\u00ed M\u010c Praha 11 (P\u0159\u00edrodov\u011bdeck\u00e1 fakulta UK, 2021)<\/a><\/li>\n<li><a target=\"_blank\" href=\"https:\/\/kpss.praha5.cz\/wp-content\/uploads\/2019\/02\/Anal%C3%BDza-cizinc%C5%AF-v-M%C4%8C-Praha-5_2018.pdf\" rel=\"noopener\">M\u010c PRAHA 5 \u2013 Anal\u00fdza cizinc\u016f na \u00fazem\u00ed M\u010c Praha 5 (P\u0159\u00edrodov\u011bdeck\u00e1 fakulta UK, 2018)<\/a><\/li>\n<li>M\u010c PRAHA 12 \u2013 Anal\u00fdza profesn\u00ed orientace \u017e\u00e1k\u016f odch\u00e1zej\u00edc\u00edch ze Z\u0160 a vzd\u011bl\u00e1v\u00e1n\u00ed dosp\u011bl\u00fdch cizinc\u016f jak podpora zam\u011bstnanosti (2016)<\/li>\n<li>M\u010c PRAHA 12 \u2013 Anal\u00fdza st\u00e1vaj\u00edc\u00edho vyu\u017e\u00edv\u00e1n\u00ed a mo\u017enosti neform\u00e1ln\u00edho vzd\u011bl\u00e1v\u00e1n\u00ed jako podpory p\u0159i vzd\u011bl\u00e1v\u00e1n\u00ed a integraci \u017e\u00e1k\u016f \u2013 cizinc\u016f Z\u0160 z\u0159izovan\u00fdch M\u010c Praha 12 (2016)<\/li>\n<li>M\u010c PRAHA 12 \u2013 Pot\u0159eby \u017e\u00e1k\u016f s OMJ ve \u0161kol\u00e1ch z\u0159izovan\u00fdch M\u010c Praha 12 (2016)<\/li>\n<li><a target=\"_blank\" href=\"https:\/\/metropolevsech.eu\/wp-content\/uploads\/2019\/03\/analyza_cizincu_v_mc_praha_11_20161129.pdf\" rel=\"noopener\">M\u010c PRAHA 11 \u2013 Cizinci na \u00fazem\u00ed M\u010c Praha 11 \u2013 anal\u00fdza stavu (P\u0159\u00edrodov\u011bdeck\u00e1 fakultra UK, Centrum pro v\u00fdzkum m\u011bst a region\u016f ve spolupr\u00e1ci s Multikulturn\u00ed centrum Praha, 2016)<\/a><\/li>\n<li><a target=\"_blank\" href=\"https:\/\/metropolevsech.eu\/wp-content\/uploads\/2019\/07\/Analyza-cizincu-v-mestske-casti-Praha-4-2015.pdf\" rel=\"noopener\">M\u010c PRAHA 4 \u2013 Anal\u00fdza cizinc\u016f v m\u011bstsk\u00e9 \u010d\u00e1sti Praha 4 (P\u0159\u00edrodov\u011bdeck\u00e1 fakultra UK, Centrum pro v\u00fdzkum m\u011bst a region\u016f ve spolupr\u00e1ci s Multikulturn\u00ed centrum Praha, 2015)<\/a><\/li>\n<li><a target=\"_blank\" href=\"https:\/\/aa.ecn.cz\/img_upload\/224c0704b7b7746e8a07df9a8b20c098\/vztahy-mezi-majoritou-a-vietnamskou-mensinou-v-mc-praha-libus-2014.pdf\" rel=\"noopener\">M\u010c PRAHA-LIBU\u0160 \u2013 Vztahy mezi majoritou, vietnamskou men\u0161inou a dal\u0161\u00edmi n\u00e1rodnostn\u00edmi skupinami v M\u010c Praha-Libu\u0161 (P\u0159\u00edrodov\u011bdeck\u00e1 fakultra UK, Centrum pro v\u00fdzkum m\u011bst a region\u016f, 2014)<\/a><\/li>\n<li><a target=\"_blank\" href=\"https:\/\/www.dataplan.info\/img_upload\/c6e3eef692b618867bd4ece4fa16cf48\/sidelni-segregace-v-lokalite-mc-praha-libus-2013_2.pdf\" rel=\"noopener\">M\u010c PRAHA-LIBU\u0160 \u2013 S\u00eddeln\u00ed segregace v lokalit\u011b M\u010c Praha \u2013 Libu\u0161 (P\u0159\u00edrodov\u011bdeck\u00e1 fakultra UK, Centrum pro v\u00fdzkum m\u011bst a region\u016f, 2012)<\/a><\/li>\n<\/ul>\n<h3>Odborn\u00e9 publikace a manu\u00e1ly<\/h3>\n<ul class=\"bullet-links\">\n<li><a target=\"_blank\" href=\"https:\/\/migracnikonsorcium.cz\/wp-content\/uploads\/2020\/12\/integrace-z-pohledu-nno_publikace.pdf\" rel=\"noopener\">Konsorcium NNO pracuj\u00edc\u00edch s migranty<\/a> \u2013 Integrace cizinc\u016f v \u010cesku z pohledu nevl\u00e1dn\u00edch organizac\u00ed (2018)<\/li>\n<\/ul>\n<p><\/p>","protected":false},"excerpt":{"rendered":"<p>Anal\u00fdzy HMP HMP \u2013 Anal\u00fdza postaven\u00ed migrant\u016f a migrantek na \u00fazem\u00ed hl. m. Prahy (Sociologick\u00fd \u00fastav Akademie v\u011bd \u010cR, 2017) Analy\u0301za byla zame\u030cr\u030cena zejme\u0301na na socia\u0301lni\u0301 postaveni\u0301 migrantu\u030a a migrantek v hlavni\u0301m me\u030cste\u030c (s du\u030arazem na interakci s majoritou a&#8230;<\/p>\n<a class=\"more-block\" href=\"https:\/\/metropolevsech.eu\/cs\/o-nas\/strategicke-dokumenty-a-analyzy\/analyzy\/\">\u010c\u00edst v\u00edce<\/a>","protected":false},"author":12,"featured_media":0,"parent":16982,"menu_order":2,"comment_status":"closed","ping_status":"closed","template":"","meta":[],"acf":[],"_links":{"self":[{"href":"https:\/\/metropolevsech.eu\/cs\/wp-json\/wp\/v2\/pages\/17003"}],"collection":[{"href":"https:\/\/metropolevsech.eu\/cs\/wp-json\/wp\/v2\/pages"}],"about":[{"href":"https:\/\/metropolevsech.eu\/cs\/wp-json\/wp\/v2\/types\/page"}],"author":[{"embeddable":true,"href":"https:\/\/metropolevsech.eu\/cs\/wp-json\/wp\/v2\/users\/12"}],"replies":[{"embeddable":true,"href":"https:\/\/metropolevsech.eu\/cs\/wp-json\/wp\/v2\/comments?post=17003"}],"version-history":[{"count":24,"href":"https:\/\/metropolevsech.eu\/cs\/wp-json\/wp\/v2\/pages\/17003\/revisions"}],"predecessor-version":[{"id":24107,"href":"https:\/\/metropolevsech.eu\/cs\/wp-json\/wp\/v2\/pages\/17003\/revisions\/24107"}],"up":[{"embeddable":true,"href":"https:\/\/metropolevsech.eu\/cs\/wp-json\/wp\/v2\/pages\/16982"}],"wp:attachment":[{"href":"https:\/\/metropolevsech.eu\/cs\/wp-json\/wp\/v2\/media?parent=17003"}],"curies":[{"name":"wp","href":"https:\/\/api.w.org\/{rel}","templated":true}]}}