{"id":17017,"date":"2022-06-02T20:40:45","date_gmt":"2022-06-02T18:40:45","guid":{"rendered":"https:\/\/metropolevsech.eu\/?page_id=17017"},"modified":"2022-06-03T18:18:18","modified_gmt":"2022-06-03T16:18:18","slug":"data-a-statistiky","status":"publish","type":"page","link":"https:\/\/metropolevsech.eu\/cs\/o-nas\/strategicke-dokumenty-a-analyzy\/data-a-statistiky\/","title":{"rendered":"Data a statistiky"},"content":{"rendered":"<p><\/p>\n<h3>Ministerstvo vnitra \u010cR<\/h3>\n<p>Po\u010det cizinc\u016f v obc\u00edch, m\u011bstsk\u00fdch \u010d\u00e1stech, obc\u00edch 3. typu:<\/p>\n<ul class=\"bullet-links\">\n<li><a href=\"https:\/\/www.mvcr.cz\/clanek\/informativni-pocty-obyvatel-v-obcich.aspx\" rel=\"noopener\" target=\"_blank\">Informativn\u00ed po\u010dty obyvatel v obc\u00edch &#8211; Ministerstvo vnitra \u010cesk\u00e9 republiky (mvcr.cz)<\/a><\/li>\n<\/ul>\n<p>Zde naleznete tabulky s informacemi o po\u010dtech cizinc\u016f v obc\u00edch, m\u011bstsk\u00fdch \u010d\u00e1stech, obc\u00edch 3. typu rozd\u011blen\u00fdch dle v\u011bku, pohlav\u00ed, ale nikoliv  podle st\u00e1tn\u00ed p\u0159\u00edslu\u0161nosti<\/p>\n<ul class=\"bullet-links\">\n<li><a href=\"https:\/\/www.mvcr.cz\/clanek\/cizinci-s-povolenym-pobytem.aspx\" rel=\"noopener\" target=\"_blank\">Cizinci s povolen\u00fdm pobytem<\/a><\/li>\n<\/ul>\n<p>Zde naleznete Informativn\u00ed p\u0159ehledy cizinc\u016f se zaevidovan\u00fdm p\u0159echodn\u00fdm \u010di trval\u00fdm pobytem na \u00fazem\u00ed \u010cesk\u00e9 republiky. Tabulky zahrnuj\u00ed celkov\u00fd po\u010det evidovan\u00fdch k dan\u00e9mu datu (dle n\u00e1rodnosti, pohlav\u00ed, druhu pobytu) na cel\u00e9m \u00fazem\u00ed \u010cR a v jednotliv\u00fdch m\u011bstech.<\/p>\n<h3>\u010cesk\u00fd statistick\u00fd \u00fa\u0159ad<\/h3>\n<p>\u010cS\u00da zve\u0159ej\u0148uje statistiky o po\u010dtu cizinc\u016f na \u00fazem\u00ed \u010cR, nab\u00fdv\u00e1n\u00ed st\u00e1tn\u00edho ob\u010danstv\u00ed, mezin\u00e1rodn\u00ed ochran\u011b, po\u010dtech \u017e\u00e1k\u016f a student\u016f na r\u016fzn\u00fdch typech \u0161kol, demografick\u00fdch ud\u00e1lostech cizinc\u016f, zam\u011bstnanosti, zdravotn\u00ed p\u00e9\u010di, kriminalit\u011b cizinc\u016f, neleg\u00e1ln\u00ed migraci a o cizinc\u00edch v dal\u0161\u00edch zem\u00edch EU.<\/p>\n<ul class=\"bullet-links\">\n<li><a href=\"https:\/\/www.czso.cz\/csu\/cizinci\/cizinci-pocet-cizincu\" rel=\"noopener\" target=\"_blank\">Cizinci: Po\u010det cizinc\u016f | \u010cS\u00da (czso.cz)<\/a><\/li>\n<\/ul>\n<img loading=\"lazy\" src=\"https:\/\/metropolevsech.eu\/wp-content\/uploads\/2022\/06\/51AEBABD-5DED-47F3-B256-8E9510997FBC.jpeg\" alt=\"\" width=\"629\" height=\"499\" class=\"alignleft size-full wp-image-17018\" srcset=\"https:\/\/metropolevsech.eu\/wp-content\/uploads\/2022\/06\/51AEBABD-5DED-47F3-B256-8E9510997FBC.jpeg 629w, https:\/\/metropolevsech.eu\/wp-content\/uploads\/2022\/06\/51AEBABD-5DED-47F3-B256-8E9510997FBC-300x238.jpeg 300w\" sizes=\"(max-width: 629px) 100vw, 629px\" \/>\n<p><img loading=\"lazy\" src=\"https:\/\/metropolevsech.eu\/wp-content\/uploads\/2022\/06\/954FC939-3572-4329-811A-5753C13AE8D7.jpeg\" alt=\"\" width=\"679\" height=\"407\" class=\"alignleft size-full wp-image-17019\" srcset=\"https:\/\/metropolevsech.eu\/wp-content\/uploads\/2022\/06\/954FC939-3572-4329-811A-5753C13AE8D7.jpeg 679w, https:\/\/metropolevsech.eu\/wp-content\/uploads\/2022\/06\/954FC939-3572-4329-811A-5753C13AE8D7-300x180.jpeg 300w, https:\/\/metropolevsech.eu\/wp-content\/uploads\/2022\/06\/954FC939-3572-4329-811A-5753C13AE8D7-670x402.jpeg 670w\" sizes=\"(max-width: 679px) 100vw, 679px\" \/><\/p>","protected":false},"excerpt":{"rendered":"<p>Ministerstvo vnitra \u010cR Po\u010det cizinc\u016f v obc\u00edch, m\u011bstsk\u00fdch \u010d\u00e1stech, obc\u00edch 3. typu: Informativn\u00ed po\u010dty obyvatel v obc\u00edch &#8211; Ministerstvo vnitra \u010cesk\u00e9 republiky (mvcr.cz) Zde naleznete tabulky s informacemi o po\u010dtech cizinc\u016f v obc\u00edch, m\u011bstsk\u00fdch \u010d\u00e1stech, obc\u00edch 3. typu rozd\u011blen\u00fdch dle&#8230;<\/p>\n<a class=\"more-block\" href=\"https:\/\/metropolevsech.eu\/cs\/o-nas\/strategicke-dokumenty-a-analyzy\/data-a-statistiky\/\">\u010c\u00edst v\u00edce<\/a>","protected":false},"author":12,"featured_media":0,"parent":16982,"menu_order":3,"comment_status":"closed","ping_status":"closed","template":"","meta":[],"acf":[],"_links":{"self":[{"href":"https:\/\/metropolevsech.eu\/cs\/wp-json\/wp\/v2\/pages\/17017"}],"collection":[{"href":"https:\/\/metropolevsech.eu\/cs\/wp-json\/wp\/v2\/pages"}],"about":[{"href":"https:\/\/metropolevsech.eu\/cs\/wp-json\/wp\/v2\/types\/page"}],"author":[{"embeddable":true,"href":"https:\/\/metropolevsech.eu\/cs\/wp-json\/wp\/v2\/users\/12"}],"replies":[{"embeddable":true,"href":"https:\/\/metropolevsech.eu\/cs\/wp-json\/wp\/v2\/comments?post=17017"}],"version-history":[{"count":3,"href":"https:\/\/metropolevsech.eu\/cs\/wp-json\/wp\/v2\/pages\/17017\/revisions"}],"predecessor-version":[{"id":17047,"href":"https:\/\/metropolevsech.eu\/cs\/wp-json\/wp\/v2\/pages\/17017\/revisions\/17047"}],"up":[{"embeddable":true,"href":"https:\/\/metropolevsech.eu\/cs\/wp-json\/wp\/v2\/pages\/16982"}],"wp:attachment":[{"href":"https:\/\/metropolevsech.eu\/cs\/wp-json\/wp\/v2\/media?parent=17017"}],"curies":[{"name":"wp","href":"https:\/\/api.w.org\/{rel}","templated":true}]}}