{"id":17161,"date":"2022-06-11T23:04:00","date_gmt":"2022-06-11T21:04:00","guid":{"rendered":"https:\/\/metropolevsech.eu\/?page_id=17161"},"modified":"2022-06-21T16:24:21","modified_gmt":"2022-06-21T14:24:21","slug":"dobra-praxe-vzdelavani-pracovniku","status":"publish","type":"page","link":"https:\/\/metropolevsech.eu\/cs\/o-nas\/dobra-praxe-vzdelavani-pracovniku\/","title":{"rendered":"Dobr\u00e1 praxe, vzd\u011bl\u00e1v\u00e1n\u00ed pracovn\u00edk\u016f"},"content":{"rendered":"<p>V t\u00e9to kapitole webov\u00e9 str\u00e1nky Praha &#8211; Metropole v\u0161ech se v\u011bnujeme r\u016fzn\u00fdm t\u00e9matick\u00fdm oblastem a p\u0159\u00edklad\u016fm dobr\u00e9 praxe, kter\u00e9 mohou b\u00fdt inspirac\u00ed pro odborn\u00edky, ale nejen pro n\u011b. Shrom\u00e1\u017ed\u011bn\u00e9 materi\u00e1ly poch\u00e1z\u00ed z HMP, projekt\u016f podpo\u0159en\u00fdch HMP, m\u011bstsk\u00fdch \u010d\u00e1st\u00ed, od neziskov\u00fdch organizac\u00ed a dal\u0161\u00edch akt\u00e9r\u016f.<\/p>\n<p>V \u010d\u00e1sti <a href=\"https:\/\/metropolevsech.eu\/cs\/o-nas\/dobra-praxe-vzdelavani-pracovniku\/lokalni-integrace\/\" rel=\"noopener\">lok\u00e1ln\u00ed integrace<\/a> se m\u016f\u017eete sezn\u00e1mit s projekty a v\u00fdstupy t\u00fdkaj\u00edc\u00edmi se lok\u00e1ln\u00edch samospr\u00e1v a doporu\u010den\u00ed v oblasti integrace a sou\u017eit\u00ed s \u010deskou ve\u0159ejnost\u00ed.<\/p>\n<p>Kapitola <a href=\"https:\/\/metropolevsech.eu\/cs\/o-nas\/dobra-praxe-vzdelavani-pracovniku\/vzdelavani\/\" rel=\"noopener\">vzd\u011bl\u00e1v\u00e1n\u00ed<\/a> shroma\u017e\u010fuje dobrou praxi vzd\u011bl\u00e1v\u00e1n\u00ed \u017e\u00e1k\u016f a student\u016f s odli\u0161n\u00fdm mate\u0159sk\u00fdm jazykem nap\u0159\u00ed\u010d \u010deskou vzd\u011bl\u00e1vac\u00ed soustavou. Za speci\u00e1ln\u00ed pozornost pak stoj\u00ed port\u00e1l Inkluzivn\u00ed \u0161kola.cz neziskov\u00e9 organizace META. Pro knihovny pak mohou b\u00fdt inspirac\u00ed ji\u017e existuj\u00edc\u00ed materi\u00e1ly pro cizince.<\/p>\n<p>V dal\u0161\u00edch kapitol\u00e1ch je pak v\u011bnov\u00e1na pozornost <a href=\"https:\/\/metropolevsech.eu\/cs\/o-nas\/dobra-praxe-vzdelavani-pracovniku\/sluzby-socialni-a-zamestnanosti\/\" rel=\"noopener\">info kart\u00e1m<\/a> v oblasti soci\u00e1ln\u00edch slu\u017eeb a zam\u011bstnanosti. A d\u00e1le pak komunika\u010dn\u00edm kart\u00e1m pro pacienty cizince a zdravotn\u00edky v \u010d\u00e1sti <a href=\"https:\/\/metropolevsech.eu\/cs\/o-nas\/dobra-praxe-vzdelavani-pracovniku\/zdravotnictvi-zdravi-a-pece\/\" rel=\"noopener\">Zdravotnictv\u00ed, zdrav\u00ed a p\u00e9\u010de<\/a>. Zde naleznete tak\u00e9 komunika\u010dn\u00ed karty pro pracovn\u00edky Zdravotnick\u00e9 z\u00e1chrann\u00e9 slu\u017eby.<\/p>\n<p>A v posledn\u00ed kapitole t\u00e9to \u010d\u00e1sti webu Praha &#8211; Metropole v\u0161ech se pak v\u011bnujeme <a href=\"https:\/\/metropolevsech.eu\/cs\/o-nas\/dobra-praxe-vzdelavani-pracovniku\/souziti-a-vzajemna-komunikace-s-cizinci\/\" rel=\"noopener\">dobr\u00e9 praxi v oblasti vz\u00e1jemn\u00e9ho sou\u017eit\u00ed<\/a>, ale tak\u00e9 <a href=\"https:\/\/metropolevsech.eu\/cs\/o-nas\/dobra-praxe-vzdelavani-pracovniku\/myty-a-fakta-komunikace-s-verejnosti\/\" rel=\"noopener\">m\u00fdt\u016fm o migraci a cizinc\u00edch a fakt\u016fm<\/a>, ze kter\u00fdch je zapot\u0159eb\u00ed v komunikaci vych\u00e1zet.<\/p>","protected":false},"excerpt":{"rendered":"<p>V t\u00e9to kapitole webov\u00e9 str\u00e1nky Praha &#8211; Metropole v\u0161ech se v\u011bnujeme r\u016fzn\u00fdm t\u00e9matick\u00fdm oblastem a p\u0159\u00edklad\u016fm dobr\u00e9 praxe, kter\u00e9 mohou b\u00fdt inspirac\u00ed pro odborn\u00edky, ale nejen pro n\u011b. Shrom\u00e1\u017ed\u011bn\u00e9 materi\u00e1ly poch\u00e1z\u00ed z HMP, projekt\u016f podpo\u0159en\u00fdch HMP, m\u011bstsk\u00fdch \u010d\u00e1st\u00ed, od neziskov\u00fdch&#8230;<\/p>\n<a class=\"more-block\" href=\"https:\/\/metropolevsech.eu\/cs\/o-nas\/dobra-praxe-vzdelavani-pracovniku\/\">\u010c\u00edst v\u00edce<\/a>","protected":false},"author":12,"featured_media":0,"parent":8,"menu_order":3,"comment_status":"closed","ping_status":"closed","template":"","meta":[],"acf":[],"_links":{"self":[{"href":"https:\/\/metropolevsech.eu\/cs\/wp-json\/wp\/v2\/pages\/17161"}],"collection":[{"href":"https:\/\/metropolevsech.eu\/cs\/wp-json\/wp\/v2\/pages"}],"about":[{"href":"https:\/\/metropolevsech.eu\/cs\/wp-json\/wp\/v2\/types\/page"}],"author":[{"embeddable":true,"href":"https:\/\/metropolevsech.eu\/cs\/wp-json\/wp\/v2\/users\/12"}],"replies":[{"embeddable":true,"href":"https:\/\/metropolevsech.eu\/cs\/wp-json\/wp\/v2\/comments?post=17161"}],"version-history":[{"count":54,"href":"https:\/\/metropolevsech.eu\/cs\/wp-json\/wp\/v2\/pages\/17161\/revisions"}],"predecessor-version":[{"id":17320,"href":"https:\/\/metropolevsech.eu\/cs\/wp-json\/wp\/v2\/pages\/17161\/revisions\/17320"}],"up":[{"embeddable":true,"href":"https:\/\/metropolevsech.eu\/cs\/wp-json\/wp\/v2\/pages\/8"}],"wp:attachment":[{"href":"https:\/\/metropolevsech.eu\/cs\/wp-json\/wp\/v2\/media?parent=17161"}],"curies":[{"name":"wp","href":"https:\/\/api.w.org\/{rel}","templated":true}]}}