{"id":17240,"date":"2022-06-14T17:11:15","date_gmt":"2022-06-14T15:11:15","guid":{"rendered":"https:\/\/metropolevsech.eu\/?page_id=17240"},"modified":"2022-06-14T17:11:29","modified_gmt":"2022-06-14T15:11:29","slug":"lokalni-integrace","status":"publish","type":"page","link":"https:\/\/metropolevsech.eu\/cs\/o-nas\/dobra-praxe-vzdelavani-pracovniku\/lokalni-integrace\/","title":{"rendered":"Lok\u00e1ln\u00ed integrace"},"content":{"rendered":"<p><\/p>\n<h4>V\u00fdstupy projekt\u016f s \u00fa\u010dast\u00ed HMP<\/h4>\n<ul class=\"bullet-links\">\n<li><a href=\"https:\/\/www.migrace.com\/adm\/_upload\/docs\/manual_simi_1612778687.pdf\" rel=\"noopener\" target=\"_blank\">Manu\u00e1l lok\u00e1ln\u00ed integrace (projekt MIS, Sdru\u017een\u00ed pro integraci a migraci, 2020)<\/a><\/li>\n<\/ul>\n<p>Manua\u0301l loka\u0301lni\u0301 integrace. Je urc\u030cen pr\u030cedevs\u030ci\u0301m zame\u030cstnancu\u030am a zame\u030cstnankyni\u0301m u\u0301r\u030cadu\u030a mi\u0301stni\u0301ch samospra\u0301v \u2013 krajsky\u0301ch c\u030ci obecni\u0301ch, kter\u030ci\u0301 v praxi r\u030ces\u030ci\u0301 kaz\u030cdodenni\u0301 ota\u0301zky vza\u0301jemne\u0301ho souz\u030citi\u0301 migrantu\u030a\/migrantek a ve\u030cts\u030cinove\u0301 c\u030ceske\u0301 spolec\u030cnosti. Informace a doporuc\u030ceni\u0301 pro praxi jsou za\u0301me\u030crne\u030c uzpu\u030asobeny situaci v mens\u030ci\u0301ch obci\u0301ch nebo take\u0301 pro dals\u030ci\u0301 instituce, ktere\u0301 dosud s migranty nemaji\u0301 rozsa\u0301hlejs\u030ci\u0301 zkus\u030cenosti. Doufa\u0301me nicme\u0301ne\u030c, z\u030ce se manua\u0301l stane zdrojem inspirace i pro vs\u030cechny ostatni\u0301, ktery\u0301m neni\u0301 dane\u0301 te\u0301ma lhostejne\u0301.<\/p>\n<img loading=\"lazy\" src=\"https:\/\/metropolevsech.eu\/wp-content\/uploads\/2022\/06\/211EC895-932E-4BE0-843C-CDA14CE8D5F6-e1654981602489-670x625.jpeg\" alt=\"\" width=\"670\" height=\"625\" class=\"alignnone size-content-image wp-image-17171\" srcset=\"https:\/\/metropolevsech.eu\/wp-content\/uploads\/2022\/06\/211EC895-932E-4BE0-843C-CDA14CE8D5F6-e1654981602489-670x625.jpeg 670w, https:\/\/metropolevsech.eu\/wp-content\/uploads\/2022\/06\/211EC895-932E-4BE0-843C-CDA14CE8D5F6-e1654981602489-300x280.jpeg 300w, https:\/\/metropolevsech.eu\/wp-content\/uploads\/2022\/06\/211EC895-932E-4BE0-843C-CDA14CE8D5F6-e1654981602489-1040x970.jpeg 1040w, https:\/\/metropolevsech.eu\/wp-content\/uploads\/2022\/06\/211EC895-932E-4BE0-843C-CDA14CE8D5F6-e1654981602489-768x717.jpeg 768w, https:\/\/metropolevsech.eu\/wp-content\/uploads\/2022\/06\/211EC895-932E-4BE0-843C-CDA14CE8D5F6-e1654981602489.jpeg 1462w\" sizes=\"(max-width: 670px) 100vw, 670px\" \/>\n<ul class=\"bullet-links\">\n<li><a href=\"https:\/\/metropolevsech.eu\/wp-content\/uploads\/2018\/09\/Intergra_City_Audit_Toolkit_Czech.pdf\" rel=\"noopener\" target=\"_blank\">INTEGRA \u2013 Metodick\u00e1 p\u0159\u00edru\u010dka hodnocen\u00ed strategie m\u011bsta v oblasti integrace (Sofia Development Association, RISSC, 2018)<\/a><\/li>\n<\/ul>\n<p>INTEGRA bylo dvoulet\u00fdm mezin\u00e1rodn\u00edm projektem financovan\u00fdm Evropskou uni\u00ed, kter\u00fd se zab\u00fdv\u00e1 ot\u00e1zkou dlouhodob\u00e9 integrace cizinc\u016f z t\u0159et\u00edch zem\u00ed v p\u011bti st\u00e1tech EU. Krom\u011b \u010cesk\u00e9 republiky, kterou v projektu reprezentuje Integra\u010dn\u00ed Centrum Praha, se projektu \u00fa\u010dastn\u00ed organizace z Bulharska, Chorvatska, It\u00e1lie a Slovenska.<\/p>\n<p>C\u00edlem projektu INTEGRA bylo zefektivnit proces dlouhodob\u00e9 integrace cizinc\u016f z t\u0159et\u00edch zem\u00ed pomoc\u00ed sd\u00edlen\u00ed znalost\u00ed a zku\u0161enost\u00ed na \u00farovni m\u011bst nap\u0159\u00ed\u010d vybran\u00fdmi zem\u011bmi. Navzdory tomu, \u017ee je integra\u010dn\u00ed politika ur\u010dov\u00e1na a \u0159e\u0161ena p\u0159edev\u0161\u00edm na n\u00e1rodn\u00ed \u00farovni, hraj\u00ed m\u011bsta d\u016fle\u017eitou roli, a to p\u0159edev\u0161\u00edm z hlediska podpory spolupr\u00e1ce mezi jednotliv\u00fdmi v\u00fdznamn\u00fdmi akt\u00e9ry na poli integrace a ve vytvo\u0159en\u00ed p\u0159\u00edzniv\u00e9ho prost\u0159ed\u00ed k realizaci integra\u010dn\u00ed politiky. Projekt si klade za c\u00edl identifikovat st\u00e1vaj\u00edc\u00ed a budouc\u00ed v\u00fdzvy v oblasti integrace, vytvo\u0159it konkr\u00e9tn\u00ed opat\u0159en\u00ed k \u0159e\u0161en\u00ed probl\u00e9m\u016f spojen\u00fdch s integrac\u00ed na lok\u00e1ln\u00ed \u00farovn\u00ed a nav\u00e1zat spolupr\u00e1ci mezi v\u00fdznamn\u00fdmi stakeholdery, experty, jednotliv\u00fdmi sektory, m\u011bsty a zem\u011bmi. V neposledn\u00ed \u0159ad\u011b chce tento projekt p\u0159isp\u011bt k prohlouben\u00ed vz\u00e1jemn\u00e9ho porozum\u011bn\u00ed mezi migranty a v\u011bt\u0161inovou spole\u010dnost\u00ed a odstran\u011bn\u00ed vz\u00e1jemn\u00fdch p\u0159edsudk\u016f a obav.<\/p>\n<p><strong>Trv\u00e1n\u00ed projektu<\/strong>: Leden 2018 \u2013 Prosinec 2019<\/p>\n<p><strong>Hlavn\u00ed partner<\/strong>: Sofia Development Association (Sofie, Bulharsko)<\/p>\n<p><strong>Ostatn\u00ed partne\u0159i<\/strong>: RiskMonitor Foundation (Sofie, Bulharsko), Research Center on Security and Crime (It\u00e1lie), Center for Peace, Nonviolence and Human rights (Osijek, Chorvatsko), ETP-Slovakia (Slovensko), Integration Center Prague (\u010cesk\u00e1 republika)<\/p>\n<p>V\u00edce informac\u00ed o projektu naleznete <a href=\"http:\/\/www.integra-eu.net\/\" rel=\"noopener\" target=\"_blank\">zde<\/a>.<\/p>\n<p>Tato metodick\u00e1 p\u0159\u00edru\u010dka vznikla ve spolupr\u00e1ci s Integra\u010dn\u00edm centrem Praha v r\u00e1mci mezin\u00e1rodn\u00edho projektu INTEGRA, kter\u00fd si klade za c\u00edl zlep\u0161it proces dlouhodob\u00e9 integrace cizinc\u016f z t\u0159et\u00edch zem\u00ed (CTZ) na \u00farovn\u00ed m\u011bsta v 5 zem\u00edch EU. Metodika v n\u00ed p\u0159edstaven\u00e1 je ur\u010den\u00e1 m\u011bst\u016fm (p\u0159edstavitel\u016fm m\u011bsta, m\u00edstn\u00edm \u00fa\u0159ad\u016fm, neziskov\u00fdm, organizac\u00edm, vzd\u011bl\u00e1vac\u00edm instituc\u00edm, migrantsk\u00fdm organizac\u00edm atd.) k vyhodnocen\u00ed jejich integra\u010dn\u00ed politiky a praxe. C\u00edlem p\u0159\u00edru\u010dky je pomoci m\u011bst\u016fm hledat odpov\u011bdi na z\u00e1kladn\u00ed ot\u00e1zky t\u00fdkaj\u00edc\u00ed se problematiky integrace cizinc\u016f z t\u0159et\u00edch zem\u00ed, identifikovat p\u0159ek\u00e1\u017eky i mo\u017enosti integrace CTZ na lok\u00e1ln\u00ed \u00farovni, a vytvo\u0159it doporu\u010den\u00ed vedouc\u00ed ke zlep\u0161en\u00ed sou\u010dasn\u00e9 situace. Zp\u016fsob hodnocen\u00ed m\u011bsta, p\u0159edstaven\u00fd v t\u00e9to p\u0159\u00edru\u010dce, je zalo\u017een\u00fd na aktivn\u00ed \u00fa\u010dasti rozli\u010dn\u00fdch akt\u00e9r\u016f, v\u010detn\u011b z\u00e1stupc\u016f majority a migrant\u016f, ve\u0159ejn\u00fdch instituc\u00ed a odborn\u00edk\u016f, kte\u0159\u00ed se spole\u010dn\u00e9 \u00fa\u010dastn\u00ed diskus\u00ed a dal\u0161\u00edch mapovac\u00edch a hodnot\u00edc\u00edch aktivit. <\/p>\n<ul class=\"bullet-links\">\n<li><a href=\"https:\/\/metropolevsech.eu\/wp-content\/uploads\/2018\/11\/City-audit-report-_-ICP-CZ.pdf\" rel=\"noopener\" target=\"_blank\">INTEGRA \u2013 Prague City audit report \u2013 CZ<\/a><\/li>\n<li><a href=\"https:\/\/metropolevsech.eu\/wp-content\/uploads\/2018\/11\/City-audit-report-_-ICP-EN.pdf\" rel=\"noopener\" target=\"_blank\">INTEGRA \u2013 Prague City audit report \u2013 EN<\/a><\/li>\n<\/ul>\n<p>Toto hodnocen\u00ed m\u011bsta vzniklo v r\u00e1mci projektu INTEGRA v pr\u016fb\u011bhu roku 2018 za \u00fa\u010delem zmapovat a vyhodnotit integra\u010dn\u00ed politiku a praxi na \u00farovni hl. m\u011bsta Prahy. V r\u00e1mci hodnocen\u00ed byly vyu\u017eity metody p\u0159edstaven\u00e9 v metodick\u00e9 p\u0159\u00edru\u010dce, kter\u00e1 vznikla v r\u00e1mci t\u00e9ho\u017e projektu, konkr\u00e9tn\u011b: desk research (sekund\u00e1rn\u00ed v\u00fdzkum), focus groups (fokusn\u00ed skupiny), city walks with checklists (evalua\u010dn\u00ed proch\u00e1zky m\u011bstem s dotazn\u00edkem) a PhotoVoice. Hodnocen\u00ed prob\u011bhlo za \u00fa\u010dasti a ve spolupr\u00e1ci se z\u00e1stupci m\u011bsta (magistr\u00e1tu a m\u011bstsk\u00fdch \u010d\u00e1st\u00ed), neziskov\u00e9ho sektoru, akademick\u00e9 obce i samotn\u00fdch migrant\u016f.<\/p>\n<ul class=\"bullet-links\">\n<li><a href=\"https:\/\/metropolevsech.eu\/wp-content\/uploads\/2019\/02\/Prague-CITY_INTEGRATION_AGENDA-CZ.pdf\" rel=\"noopener\" target=\"_blank\">Integra\u010dn\u00ed pl\u00e1n \u2013 Doporu\u010den\u00ed v oblasti integrace cizinc\u016f pro hlavn\u00ed m\u011bsto Praha<\/a><\/li>\n<li><a href=\"https:\/\/metropolevsech.eu\/wp-content\/uploads\/2019\/02\/City-Agenda_EN_final.pdf\" rel=\"noopener\" target=\"_blank\">Prague City Integration Agenda<\/a><\/li>\n<\/ul>\n<p>Integra\u010dn\u00ed pl\u00e1n (jako jedna z 5 pl\u00e1n\u016f vytvo\u0159en\u00fdch v 5 m\u011bstech zapojen\u00fdch do projektu) p\u0159edstavuje n\u00e1vrhy a doporu\u010den\u00ed pro p\u0159edstavitele m\u011bsta za \u00fa\u010delem zefektivn\u011bn\u00ed lok\u00e1ln\u00ed integra\u010dn\u00ed politiky a praxe (s ohledem na dva nejpravd\u011bpodobn\u011bj\u0161\u00ed budouc\u00ed sc\u00e9n\u00e1\u0159e v\u00fdvoje m\u011bsta Prahy t\u00fdkaj\u00edc\u00ed se p\u0159\u00edtomnosti CTZ). Tato doporu\u010den\u00ed budou n\u00e1sledn\u011b zahrnuta do existuj\u00edc\u00edch strategick\u00fdch materi\u00e1l\u016f m\u011bsta. Tento pl\u00e1n byl vytvo\u0159en na z\u00e1klad\u011b v\u00fdsledk\u016f hodnocen\u00ed m\u011bsta Prahy, jeho\u017e c\u00edlem bylo p\u0159isp\u011bt ke komplexn\u00edmu porozum\u011bn\u00ed integra\u010dn\u00ed politiky hl. m\u011bsta Prahy, k identifikaci efektivn\u00ed a udr\u017eiteln\u00e9 integra\u010dn\u00ed politiky a praxe, ale tak\u00e9 probl\u00e9m\u016f a t\u00e9mat, kter\u00fdmi je pot\u0159eba se zab\u00fdvat, aby byla zaji\u0161t\u011bna hladk\u00e1 integrace CTZ.<\/p>\n<ul class=\"bullet-links>\n<li><a href=\"https:\/\/metropolevsech.eu\/wp-content\/uploads\/2019\/02\/Tiskov%C3%A1-zpr%C3%A1va-INTEGRA-INFOGRAPHICS.pdf\" rel=\"noopener\" target=\"_blank\">Tiskov\u00e1 zpr\u00e1va INTEGRA \u2013 Nedostate\u010dn\u00e1 informovanost br\u00e1n\u00ed \u00fasp\u011b\u0161n\u00e9 integraci cizinc\u016f<\/a><\/li>\n<\/ul>\n<p>Info-grafiky \u2013 z\u00e1kladn\u00ed informace situaci migrant\u016f v Praze:<\/p>\n<ul class=\"bullet-links\">\n<li><a href=\"https:\/\/metropolevsech.eu\/wp-content\/uploads\/2019\/02\/vize-a-slu%C5%BEby-m%C4%9Bsta-infographic-poster.pdf\" rel=\"noopener\" target=\"_blank\">Vize a slu\u017eby m\u011bsta \u2013 infographic poster<\/a><\/li>\n<li><a href=\"https:\/\/metropolevsech.eu\/wp-content\/uploads\/2019\/02\/prost%C5%99ed%C3%AD-m%C4%9Bsta-a-pocit-bezpe%C4%8D%C3%AD-infographic-poster.pdf\" rel=\"noopener\" target=\"_blank\">Prost\u0159ed\u00ed m\u011bsta a pocit bezpe\u010d\u00ed \u2013 infographic poster<\/a><\/li>\n<li><a href=\"https:\/\/metropolevsech.eu\/wp-content\/uploads\/2019\/02\/soci%C3%A1ln%C3%AD-inkluze-a-ob%C4%8Dansk%C3%A1-anga%C5%BEovanost-migrant%C5%AF-inforgraphic-poster.pdf\" rel=\"noopener\" target=\"_blank\">Soci\u00e1ln\u00ed inkluze a ob\u010dansk\u00e1 anga\u017eovanost migrant\u016f \u2013 inforgraphic poster<\/a><\/li>\n<li><a href=\"https:\/\/metropolevsech.eu\/wp-content\/uploads\/2019\/02\/postoje-majority-v%C5%AF%C4%8Di-cizinc%C5%AFm-infographic-poster.pdf\" rel=\"noopener\" target=\"_blank\">Postoje majority v\u016f\u010di cizinc\u016fm \u2013 infographic poster<\/a><\/li>\n<\/ul>\n<img loading=\"lazy\" src=\"https:\/\/metropolevsech.eu\/wp-content\/uploads\/2022\/06\/Intergra_City_Audit_Toolkit_Czech-1-670x947.png\" alt=\"\" width=\"670\" height=\"947\" class=\"alignnone size-content-image wp-image-17163\" srcset=\"https:\/\/metropolevsech.eu\/wp-content\/uploads\/2022\/06\/Intergra_City_Audit_Toolkit_Czech-1-670x947.png 670w, https:\/\/metropolevsech.eu\/wp-content\/uploads\/2022\/06\/Intergra_City_Audit_Toolkit_Czech-1-212x300.png 212w, https:\/\/metropolevsech.eu\/wp-content\/uploads\/2022\/06\/Intergra_City_Audit_Toolkit_Czech-1-736x1040.png 736w, https:\/\/metropolevsech.eu\/wp-content\/uploads\/2022\/06\/Intergra_City_Audit_Toolkit_Czech-1-768x1085.png 768w, https:\/\/metropolevsech.eu\/wp-content\/uploads\/2022\/06\/Intergra_City_Audit_Toolkit_Czech-1-1087x1536.png 1087w, https:\/\/metropolevsech.eu\/wp-content\/uploads\/2022\/06\/Intergra_City_Audit_Toolkit_Czech-1.png 1241w\" sizes=\"(max-width: 670px) 100vw, 670px\" \/>\n<ul class=\"bullet-links\">\n<li><a href=\"https:\/\/metropolevsech.eu\/wp-content\/uploads\/2018\/09\/Intergra_City_Audit_Toolkit_Czech.pdf\" rel=\"noopener\" target=\"_blank\">INTEGRA \u2013 City Audit Toolkit (anglick\u00e1 verze Metodick\u00e9 p\u0159\u00edru\u010dky hodnocen\u00ed strategie m\u011bsta v oblasti integrace)<\/a><\/li>\n<\/ul>\n<ul class=\"bullet-links\">\n<li><a href=\"https:\/\/aa.ecn.cz\/img_upload\/224c0704b7b7746e8a07df9a8b20c098\/manual_integrace-migrantu-jako-strategicka-vyzva-pro-obce.pdf\" rel=\"noopener\" target=\"_blank\">Konsorcium NNO pracuj\u00edc\u00edch s migranty \u2013 Manu\u00e1l pro obce (Integrace migrant\u016f jako strategick\u00e1 v\u00fdzva pro obce \u2013 7 ot\u00e1zek k ur\u010den\u00ed prvn\u00edch krok\u016f)<\/a><\/li>\n<\/ul>\n<p>Multikulturni\u0301 centrum Praha z. s. (MKC Praha) pr\u030cina\u0301s\u030celo v posledni\u0301ch tr\u030cech letech di\u0301ky projektu \u201eNa pra\u0301ce v C\u030cR\u201c c\u030cesky\u0301m me\u030cstu\u030am unika\u0301tni\u0301 na\u0301stroj k usnadne\u030cni\u0301 strategicke\u0301ho pla\u0301nova\u0301ni\u0301 v te\u0301to oblasti \u2013 integrac\u030cni\u0301 workshop. Jeho prostr\u030cednictvi\u0301m se projekt snaz\u030cil pomoci obci\u0301m vybudovat integrac\u030cni\u0301 infrastrukturu za vyuz\u030citi\u0301 potencia\u0301lu vs\u030cech akte\u0301ru\u030a i jiz\u030c existuji\u0301ci\u0301ch opatr\u030ceni\u0301. V ra\u0301mci projektu probe\u030chlo celkem osm workshopu\u030a ve velmi rozdi\u0301lny\u0301ch obci\u0301ch a me\u030cstsky\u0301ch c\u030ca\u0301stech od milionove\u0301ho hlavni\u0301ho me\u030csta az\u030c k me\u030cstec\u030cku Z\u030clutice s necely\u0301mi 2500 obyvateli. Na integrac\u030cni\u0301m workshopu se setka\u0301vali lide\u0301 ze c\u030ctyr\u030c hlavni\u0301ch sfe\u0301r: pr\u030cedstavitele\u0301 me\u030csta a me\u030cstsky\u0301ch organizaci\u0301 a s\u030ckol, za\u0301stupci neziskovy\u0301ch organizaci\u0301, zame\u030cstnanci instituci\u0301 sta\u0301tni\u0301 spra\u0301vy a v neposledni\u0301 r\u030cade\u030c take\u0301 za\u0301stupci samotny\u0301ch cizincu\u030a. Vy\u0301sledkem spolec\u030cne\u0301 pra\u0301ce byl vz\u030cdy strategicky\u0301 dokument, ktery\u0301 mapuje situaci v kli\u0301c\u030covy\u0301ch oblastech a navrhuje konkre\u0301tni\u0301 opatr\u030ceni\u0301 pro zleps\u030ceni\u0301 situace.<\/p>\n<p>Tento dokument se snaz\u030ci\u0301 ve velmi struc\u030cne\u0301 podobe\u030c pr\u030cedstavit z te\u030cchto workshopu\u030a ne\u030ckolik hlavni\u0301ch pouc\u030ceni\u0301, ktera\u0301 mohou by\u0301t uz\u030citec\u030cna\u0301 i pro jine\u0301 obce, jez\u030c se poty\u0301kaji\u0301 s ota\u0301zkou spra\u0301vne\u0301ho pr\u030ci\u0301stupu<br \/>\nk migrantu\u030am a jejich integraci. Vzhledem ke skutec\u030cnosti, z\u030ce spra\u0301vna\u0301 r\u030ces\u030ceni\u0301 musi\u0301 vz\u030cdy nezbytne\u030c vycha\u0301zet z konkre\u0301tni\u0301 situace v dane\u0301 obci, nejedna\u0301 se o na\u0301vod, co se ma\u0301 de\u030clat, ale spi\u0301s\u030ce o urc\u030ceni\u0301 prvni\u0301ch kroku\u030a du\u030alez\u030city\u0301ch pro rea\u0301lne\u0301 mapova\u0301ni\u0301 situace a zi\u0301ska\u0301ni\u0301 orientace v ni\u0301. Manua\u0301l ma\u0301 formu \u201echeck listu\u201c a vycha\u0301zi\u0301 z pracovni\u0301ch materia\u0301lu\u030a, ktere\u0301 pouz\u030ci\u0301val realizac\u030cni\u0301 ty\u0301m projektu MKC Praha v pr\u030ci\u0301pravne\u0301 fa\u0301zi workshopu pro mapova\u0301ni\u0301 situace.<\/p>","protected":false},"excerpt":{"rendered":"<p>V\u00fdstupy projekt\u016f s \u00fa\u010dast\u00ed HMP Manu\u00e1l lok\u00e1ln\u00ed integrace (projekt MIS, Sdru\u017een\u00ed pro integraci a migraci, 2020) Manua\u0301l loka\u0301lni\u0301 integrace. Je urc\u030cen pr\u030cedevs\u030ci\u0301m zame\u030cstnancu\u030am a zame\u030cstnankyni\u0301m u\u0301r\u030cadu\u030a mi\u0301stni\u0301ch samospra\u0301v \u2013 krajsky\u0301ch c\u030ci obecni\u0301ch, kter\u030ci\u0301 v praxi r\u030ces\u030ci\u0301 kaz\u030cdodenni\u0301 ota\u0301zky vza\u0301jemne\u0301ho souz\u030citi\u0301&#8230;<\/p>\n<a class=\"more-block\" href=\"https:\/\/metropolevsech.eu\/cs\/o-nas\/dobra-praxe-vzdelavani-pracovniku\/lokalni-integrace\/\">\u010c\u00edst v\u00edce<\/a>","protected":false},"author":12,"featured_media":0,"parent":17161,"menu_order":0,"comment_status":"closed","ping_status":"closed","template":"","meta":[],"acf":[],"_links":{"self":[{"href":"https:\/\/metropolevsech.eu\/cs\/wp-json\/wp\/v2\/pages\/17240"}],"collection":[{"href":"https:\/\/metropolevsech.eu\/cs\/wp-json\/wp\/v2\/pages"}],"about":[{"href":"https:\/\/metropolevsech.eu\/cs\/wp-json\/wp\/v2\/types\/page"}],"author":[{"embeddable":true,"href":"https:\/\/metropolevsech.eu\/cs\/wp-json\/wp\/v2\/users\/12"}],"replies":[{"embeddable":true,"href":"https:\/\/metropolevsech.eu\/cs\/wp-json\/wp\/v2\/comments?post=17240"}],"version-history":[{"count":2,"href":"https:\/\/metropolevsech.eu\/cs\/wp-json\/wp\/v2\/pages\/17240\/revisions"}],"predecessor-version":[{"id":17242,"href":"https:\/\/metropolevsech.eu\/cs\/wp-json\/wp\/v2\/pages\/17240\/revisions\/17242"}],"up":[{"embeddable":true,"href":"https:\/\/metropolevsech.eu\/cs\/wp-json\/wp\/v2\/pages\/17161"}],"wp:attachment":[{"href":"https:\/\/metropolevsech.eu\/cs\/wp-json\/wp\/v2\/media?parent=17240"}],"curies":[{"name":"wp","href":"https:\/\/api.w.org\/{rel}","templated":true}]}}