{"id":17248,"date":"2022-06-14T17:14:45","date_gmt":"2022-06-14T15:14:45","guid":{"rendered":"https:\/\/metropolevsech.eu\/?page_id=17248"},"modified":"2025-03-04T15:25:08","modified_gmt":"2025-03-04T14:25:08","slug":"zdravotnictvi-zdravi-a-pece","status":"publish","type":"page","link":"https:\/\/metropolevsech.eu\/cs\/o-nas\/dobra-praxe-vzdelavani-pracovniku\/zdravotnictvi-zdravi-a-pece\/","title":{"rendered":"Zdravotnictv\u00ed, zdrav\u00ed a p\u00e9\u010de"},"content":{"rendered":"<p><\/p>\n<ul class=\"bullet-links\">\n<li><a target=\"_blank\" href=\"https:\/\/www.mzcr.cz\/komunikacni-karty-pro-pacienty-cizince-a-zdravotniky\/\" rel=\"noopener\">Komunika\u010dn\u00ed karty pro pacienty cizince a zdravotn\u00edky<\/a><\/li>\n<\/ul>\n<p>Odbor zdravotn\u00edch slu\u017eeb ministerstva zdravotnictv\u00ed p\u0159ipravil dvojjazy\u010dn\u00e9 komunika\u010dn\u00ed pacientsk\u00e9 karty, kter\u00e9 maj\u00ed napomoci snaz\u0161\u00ed komunikaci mezi \u010desk\u00fdmi zdravotn\u00edky a jejich zahrani\u010dn\u00edmi pacienty.\u200b Karty jsou k dispozici v dev\u00edti jazykov\u00fdch mutac\u00edch a jsou tematicky rozd\u011bleny do p\u011bti oblast\u00ed. Ka\u017ed\u00e1 karta obsahuje soubor ot\u00e1zek v \u010desk\u00e9m jazyce, jejich p\u0159eklad do ciz\u00edho jazyka a tak\u00e9 fonetick\u00fd p\u0159epis v\u00fdslovnosti v tomto jazyce.<\/p>\n<ul class=\"bullet\">\n<li>D\u011btsk\u00e9 l\u00e9ka\u0159stv\u00ed<\/li>\n<li>Gynekologie a porodnictv\u00ed<\/li>\n<li>O\u0161et\u0159ovatelstv\u00ed<\/li>\n<li>Vnit\u0159n\u00ed l\u00e9ka\u0159stv\u00ed<\/li>\n<li>Seznam obt\u00ed\u017e\u00ed + strava<\/li>\n<\/ul>\n<ul class=\"bullet-links\">\n<li><a target=\"_blank\" href=\"https:\/\/mzd.gov.cz\/komunikacni-karta-pro-zdravotnickou-zachrannou-sluzbu-pro-komunikaci-s-cizinci\/\" rel=\"noopener\">Komunika\u010dn\u00ed karty pro Zdravotnickou z\u00e1chrannou slu\u017ebu pro komunikaci s cizinci<\/a><\/li>\n<\/ul>\n<p>Odbor zdravotn\u00edch slu\u017eeb ministerstva zdravotnictv\u00ed ve spolupr\u00e1ci se Zdravotnickou z\u00e1chrannou slu\u017ebou hl. m. Prahy p\u0159ipravil dvojjazy\u010dn\u00e9 komunika\u010dn\u00ed pacientsk\u00e9 karty, kter\u00e9 maj\u00ed napomoci snaz\u0161\u00ed komunikaci mezi \u010desk\u00fdmi zdravotn\u00edky a jejich zahrani\u010dn\u00edmi pacienty. Karty jsou k dispozici ve t\u0159in\u00e1cti jazykov\u00fdch mutac\u00edch a jsou tematicky rozd\u011bleny do \u0161estn\u00e1cti oblast\u00ed. Ka\u017ed\u00e1 karta obsahuje soubor ot\u00e1zek v \u010desk\u00e9m jazyce a jejich p\u0159eklad do ciz\u00edho jazyka.<\/p>","protected":false},"excerpt":{"rendered":"<p>Komunika\u010dn\u00ed karty pro pacienty cizince a zdravotn\u00edky Odbor zdravotn\u00edch slu\u017eeb ministerstva zdravotnictv\u00ed p\u0159ipravil dvojjazy\u010dn\u00e9 komunika\u010dn\u00ed pacientsk\u00e9 karty, kter\u00e9 maj\u00ed napomoci snaz\u0161\u00ed komunikaci mezi \u010desk\u00fdmi zdravotn\u00edky a jejich zahrani\u010dn\u00edmi pacienty.\u200b Karty jsou k dispozici v dev\u00edti jazykov\u00fdch mutac\u00edch a jsou tematicky&#8230;<\/p>\n<a class=\"more-block\" href=\"https:\/\/metropolevsech.eu\/cs\/o-nas\/dobra-praxe-vzdelavani-pracovniku\/zdravotnictvi-zdravi-a-pece\/\">\u010c\u00edst v\u00edce<\/a>","protected":false},"author":12,"featured_media":0,"parent":17161,"menu_order":3,"comment_status":"closed","ping_status":"closed","template":"","meta":[],"acf":[],"_links":{"self":[{"href":"https:\/\/metropolevsech.eu\/cs\/wp-json\/wp\/v2\/pages\/17248"}],"collection":[{"href":"https:\/\/metropolevsech.eu\/cs\/wp-json\/wp\/v2\/pages"}],"about":[{"href":"https:\/\/metropolevsech.eu\/cs\/wp-json\/wp\/v2\/types\/page"}],"author":[{"embeddable":true,"href":"https:\/\/metropolevsech.eu\/cs\/wp-json\/wp\/v2\/users\/12"}],"replies":[{"embeddable":true,"href":"https:\/\/metropolevsech.eu\/cs\/wp-json\/wp\/v2\/comments?post=17248"}],"version-history":[{"count":3,"href":"https:\/\/metropolevsech.eu\/cs\/wp-json\/wp\/v2\/pages\/17248\/revisions"}],"predecessor-version":[{"id":22002,"href":"https:\/\/metropolevsech.eu\/cs\/wp-json\/wp\/v2\/pages\/17248\/revisions\/22002"}],"up":[{"embeddable":true,"href":"https:\/\/metropolevsech.eu\/cs\/wp-json\/wp\/v2\/pages\/17161"}],"wp:attachment":[{"href":"https:\/\/metropolevsech.eu\/cs\/wp-json\/wp\/v2\/media?parent=17248"}],"curies":[{"name":"wp","href":"https:\/\/api.w.org\/{rel}","templated":true}]}}