{"id":17308,"date":"2022-06-21T15:45:36","date_gmt":"2022-06-21T13:45:36","guid":{"rendered":"https:\/\/metropolevsech.eu\/?page_id=17308"},"modified":"2023-04-15T14:16:22","modified_gmt":"2023-04-15T12:16:22","slug":"knihovny","status":"publish","type":"page","link":"https:\/\/metropolevsech.eu\/cs\/o-nas\/dobra-praxe-vzdelavani-pracovniku\/knihovny\/","title":{"rendered":"Knihovny, domy d\u011bt\u00ed a ml\u00e1de\u017ee a galerie"},"content":{"rendered":"<p><strong>N\u00e1rodn\u00ed knihovna \u010cR<\/strong><\/p>\n<p><a target=\"_blank\" href=\"https:\/\/ipk.nkp.cz\/odborne-cinnosti\/interkulturni-knihovnictvi\" rel=\"noopener\">Plak\u00e1ty a let\u00e1ky pro knihovny (interkulturn\u00ed knihovnictv\u00ed)<\/a><\/p>\n<ul class=\"bullet\">\n<li><strong>Domy d\u011bt\u00ed a ml\u00e1de\u017ee (DDM)<\/strong><\/li>\n<\/ul>\n<p>Infolet\u00e1k o slu\u017eb\u00e1ch \u2013 <a href=\"https:\/\/metropolevsech.eu\/wp-content\/uploads\/2022\/09\/MKP_Obecny-letak_AJ.pdf\">anglicky<\/a>, <a href=\"https:\/\/metropolevsech.eu\/wp-content\/uploads\/2022\/09\/MKP_Obecny-letak_UKR.pdf\">ukrajinsky<\/a>, <a href=\"https:\/\/metropolevsech.eu\/wp-content\/uploads\/2022\/09\/MKP_Obecny-letak_RJ.pdf\">rusky<\/a>, <a href=\"https:\/\/metropolevsech.eu\/wp-content\/uploads\/2022\/09\/MKP_Obecny-letak_VJ.pdf\">vietnamsky<\/a><\/p>\n<p><a href=\"https:\/\/metropolevsech.eu\/wp-content\/uploads\/2023\/01\/metodicka_prirucka_ddm_A4_fina\u0301lni\u0301-verze.pdf\">Interkulturn\u00ed otev\u0159enost v prost\u0159ed\u00ed dom\u016f d\u011bt\u00ed a ml\u00e1de\u017ee &#8211; <\/a>metodick\u00e1 p\u0159\u00edru\u010dka pro za\u010dle\u0148ov\u00e1n\u00ed d\u011bt\u00ed s odli\u0161n\u00fdm mate\u0159sk\u00fdm jazykem<\/p>\n<ul class=\"bullet\">\n<li><strong>M\u011bstsk\u00e1 knihovna v Praze (MKP)<\/strong><\/li>\n<\/ul>\n<p>Infolet\u00e1k \u2013 v\u0161eobecn\u011b o slu\u017eb\u00e1ch MKP \u2013 <a target=\"_blank\" href=\"https:\/\/metropolevsech.eu\/wp-content\/uploads\/2022\/12\/Obecny_letak_AJ.pdf\" rel=\"noopener\">anglicky<\/a>, <a target=\"_blank\" href=\"https:\/\/metropolevsech.eu\/wp-content\/uploads\/2022\/12\/Obecny_letak_UKR.pdf\" rel=\"noopener\">ukrajinsky<\/a>, <a target=\"_blank\" href=\"https:\/\/metropolevsech.eu\/wp-content\/uploads\/2022\/12\/Obecny_letak_RJ.pdf\" rel=\"noopener\">rusky<\/a>, <a target=\"_blank\" href=\"https:\/\/metropolevsech.eu\/wp-content\/uploads\/2022\/12\/Obecny_letak_VJ.pdf\" rel=\"noopener\">vietnamsky<\/a><\/p>\n<p>Infolet\u00e1k \u2013 kreativn\u00ed centra MKP \u2013 <a target=\"_blank\" href=\"https:\/\/metropolevsech.eu\/wp-content\/uploads\/2022\/04\/MKP_2022_kreativni-centra_eng.pdf\" rel=\"noopener\">anglicky<\/a>, <a target=\"_blank\" href=\"https:\/\/metropolevsech.eu\/wp-content\/uploads\/2022\/04\/MKP_2022_kreativni-centra_ukr-1.pdf\" rel=\"noopener\">ukrajinsky<\/a>, <a target=\"_blank\" href=\"https:\/\/metropolevsech.eu\/wp-content\/uploads\/2022\/04\/MKP_2022_kreativni-centra_ru.pdf\" rel=\"noopener\">rusky<\/a>, <a href=\"https:\/\/metropolevsech.eu\/wp-content\/uploads\/2022\/04\/MKP_2022_kreativni-centra_viet.pdf\">vietnamsky<\/a> <a target=\"_blank\" href=\"https:\/\/metropolevsech.eu\/wp-content\/uploads\/2022\/04\/MKP_2022_kreativni-centra_viet.pdf\" rel=\"noopener\"><\/a><\/p>\n<p>Infolet\u00e1k \u2013 pro rodi\u010de d\u011btsk\u00fdch \u010dten\u00e1\u0159\u016f \u2013 <a target=\"_blank\" href=\"https:\/\/metropolevsech.eu\/wp-content\/uploads\/2022\/12\/OMJ_AJ_A5.pdf\" rel=\"noopener\">anglicky<\/a>, <a target=\"_blank\" href=\"https:\/\/metropolevsech.eu\/wp-content\/uploads\/2022\/12\/OMJ_UKR_A5.pdf\" rel=\"noopener\">ukra<\/a><a href=\"https:\/\/metropolevsech.eu\/wp-content\/uploads\/2022\/12\/OMJ_UKR_A5.pdf\"><\/a><a target=\"_blank\" href=\"https:\/\/metropolevsech.eu\/wp-content\/uploads\/2022\/04\/MKP-OMJ_UKR_bez-orezek.pdf\" rel=\"noopener\">jinsky<\/a>, <a href=\"https:\/\/metropolevsech.eu\/wp-content\/uploads\/2022\/12\/OMJ_RJ_A5.pdf\">rusky<\/a><a href=\"https:\/\/metropolevsech.eu\/wp-content\/uploads\/2022\/12\/OMJ_RJ_A5.pdf\"><\/a>, <a href=\"https:\/\/metropolevsech.eu\/wp-content\/uploads\/2022\/12\/OMJ_VJ_A5.pdf\">vietnamsky<\/a><\/p>\n<p><a href=\"https:\/\/issuu.com\/mestskaknihovnavpraze\/docs\/metodick_p_ru_ka\">Pr\u00e1ce s cizinci a interkulturn\u00ed otev\u0159enost v prost\u0159ed\u00ed M\u011bstsk\u00e9 knihovny v Praze<\/a>\u00a0\u2013 metodick\u00e1 p\u0159\u00edru\u010dka<\/p>\n<ul class=\"bullet\">\n<li><strong>Galerie HMP<\/strong><\/li>\n<\/ul>\n<p>Eduka\u010dn\u00ed centrum Galerie HMP \u2013 <a href=\"https:\/\/metropolevsech.eu\/wp-content\/uploads\/2022\/06\/A5_edu_center_cz.pdf\">\u010desky<\/a>, <a href=\"https:\/\/metropolevsech.eu\/wp-content\/uploads\/2022\/06\/A5_edu_center_eng.pdf\">anglicky<\/a>, <a href=\"https:\/\/metropolevsech.eu\/wp-content\/uploads\/2022\/06\/A5_edu_center_ukr.pdf\">ukrajinsky<\/a>, <a href=\"https:\/\/metropolevsech.eu\/wp-content\/uploads\/2022\/06\/GHMP_edu_center_ru.pdf\">rusky<\/a>, <a href=\"https:\/\/metropolevsech.eu\/wp-content\/uploads\/2022\/06\/A5_edu_center_viet.pdf\">vietnamsky<\/a>, <a href=\"https:\/\/metropolevsech.eu\/wp-content\/uploads\/2022\/06\/GHMP_edu_center_esp.pdf\">\u0161pan\u011blsky<\/a><\/p>\n<p>Letn\u00ed v\u00fdtvarn\u00e9 d\u00edlny Galerie HMP \u2013 <a href=\"https:\/\/metropolevsech.eu\/wp-content\/uploads\/2022\/06\/GHMP_A5_vytvarne_dilny_cz_2022_web.pdf\">\u010desky<\/a>, <a href=\"https:\/\/metropolevsech.eu\/wp-content\/uploads\/2022\/06\/GHMP_A5_vytvarne_dilny_eng_2022_web.pdf\">anglicky<\/a>, <a href=\"https:\/\/metropolevsech.eu\/wp-content\/uploads\/2022\/06\/GHMP_A5_vytvarne_dilny_ukr_2022_web.pdf\">ukrajinsky<\/a>, <a href=\"https:\/\/metropolevsech.eu\/wp-content\/uploads\/2022\/06\/GHMP_A5_vytvarne_dilny_rj_2022_web.pdf\">rusky<\/a>, <a href=\"https:\/\/metropolevsech.eu\/wp-content\/uploads\/2022\/06\/GHMP_A5_vytvarne_dilny_viet_2022_web.pdf\">vietnamsky<\/a>, <a href=\"https:\/\/metropolevsech.eu\/wp-content\/uploads\/2022\/06\/a5_vytvarne_dilny_es_web_2022.pdf\">\u0161pan\u011blsky<\/a><\/p>\n<p>&nbsp;<\/p>","protected":false},"excerpt":{"rendered":"<p>N\u00e1rodn\u00ed knihovna \u010cR Plak\u00e1ty a let\u00e1ky pro knihovny (interkulturn\u00ed knihovnictv\u00ed) Domy d\u011bt\u00ed a ml\u00e1de\u017ee (DDM) Infolet\u00e1k o slu\u017eb\u00e1ch \u2013 anglicky, ukrajinsky, rusky, vietnamsky Interkulturn\u00ed otev\u0159enost v prost\u0159ed\u00ed dom\u016f d\u011bt\u00ed a ml\u00e1de\u017ee &#8211; metodick\u00e1 p\u0159\u00edru\u010dka pro za\u010dle\u0148ov\u00e1n\u00ed d\u011bt\u00ed s odli\u0161n\u00fdm mate\u0159sk\u00fdm&#8230;<\/p>\n<a class=\"more-block\" href=\"https:\/\/metropolevsech.eu\/cs\/o-nas\/dobra-praxe-vzdelavani-pracovniku\/knihovny\/\">\u010c\u00edst v\u00edce<\/a>","protected":false},"author":12,"featured_media":0,"parent":17161,"menu_order":2,"comment_status":"closed","ping_status":"closed","template":"","meta":[],"acf":[],"_links":{"self":[{"href":"https:\/\/metropolevsech.eu\/cs\/wp-json\/wp\/v2\/pages\/17308"}],"collection":[{"href":"https:\/\/metropolevsech.eu\/cs\/wp-json\/wp\/v2\/pages"}],"about":[{"href":"https:\/\/metropolevsech.eu\/cs\/wp-json\/wp\/v2\/types\/page"}],"author":[{"embeddable":true,"href":"https:\/\/metropolevsech.eu\/cs\/wp-json\/wp\/v2\/users\/12"}],"replies":[{"embeddable":true,"href":"https:\/\/metropolevsech.eu\/cs\/wp-json\/wp\/v2\/comments?post=17308"}],"version-history":[{"count":10,"href":"https:\/\/metropolevsech.eu\/cs\/wp-json\/wp\/v2\/pages\/17308\/revisions"}],"predecessor-version":[{"id":18927,"href":"https:\/\/metropolevsech.eu\/cs\/wp-json\/wp\/v2\/pages\/17308\/revisions\/18927"}],"up":[{"embeddable":true,"href":"https:\/\/metropolevsech.eu\/cs\/wp-json\/wp\/v2\/pages\/17161"}],"wp:attachment":[{"href":"https:\/\/metropolevsech.eu\/cs\/wp-json\/wp\/v2\/media?parent=17308"}],"curies":[{"name":"wp","href":"https:\/\/api.w.org\/{rel}","templated":true}]}}