{"id":17505,"date":"2022-08-02T21:31:13","date_gmt":"2022-08-02T19:31:13","guid":{"rendered":"https:\/\/metropolevsech.eu\/?page_id=17505"},"modified":"2022-12-12T10:35:30","modified_gmt":"2022-12-12T09:35:30","slug":"projekty-a-spoluprace-s-hmp","status":"publish","type":"page","link":"https:\/\/metropolevsech.eu\/cs\/o-nas\/projekty-a-spoluprace-s-hmp\/","title":{"rendered":"Projekty a spolupr\u00e1ce s HMP"},"content":{"rendered":"<p>V t\u00e9to \u010d\u00e1sti webu Praha &#8211; Metropole v\u0161ech pro v\u00e1s shroma\u017e\u010fujeme v\u00fdb\u011br t\u011bch nejlep\u0161\u00edch \u010desk\u00fdch i zahrani\u010dn\u00edch projekt\u016f, na kter\u00fdch se pod\u00edlelo nebo pod\u00edl\u00ed Hlavn\u00ed m\u011bsto Praha. Jsme r\u00e1di, \u017ee m\u016f\u017eeme b\u00fdt sou\u010d\u00e1st\u00ed r\u016fznorod\u00fdch inovativn\u00edch projekt\u016f, a to jak neziskov\u00fdch organizac\u00ed, m\u011bstsk\u00fdch \u010d\u00e1st\u00ed, nebo projekt\u016f se zahrani\u010dn\u00edmi partnery. Z\u00e1rove\u0148 v\u00e1m zde nab\u00edz\u00edme i mo\u017enost se pod\u00edlet na obsahu webov\u00fdch str\u00e1nek a informovat o sv\u00fdch aktivit\u00e1ch.<\/p>\n<ul class=\"bullet\">\n<li><a href=\"https:\/\/metropolevsech.eu\/cs\/o-nas\/projekty-a-spoluprace-s-hmp\/mesta-a-inkluzivni-strategie\/\">Projekty s neziskov\u00fdmi organizacemi<\/a><\/li>\n<li><a href=\"https:\/\/metropolevsech.eu\/cs\/o-nas\/projekty-a-spoluprace-s-hmp\/zahranicni-spoluprace\/\">Zahrani\u010dn\u00ed spolupr\u00e1ce<\/a><\/li>\n<li><a href=\"https:\/\/metropolevsech.eu\/cs\/jak-propagovat-vase-aktivity\/\">Jak propagovat va\u0161e aktivity<\/a><\/li>\n<\/ul>\n<p><\/p>","protected":false},"excerpt":{"rendered":"<p>V t\u00e9to \u010d\u00e1sti webu Praha &#8211; Metropole v\u0161ech pro v\u00e1s shroma\u017e\u010fujeme v\u00fdb\u011br t\u011bch nejlep\u0161\u00edch \u010desk\u00fdch i zahrani\u010dn\u00edch projekt\u016f, na kter\u00fdch se pod\u00edlelo nebo pod\u00edl\u00ed Hlavn\u00ed m\u011bsto Praha. Jsme r\u00e1di, \u017ee m\u016f\u017eeme b\u00fdt sou\u010d\u00e1st\u00ed r\u016fznorod\u00fdch inovativn\u00edch projekt\u016f, a to jak neziskov\u00fdch&#8230;<\/p>\n<a class=\"more-block\" href=\"https:\/\/metropolevsech.eu\/cs\/o-nas\/projekty-a-spoluprace-s-hmp\/\">\u010c\u00edst v\u00edce<\/a>","protected":false},"author":12,"featured_media":0,"parent":8,"menu_order":1,"comment_status":"closed","ping_status":"closed","template":"","meta":[],"acf":[],"_links":{"self":[{"href":"https:\/\/metropolevsech.eu\/cs\/wp-json\/wp\/v2\/pages\/17505"}],"collection":[{"href":"https:\/\/metropolevsech.eu\/cs\/wp-json\/wp\/v2\/pages"}],"about":[{"href":"https:\/\/metropolevsech.eu\/cs\/wp-json\/wp\/v2\/types\/page"}],"author":[{"embeddable":true,"href":"https:\/\/metropolevsech.eu\/cs\/wp-json\/wp\/v2\/users\/12"}],"replies":[{"embeddable":true,"href":"https:\/\/metropolevsech.eu\/cs\/wp-json\/wp\/v2\/comments?post=17505"}],"version-history":[{"count":5,"href":"https:\/\/metropolevsech.eu\/cs\/wp-json\/wp\/v2\/pages\/17505\/revisions"}],"predecessor-version":[{"id":18218,"href":"https:\/\/metropolevsech.eu\/cs\/wp-json\/wp\/v2\/pages\/17505\/revisions\/18218"}],"up":[{"embeddable":true,"href":"https:\/\/metropolevsech.eu\/cs\/wp-json\/wp\/v2\/pages\/8"}],"wp:attachment":[{"href":"https:\/\/metropolevsech.eu\/cs\/wp-json\/wp\/v2\/media?parent=17505"}],"curies":[{"name":"wp","href":"https:\/\/api.w.org\/{rel}","templated":true}]}}