{"id":17534,"date":"2022-08-02T22:14:18","date_gmt":"2022-08-02T20:14:18","guid":{"rendered":"https:\/\/metropolevsech.eu\/?page_id=17534"},"modified":"2024-12-16T21:22:53","modified_gmt":"2024-12-16T20:22:53","slug":"zahranicni-spoluprace","status":"publish","type":"page","link":"https:\/\/metropolevsech.eu\/cs\/o-nas\/projekty-a-spoluprace-s-hmp\/zahranicni-spoluprace\/","title":{"rendered":"Zahrani\u010dn\u00ed spolupr\u00e1ce"},"content":{"rendered":"<p>V t\u00e9to \u010d\u00e1sti naleznete vybran\u00e9 projekty, kter\u00e9 byly a jsou realizov\u00e1ny se zahrani\u010dn\u00edmi partnery a kter\u00fdch se Hlavn\u00ed m\u011bsto Praha \u00fa\u010dastnilo financov\u00e1n\u00edm, nebo jinou spoluprac\u00ed.<\/p>\n<p>&nbsp;<\/p>\n<ul class=\"bullet links\">\n<li><span style=\"font-weight: 400;\"><a href=\"https:\/\/metropolevsech.eu\/cs\/o-nas\/projekty-a-spoluprace-s-hmp\/zahranicni-spoluprace\/projekt-unites-hl-m-praha-partnerem-v-mezinarodnim-projektu-o-integraci\/\">Projekt UNITES<\/a> &#8211; Hl. m. Praha partnerem v mezin\u00e1rodn\u00edm projektu o integraci (2022 &#8211; 2024)<\/span><\/li>\n<li><a href=\"https:\/\/metropolevsech.eu\/cs\/o-nas\/projekty-a-spoluprace-s-hmp\/zahranicni-spoluprace\/integra-integrace-cizincu-ze-tretich-zemi-skrze-partnerstvi-na-urovni-mest\/\">projekt INTEGRA<\/a> \u2013 Integrace cizinc\u016f ze t\u0159et\u00edch zem\u00ed skrze partnerstv\u00ed na \u00farovni m\u011bst (Leden 2018 \u2013 Prosinec 2019)<\/li>\n<\/ul>\n<p>&nbsp;<\/p>","protected":false},"excerpt":{"rendered":"<p>V t\u00e9to \u010d\u00e1sti naleznete vybran\u00e9 projekty, kter\u00e9 byly a jsou realizov\u00e1ny se zahrani\u010dn\u00edmi partnery a kter\u00fdch se Hlavn\u00ed m\u011bsto Praha \u00fa\u010dastnilo financov\u00e1n\u00edm, nebo jinou spoluprac\u00ed. &nbsp; Projekt UNITES &#8211; Hl. m. Praha partnerem v mezin\u00e1rodn\u00edm projektu o integraci (2022 &#8211;&#8230;<\/p>\n<a class=\"more-block\" href=\"https:\/\/metropolevsech.eu\/cs\/o-nas\/projekty-a-spoluprace-s-hmp\/zahranicni-spoluprace\/\">\u010c\u00edst v\u00edce<\/a>","protected":false},"author":12,"featured_media":0,"parent":17505,"menu_order":1,"comment_status":"closed","ping_status":"closed","template":"","meta":[],"acf":[],"_links":{"self":[{"href":"https:\/\/metropolevsech.eu\/cs\/wp-json\/wp\/v2\/pages\/17534"}],"collection":[{"href":"https:\/\/metropolevsech.eu\/cs\/wp-json\/wp\/v2\/pages"}],"about":[{"href":"https:\/\/metropolevsech.eu\/cs\/wp-json\/wp\/v2\/types\/page"}],"author":[{"embeddable":true,"href":"https:\/\/metropolevsech.eu\/cs\/wp-json\/wp\/v2\/users\/12"}],"replies":[{"embeddable":true,"href":"https:\/\/metropolevsech.eu\/cs\/wp-json\/wp\/v2\/comments?post=17534"}],"version-history":[{"count":6,"href":"https:\/\/metropolevsech.eu\/cs\/wp-json\/wp\/v2\/pages\/17534\/revisions"}],"predecessor-version":[{"id":21353,"href":"https:\/\/metropolevsech.eu\/cs\/wp-json\/wp\/v2\/pages\/17534\/revisions\/21353"}],"up":[{"embeddable":true,"href":"https:\/\/metropolevsech.eu\/cs\/wp-json\/wp\/v2\/pages\/17505"}],"wp:attachment":[{"href":"https:\/\/metropolevsech.eu\/cs\/wp-json\/wp\/v2\/media?parent=17534"}],"curies":[{"name":"wp","href":"https:\/\/api.w.org\/{rel}","templated":true}]}}