{"id":18202,"date":"2022-12-08T21:12:36","date_gmt":"2022-12-08T20:12:36","guid":{"rendered":"https:\/\/metropolevsech.eu\/?page_id=18202"},"modified":"2025-11-11T11:33:48","modified_gmt":"2025-11-11T10:33:48","slug":"jak-propagovat-vase-aktivity","status":"publish","type":"page","link":"https:\/\/metropolevsech.eu\/cs\/o-nas\/projekty-a-spoluprace-s-hmp\/jak-propagovat-vase-aktivity\/","title":{"rendered":"Jak propagovat va\u0161e aktivity"},"content":{"rendered":"<p><img loading=\"lazy\" class=\"alignright size-full wp-image-18252\" src=\"https:\/\/metropolevsech.eu\/wp-content\/uploads\/2022\/12\/mhmpmockup.png\" alt=\"\" width=\"1200\" height=\"630\" srcset=\"https:\/\/metropolevsech.eu\/wp-content\/uploads\/2022\/12\/mhmpmockup.png 1200w, https:\/\/metropolevsech.eu\/wp-content\/uploads\/2022\/12\/mhmpmockup-300x158.png 300w, https:\/\/metropolevsech.eu\/wp-content\/uploads\/2022\/12\/mhmpmockup-1040x546.png 1040w, https:\/\/metropolevsech.eu\/wp-content\/uploads\/2022\/12\/mhmpmockup-768x403.png 768w, https:\/\/metropolevsech.eu\/wp-content\/uploads\/2022\/12\/mhmpmockup-670x352.png 670w\" sizes=\"(max-width: 1200px) 100vw, 1200px\" \/><\/p>\n<p><span style=\"font-weight: 400;\">Jste nevl\u00e1dn\u00ed neziskov\u00e1 organizace, migrantsk\u00fd spolek, pra\u017esk\u00e1 m\u011bstsk\u00e1 \u010d\u00e1st nebo ve\u0159ejn\u00e1 instituce (nap\u0159. \u0161kola, DDM \u010di knihovna) a cht\u011bli byste propagovat sv\u00e9 nekomer\u010dn\u00ed aktivity \u010di jak\u00e9koliv jin\u00e9 informace o va\u0161\u00ed \u010dinnosti (nap\u0159. m\u011bs\u00ed\u010dn\u00ed program centra, v\u00fdstupy projektu, p\u0159\u00edru\u010dky, anal\u00fdzy) na webu a facebooku Metropole v\u0161ech? M\u016f\u017eete p\u0159ipravit kr\u00e1tk\u00fd p\u0159\u00edsp\u011bvek, kter\u00fd zve\u0159ejn\u00edme na hlavn\u00ed stran\u011b tohoto webu v sekci <a href=\"https:\/\/metropolevsech.eu\/cs\/news\/\">Novinky<\/a> nebo <a href=\"https:\/\/metropolevsech.eu\/cs\/events\/\">Akce<\/a>. Pokud m\u00e1te k dispozici zaj\u00edmav\u00fd rozhovor nebo inspirativn\u00ed p\u0159\u00edb\u011bh cizince \u017eij\u00edc\u00edho v Praze, r\u00e1di ho budeme\u00a0 sd\u00edlet v sekci <a href=\"https:\/\/metropolevsech.eu\/cs\/expats\/\">Pra\u017ean\u00e9 z r\u016fzn\u00fdch kout\u016f sv\u011bta<\/a>.<\/span><\/p>\n<p><span style=\"font-weight: 400;\">P\u0159\u00edsp\u011bvky n\u00e1m za\u0161lete na emailovou adresu: <\/span><a href=\"mailto:integrace@praha.eu\"><span style=\"font-weight: 400;\">integrace@praha.eu.<\/span><\/a><\/p>\n<p><span style=\"font-weight: 400;\">P\u0159in\u00e1\u0161\u00edme n\u011bkolik tip\u016f, jak vytvo\u0159it p\u0159\u00edsp\u011bvek:\u00a0<\/span><\/p>\n<p><b>Z\u00e1kladn\u00ed pokyny k podob\u011b textu k uve\u0159ejn\u011bn\u00ed na webu<\/b><\/p>\n<ul class=\"bullet\">\n<li style=\"font-weight: 400;\" aria-level=\"1\"><span style=\"font-weight: 400;\">Pi\u0161te o sv\u00e9 organizaci <\/span><b>ve t\u0159et\u00ed osob\u011b<\/b><span style=\"font-weight: 400;\"> (nap\u0159. InB\u00e1ze, z.s. nab\u00edz\u00ed kurzy \u010desk\u00e9ho jazyka pro d\u011bti i dosp\u011bl\u00e9&#8230;).<\/span><\/li>\n<li style=\"font-weight: 400;\" aria-level=\"1\"><span style=\"font-weight: 400;\">Text mus\u00ed b\u00fdt <\/span><b>srozumiteln\u00fd i cizinc\u016fm<\/b><span style=\"font-weight: 400;\">, proto nepou\u017e\u00edvejte nezn\u00e1m\u00e9 zkratky nebo specifick\u00e1 slovn\u00ed spojen\u00ed bez vysv\u011btlen\u00ed \u010di kontextu (nap\u0159. ladovsk\u00e1 zima :-)).<\/span><\/li>\n<li style=\"font-weight: 400;\" aria-level=\"1\"><span style=\"font-weight: 400;\">Podklady <\/span><b>zas\u00edlejte nejl\u00e9pe 2 a\u017e 3 t\u00fddny p\u0159ed jejich kon\u00e1n\u00edm<\/b><span style=\"font-weight: 400;\"> \u2013 texty se p\u0159ekl\u00e1daj\u00ed do angli\u010dtiny, ru\u0161tiny, ukrajin\u0161tiny a vietnam\u0161tiny a je proto t\u0159eba m\u00edt dostate\u010dn\u00fd \u010dasov\u00fd p\u0159edstih pro uve\u0159ejn\u011bn\u00ed informace ve v\u0161ech jazykov\u00fdch mutac\u00edch.<\/span><\/li>\n<li style=\"font-weight: 400;\" aria-level=\"1\"><b>P\u0159ipojte fotky, plak\u00e1ty nebo dal\u0161\u00ed materi\u00e1ly ke zve\u0159ejn\u011bn\u00ed<\/b><span style=\"font-weight: 400;\">. Maxim\u00e1ln\u00ed velikost souboru je 2MB.<\/span><\/li>\n<\/ul>\n<p><span style=\"font-weight: 400;\">Za\u0161lete i podklady v jin\u00fdch jazyc\u00edch, m\u00e1te-li je k dispozici. P\u0159ekl\u00e1d\u00e1me i texty plak\u00e1t\u016f, pokud nejsou v\u0161echny informace zahrnuty v textu akce.<\/span><\/p>\n<h4><b>NOVINKY <\/b><span style=\"font-weight: 400;\">jsou ur\u010deny nap\u0159. k informov\u00e1n\u00ed o:<\/span><\/h4>\n<ul class=\"bullet\">\n<li style=\"font-weight: 400;\" aria-level=\"1\"><span style=\"font-weight: 400;\">v\u00fdznamn\u011bj\u0161\u00edch zm\u011bn\u00e1ch, dlouhodob\u00fdch aktivit\u00e1ch \u010di novink\u00e1ch v \u010dinnosti NNO (nap\u0159. nov\u00e9 slu\u017eby, projekty), \u00fa\u0159ad\u016f apod.,<\/span><\/li>\n<li style=\"font-weight: 400;\" aria-level=\"1\"><span style=\"font-weight: 400;\">aktu\u00e1ln\u00ed nab\u00eddce kurz\u016f,<\/span><\/li>\n<li style=\"font-weight: 400;\" aria-level=\"1\"><span style=\"font-weight: 400;\">sout\u011b\u017e\u00edch a aktivit\u00e1ch, kter\u00e9 se nevztahuj\u00ed pouze k jednomu dni, ale jsou souvislej\u0161\u00edho charakteru (nap\u0159. program aktivit NNO dan\u00fd m\u011bs\u00edc, s\u00e9rie opakuj\u00edc\u00edch se aktivit &#8211; semin\u00e1\u0159\u016f, workshop\u016f apod.).<\/span><\/li>\n<\/ul>\n<p><strong>Jak vytvo\u0159it p\u0159\u00edsp\u011bvek do sekce NOVINKY?<\/strong><br \/>\n<div class=\"box-ok\"><\/p>\n<p><b>Kr\u00e1tk\u00fd nadpis<\/b><\/p>\n<p>Text novinky v rozsahu <b>maxim\u00e1ln\u011b p\u016fl normostrany<\/b><\/p>\n<p>Odkaz na <b>webov\u00e9 str\u00e1nky, facebook, dal\u0161\u00ed soci\u00e1ln\u00ed s\u00edt\u011b<\/b> <i>(\u201eV\u00edce informac\u00ed se dozv\u00edte na \u2026\u201c<\/i>)<\/p>\n<p><\/div><\/p>\n<h4><b>AKCE <\/b><span style=\"font-weight: 400;\">\u00a0jsou ur\u010deny nap\u0159. k informov\u00e1n\u00ed o jednor\u00e1zov\u00fdch<\/span><b> aktivit\u00e1ch NNO, M\u010c a dal\u0161\u00edch organizac\u00ed vztahuj\u00edc\u00edch se ke konkr\u00e9tn\u00edmu datu \u010di krat\u0161\u00edmu \u010dasov\u00e9mu \u00faseku<\/b><span style=\"font-weight: 400;\"> (festivaly, v\u00fdlety, jednor\u00e1zov\u00e9 semin\u00e1\u0159e a workshopy, obecn\u011b kulturn\u00ed, volno\u010dasov\u00e9 a sportovn\u00ed akce).<\/span><\/h4>\n<p><strong>Jak vytvo\u0159it p\u0159\u00edsp\u011bvek do sekce AKCE?<\/strong><br \/>\n<div class=\"box-ok\"><\/p>\n<p><b>Kr\u00e1tk\u00fd nadpis<\/b><\/p>\n<p>Popis akce v rozsahu <b>maxim\u00e1ln\u011b p\u016fl normostrany<\/b>. Pros\u00edm <b>nezapome\u0148te zahrnout<\/b>:<\/p>\n<ul>\n<li>\u2014 N\u00e1zev akce, obsah<\/li>\n<li>\u2014 Kdy a kde se kon\u00e1<\/li>\n<li>\u2014 Pro koho je ur\u010dena<\/li>\n<li>\u2014 Informace o vstupn\u00e9m \u010di zda je vstup zdarma<\/li>\n<li>\u2014 Zda je t\u0159eba se dop\u0159edu p\u0159ihl\u00e1sit\/registrovat \u2013 p\u0159ipojit odkaz na reg. formul\u00e1\u0159 \u010di odpov\u011bdnou osobu<\/li>\n<li>\u2014 Odkaz na <b>webov\u00e9 str\u00e1nky, facebook, dal\u0161\u00ed soci\u00e1ln\u00ed s\u00edt\u011b<\/b> <i>(\u201eV\u00edce informac\u00ed se dozv\u00edte na \u2026\u201c<\/i>)<\/li>\n<\/ul>\n<p><\/div><\/p>","protected":false},"excerpt":{"rendered":"<p>Jste nevl\u00e1dn\u00ed neziskov\u00e1 organizace, migrantsk\u00fd spolek, pra\u017esk\u00e1 m\u011bstsk\u00e1 \u010d\u00e1st nebo ve\u0159ejn\u00e1 instituce (nap\u0159. \u0161kola, DDM \u010di knihovna) a cht\u011bli byste propagovat sv\u00e9 nekomer\u010dn\u00ed aktivity \u010di jak\u00e9koliv jin\u00e9 informace o va\u0161\u00ed \u010dinnosti (nap\u0159. m\u011bs\u00ed\u010dn\u00ed program centra, v\u00fdstupy projektu, p\u0159\u00edru\u010dky, anal\u00fdzy) na&#8230;<\/p>\n<a class=\"more-block\" href=\"https:\/\/metropolevsech.eu\/cs\/o-nas\/projekty-a-spoluprace-s-hmp\/jak-propagovat-vase-aktivity\/\">\u010c\u00edst v\u00edce<\/a>","protected":false},"author":7,"featured_media":0,"parent":17505,"menu_order":3,"comment_status":"closed","ping_status":"closed","template":"","meta":[],"acf":[],"_links":{"self":[{"href":"https:\/\/metropolevsech.eu\/cs\/wp-json\/wp\/v2\/pages\/18202"}],"collection":[{"href":"https:\/\/metropolevsech.eu\/cs\/wp-json\/wp\/v2\/pages"}],"about":[{"href":"https:\/\/metropolevsech.eu\/cs\/wp-json\/wp\/v2\/types\/page"}],"author":[{"embeddable":true,"href":"https:\/\/metropolevsech.eu\/cs\/wp-json\/wp\/v2\/users\/7"}],"replies":[{"embeddable":true,"href":"https:\/\/metropolevsech.eu\/cs\/wp-json\/wp\/v2\/comments?post=18202"}],"version-history":[{"count":39,"href":"https:\/\/metropolevsech.eu\/cs\/wp-json\/wp\/v2\/pages\/18202\/revisions"}],"predecessor-version":[{"id":23984,"href":"https:\/\/metropolevsech.eu\/cs\/wp-json\/wp\/v2\/pages\/18202\/revisions\/23984"}],"up":[{"embeddable":true,"href":"https:\/\/metropolevsech.eu\/cs\/wp-json\/wp\/v2\/pages\/17505"}],"wp:attachment":[{"href":"https:\/\/metropolevsech.eu\/cs\/wp-json\/wp\/v2\/media?parent=18202"}],"curies":[{"name":"wp","href":"https:\/\/api.w.org\/{rel}","templated":true}]}}