{"id":18273,"date":"2022-01-26T21:42:31","date_gmt":"2022-01-26T20:42:31","guid":{"rendered":"https:\/\/metropolevsech.eu\/?page_id=18273"},"modified":"2023-10-29T18:30:40","modified_gmt":"2023-10-29T17:30:40","slug":"domy-deti-a-mladeze-ddm","status":"publish","type":"page","link":"https:\/\/metropolevsech.eu\/cs\/praha\/volny-cas\/deti\/domy-deti-a-mladeze-ddm\/","title":{"rendered":"Domy d\u011bt\u00ed a ml\u00e1de\u017ee (DDM)"},"content":{"rendered":"<p><i><span style=\"font-weight: 400;\">Domy d\u011bt\u00ed a ml\u00e1de\u017ee, nebo tak\u00e9 zkratkou naz\u00fdvan\u00e9 DDM jsou centrem dobr\u00e9 z\u00e1bavy a vzd\u011bl\u00e1v\u00e1n\u00ed, kde mohou lid\u00e9 v\u0161ech v\u011bkov\u00fdch kategori\u00ed rozv\u00edjet sv\u00e9 z\u00e1jmy a talenty a smyslupln\u011b tak tr\u00e1vit sv\u016fj voln\u00fd \u010das. Nab\u00edz\u00ed \u0161irokou \u0161k\u00e1lu volno\u010dasov\u00fdch aktivit pro d\u011bti, ml\u00e1de\u017e i dosp\u011bl\u00e9 za dostupn\u00e9 ceny. A\u0165 u\u017e se vy nebo va\u0161e d\u011bti zaj\u00edm\u00e1te o po\u010d\u00edta\u010de, hudbu, sport, um\u011bn\u00ed, p\u0159\u00edrodu, techniku \u010di v\u011bdu, v\u00a0DDM si jist\u011b p\u0159ijdete na sv\u00e9! Zde se dozv\u00edte, jak DDM funguj\u00ed a jak\u00e9 aktivity nab\u00edzej\u00ed.\u00a0<\/span><\/i><\/p>\n<p><b>Aktivity DDM:<\/b><\/p>\n<ul class=\"bullet\">\n<li style=\"font-weight: 400;\" aria-level=\"1\"><b>Krou\u017eky:<\/b><span style=\"font-weight: 400;\"> pravideln\u00e9 z\u00e1jmov\u00e9 aktivity na rozli\u010dn\u00e1 t\u00e9mata, konan\u00e9 v\u011bt\u0161inou 1x t\u00fddn\u011b. Na tento typ aktivit je nutn\u00e9 se p\u0159edem registrovat a zaplatit \u00fa\u010dastnick\u00fd poplatek (na pololet\u00ed nebo \u0161koln\u00ed rok).\u00a0<\/span><\/li>\n<li style=\"font-weight: 400;\" aria-level=\"1\"><b>T\u00e1bory<\/b><span style=\"font-weight: 400;\">: v\u00edcedenn\u00ed pobyty pro d\u011bti a ml\u00e1de\u017e s\u00a0rozli\u010dn\u00fdm zam\u011b\u0159en\u00edm a bohat\u00fdm programem. Pobytov\u00e9 t\u00e1bory zahrnuj\u00ed i ubytov\u00e1n\u00ed.\u00a0 Pokud jsou t\u00e1bory p\u0159\u00edm\u011bstsk\u00e9, znamen\u00e1 to, \u017ee d\u011bti sp\u00ed doma a na program ka\u017ed\u00fd den doch\u00e1zej\u00ed.\u00a0<\/span><\/li>\n<li style=\"font-weight: 400;\" aria-level=\"1\"><b>Akce pro ve\u0159ejnost:<\/b><span style=\"font-weight: 400;\"> tematick\u00e9 programy, v\u00fdlety, festivaly, v\u00fdstavy, divadeln\u00ed p\u0159edstaven\u00ed, koncerty, tvo\u0159iv\u00e9 d\u00edlny, workshopy, filmov\u00e1 prom\u00edt\u00e1n\u00ed, p\u0159edn\u00e1\u0161ky, atd.\u00a0<\/span><\/li>\n<li style=\"font-weight: 400;\" aria-level=\"1\"><b>Sout\u011b\u017ee:<\/b><span style=\"font-weight: 400;\"> Sportovn\u00ed, um\u011bleck\u00e9, v\u011bdomostn\u00ed, apod.<\/span><\/li>\n<li style=\"font-weight: 400;\" aria-level=\"1\"><b>Otev\u0159en\u00e9 kluby: <\/b><span style=\"font-weight: 400;\">Otev\u0159en\u00e9 kluby poskytuj\u00ed ZDARMA d\u011btem a ml\u00e1de\u017ei prostor, kde mohou tr\u00e1vit sv\u016fj voln\u00fd \u010das, setk\u00e1vat se s\u00a0kamar\u00e1dy, hr\u00e1t si, z\u00edsk\u00e1vat informace nebo naj\u00edt pomoc p\u0159i \u0159e\u0161en\u00ed obt\u00ed\u017en\u00fdch \u017eivotn\u00edch situac\u00ed.\u00a0\u00a0<\/span><\/li>\n<li style=\"font-weight: 400;\" aria-level=\"1\"><span style=\"font-weight: 400;\">DDM d\u00e1le umo\u017e\u0148uj\u00ed vyu\u017eit\u00ed n\u011bkter\u00fdch prostor v r\u00e1mci pron\u00e1jmu.<\/span><\/li>\n<li style=\"font-weight: 400;\" aria-level=\"1\"><span style=\"font-weight: 400;\">Od za\u010d\u00e1tku v\u00e1lky na Ukrajin\u011b se DDM intenzivn\u011b zapojily tak\u00e9 do integrace ukrajinsk\u00fdch d\u011bt\u00ed. Pro d\u011bti nab\u00edz\u00ed zejm\u00e9na <strong>adapta\u010dn\u00ed skupiny<\/strong> \u010di <strong>aktivity v <a href=\"https:\/\/www.volnycaspraha.cz\/pro-rodice\/centra-pro-predskolni-deti\">centrech pro p\u0159ed\u0161koln\u00ed d\u011bti<\/a><\/strong>, mo\u017enost nav\u0161t\u011bvovat krou\u017eky i tr\u00e1vit \u010das ve volno\u010dasov\u00fdch klubech. N\u011bkter\u00e9 DDM za\u010daly nov\u011b nab\u00edzet i kurzy \u010desk\u00e9ho jazyka pro d\u011bti.\u00a0<\/span><\/li>\n<\/ul>\n<p><b>Ve\u0161ker\u00e9 informace o nab\u00eddce DDM spolu s kontakty naleznete na webu <\/b><a href=\"http:\/\/www.volnycaspraha.cz\"><b>www.volnycaspraha.cz<\/b><\/a><b>.<\/b><\/p>\n<p><i><span style=\"font-weight: 400;\"><div class=\"box-ok\"> N\u011bkter\u00e9 DDM nab\u00edz\u00ed tak\u00e9 mo\u017enost vyzved\u00e1v\u00e1n\u00ed d\u011bt\u00ed ze z\u00e1kladn\u00ed \u0161koly\u00a0 a jejich odvod na krou\u017eek do DDM. Informujte se, jak to funguje ve va\u0161em DDM! <\/div><\/span><\/i><\/p>\n<p><em><span style=\"font-weight: 400;\"><div class=\"box-ok\"> Pomoc\u00ed <\/span><a href=\"https:\/\/www.volnycaspraha.cz\/pro-deti-a-mladez\/krouzky\"><span style=\"font-weight: 400;\">vyhled\u00e1vac\u00edho formul\u00e1\u0159e<\/span><\/a><span style=\"font-weight: 400;\"> si m\u016f\u017eete vyb\u00edrat z nab\u00eddky 2357 r\u016fzn\u00fdch krou\u017ek\u016f. <\/div><\/span><\/em><\/p>\n<p><span style=\"font-weight: 400;\">Pobo\u010dky DDM jsou rozm\u00edst\u011bn\u00e9 po cel\u00e9 Praze \u2013 a\u0165 u\u017e bydl\u00edte kdekoliv, ur\u010dit\u011b ve sv\u00e9m okol\u00ed n\u011bkter\u00e9 z pra\u017esk\u00fdch DDM najdete. 13 DDM z\u0159izuje hlavn\u00ed m\u011bsto Praha, dva jsou z\u0159izov\u00e1ny m\u011bstsk\u00fdmi \u010d\u00e1stmi Praha 13 &#8211; Stod\u016flky a Praha 20 &#8211; Horn\u00ed Po\u010dernice. P\u0159ehled v\u0161ech DDM spolu s odkazy na webov\u00e9 str\u00e1nky najdete na adrese: <a href=\"http:\/\/www.volnycaspraha.cz\/o-nas\/adresar-ddm\">www.volnycaspraha.cz<\/a><\/span><span style=\"font-weight: 400;\">.<\/span><\/p>\n<p><em><span style=\"font-weight: 400;\"><div class=\"box-ok\">Sledujte n\u00e1s! Pozv\u00e1nky na konkr\u00e9tn\u00ed akce po\u0159\u00e1dan\u00e9 DDM pro v\u00e1s pravideln\u011b zve\u0159ej\u0148ujeme v sekci <\/span><a href=\"https:\/\/metropolevsech.eu\/cs\/news\/\"><span style=\"font-weight: 400;\">Novinky<\/span><\/a><span style=\"font-weight: 400;\"> a na <\/span><a href=\"https:\/\/www.facebook.com\/metropolevsech\"><span style=\"font-weight: 400;\">facebooku Praha &#8211; Metropole v\u0161ech<\/span><\/a><span style=\"font-weight: 400;\">. <\/div><\/span><\/em><\/p>","protected":false},"excerpt":{"rendered":"<p>Domy d\u011bt\u00ed a ml\u00e1de\u017ee, nebo tak\u00e9 zkratkou naz\u00fdvan\u00e9 DDM jsou centrem dobr\u00e9 z\u00e1bavy a vzd\u011bl\u00e1v\u00e1n\u00ed, kde mohou lid\u00e9 v\u0161ech v\u011bkov\u00fdch kategori\u00ed rozv\u00edjet sv\u00e9 z\u00e1jmy a talenty a smyslupln\u011b tak tr\u00e1vit sv\u016fj voln\u00fd \u010das. Nab\u00edz\u00ed \u0161irokou \u0161k\u00e1lu volno\u010dasov\u00fdch aktivit pro d\u011bti,&#8230;<\/p>\n<a class=\"more-block\" href=\"https:\/\/metropolevsech.eu\/cs\/praha\/volny-cas\/deti\/domy-deti-a-mladeze-ddm\/\">\u010c\u00edst v\u00edce<\/a>","protected":false},"author":7,"featured_media":0,"parent":526,"menu_order":1,"comment_status":"closed","ping_status":"closed","template":"","meta":[],"acf":[],"_links":{"self":[{"href":"https:\/\/metropolevsech.eu\/cs\/wp-json\/wp\/v2\/pages\/18273"}],"collection":[{"href":"https:\/\/metropolevsech.eu\/cs\/wp-json\/wp\/v2\/pages"}],"about":[{"href":"https:\/\/metropolevsech.eu\/cs\/wp-json\/wp\/v2\/types\/page"}],"author":[{"embeddable":true,"href":"https:\/\/metropolevsech.eu\/cs\/wp-json\/wp\/v2\/users\/7"}],"replies":[{"embeddable":true,"href":"https:\/\/metropolevsech.eu\/cs\/wp-json\/wp\/v2\/comments?post=18273"}],"version-history":[{"count":5,"href":"https:\/\/metropolevsech.eu\/cs\/wp-json\/wp\/v2\/pages\/18273\/revisions"}],"predecessor-version":[{"id":19676,"href":"https:\/\/metropolevsech.eu\/cs\/wp-json\/wp\/v2\/pages\/18273\/revisions\/19676"}],"up":[{"embeddable":true,"href":"https:\/\/metropolevsech.eu\/cs\/wp-json\/wp\/v2\/pages\/526"}],"wp:attachment":[{"href":"https:\/\/metropolevsech.eu\/cs\/wp-json\/wp\/v2\/media?parent=18273"}],"curies":[{"name":"wp","href":"https:\/\/api.w.org\/{rel}","templated":true}]}}