{"id":18678,"date":"2023-03-08T08:43:48","date_gmt":"2023-03-08T07:43:48","guid":{"rendered":"https:\/\/metropolevsech.eu\/?page_id=18678"},"modified":"2025-07-20T09:27:28","modified_gmt":"2025-07-20T07:27:28","slug":"informace-pro-nove-prichozi-z-ukrajiny","status":"publish","type":"page","link":"https:\/\/metropolevsech.eu\/cs\/potrebuji-resit\/pobyt-na-uzemi-ceske-republiky\/informace-pro-nove-prichozi-z-ukrajiny\/","title":{"rendered":"U\u017eite\u010dn\u00e9 odkazy a kontakty"},"content":{"rendered":"<p><\/p>\n<div class=\"homepage-yellow-infobox\">\n<p><i><span style=\"font-weight: 400;\">Posledn\u00ed aktualizace: 14. \u010dervenec 2025<\/span><\/i><\/p>\n<p><strong>P\u0159in\u00e1\u0161\u00edme v\u00e1m p\u0159ehled informac\u00ed a kontakt\u016f, kam se obr\u00e1tit:<\/strong><\/p>\n<ul class=\"bullet-links\">\n<li><span style=\"font-weight: 400;\"><a href=\"https:\/\/maidan.cz\/\">Pra\u017esk\u00fd Majdan <\/a>\u2013 v<\/span><span style=\"font-weight: 400;\">\u00a0tomto nov\u00e9m kontaktn\u00edm m\u00edst\u011b V\u00e1m pracovn\u00edci poskytnou z\u00e1kladn\u00ed poradenstv\u00ed v\u00a0oblasti soci\u00e1ln\u00ed a psychologick\u00e9 podpory, zdravotnictv\u00ed a bydlen\u00ed.<\/span><\/li>\n<li><a href=\"http:\/\/newinprague.cz\"><span style=\"font-weight: 400;\">Newinprague.cz<\/span><\/a><span style=\"font-weight: 400;\"> &#8211; i<\/span><span style=\"font-weight: 400;\">nformace pro nov\u011b p\u0159\u00edchoz\u00ed cizince.\u00a0\u00a0<\/span><\/li>\n<li><span style=\"font-weight: 400;\">Zm\u011bny v poskytov\u00e1n\u00ed humanit\u00e1rn\u00ed d\u00e1vky t\u00fdkaj\u00edc\u00ed se osob s do\u010dasnou ochranou v \u010cR, naleznete na webu <a href=\"https:\/\/www.mpsv.cz\/humanitarni-davka\">Ministerstva pr\u00e1ce a soci\u00e1ln\u00edch v\u011bc\u00ed<\/a>.<\/span><\/li>\n<li>Pro kompletn\u00ed a zaru\u010den\u00e9 informace pro ob\u010dany Ukrajiny t\u00fdkaj\u00edc\u00ed se pobytu v \u010cR sledujte tak\u00e9 <a href=\"https:\/\/ipc.gov.cz\/docasna-ochrana\/\">webovou str\u00e1nku ipc.gov.cz.<\/a><\/li>\n<li><span style=\"font-weight: 400;\">D\u016fle\u017eit\u00e9 aktuality ve vzd\u011bl\u00e1vac\u00edm syst\u00e9mu \u010cR pro nov\u011b p\u0159\u00edchoz\u00ed z Ukrajiny, naleznete na <a href=\"https:\/\/www.edu.cz\/\">Jednotn\u00e9m metodick\u00e9m port\u00e1le Ministerstva \u0161kolstv\u00ed, ml\u00e1de\u017ee a t\u011blov\u00fdchovy<\/a>. <\/span><\/li>\n<li><span style=\"font-weight: 400;\">Bezplatn\u00e9 doprovody a tlumo\u010den\u00ed naleznete zde: <\/span><a href=\"https:\/\/metropolevsech.eu\/cs\/kontakty\/seznam-interkulturnich-pracovniku\/\"><span style=\"font-weight: 400;\">seznam interkulturn\u00edch pracovn\u00edk\u016f.<\/span><\/a><\/li>\n<li><a href=\"https:\/\/www.vlada.cz\/assets\/ppov\/vvozp\/aktuality\/ZP-a-pomoc-Ukrajine.pdf\">Pomoc osob\u00e1m se zdravotn\u00edm posti\u017een\u00edm p\u0159ich\u00e1zej\u00edc\u00edm z Ukrajiny do \u010cR.<\/a><\/li>\n<\/ul>\n<p><span style=\"font-weight: 400;\">Pot\u0159ebujete dal\u0161\u00ed informace? Ministerstvo vnitra provozuje na facebooku informa\u010dn\u00ed kan\u00e1l <\/span><a href=\"https:\/\/www.facebook.com\/oampMV\"><span style=\"font-weight: 400;\">Na\u0161i Ukrajinci <\/span><\/a><span style=\"font-weight: 400;\">a z\u0159\u00eddilo <\/span><b>telefonn\u00ed linku: +420 974 801 802<\/b><span style=\"font-weight: 400;\"> a email: <\/span><b><a href=\"mailto:ukrajina@mvcr.gov.cz\">ukrajina@mvcr.gov.cz<\/a>.<\/b><\/p>\n<p><strong>Pot\u0159ebujete pomoci a poradit zdarma?<\/strong> Nevl\u00e1dn\u00ed neziskov\u00e9 organizace poskytuj\u00ed pr\u00e1vn\u00ed a soci\u00e1ln\u00ed poradenstv\u00ed a dal\u0161\u00ed slu\u017eby:<\/p>\n<ul class=\"bullet\">\n<li><a href=\"https:\/\/www.opu.cz\/cs\/\">Organizace pro pomoc uprchl\u00edk\u016fm:<\/a> <span style=\"font-weight: 400;\">\u00a0+420 730 158 779 (soci\u00e1ln\u00ed odd\u011blen\u00ed), +420 730 158 781 (pr\u00e1vn\u00ed odd\u011blen\u00ed), <\/span><span style=\"font-weight: 400;\">opu@opu.cz<\/span><\/li>\n<li><a href=\"https:\/\/migrace.com\/\">Sdru\u017een\u00ed pro integraci a migraci<\/a>: +420 224 224 379, poradna@migrace.com.<\/li>\n<li><a href=\"https:\/\/www.cicops.cz\/cz\/kontakty\/17-praha-pernerova\/34-praha-socialni-poradenstvi-pernerova\">Centrum pro integraci cizinc\u016f<\/a>: +420 704 600 700, info@cicops.cz<\/li>\n<li><a href=\"https:\/\/icpraha.com\/ukrajina\/\"><span style=\"font-weight: 400;\">Integra\u010dn\u00ed centrum Praha<\/span><\/a><span style=\"font-weight: 400;\">:\u00a0+420 252 543 846,\u00a0<\/span><a href=\"mailto:info@icpraha.com\"><span style=\"font-weight: 400;\">info@icpraha.com<\/span><\/a><span style=\"font-weight: 400;\">, tak\u00e9\u00a0 <\/span><b>Kontaktn\u00ed m\u00edsto pro cizince \u2013 ICP: +420 727 828\u00a0602, <a href=\"mailto:info.praha@icpraha.com\">info.praha@icpraha.com<\/a><\/b><\/li>\n<li><a href=\"https:\/\/praha.charita.cz\"><span style=\"font-weight: 400;\">Arcidiec\u00e9zn\u00ed charita Praha<\/span><\/a><span style=\"font-weight: 400;\">: +420 739 002 909, praha@praha.charita.cz<\/span><\/li>\n<li><a href=\"http:\/\/p-p-i.cz\"><span style=\"font-weight: 400;\">Poradna pro integraci<\/span><\/a><span style=\"font-weight: 400;\">:+420 603 281 269, praha@p-p-i.cz<\/span><\/li>\n<li><a href=\"https:\/\/www.charita.cz\/jak-pomahame\/integrace-cizincu\/infolinky-pro-cizince\/\"><span style=\"font-weight: 400;\">Informa\u010dn\u00ed linka Charity \u010cR<\/span><\/a><span style=\"font-weight: 400;\"> v \u010de\u0161tin\u011b i ukrajin\u0161tin\u011b<\/span><\/li>\n<li><span style=\"font-weight: 400;\">Psychologickou a psychosoci\u00e1ln\u00ed podporu zdarma a osobn\u011b poskytuje spolek\u00a0<\/span><a href=\"https:\/\/amiga-migrant.cz\/\"><span style=\"font-weight: 400;\">AMIGA\u00a0<\/span><\/a><span style=\"font-weight: 400;\">: ++420 736 101 609, <\/span><a href=\"mailto:info@amiga-migrant.cz\"><span style=\"font-weight: 400;\">info@amiga-migrant.cz<\/span><\/a><\/li>\n<\/ul>\n<\/div>\n<p><i><span style=\"font-weight: 400;\"><div class=\"box-ok\"> Aktualizujeme pro v\u00e1s dostupn\u00e9 informace. Sledujte n\u00e1\u0161 web v sekci <a href=\"https:\/\/metropolevsech.eu\/cs\/news\/\">Novinky<\/a>, i <a href=\"https:\/\/www.facebook.com\/metropolevsech\/\">Facebook Metropole v\u0161ech<\/a>! <\/div><\/span><\/i><\/p>\n<p><em><span style=\"font-weight: 400;\"><div class=\"box-ok\"> <\/span><span style=\"font-weight: 400;\">Tak\u00e9 Mezin\u00e1rodn\u00ed organizace pro migraci poskytuje celou \u0159adu informac\u00ed. <\/span><span style=\"font-weight: 400;\">Sledujte str\u00e1nku<\/span><a href=\"https:\/\/www.facebook.com\/IOMCzechia\"> <span style=\"font-weight: 400;\">IOM Czechia na Facebooku<\/span><\/a><span style=\"font-weight: 400;\"> pro nejaktu\u00e1ln\u011bj\u0161\u00ed praktick\u00e9 informace a podporu! <\/div> <\/span><\/em><\/p>\n<p><b>Jin\u00e9 u\u017eite\u010dn\u00e9 odkazy:\u00a0<\/b><\/p>\n<div class=\"homepage-yellow-infobox\">\n<ul class=\"bullet\">\n<li>Na webu <a href=\"https:\/\/www.nasiukrajinci.cz\/cs\">nasiukrajinci.cz<\/a> naleznete celost\u00e1tn\u00ed rozcestn\u00edk pomoci, kter\u00fd v\u00e1m pom\u016f\u017ee se zorientovat.<\/li>\n<li>Humanit\u00e1rn\u00ed pomoc Ukrajin\u011b a nab\u00eddky zdravotnick\u00e9 pomoci <a href=\"https:\/\/www.mzcr.cz\/humanitarni-pomoc-ukrajine-a-nabidky-zdravotnicke-pomoci\/\">na webu Ministerstva zdravotnictv\u00ed.<\/a><\/li>\n<li><span style=\"font-weight: 400;\">Pot\u0159ebujete pomoc p\u0159i zaji\u0161t\u011bn\u00ed n\u00e1le\u017eitost\u00ed na Ukrajin\u011b? Obra\u0165te se na<\/span> <a href=\"https:\/\/www.facebook.com\/profile.php?id=100092219013609\"><span style=\"font-weight: 400;\">Ukrajinsk\u00e9 konzulta\u010dn\u00ed centrum ICMPD<\/span><\/a><span style=\"font-weight: 400;\">.<\/span><\/li>\n<\/ul>\n<\/div>\n<p><\/p>","protected":false},"excerpt":{"rendered":"<p>Posledn\u00ed aktualizace: 14. \u010dervenec 2025 P\u0159in\u00e1\u0161\u00edme v\u00e1m p\u0159ehled informac\u00ed a kontakt\u016f, kam se obr\u00e1tit: Pra\u017esk\u00fd Majdan \u2013 v\u00a0tomto nov\u00e9m kontaktn\u00edm m\u00edst\u011b V\u00e1m pracovn\u00edci poskytnou z\u00e1kladn\u00ed poradenstv\u00ed v\u00a0oblasti soci\u00e1ln\u00ed a psychologick\u00e9 podpory, zdravotnictv\u00ed a bydlen\u00ed. Newinprague.cz &#8211; informace pro nov\u011b p\u0159\u00edchoz\u00ed&#8230;<\/p>\n<a class=\"more-block\" href=\"https:\/\/metropolevsech.eu\/cs\/potrebuji-resit\/pobyt-na-uzemi-ceske-republiky\/informace-pro-nove-prichozi-z-ukrajiny\/\">\u010c\u00edst v\u00edce<\/a>","protected":false},"author":7,"featured_media":0,"parent":554,"menu_order":5,"comment_status":"closed","ping_status":"closed","template":"","meta":[],"acf":[],"_links":{"self":[{"href":"https:\/\/metropolevsech.eu\/cs\/wp-json\/wp\/v2\/pages\/18678"}],"collection":[{"href":"https:\/\/metropolevsech.eu\/cs\/wp-json\/wp\/v2\/pages"}],"about":[{"href":"https:\/\/metropolevsech.eu\/cs\/wp-json\/wp\/v2\/types\/page"}],"author":[{"embeddable":true,"href":"https:\/\/metropolevsech.eu\/cs\/wp-json\/wp\/v2\/users\/7"}],"replies":[{"embeddable":true,"href":"https:\/\/metropolevsech.eu\/cs\/wp-json\/wp\/v2\/comments?post=18678"}],"version-history":[{"count":76,"href":"https:\/\/metropolevsech.eu\/cs\/wp-json\/wp\/v2\/pages\/18678\/revisions"}],"predecessor-version":[{"id":23467,"href":"https:\/\/metropolevsech.eu\/cs\/wp-json\/wp\/v2\/pages\/18678\/revisions\/23467"}],"up":[{"embeddable":true,"href":"https:\/\/metropolevsech.eu\/cs\/wp-json\/wp\/v2\/pages\/554"}],"wp:attachment":[{"href":"https:\/\/metropolevsech.eu\/cs\/wp-json\/wp\/v2\/media?parent=18678"}],"curies":[{"name":"wp","href":"https:\/\/api.w.org\/{rel}","templated":true}]}}