{"id":19936,"date":"2023-12-19T12:53:38","date_gmt":"2023-12-19T11:53:38","guid":{"rendered":"https:\/\/metropolevsech.eu\/?page_id=19936"},"modified":"2026-03-23T09:30:01","modified_gmt":"2026-03-23T08:30:01","slug":"zdravotni-informace-pro-drzitele-docasne-ochrany","status":"publish","type":"page","link":"https:\/\/metropolevsech.eu\/cs\/zdravotni-informace-pro-drzitele-docasne-ochrany\/","title":{"rendered":"Zdravotn\u00ed p\u00e9\u010de"},"content":{"rendered":"<p><img loading=\"lazy\" class=\"aligncenter size-full wp-image-23408\" src=\"https:\/\/metropolevsech.eu\/wp-content\/uploads\/2025\/07\/zdravotnipeceprahaproukrajinu.png\" alt=\"\" width=\"1200\" height=\"630\" srcset=\"https:\/\/metropolevsech.eu\/wp-content\/uploads\/2025\/07\/zdravotnipeceprahaproukrajinu.png 1200w, https:\/\/metropolevsech.eu\/wp-content\/uploads\/2025\/07\/zdravotnipeceprahaproukrajinu-300x158.png 300w, https:\/\/metropolevsech.eu\/wp-content\/uploads\/2025\/07\/zdravotnipeceprahaproukrajinu-1040x546.png 1040w, https:\/\/metropolevsech.eu\/wp-content\/uploads\/2025\/07\/zdravotnipeceprahaproukrajinu-768x403.png 768w, https:\/\/metropolevsech.eu\/wp-content\/uploads\/2025\/07\/zdravotnipeceprahaproukrajinu-670x352.png 670w\" sizes=\"(max-width: 1200px) 100vw, 1200px\" \/><\/p>\n<ul class=\"bullet\">\n<li><a href=\"https:\/\/metropolevsech.eu\/cs\/zdravotni-informace-pro-drzitele-docasne-ochrany\/verejne-zdravotni-pojisteni\/\">Ve\u0159ejn\u00e9 zdravotn\u00ed poji\u0161t\u011bn\u00ed<\/a><\/li>\n<li><a href=\"https:\/\/metropolevsech.eu\/cs\/zdravotni-informace-pro-drzitele-docasne-ochrany\/zdravotni-pojisteni-prehled-nejdulezitejsich-zmen-2026\/\">Novinky ve zdravotn\u00edm poji\u0161t\u011bn\u00ed a zdravotn\u00ed p\u00e9\u010di pro rok 2026<\/a><\/li>\n<li><a href=\"https:\/\/metropolevsech.eu\/jak-si-najit-praktickeho-lekare\/\">Jak si naj\u00edt praktick\u00e9ho l\u00e9ka\u0159e<\/a><\/li>\n<li><a href=\"https:\/\/metropolevsech.eu\/cs\/zdravotni-informace-pro-drzitele-docasne-ochrany\/komunikace-u-lekare\/\">Komunikace u l\u00e9ka\u0159e<\/a><\/li>\n<li><a href=\"https:\/\/metropolevsech.eu\/prevence-a-screeningova-vysetreni-zachranuji-zivoty\/\">Prevence a screeningov\u00e1 vy\u0161et\u0159en\u00ed zachra\u0148uj\u00ed \u017eivoty<\/a><\/li>\n<li><a href=\"https:\/\/metropolevsech.eu\/zdravotni-informace-pro-drzitele-docasne-ochrany\/ockovani\/\">O\u010dkov\u00e1n\u00ed<\/a><\/li>\n<li><a href=\"https:\/\/metropolevsech.eu\/cs\/zdravotni-informace-pro-drzitele-docasne-ochrany\/pece-o-dusevni-zdravi\/\">P\u00e9\u010de o du\u0161evn\u00ed zdrav\u00ed<\/a><\/li>\n<li><a href=\"https:\/\/metropolevsech.eu\/cs\/potrebuji-resit\/zdravotnictvi-zdravotni-a-socialni-pojisteni\/postarejme-se-spolecne-o-vase-zdravi-prijdte-se-otestovat\/\">Testov\u00e1n\u00ed na HIV a pohlavn\u011b p\u0159enosn\u00e9 infekce<\/a><\/li>\n<\/ul>\n<p>&nbsp;<\/p>\n<p data-start=\"227\" data-end=\"360\">P\u0159ipravili jsme dva jednoduch\u00e9 informa\u010dn\u00ed let\u00e1ky pro dr\u017eitele do\u010dasn\u00e9 ochrany, kter\u00e9 mohou pomoci p\u0159i hled\u00e1n\u00ed l\u00e9ka\u0159sk\u00e9 p\u00e9\u010de v \u010cesku.<\/p>\n<p class=\"p2\"><b><a href=\"https:\/\/metropolevsech.eu\/wp-content\/uploads\/2026\/03\/022026_prakticky_lekar_letaky_hledani_CZ_DL-2.pdf\">Jak si naji\u0301t prakticke\u0301ho le\u0301kar\u030ce <\/a>\u00a0&#8211;<\/b>\u00a0nab\u00edz\u00ed praktick\u00e9 rady, kde zkusit hledat l\u00e9ka\u0159e, co d\u011blat, pokud maj\u00ed ordinace plno a nikdo v\u00e1s nep\u0159ij\u00edm\u00e1, na koho se obr\u00e1tit, pokud si nev\u00edte rady, nebo kde hledat interkulturn\u00ed pracovn\u00edky, kte\u0159\u00ed v\u00e1s mohou doprovodit a pomoci s komunikac\u00ed v \u010de\u0161tin\u011b.<\/p>\n<p class=\"p2\"><b><a href=\"https:\/\/metropolevsech.eu\/wp-content\/uploads\/2026\/03\/022026_prakticky_lekar_letaky_navsteva_CZ_DL-2.pdf\">Jak se na na\u0301vs\u030cte\u030cvu prakticke\u0301ho le\u0301kar\u030ce pr\u030cipravit<\/a>\u00a0&#8211; <\/b>porad\u00ed, jak se p\u0159ipravit na n\u00e1v\u0161t\u011bvu l\u00e9ka\u0159e \u2013 co m\u00edt s sebou, na jak\u00e9 ot\u00e1zky b\u00fdt p\u0159ipraveni, pro\u010d je d\u016fle\u017eit\u00e9 omlouvat term\u00edny, pokud se nem\u016f\u017eete dostavit, a kam se obr\u00e1tit v p\u0159\u00edpad\u011b pot\u0159eby mimo ordina\u010dn\u00ed dobu va\u0161eho l\u00e9ka\u0159e.<\/p>\n<p><\/p>","protected":false},"excerpt":{"rendered":"<p>Ve\u0159ejn\u00e9 zdravotn\u00ed poji\u0161t\u011bn\u00ed Novinky ve zdravotn\u00edm poji\u0161t\u011bn\u00ed a zdravotn\u00ed p\u00e9\u010di pro rok 2026 Jak si naj\u00edt praktick\u00e9ho l\u00e9ka\u0159e Komunikace u l\u00e9ka\u0159e Prevence a screeningov\u00e1 vy\u0161et\u0159en\u00ed zachra\u0148uj\u00ed \u017eivoty O\u010dkov\u00e1n\u00ed P\u00e9\u010de o du\u0161evn\u00ed zdrav\u00ed Testov\u00e1n\u00ed na HIV a pohlavn\u011b p\u0159enosn\u00e9 infekce &nbsp;&#8230;<\/p>\n<a class=\"more-block\" href=\"https:\/\/metropolevsech.eu\/cs\/zdravotni-informace-pro-drzitele-docasne-ochrany\/\">\u010c\u00edst v\u00edce<\/a>","protected":false},"author":7,"featured_media":0,"parent":0,"menu_order":0,"comment_status":"closed","ping_status":"closed","template":"","meta":[],"acf":[],"_links":{"self":[{"href":"https:\/\/metropolevsech.eu\/cs\/wp-json\/wp\/v2\/pages\/19936"}],"collection":[{"href":"https:\/\/metropolevsech.eu\/cs\/wp-json\/wp\/v2\/pages"}],"about":[{"href":"https:\/\/metropolevsech.eu\/cs\/wp-json\/wp\/v2\/types\/page"}],"author":[{"embeddable":true,"href":"https:\/\/metropolevsech.eu\/cs\/wp-json\/wp\/v2\/users\/7"}],"replies":[{"embeddable":true,"href":"https:\/\/metropolevsech.eu\/cs\/wp-json\/wp\/v2\/comments?post=19936"}],"version-history":[{"count":36,"href":"https:\/\/metropolevsech.eu\/cs\/wp-json\/wp\/v2\/pages\/19936\/revisions"}],"predecessor-version":[{"id":25133,"href":"https:\/\/metropolevsech.eu\/cs\/wp-json\/wp\/v2\/pages\/19936\/revisions\/25133"}],"wp:attachment":[{"href":"https:\/\/metropolevsech.eu\/cs\/wp-json\/wp\/v2\/media?parent=19936"}],"curies":[{"name":"wp","href":"https:\/\/api.w.org\/{rel}","templated":true}]}}