{"id":2065,"date":"2017-02-13T14:12:25","date_gmt":"2017-02-13T13:12:25","guid":{"rendered":"https:\/\/metropolevsech.eu\/?page_id=2065"},"modified":"2025-05-13T13:09:17","modified_gmt":"2025-05-13T11:09:17","slug":"uvodni-stranka","status":"publish","type":"page","link":"https:\/\/metropolevsech.eu\/cs\/","title":{"rendered":"\u00davod"},"content":{"rendered":"<p>P\u0159edstavujeme v\u00e1m novou webovou str\u00e1nku, kter\u00e1 je ur\u010dena p\u0159edev\u0161\u00edm pro migranty a migrantky \u017eij\u00edc\u00ed v Praze. Z\u00e1rove\u0148 zde naleznou informace i v\u0161ichni obyvatel\u00e9 hlavn\u00edho m\u011bsta Prahy, kter\u00e1 se st\u00e1v\u00e1 \u010d\u00edm d\u00e1l t\u00edm v\u00edce kulturn\u011b rozmanit\u011bj\u0161\u00ed, stejn\u011b jako \u0159ada dal\u0161\u00edch velk\u00fdch evropsk\u00fdch m\u011bst.<\/p>\n<p><a href=\"\/\/metropolevsech.eu\/cs\/o-webove-strance\/\">&#8211; V\u00edce informac\u00ed o webov\u00e9 str\u00e1nce\u00a0&#8211;<\/a><\/p>\n<div class=\"homepage-yellow-infobox\">\n<p style=\"text-align: center;\"><strong>Zjist\u011bte, co konkr\u00e9tn\u011b mus\u00edte za\u0159\u00eddit po p\u0159\u00edchodu do Prahy. Na na\u0161\u00ed microsite <a href=\"https:\/\/newinprague.cz\/\">V Praze jsme doma<\/a> naleznete interaktivn\u00ed rozcestn\u00edk, dal\u0161\u00ed d\u016fle\u017eit\u00e9 informace, videa, kontakty a dvojjazy\u010dn\u00e9 karty pro komunikaci s institucemi.<\/strong><\/p>\n<\/div>\n<p><\/p>","protected":false},"excerpt":{"rendered":"<p>P\u0159edstavujeme v\u00e1m novou webovou str\u00e1nku, kter\u00e1 je ur\u010dena p\u0159edev\u0161\u00edm pro migranty a migrantky \u017eij\u00edc\u00ed v Praze. Z\u00e1rove\u0148 zde naleznou informace i v\u0161ichni obyvatel\u00e9 hlavn\u00edho m\u011bsta Prahy, kter\u00e1 se st\u00e1v\u00e1 \u010d\u00edm d\u00e1l t\u00edm v\u00edce kulturn\u011b rozmanit\u011bj\u0161\u00ed, stejn\u011b jako \u0159ada dal\u0161\u00edch velk\u00fdch&#8230;<\/p>\n<a class=\"more-block\" href=\"https:\/\/metropolevsech.eu\/cs\/\">\u010c\u00edst v\u00edce<\/a>","protected":false},"author":3,"featured_media":9393,"parent":0,"menu_order":0,"comment_status":"closed","ping_status":"closed","template":"page-home.php","meta":[],"acf":[],"_links":{"self":[{"href":"https:\/\/metropolevsech.eu\/cs\/wp-json\/wp\/v2\/pages\/2065"}],"collection":[{"href":"https:\/\/metropolevsech.eu\/cs\/wp-json\/wp\/v2\/pages"}],"about":[{"href":"https:\/\/metropolevsech.eu\/cs\/wp-json\/wp\/v2\/types\/page"}],"author":[{"embeddable":true,"href":"https:\/\/metropolevsech.eu\/cs\/wp-json\/wp\/v2\/users\/3"}],"replies":[{"embeddable":true,"href":"https:\/\/metropolevsech.eu\/cs\/wp-json\/wp\/v2\/comments?post=2065"}],"version-history":[{"count":117,"href":"https:\/\/metropolevsech.eu\/cs\/wp-json\/wp\/v2\/pages\/2065\/revisions"}],"predecessor-version":[{"id":22830,"href":"https:\/\/metropolevsech.eu\/cs\/wp-json\/wp\/v2\/pages\/2065\/revisions\/22830"}],"wp:featuredmedia":[{"embeddable":true,"href":"https:\/\/metropolevsech.eu\/cs\/wp-json\/wp\/v2\/media\/9393"}],"wp:attachment":[{"href":"https:\/\/metropolevsech.eu\/cs\/wp-json\/wp\/v2\/media?parent=2065"}],"curies":[{"name":"wp","href":"https:\/\/api.w.org\/{rel}","templated":true}]}}