{"id":20935,"date":"2024-11-04T15:07:08","date_gmt":"2024-11-04T14:07:08","guid":{"rendered":"https:\/\/metropolevsech.eu\/?page_id=20935"},"modified":"2026-01-23T18:08:26","modified_gmt":"2026-01-23T17:08:26","slug":"nemocnice-v-praze-specializovane-na-peci-o-cizince","status":"publish","type":"page","link":"https:\/\/metropolevsech.eu\/cs\/potrebuji-resit\/zdravotnictvi-zdravotni-a-socialni-pojisteni\/lekari-a-pohotovost\/nemocnice-v-praze-specializovane-na-peci-o-cizince\/","title":{"rendered":"Nemocnice v Praze"},"content":{"rendered":"<p>N\u00e1sleduj\u00edc\u00ed nemocnice a zdravotn\u00ed za\u0159\u00edzen\u00ed jsou specializovan\u00e1 na poskytov\u00e1n\u00ed zdravotn\u00ed p\u00e9\u010de pro <span style=\"font-weight: 400;\">cizince<\/span>:<\/p>\n<p>&nbsp;<\/p>\n<h4><strong>Fakultn\u00ed nemocnice Motol, odd\u011blen\u00ed prim\u00e1rn\u00ed p\u00e9\u010de<\/strong><\/h4>\n<p>V \u00davalu 84, 150 06 Praha 5<\/p>\n<p>+420 224 431 111 \u00a0cizinecke@fnmotol.cz<\/p>\n<ul class=\"bullet-links\">\n<li><a href=\"\/\/www.fnmotol.cz\/samoplatci\/zdravotni-pece-pro-cizince\/\">Na jejich webov\u00fdch str\u00e1nk\u00e1ch<\/a> najdete u\u017eite\u010dn\u00e9 informace ohledn\u011b o\u0161et\u0159en\u00ed ur\u010den\u00e9ho p\u0159\u00edmo pro migranty.<\/li>\n<\/ul>\n<p><span style=\"font-weight: 400;\">D\u011btsk\u00e1 cizineck\u00e1 recepce: +420 224 433 690<\/span><\/p>\n<p><span style=\"font-weight: 400;\">Dosp\u011bl\u00e1 cizineck\u00e1 recepce: +420 224 433 682<\/span><\/p>\n<p>&nbsp;<\/p>\n<h4><strong>Nemocnice Na Homolce, cizineck\u00e9 odd\u011blen\u00ed<\/strong><\/h4>\n<p>Roentgenova 2\/37, 150 30 Praha 5<\/p>\n<p>+420 257 271 111<\/p>\n<p>hospital@homolka.cz<\/p>\n<p><span style=\"font-weight: 400;\">www.homolka.cz<\/span><\/p>\n<p><span style=\"font-weight: 400;\">Dal\u0161\u00ed informace<\/span><\/p>\n<p><span style=\"font-weight: 400;\">+420 257 273 289<\/span><\/p>\n<p><span style=\"font-weight: 400;\">+420 257 272 144<\/span><\/p>\n<p>&nbsp;<\/p>\n<h4><b>Nemocnice Na Bulovce<\/b><\/h4>\n<p><span style=\"font-weight: 400;\">Bud\u00ednova 67\/2, 280 00 Praha 8, Libe\u0148<\/span><\/p>\n<p><span style=\"font-weight: 400;\">+420 266 081 111<\/span><\/p>\n<p><span style=\"font-weight: 400;\">www.bulovka.cz<\/span><\/p>\n<p>&nbsp;<\/p>\n<h4><strong>Thomayerova nemocnice\u00a0<\/strong><\/h4>\n<p><span style=\"font-weight: 400;\">V\u00edde\u0148sk\u00e1, 140 00 Praha 4<\/span><\/p>\n<p><span style=\"font-weight: 400;\">+420 261 081 111<\/span><\/p>\n<p><span style=\"font-weight: 400;\">www.ftn.cz<\/span><\/p>\n<p>&nbsp;<\/p>\n<h4><strong>Nemocnice Na Franti\u0161ku<\/strong><\/h4>\n<p><span style=\"font-weight: 400;\">Na Franti\u0161ku 847\/8, 110 00 Praha 1, Star\u00e9 M\u011bsto<\/span><\/p>\n<p><span style=\"font-weight: 400;\">+420 222 801 111<\/span><\/p>\n<p><span style=\"font-weight: 400;\">www.nnfp.cz<\/span><\/p>\n<p style=\"text-align: right;\"><em>Posledn\u00ed aktualizace: 4. b\u0159ezen 2025<\/em><\/p>\n<p><\/p>","protected":false},"excerpt":{"rendered":"<p>N\u00e1sleduj\u00edc\u00ed nemocnice a zdravotn\u00ed za\u0159\u00edzen\u00ed jsou specializovan\u00e1 na poskytov\u00e1n\u00ed zdravotn\u00ed p\u00e9\u010de pro cizince: &nbsp; Fakultn\u00ed nemocnice Motol, odd\u011blen\u00ed prim\u00e1rn\u00ed p\u00e9\u010de V \u00davalu 84, 150 06 Praha 5 +420 224 431 111 \u00a0cizinecke@fnmotol.cz Na jejich webov\u00fdch str\u00e1nk\u00e1ch najdete u\u017eite\u010dn\u00e9 informace ohledn\u011b&#8230;<\/p>\n<a class=\"more-block\" href=\"https:\/\/metropolevsech.eu\/cs\/potrebuji-resit\/zdravotnictvi-zdravotni-a-socialni-pojisteni\/lekari-a-pohotovost\/nemocnice-v-praze-specializovane-na-peci-o-cizince\/\">\u010c\u00edst v\u00edce<\/a>","protected":false},"author":7,"featured_media":0,"parent":648,"menu_order":0,"comment_status":"closed","ping_status":"closed","template":"","meta":[],"acf":[],"_links":{"self":[{"href":"https:\/\/metropolevsech.eu\/cs\/wp-json\/wp\/v2\/pages\/20935"}],"collection":[{"href":"https:\/\/metropolevsech.eu\/cs\/wp-json\/wp\/v2\/pages"}],"about":[{"href":"https:\/\/metropolevsech.eu\/cs\/wp-json\/wp\/v2\/types\/page"}],"author":[{"embeddable":true,"href":"https:\/\/metropolevsech.eu\/cs\/wp-json\/wp\/v2\/users\/7"}],"replies":[{"embeddable":true,"href":"https:\/\/metropolevsech.eu\/cs\/wp-json\/wp\/v2\/comments?post=20935"}],"version-history":[{"count":17,"href":"https:\/\/metropolevsech.eu\/cs\/wp-json\/wp\/v2\/pages\/20935\/revisions"}],"predecessor-version":[{"id":24553,"href":"https:\/\/metropolevsech.eu\/cs\/wp-json\/wp\/v2\/pages\/20935\/revisions\/24553"}],"up":[{"embeddable":true,"href":"https:\/\/metropolevsech.eu\/cs\/wp-json\/wp\/v2\/pages\/648"}],"wp:attachment":[{"href":"https:\/\/metropolevsech.eu\/cs\/wp-json\/wp\/v2\/media?parent=20935"}],"curies":[{"name":"wp","href":"https:\/\/api.w.org\/{rel}","templated":true}]}}