{"id":20938,"date":"2024-11-04T15:14:46","date_gmt":"2024-11-04T14:14:46","guid":{"rendered":"https:\/\/metropolevsech.eu\/?page_id=20938"},"modified":"2026-01-24T13:41:50","modified_gmt":"2026-01-24T12:41:50","slug":"zdravotni-pece-o-tehotne-zeny-cizinky-a-novorozence","status":"publish","type":"page","link":"https:\/\/metropolevsech.eu\/cs\/potrebuji-resit\/zdravotnictvi-zdravotni-a-socialni-pojisteni\/lekari-a-pohotovost\/zdravotni-pece-o-tehotne-zeny-cizinky-a-novorozence\/","title":{"rendered":"T\u011bhotenstv\u00ed a rodi\u010dovstv\u00ed"},"content":{"rendered":"<p><span style=\"font-weight: 400;\">Na webu Praha \u2013 Metropole v\u0161ech v\u00e1m nyn\u00ed d\u00e1me n\u011bkolik praktick\u00fdch rad pro obdob\u00ed t\u011bhotenstv\u00ed a narozen\u00ed d\u00edt\u011bte.<\/span><\/p>\n<p><span style=\"font-weight: 400;\">Gynekologick\u00e1 p\u00e9\u010de i porodn\u00ed p\u00e9\u010de je v \u010cesk\u00e9 republice na velmi vysok\u00e9 \u00farovni. T\u011bhotn\u00e9 \u017eeny doch\u00e1zej\u00ed v \u010cesk\u00e9 republice pravideln\u011b do poradny pro t\u011bhotn\u00e9 a na gynekologii. V \u010cesk\u00e9 republice jsou obvykl\u00e9 porody v nemocnic\u00edch, v dom\u00e1c\u00edm prost\u0159ed\u00ed prob\u00edhaj\u00ed pouze v\u00fdjime\u010dn\u011b a toto t\u00e9ma prov\u00e1z\u00ed mnoho kontroverz\u00ed. Situace m\u016f\u017ee b\u00fdt tedy velmi odli\u0161n\u00e1 od zvyklost\u00ed ve va\u0161\u00ed zemi. V Praze je nav\u00edc pot\u0159ebn\u00e9 p\u0159ihl\u00e1sit se s dostate\u010dn\u00fdm p\u0159edstihem k porodu do v\u00e1mi vybran\u00e9 porodnice.\u00a0<\/span><\/p>\n<p><span style=\"font-weight: 400;\">Informace, jak se zaregistrovat do porodnice najdete na webech jednotliv\u00fdch nemocnic v \u010desk\u00e9m a n\u011bkdy i anglick\u00e9m jazyce. Nap\u0159. <\/span><a href=\"https:\/\/apolinar.eu\/porodnice\/tehotenstvi\/chci-rodit-u-apolinare\/\"><span style=\"font-weight: 400;\">V\u0161eobecn\u00e1 fakultn\u00ed nemocnice<\/span> <span style=\"font-weight: 400;\">v Praze (U Apolin\u00e1\u0159e)<\/span><\/a><span style=\"font-weight: 400;\">. Pokud pot\u0159ebujete tlumo\u010den\u00ed \u010di p\u0159eklad, m\u016f\u017eete vyu\u017e\u00edt bezplatn\u00e9 slu\u017eby <\/span><a href=\"https:\/\/metropolevsech.eu\/cs\/kontakty\/seznam-interkulturnich-pracovniku\/\"><span style=\"font-weight: 400;\">interkulurn\u00edch pracovn\u00edk\u016f.<\/span><\/a><\/p>\n<p>&nbsp;<\/p>\n<p><b>Zdravotn\u00ed poji\u0161t\u011bn\u00ed pro t\u011bhotn\u00e9 \u017eeny:<\/b><\/p>\n<ul>\n<li style=\"font-weight: 400;\" aria-level=\"1\"><b>Ve\u0159ejn\u00e9 zdravotn\u00ed poji\u0161t\u011bn\u00ed:<\/b><span style=\"font-weight: 400;\"> Pokud m\u00e1 t\u011bhotn\u00e1 \u017eena ve\u0159ejn\u00e9 zdravotn\u00ed poji\u0161t\u011bn\u00ed, nen\u00ed nutn\u00e9 sjedn\u00e1vat dal\u0161\u00ed p\u0159ipoji\u0161t\u011bn\u00ed na t\u011bhotenstv\u00ed \u010di porod. D\u00edt\u011b bude automaticky poji\u0161t\u011bncem ve\u0159ejn\u00e9ho zdravotn\u00edho poji\u0161t\u011bn\u00ed (viz d\u00e1le).<\/span><\/li>\n<li style=\"font-weight: 400;\" aria-level=\"1\"><b>Komer\u010dn\u00ed zdravotn\u00ed poji\u0161t\u011bn\u00ed:<\/b><span style=\"font-weight: 400;\"> Pokud m\u00e1 \u017eena komer\u010dn\u00ed poji\u0161t\u011bn\u00ed, doporu\u010duje se p\u0159ipojistit na p\u0159edporodn\u00ed a porodn\u00ed p\u00e9\u010di. Poji\u0161t\u011bn\u00ed kryje nap\u0159\u00edklad p\u0159edporodn\u00ed prohl\u00eddky, b\u011b\u017en\u00e1 vy\u0161et\u0159en\u00ed, porod a p\u00e9\u010di o novorozence. U tohoto poji\u0161t\u011bn\u00ed je b\u011b\u017en\u00e1 minim\u00e1ln\u00ed doba p\u0159ipoji\u0161t\u011bn\u00ed 12 m\u011bs\u00edc\u016f a n\u011bkdy je t\u0159eba po\u010d\u00edtat s \u010dekac\u00ed lh\u016ftou, kter\u00e1 m\u016f\u017ee b\u00fdt i n\u011bkolik m\u011bs\u00edc\u016f. N\u011bkter\u00e9 poji\u0161\u0165ovny nav\u00edc maj\u00ed omezen\u00ed podle v\u011bku matky.<\/span><\/li>\n<\/ul>\n<p><i><span style=\"font-weight: 400;\"><div class=\"box-ok\"> Pro v\u00edce informac\u00ed o mo\u017enostech poji\u0161t\u011bn\u00ed a zaji\u0161t\u011bn\u00ed p\u00e9\u010de t\u011bhotn\u00fdm \u017een\u00e1m doporu\u010dujemesledovat t\u00e9matick\u00e9 <\/span><\/i><a href=\"https:\/\/icpraha.com\/akce\/\"><i><span style=\"font-weight: 400;\">sociokulturn\u00ed kurzy<\/span><\/i><\/a><i><span style=\"font-weight: 400;\"> po\u0159\u00e1dan\u00e9 Integra\u010dn\u00edm centrem Praha a dal\u0161\u00edmi nevl\u00e1dn\u00edmi neziskov\u00fdmi organizacemi nebo vyu\u017e\u00edt slu\u017eby soci\u00e1ln\u00edho poradenstv\u00ed. <\/div><\/span><\/i><\/p>\n<p>&nbsp;<\/p>\n<p><b>Zdravotn\u00ed poji\u0161t\u011bn\u00ed d\u011bt\u00ed narozen\u00fdch cizinc\u016fm v \u010cR<\/b><\/p>\n<p><span style=\"font-weight: 400;\">Pro d\u011bti narozen\u00e9 v \u010cR plat\u00ed r\u016fzn\u00e1 pravidla t\u00fdkaj\u00edc\u00ed se zdravotn\u00edho poji\u0161t\u011bn\u00ed, kter\u00e1 z\u00e1vis\u00ed na typu pobytu\u00a0 jejich rodi\u010d\u016f. Pokud jsou rodi\u010de ob\u010dan\u00e9 EU, je d\u00edt\u011b poji\u0161t\u011bno v r\u00e1mci ve\u0159ejn\u00e9ho zdravotn\u00edho poji\u0161t\u011bn\u00ed. <\/span><span style=\"font-weight: 400;\">Od 1. ledna 2024 jsou tak\u00e9 v\u0161ichni cizinci mlad\u0161\u00ed 18 let s povolen\u00edm k dlouhodob\u00e9mu pobytu \u00fa\u010dastn\u00edky ve\u0159ejn\u00e9ho zdravotn\u00edho poji\u0161t\u011bn\u00ed. Toto pravidlo se v\u0161ak nevztahuje na cizince mlad\u0161\u00ed 18 let s dlouhodob\u00fdm v\u00edzem nebo povolen\u00edm k p\u0159echodn\u00e9mu pobytu jako rodinn\u00ed p\u0159\u00edslu\u0161n\u00edci ob\u010dana EU.<\/span><\/p>\n<p><span style=\"font-weight: 400;\">Pokud jste ob\u010dan\u00e9 t\u0159et\u00edch zem\u00ed, z\u00e1le\u017e\u00ed tedy na tom, zda m\u00e1te jako rodi\u010de:<\/span><\/p>\n<ol>\n<li style=\"font-weight: 400;\" aria-level=\"1\"><b>Povolen\u00ed k dlouhodob\u00e9mu \u010di\u00a0 trval\u00e9mu pobytu (nebo mezin\u00e1rodn\u00ed ochranu) v \u010cR<\/b>\n<ul>\n<li style=\"font-weight: 400;\" aria-level=\"2\"><span style=\"font-weight: 400;\">Pokud m\u00e1te jako matka nebo otec d\u00edt\u011bte povolen\u00ed k dlouhodob\u00e9mu \u010di trval\u00e9mu pobytu, d\u00edt\u011b je automaticky \u00fa\u010dastn\u00edkem ve\u0159ejn\u00e9ho zdravotn\u00edho poji\u0161t\u011bn\u00ed od narozen\u00ed a toto poji\u0161t\u011bn\u00ed plat\u00ed i b\u011bhem \u0159\u00edzen\u00ed o \u017e\u00e1dosti o povolen\u00ed k dlouhodob\u00e9mu pobytu. \u017d\u00e1dost o povolen\u00ed k pobytu d\u00edt\u011bte mus\u00ed b\u00fdt pod\u00e1na do 60 dn\u016f od jeho narozen\u00ed. Do 8 dn\u016f po narozen\u00ed mus\u00ed rodi\u010de informovat zdravotn\u00ed poji\u0161\u0165ovnu.<\/span><\/li>\n<\/ul>\n<\/li>\n<\/ol>\n<ol>\n<li style=\"font-weight: 400;\" aria-level=\"1\"><b>Dlouhodob\u00e9 v\u00edzum<\/b>\n<ul>\n<li style=\"font-weight: 400;\" aria-level=\"2\"><span style=\"font-weight: 400;\">Pokud se d\u00edt\u011b narod\u00ed v \u010cR, je poji\u0161t\u011bno od narozen\u00ed do konce m\u011bs\u00edce, ve kter\u00e9m dovr\u0161\u00ed 60 dn\u016f. Jako rodi\u010de mus\u00edte d\u00edt\u011bti uzav\u0159\u00edt komplexn\u00ed zdravotn\u00ed poji\u0161t\u011bn\u00ed.\u00a0<\/span><\/li>\n<\/ul>\n<\/li>\n<\/ol>\n<p><span style=\"font-weight: 400;\">D\u016fle\u017eit\u00e9: Zdravotn\u00ed poji\u0161t\u011bn\u00ed d\u00edt\u011bte je nav\u00e1z\u00e1no na jeho pobytov\u00e9 opr\u00e1vn\u011bn\u00ed, proto o n\u011bj pro va\u0161e d\u00edt\u011b nezapome\u0148te po\u017e\u00e1dat v\u010das. V\u00edce informac\u00ed se dozv\u00edte na <\/span><a href=\"https:\/\/frs.gov.cz\/typy-viz-a-pobytu\/obcane-tretich-zemi\/pobyt-ditete-narozeneho-na-uzemi-ceske-republiky\/\"><span style=\"font-weight: 400;\">Informa\u010dn\u00edm port\u00e1lu pro cizince Ministerstva vnitra<\/span><\/a><span style=\"font-weight: 400;\">.<\/span><\/p>\n<p>&nbsp;<\/p>\n<h4><b>Preventivn\u00ed prohl\u00eddky pro d\u011bti\u00a0<\/b><\/h4>\n<p><span style=\"font-weight: 400;\">V \u010cR prob\u00edh\u00e1 pravideln\u00e1 preventivn\u00ed p\u00e9\u010de u praktick\u00e9ho l\u00e9ka\u0159e pro d\u011bti a dorost.<\/span> <span style=\"font-weight: 400;\">Po propu\u0161t\u011bn\u00ed z porodnice d\u00edt\u011b obvykle absolvuje prvn\u00ed prohl\u00eddku doma do 2 dn\u016f. Dal\u0161\u00ed prohl\u00eddky se konaj\u00ed v 6 t\u00fddnech, ve 3 m\u011bs\u00edc\u00edch, a pak ka\u017ed\u00e9 1-2 m\u011bs\u00edce a\u017e do 1 roku v\u011bku.<\/span> <span style=\"font-weight: 400;\">Po prvn\u00edm roce jsou prohl\u00eddky v 18 m\u011bs\u00edc\u00edch a pak od 3 let ka\u017ed\u00e9 2 roky a\u017e do v\u011bku 17 let. D\u016fle\u017eit\u00e9 \u00fadaje z prohl\u00eddek a o\u010dkov\u00e1n\u00ed l\u00e9ka\u0159 zapisuje do zdravotn\u00edho pr\u016fkazu, aby byly informace dostupn\u00e9 i v nal\u00e9hav\u00fdch situac\u00edch.<\/span> <span style=\"font-weight: 400;\">Zubn\u00ed prohl\u00eddky se konaj\u00ed dvakr\u00e1t ro\u010dn\u011b (prvn\u00ed mezi 6.-12. m\u011bs\u00edcem) a prvn\u00ed gynekologick\u00e1 prohl\u00eddka je doporu\u010dena d\u00edvk\u00e1m ve v\u011bku 15 let. Pokud maj\u00ed Va\u0161e d\u011bti ve\u0159ejn\u00e9 zdravotn\u00ed poji\u0161t\u011bn\u00ed, ve\u0161ker\u00e9 preventivn\u00ed prohl\u00eddky jsou z n\u011bj hrazeny.<\/span><\/p>\n<p style=\"text-align: right;\"><em>Posledn\u00ed aktualizace: 4. b\u0159ezen 2025<\/em><\/p>\n<p><\/p>","protected":false},"excerpt":{"rendered":"<p>Na webu Praha \u2013 Metropole v\u0161ech v\u00e1m nyn\u00ed d\u00e1me n\u011bkolik praktick\u00fdch rad pro obdob\u00ed t\u011bhotenstv\u00ed a narozen\u00ed d\u00edt\u011bte. Gynekologick\u00e1 p\u00e9\u010de i porodn\u00ed p\u00e9\u010de je v \u010cesk\u00e9 republice na velmi vysok\u00e9 \u00farovni. T\u011bhotn\u00e9 \u017eeny doch\u00e1zej\u00ed v \u010cesk\u00e9 republice pravideln\u011b do poradny&#8230;<\/p>\n<a class=\"more-block\" href=\"https:\/\/metropolevsech.eu\/cs\/potrebuji-resit\/zdravotnictvi-zdravotni-a-socialni-pojisteni\/lekari-a-pohotovost\/zdravotni-pece-o-tehotne-zeny-cizinky-a-novorozence\/\">\u010c\u00edst v\u00edce<\/a>","protected":false},"author":7,"featured_media":0,"parent":648,"menu_order":0,"comment_status":"closed","ping_status":"closed","template":"","meta":[],"acf":[],"_links":{"self":[{"href":"https:\/\/metropolevsech.eu\/cs\/wp-json\/wp\/v2\/pages\/20938"}],"collection":[{"href":"https:\/\/metropolevsech.eu\/cs\/wp-json\/wp\/v2\/pages"}],"about":[{"href":"https:\/\/metropolevsech.eu\/cs\/wp-json\/wp\/v2\/types\/page"}],"author":[{"embeddable":true,"href":"https:\/\/metropolevsech.eu\/cs\/wp-json\/wp\/v2\/users\/7"}],"replies":[{"embeddable":true,"href":"https:\/\/metropolevsech.eu\/cs\/wp-json\/wp\/v2\/comments?post=20938"}],"version-history":[{"count":25,"href":"https:\/\/metropolevsech.eu\/cs\/wp-json\/wp\/v2\/pages\/20938\/revisions"}],"predecessor-version":[{"id":24560,"href":"https:\/\/metropolevsech.eu\/cs\/wp-json\/wp\/v2\/pages\/20938\/revisions\/24560"}],"up":[{"embeddable":true,"href":"https:\/\/metropolevsech.eu\/cs\/wp-json\/wp\/v2\/pages\/648"}],"wp:attachment":[{"href":"https:\/\/metropolevsech.eu\/cs\/wp-json\/wp\/v2\/media?parent=20938"}],"curies":[{"name":"wp","href":"https:\/\/api.w.org\/{rel}","templated":true}]}}