{"id":21176,"date":"2024-12-04T09:52:30","date_gmt":"2024-12-04T08:52:30","guid":{"rendered":"https:\/\/metropolevsech.eu\/?page_id=21176"},"modified":"2026-01-14T08:53:18","modified_gmt":"2026-01-14T07:53:18","slug":"obcane-eu-a-jejich-rodinni-prislusnici","status":"publish","type":"page","link":"https:\/\/metropolevsech.eu\/cs\/obcane-eu-a-jejich-rodinni-prislusnici\/","title":{"rendered":"Ob\u010dan\u00e9 EU a jejich rodinn\u00ed p\u0159\u00edslu\u0161n\u00edci"},"content":{"rendered":"<p><em><span style=\"font-weight: 400;\">Pokud jste <strong>ob\u010dan\u00e9 <\/strong><\/span><strong>Evropsk\u00e9 unie<\/strong><span style=\"font-weight: 400;\">, m\u00e1te pr\u00e1vo na voln\u00fd pohyb v r\u00e1mci zem\u00ed Evropsk\u00e9 unie. To znamen\u00e1, \u017ee m\u00e1te n\u00e1rok p\u0159icestovat do \u010cesk\u00e9 republiky, \u017e\u00edt zde a pracovat, ani\u017e byste si \u017e\u00e1dali o jak\u00e9koliv povolen\u00ed k pobytu. Jako ob\u010dan\u00e9 EU v\u0161ak m\u016f\u017eete po\u017e\u00e1dat o <strong><a href=\"https:\/\/ipc.gov.cz\/typy-viz-a-pobytu\/obcane-evropske-unie\/osvedceni-o-registraci\/\">osv\u011bd\u010den\u00ed k registraci<\/a><\/strong> a o <strong><a href=\"https:\/\/ipc.gov.cz\/typy-viz-a-pobytu\/obcane-evropske-unie\/povoleni-k-trvalemu-pobytu-obcana-evropske-unie\/\">povolen\u00ed k trval\u00e9mu pobytu<\/a><\/strong> (a d\u00e1le o <strong><a href=\"https:\/\/portal.gov.cz\/sluzby-vs\/S10108\">st\u00e1tn\u00ed ob\u010danstv\u00ed<\/a>)<\/strong>, kter\u00e9 v\u00e1m p\u0159inesou n\u011bkter\u00e1 pr\u00e1va a zjednodu\u0161\u00ed vy\u0159izov\u00e1n\u00ed n\u011bkter\u00fdch administrativn\u00edch z\u00e1le\u017eitost\u00ed (viz n\u00ed\u017ee). Jste-li ob\u010danem zem\u011b schengensk\u00e9ho prostoru, m\u016f\u017eete cestovat do jin\u00fdch zem\u00ed schengensk\u00e9ho prostoru bez nutnosti hrani\u010dn\u00ed kontroly. Sta\u010d\u00ed v\u00e1m k tomu pouze pr\u016fkaz toto\u017enosti nebo cestovn\u00ed pas.<\/span><\/em><\/p>\n<p><em><span style=\"font-weight: 400;\">Pokud jste <strong>rodinn\u00ed p\u0159\u00edslu\u0161n\u00edci ob\u010dan\u016f EU <\/strong>a m\u00e1te st\u00e1tn\u00ed ob\u010danstv\u00ed tzv. t\u0159et\u00ed zem\u011b (nikoliv 1.\u010cR a 2.EU) a v \u010cR pl\u00e1nujete b\u00fdt d\u00e9le ne\u017e 90 dn\u016f, m\u016f\u017eete si po\u017e\u00e1dat o <a href=\"https:\/\/ipc.gov.cz\/typy-viz-a-pobytu\/obcane-evropske-unie\/povoleni-k-prechodnemu-pobytu-rodinnych-prislusniku-obcanu-evropske-unie\/\"><strong>povolen\u00ed k p\u0159echodn\u00e9mu pobytu\u00a0<\/strong><\/a> a n\u00e1sledn\u011b o <a href=\"https:\/\/ipc.gov.cz\/typy-viz-a-pobytu\/obcane-evropske-unie\/povoleni-k-trvalemu-pobytu-rodinnych-prislusniku-obcanu-evropske-unie\/\"><strong>povolen\u00ed k trval\u00e9mu pobytu<\/strong><\/a><\/span>\u00a0<strong>rodinn\u00fdch p\u0159\u00edslu\u0161n\u00edk\u016f ob\u010dan\u016f Evropsk\u00e9 unie<\/strong>.<\/em><\/p>\n<ul class=\"bullet\">\n<li><a href=\"#obcane-eu-cz\">Ob\u010dan\u00e9 Evropsk\u00e9 unie a jejich pobyt v \u010cR<\/a><\/li>\n<li><a href=\"#rodprisl-eu-cz\">Rodinn\u00ed p\u0159\u00edslu\u0161n\u00edci ob\u010dan\u016f EU a jejich pobyt v \u010cR<\/a><\/li>\n<li><a href=\"https:\/\/ipc.gov.cz\/typy-viz-a-pobytu\/obcane-evropske-unie\/pobyt-ditete-narozeneho-na-uzemi-ceske-republiky-obcana-eu-nebo-rodinneho-prislusnika-obcana-eu\/\">D\u00edt\u011b\u00a0(ob\u010dana EU nebo rodinn\u00e9ho p\u0159\u00edslu\u0161n\u00edka ob\u010dana EU) narozen\u00e9 v \u010cR a jeho pobyt<\/a><\/li>\n<li><a href=\"#povinnosti-obcane-eu-cz\">Povinnosti ob\u010dan\u016f Evropsk\u00e9 unie a jejich rodinn\u00fdch p\u0159\u00edslu\u0161n\u00edk\u016f<\/a><\/li>\n<li><a href=\"#eu-cz\">Evropsk\u00e1 Unie<\/a><\/li>\n<li><a href=\"#schengen-cz\">Schengensk\u00fd prostor<\/a><\/li>\n<\/ul>\n<h3 id=\"obcane-eu-cz\"><strong>Ob\u010dan\u00e9 Evropsk\u00e9 unie a jejich pobyt v \u010cR<\/strong>\u00a0(osv\u011bd\u010den\u00ed o registraci, trval\u00fd pobyt a st\u00e1tn\u00ed ob\u010danstv\u00ed)<\/h3>\n<h4><strong>Osv\u011bd\u010den\u00ed o registraci<\/strong><\/h4>\n<p><span style=\"font-weight: 400;\">Pokud\u00a0 jako ob\u010dan\u00e9 EU, Islandu, Lichten\u0161tejnska, Norska, \u0160v\u00fdcarska (a p\u0159i spln\u011bn\u00ed podm\u00ednek tak\u00e9 ob\u010dan\u00e9 Spojen\u00e9ho kr\u00e1lovstv\u00ed) hodl\u00e1te pob\u00fdvat v \u010cR d\u00e9le ne\u017e 3 m\u011bs\u00edce, m\u016f\u017eete (ale nemus\u00edte) si po\u017e\u00e1dat o <a href=\"https:\/\/ipc.gov.cz\/typy-viz-a-pobytu\/obcane-evropske-unie\/osvedceni-o-registraci\/\">osv\u011bd\u010den\u00ed o registraci<\/a>. <\/span>Osv\u011bd\u010den\u00ed o registraci je platn\u00e9 10 let (pro ob\u010dany EU) nebo 5 let (pro n\u011bkter\u00e9 ob\u010dany Spojen\u00e9ho kr\u00e1lovstv\u00ed). Osv\u011bd\u010den\u00ed v\u00e1m nap\u0159. umo\u017en\u00ed z\u00edskat rodn\u00e9 \u010d\u00edslo, <a target=\"_blank\" href=\"https:\/\/ipc.gov.cz\/zivot-v-cesku\/volby\/\" rel=\"noopener\" data-type=\"URL\">volit do zastupitelstva obce a do Evropsk\u00e9ho parlamentu<\/a>, a prok\u00e1zat pot\u0159ebnou d\u00e9lku pobytu v \u010cR pro trval\u00fd pobyt.<\/p>\n<h4><strong>Povolen\u00ed k trval\u00e9mu pobytu\u00a0<\/strong><\/h4>\n<p><a href=\"https:\/\/ipc.gov.cz\/typy-viz-a-pobytu\/obcane-evropske-unie\/povoleni-k-trvalemu-pobytu-obcana-evropske-unie\/\"><strong>Povolen\u00ed k trval\u00e9mu pobytu<\/strong><\/a> je ur\u010deno ob\u010dan\u016fm EU a za ur\u010dit\u00fdch podm\u00ednek i ob\u010dan\u016fm Spojen\u00e9ho kr\u00e1lovstv\u00ed. Slou\u017e\u00ed jako podm\u00ednka pro z\u00edsk\u00e1n\u00ed \u010desk\u00e9ho ob\u010danstv\u00ed. O povolen\u00ed m\u016f\u017eete \u017e\u00e1dat po 5 letech nep\u0159etr\u017eit\u00e9ho pobytu v \u010cR nebo po 2 letech p\u0159echodn\u00e9ho pobytu, pokud jste byl\/a 1 rok bl\u00edzk\u00fdm rodinn\u00fdm p\u0159\u00edslu\u0161n\u00edkem ob\u010dana EU s trval\u00fdm pobytem nebo ob\u010dana \u010cR. Z\u00edsk\u00e1te p\u0159\u00edstup k ve\u0159ejn\u00e9mu zdravotn\u00edmu poji\u0161t\u011bn\u00ed, soci\u00e1ln\u00edm d\u00e1vk\u00e1m, pr\u00e1vo na zam\u011bstn\u00e1n\u00ed a podnik\u00e1n\u00ed a pr\u00e1vo <a href=\"https:\/\/ipc.gov.cz\/zivot-v-cesku\/volby\/\">volit do zastupitelstva obce a Evropsk\u00e9ho parlamentu<\/a>.<\/p>\n<h4><strong>St\u00e1tn\u00ed ob\u010danstv\u00ed<\/strong><\/h4>\n<p>Na st\u00e1tn\u00ed ob\u010danstv\u00ed nen\u00ed pr\u00e1vn\u00ed n\u00e1rok, o jeho ud\u011blen\u00ed rozhoduje Ministerstvo vnitra. Souhrnn\u00e9 informace o ud\u011blen\u00ed ob\u010danstv\u00ed naleznete\u00a0na <a target=\"_blank\" href=\"https:\/\/portal.gov.cz\/sluzby-vs\/S10108\" rel=\"noopener\">Port\u00e1lu ve\u0159ejn\u00e9 spr\u00e1vy<\/a>.<\/p>\n<h3 id=\"rodprisl-eu-cz\"><strong>Rodinn\u00ed p\u0159\u00edslu\u0161n\u00edci ob\u010dan\u016f EU a jejich pobyt v \u010cR<\/strong> (p\u0159echodn\u00fd a trval\u00fd pobyt)<\/h3>\n<h4>Kdo je pova\u017eov\u00e1n za rodinn\u00e9 p\u0159\u00edslu\u0161n\u00edky ob\u010dan\u016f EU<\/h4>\n<p><span style=\"font-weight: 400;\">Rodinn\u00e9 p\u0159\u00edslu\u0161n\u00edky ob\u010dan\u016f EU rozli\u0161ujeme na bl\u00edzk\u00e9 a vzd\u00e1len\u00e9.<\/span><\/p>\n<p><b>Bl\u00edzc\u00ed rodinn\u00ed p\u0159\u00edslu\u0161n\u00edci ob\u010dana EU jsou<\/b><span style=\"font-weight: 400;\">:<\/span><\/p>\n<ul class=\"bullet\">\n<li style=\"font-weight: 400;\" aria-level=\"1\"><span style=\"font-weight: 400;\">man\u017eel nebo man\u017eelka<\/span><\/li>\n<li style=\"font-weight: 400;\" aria-level=\"1\"><span style=\"font-weight: 400;\">registrovan\u00fd partner nebo partnerka stejn\u00e9ho pohlav\u00ed<\/span><\/li>\n<li style=\"font-weight: 400;\" aria-level=\"1\"><span style=\"font-weight: 400;\">rodi\u010d ob\u010dana mlad\u0161\u00edho 21 let, o kter\u00e9ho skute\u010dn\u011b pe\u010duje<\/span><\/li>\n<li style=\"font-weight: 400;\" aria-level=\"1\"><span style=\"font-weight: 400;\">potomek (syn, dcera, vnuk, vnu\u010dka) ob\u010dana EU mlad\u0161\u00ed 21 let<\/span><\/li>\n<li style=\"font-weight: 400;\" aria-level=\"1\"><span style=\"font-weight: 400;\">potomek man\u017eela \u010di man\u017eelky ob\u010dana EU mlad\u0161\u00ed 21 let<\/span><\/li>\n<li style=\"font-weight: 400;\" aria-level=\"1\"><span style=\"font-weight: 400;\">potomek nebo p\u0159edek (rodi\u010de, prarodi\u010de) ob\u010dana EU, kter\u00fd je (nebo bezprost\u0159edn\u011b p\u0159ed vstupem na \u00fazem\u00ed byl) z\u00e1visl\u00fd na v\u00fd\u017eiv\u011b nebo nutn\u00e9 p\u00e9\u010di ob\u010dana EU<\/span><\/li>\n<li style=\"font-weight: 400;\" aria-level=\"1\"><span style=\"font-weight: 400;\">potomek nebo p\u0159edek man\u017eela \u010di man\u017eelky ob\u010dana Evropsk\u00e9 unie, kter\u00fd je (nebo bezprost\u0159edn\u011b p\u0159ed vstupem na \u00fazem\u00ed byl) z\u00e1visl\u00fd na v\u00fd\u017eiv\u011b nebo nutn\u00e9 p\u00e9\u010di ob\u010dana EU.<\/span><\/li>\n<\/ul>\n<p><b>Vzd\u00e1len\u00ed rodinn\u00ed p\u0159\u00edslu\u0161n\u00edci ob\u010dana EU jsou:<\/b><\/p>\n<ul class=\"bullet\">\n<li style=\"font-weight: 400;\" aria-level=\"1\"><span style=\"font-weight: 400;\">druh nebo dru\u017eka (pokud dolo\u017e\u00ed trval\u00fd partnersk\u00fd vztah)<\/span><\/li>\n<li><span style=\"font-weight: 400;\">ostatn\u00ed p\u0159\u00edbuzn\u00ed (nap\u0159\u00edklad sestra, bratr, sest\u0159enice, bratranec, teta nebo str\u00fdc), kte\u0159\u00ed z\u00e1rove\u0148:<\/span><span style=\"font-weight: 400;\"><br \/>\n<\/span><span style=\"font-weight: 400;\">&#8211;\u00a0jsou v zemi p\u016fvodu <\/span><span style=\"font-weight: 400;\">vy\u017eivov\u00e1n\u00ed<\/span><span style=\"font-weight: 400;\"> t\u00edmto ob\u010danem, nebo<\/span><span style=\"font-weight: 400;\"><br \/>\n<\/span><span style=\"font-weight: 400;\">&#8211; jsou v zemi p\u016fvodu \u010dleny dom\u00e1cnosti tohoto ob\u010dana, nebo<\/span><span style=\"font-weight: 400;\"><br \/>\n<\/span><span style=\"font-weight: 400;\">&#8211; vy\u017eaduj\u00ed osobn\u00ed p\u00e9\u010di tohoto ob\u010dana z v\u00e1\u017en\u00fdch zdravotn\u00edch d\u016fvod\u016f.<\/span><\/li>\n<\/ul>\n<h4>Povolen\u00ed k p\u0159echodn\u00e9mu pobytu rodinn\u00fdch p\u0159\u00edslu\u0161n\u00edk\u016f ob\u010dan\u016f Evropsk\u00e9 unie<\/h4>\n<p><a href=\"https:\/\/ipc.gov.cz\/typy-viz-a-pobytu\/obcane-evropske-unie\/povoleni-k-prechodnemu-pobytu-rodinnych-prislusniku-obcanu-evropske-unie\/\">Povolen\u00ed k p\u0159echodn\u00e9mu pobytu<\/a> je ur\u010deno ob\u010dan\u016fm t\u0159et\u00edch zem\u00ed, kte\u0159\u00ed jsou rodinn\u00fdmi p\u0159\u00edslu\u0161n\u00edky ob\u010dan\u016f EU, Norska, Lichten\u0161tejnska, Islandu, \u0160v\u00fdcarska, \u010cesk\u00e9 republiky a za ur\u010dit\u00fdch podm\u00ednek i Velk\u00e9 Brit\u00e1nie. Toto povolen\u00ed umo\u017e\u0148uje pobyt na \u00fazem\u00ed \u010cR del\u0161\u00ed ne\u017e 90 dn\u00ed a vyd\u00e1v\u00e1 se na dobu p\u0159edpokl\u00e1dan\u00e9ho pobytu ob\u010dana EU, maxim\u00e1ln\u011b v\u0161ak na 5 let. Po dobu platnosti povolen\u00ed mus\u00edte pob\u00fdvat na \u00fazem\u00ed s ob\u010danem EU.<\/p>\n<p>S t\u00edmto povolen\u00edm m\u00e1te voln\u00fd p\u0159\u00edstup na trh pr\u00e1ce a m\u016f\u017eete pracovat i b\u011bhem \u010dek\u00e1n\u00ed na rozhodnut\u00ed o va\u0161\u00ed \u017e\u00e1dosti (sta\u010d\u00ed v\u00edzov\u00fd \u0161t\u00edtek v pase). Umo\u017e\u0148uje v\u00e1m tak\u00e9 opakovan\u011b opou\u0161t\u011bt \u010cR, cestovat bez v\u00edza po Schengensk\u00e9m prostoru a z\u00edskat rodn\u00e9 \u010d\u00edslo, pokud ho ji\u017e nem\u00e1te.<\/p>\n<h4>Povolen\u00ed k trval\u00e9mu pobytu rodinn\u00fdch p\u0159\u00edslu\u0161n\u00edk\u016f ob\u010dan\u016f Evropsk\u00e9 unie<\/h4>\n<p>Povolen\u00ed k\u00a0trval\u00e9mu pobytu rodinn\u00e9ho p\u0159\u00edslu\u0161n\u00edka ob\u010dana Evropsk\u00e9 unie je pobytov\u00e9 opr\u00e1vn\u011bn\u00ed ur\u010den\u00e9 ob\u010dan\u016fm t\u0159et\u00edch zem\u00ed, kte\u0159\u00ed jsou rodinn\u00fdmi p\u0159\u00edslu\u0161n\u00edky\u00a0ob\u010dan\u016f Evropsk\u00e9 unie, Norska, Lichten\u0161tejnska, Islandu, \u0160v\u00fdcarska a za ur\u010dit\u00fdch podm\u00ednek Velk\u00e9 Brit\u00e1nie.<\/p>\n<p>Po\u017e\u00e1dat m\u016f\u017eete:<\/p>\n<ul class=\"bullet\">\n<li><strong>po 5 letech nep\u0159etr\u017eit\u00e9ho pobytu<\/strong> na \u00fazem\u00ed \u010cesk\u00e9 republiky, nebo<\/li>\n<li><strong>po 2 letech nep\u0159etr\u017eit\u00e9ho p\u0159echodn\u00e9ho pobytu<\/strong>, pokud:\n<ul>\n<li>jste bl\u00edzk\u00fdm rodinn\u00fdm p\u0159\u00edslu\u0161n\u00edkem ob\u010dana Evropsk\u00e9 unie s povolen\u00fdm trval\u00fdm pobytem na \u00fazem\u00ed \u010cR, nebo<\/li>\n<li>jste bl\u00edzk\u00fdm rodinn\u00fdm p\u0159\u00edslu\u0161n\u00edkem ob\u010dana \u010cesk\u00e9 republiky s trval\u00fdm pobytem v \u010cR, a tento vztah trv\u00e1 nejm\u00e9n\u011b 1 rok.<\/li>\n<\/ul>\n<\/li>\n<\/ul>\n<p>Povolen\u00ed se vyd\u00e1v\u00e1 na <strong>10 let<\/strong> a lze jej opakovan\u011b prodlou\u017eit o dal\u0161\u00edch 10 let. Pro rodinn\u00e9 p\u0159\u00edslu\u0161n\u00edky ob\u010dan\u016f Velk\u00e9 Brit\u00e1nie a Severn\u00edho Irska mlad\u0161\u00ed 15 let plat\u00ed karta <strong>5 let<\/strong><\/p>\n<p>S t\u00edmto povolen\u00edm m\u00e1te p\u0159\u00edstup k ve\u0159ejn\u00e9mu zdravotn\u00edmu poji\u0161t\u011bn\u00ed, n\u00e1rok na soci\u00e1ln\u00ed podporu a voln\u00fd p\u0159\u00edstup na trh pr\u00e1ce a mo\u017enost podnik\u00e1n\u00ed.<\/p>\n<div class=\"box-ok\"><br \/>\nPokud jste ob\u010danem t\u0159et\u00ed zem\u011b, m\u016f\u017eete spole\u010dn\u011b se \u017e\u00e1dost\u00ed o trval\u00fd pobyt \u017e\u00e1dat o <a href=\"https:\/\/ipc.gov.cz\/zivot-v-eu\/zivot-v-eu-obcane-tretich-zemi\/status-dlouhodobe-pobyvajiciho-rezidenta-evropskeho-spolecenstvi\/\">status dlouhodob\u011b pob\u00fdvaj\u00edc\u00edho rezidenta EU<\/a>.<\/div>\n<div class=\"box-ok\">Bli\u017e\u0161\u00ed informace o ob\u010danech EU a jejich rodinn\u00fdch p\u0159\u00edslu\u0161n\u00edc\u00edch naleznete na <a href=\"https:\/\/ipc.gov.cz\/typy-viz-a-pobytu\/obcane-evropske-unie\/kdo-jsou-obcane-evropske-unie-a-jejich-rodinni-prislusnici\/\">ofici\u00e1ln\u00edm Informa\u010dn\u00edm port\u00e1le pro cizince<\/a>. \u00a0Zde tak\u00e9 naleznete informace o jednotliv\u00fdch typech v\u00edz a pobyt\u016f\u00a0spolu se v\u0161emi pot\u0159ebn\u00fdmi formul\u00e1\u0159i.<\/div>\n<h3 id=\"povinnosti-obcane-eu-cz\"><strong>Povinnosti ob\u010dan\u016f Evropsk\u00e9 unie a jejich rodinn\u00fdch p\u0159\u00edslu\u0161n\u00edk\u016f<\/strong><\/h3>\n<p><strong>Ozn\u00e1mit p\u0159\u00edtomnost na \u00fazem\u00ed \u010cR<\/strong><\/p>\n<p>Pokud pl\u00e1nujete z\u016fstat v \u010cesk\u00e9 republice d\u00e9le ne\u017e 30 dn\u00ed, m\u00e1te povinnost do 30 dn\u016f od vstupu na \u00fazem\u00ed <strong>ozn\u00e1mit svou p\u0159\u00edtomnost odboru cizineck\u00e9 policie<\/strong>. Tato povinnost se v\u0161ak na v\u00e1s nevztahuje, pokud va\u0161i p\u0159\u00edtomnost ozn\u00e1m\u00ed v\u00e1\u0161 ubytovatel, nap\u0159\u00edklad hotel nebo hostel, nebo pokud jste mlad\u0161\u00ed 15 let. Jste-li rodinn\u00fdmi p\u0159\u00edslu\u0161n\u00edky ob\u010dana EU, kter\u00fd v \u010cesk\u00e9 republice nepob\u00fdv\u00e1, mus\u00edte p\u0159\u00edtomnost ozn\u00e1mit do 3 pracovn\u00edch dn\u016f.<\/p>\n<p><strong>Informovat o zm\u011bn\u011b \u00fadaj\u016f<\/strong><\/p>\n<p>B\u011bhem pobytu je d\u016fle\u017eit\u00e9 informovat o jak\u00e9koli zm\u011bn\u011b va\u0161ich osobn\u00edch \u00fadaj\u016f, jako je zm\u011bna jm\u00e9na, p\u0159\u00edjmen\u00ed, osobn\u00edho stavu (nap\u0159. svatba nebo rozvod) \u010di v\u00fdm\u011bna cestovn\u00edho dokladu. Tyto zm\u011bny je t\u0159eba nahl\u00e1sit do 15 pracovn\u00edch dn\u016f. Pokud se zm\u011bn\u00ed va\u0161e adresa a pl\u00e1nujete na nov\u00e9 adrese pob\u00fdvat d\u00e9le ne\u017e 180 dn\u00ed, mus\u00edte tuto zm\u011bnu ozn\u00e1mit do 30 pracovn\u00edch dn\u016f.<\/p>\n<p><strong>Odevzdat pobytov\u00fd doklad<\/strong><\/p>\n<p>V p\u0159\u00edpad\u011b ukon\u010den\u00ed va\u0161eho pobytu v \u010cesk\u00e9 republice je nutn\u00e9 odevzdat pobytov\u00fd doklad, a to nejpozd\u011bji 3 dny p\u0159ed va\u0161\u00edm odjezdem. Pokud by do\u0161lo ke ztr\u00e1t\u011b, odcizen\u00ed, po\u0161kozen\u00ed nebo zni\u010den\u00ed va\u0161eho pobytov\u00e9ho dokladu, mus\u00edte tuto skute\u010dnost ozn\u00e1mit do 3 pracovn\u00edch dn\u016f. V p\u0159\u00edpad\u011b ztr\u00e1ty \u010di odcizen\u00ed cestovn\u00edho dokladu je t\u0159eba tuto situaci bezodkladn\u011b nahl\u00e1sit policii.<\/p>\n<div class=\"box-ok\"> Pro v\u00edce informac\u00ed o sv\u00fdch povinnostech nav\u0161tivte <a href=\"https:\/\/ipc.gov.cz\/povinnosti-cizincu\/\">Informa\u010dn\u00ed port\u00e1l pro cizince Ministerstva vnitra \u010cR<\/a>. <\/div>\n<h3 id=\"eu-cz\"><strong>Evropsk\u00e1 unie<\/strong><\/h3>\n<p><span style=\"font-weight: 400;\"><a href=\"https:\/\/european-union.europa.eu\/easy-read_cs\">Evropsk\u00e1 unie (EU)<\/a> je skupina 27 zem\u00ed v Evrop\u011b, kter\u00e9 se rozhodly spolupracovat, aby lidem zajistily lep\u0161\u00ed, jednodu\u0161\u0161\u00ed a bezpe\u010dn\u011bj\u0161\u00ed \u017eivot. Tyto zem\u011b spolupracuj\u00ed v r\u016fzn\u00fdch oblastech, jako je obchod, cestov\u00e1n\u00ed a bezpe\u010dnost, a sna\u017e\u00ed se spole\u010dn\u011b \u0159e\u0161it probl\u00e9my, kter\u00e9 ovliv\u0148uj\u00ed v\u0161echny obyvatele. \u010cesk\u00e1 republika vstoupila do EU 1. kv\u011btna 2024.\u00a0<\/span><\/p>\n<p><span style=\"font-weight: 400;\">\u010clensk\u00e9 zem\u011b Evropsk\u00e9 unie jsou:<\/span><\/p>\n<ul class=\"bullet\">\n<li style=\"font-weight: 400;\" aria-level=\"1\"><span style=\"font-weight: 400;\">Rakousko<\/span><\/li>\n<li style=\"font-weight: 400;\" aria-level=\"1\"><span style=\"font-weight: 400;\">Belgie<\/span><\/li>\n<li style=\"font-weight: 400;\" aria-level=\"1\"><span style=\"font-weight: 400;\">Bulharsko<\/span><\/li>\n<li style=\"font-weight: 400;\" aria-level=\"1\"><span style=\"font-weight: 400;\">Chorvatsko<\/span><\/li>\n<li style=\"font-weight: 400;\" aria-level=\"1\"><span style=\"font-weight: 400;\">Kypr<\/span><\/li>\n<li style=\"font-weight: 400;\" aria-level=\"1\"><span style=\"font-weight: 400;\">\u010cesko<\/span><\/li>\n<li style=\"font-weight: 400;\" aria-level=\"1\"><span style=\"font-weight: 400;\">D\u00e1nsko<\/span><\/li>\n<li style=\"font-weight: 400;\" aria-level=\"1\"><span style=\"font-weight: 400;\">Estonsko<\/span><\/li>\n<li style=\"font-weight: 400;\" aria-level=\"1\"><span style=\"font-weight: 400;\">Finsko<\/span><\/li>\n<li style=\"font-weight: 400;\" aria-level=\"1\"><span style=\"font-weight: 400;\">Francie<\/span><\/li>\n<li style=\"font-weight: 400;\" aria-level=\"1\"><span style=\"font-weight: 400;\">N\u011bmecko<\/span><\/li>\n<li style=\"font-weight: 400;\" aria-level=\"1\"><span style=\"font-weight: 400;\">\u0158ecko<\/span><\/li>\n<li style=\"font-weight: 400;\" aria-level=\"1\"><span style=\"font-weight: 400;\">Ma\u010farsko<\/span><\/li>\n<li style=\"font-weight: 400;\" aria-level=\"1\"><span style=\"font-weight: 400;\">Irsko<\/span><\/li>\n<li style=\"font-weight: 400;\" aria-level=\"1\"><span style=\"font-weight: 400;\">It\u00e1lie<\/span><\/li>\n<li style=\"font-weight: 400;\" aria-level=\"1\"><span style=\"font-weight: 400;\">Loty\u0161sko<\/span><\/li>\n<li style=\"font-weight: 400;\" aria-level=\"1\"><span style=\"font-weight: 400;\">Litva<\/span><\/li>\n<li style=\"font-weight: 400;\" aria-level=\"1\"><span style=\"font-weight: 400;\">Lucembursko<\/span><\/li>\n<li style=\"font-weight: 400;\" aria-level=\"1\"><span style=\"font-weight: 400;\">Malta<\/span><\/li>\n<li style=\"font-weight: 400;\" aria-level=\"1\"><span style=\"font-weight: 400;\">Nizozemsko<\/span><\/li>\n<li style=\"font-weight: 400;\" aria-level=\"1\"><span style=\"font-weight: 400;\">Polsko<\/span><\/li>\n<li style=\"font-weight: 400;\" aria-level=\"1\"><span style=\"font-weight: 400;\">Portugalsko<\/span><\/li>\n<li style=\"font-weight: 400;\" aria-level=\"1\"><span style=\"font-weight: 400;\">Rumunsko<\/span><\/li>\n<li style=\"font-weight: 400;\" aria-level=\"1\"><span style=\"font-weight: 400;\">Slovensko<\/span><\/li>\n<li style=\"font-weight: 400;\" aria-level=\"1\"><span style=\"font-weight: 400;\">Slovinsko<\/span><\/li>\n<li style=\"font-weight: 400;\" aria-level=\"1\"><span style=\"font-weight: 400;\">\u0160pan\u011blsko<\/span><\/li>\n<li style=\"font-weight: 400;\" aria-level=\"1\"><span style=\"font-weight: 400;\">\u0160v\u00e9dsko<\/span><\/li>\n<\/ul>\n<h3 id=\"schengen-cz\"><strong>Schengensk\u00fd prostor<\/strong><\/h3>\n<p><span style=\"font-weight: 400;\">Evropsk\u00e1 unie vytvo\u0159ila tzv. <a href=\"https:\/\/european-union.europa.eu\/principles-countries-history\/eu-countries_cs\">Schengensk\u00fd prostor<\/a>, kde se lid\u00e9 mohou pohybovat mezi \u010dlensk\u00fdmi st\u00e1ty bez pasov\u00fdch kontrol. <\/span><span style=\"font-weight: 400;\">Ka\u017ed\u00e1 osoba m\u016f\u017ee bez ohledu sv\u00e9 st\u00e1tn\u00ed ob\u010danstv\u00ed cestovat mezi zem\u011bmi schengensk\u00e9ho prostoru bez nutnosti proch\u00e1zet hrani\u010dn\u00ed kontrolou. Vnitrost\u00e1tn\u00ed org\u00e1ny v\u0161ak mohou prov\u00e1d\u011bt policejn\u00ed kontroly na hranic\u00edch mezi t\u011bmito zem\u011bmi a v pohrani\u010dn\u00edch oblastech.<\/span><\/p>\n<p><b>Seznam st\u00e1t\u016f schengensk\u00e9ho prostoru:<\/b><\/p>\n<p>St\u00e1ty Evropsk\u00e9 unie: Belgie, Bulharsko, \u010cesk\u00e1 republika, D\u00e1nsko, Estonsko, Finsko, Francie, Chorvatsko, It\u00e1lie,Litva, Loty\u0161sko, Lucembursko, Ma\u010farsko, Malta, N\u011bmecko, Nizozemsko, Polsko, Portugalsko, Rakousko, Rumunsko, \u0158ecko, Slovensko, Slovinsko, \u0160pan\u011blsko a \u0160v\u00e9dsko.<\/p>\n<p>Do schengensk\u00e9ho prostoru pat\u0159\u00ed i st\u00e1ty, kter\u00e9 nejsou v EU: Island, Lichten\u0161tejnsko, Norsko a \u0160v\u00fdcarsko.<\/p>\n<div class=\"box-fixa\">Bulharsko a Rumunsko se staly sou\u010d\u00e1st\u00ed schengensk\u00e9ho prostoru 31. b\u0159ezna 2024. Irsko a Kypr <b>nejsou<\/b> \u010dleny Schengensk\u00e9ho prostoru.<\/div>\n<div class=\"box-ok\">V\u00edce informac\u00ed o Evropsk\u00e9 unii a Schengensk\u00e9m prostoru naleznete na <a href=\"https:\/\/european-union.europa.eu\/index_cs\"><span style=\"font-weight: 400;\">Ofici\u00e1ln\u00ed internetov\u00e9 str\u00e1nce Evropsk\u00e9 unie<\/span><\/a>.<\/div>\n<p style=\"text-align: right;\"><em>Posledn\u00ed aktualizace: 4. b\u0159ezen 2025<\/em><\/p>\n<p><\/p>","protected":false},"excerpt":{"rendered":"<p>Pokud jste ob\u010dan\u00e9 Evropsk\u00e9 unie, m\u00e1te pr\u00e1vo na voln\u00fd pohyb v r\u00e1mci zem\u00ed Evropsk\u00e9 unie. To znamen\u00e1, \u017ee m\u00e1te n\u00e1rok p\u0159icestovat do \u010cesk\u00e9 republiky, \u017e\u00edt zde a pracovat, ani\u017e byste si \u017e\u00e1dali o jak\u00e9koliv povolen\u00ed k pobytu. Jako ob\u010dan\u00e9 EU&#8230;<\/p>\n<a class=\"more-block\" href=\"https:\/\/metropolevsech.eu\/cs\/obcane-eu-a-jejich-rodinni-prislusnici\/\">\u010c\u00edst v\u00edce<\/a>","protected":false},"author":7,"featured_media":0,"parent":0,"menu_order":0,"comment_status":"closed","ping_status":"closed","template":"","meta":[],"acf":[],"_links":{"self":[{"href":"https:\/\/metropolevsech.eu\/cs\/wp-json\/wp\/v2\/pages\/21176"}],"collection":[{"href":"https:\/\/metropolevsech.eu\/cs\/wp-json\/wp\/v2\/pages"}],"about":[{"href":"https:\/\/metropolevsech.eu\/cs\/wp-json\/wp\/v2\/types\/page"}],"author":[{"embeddable":true,"href":"https:\/\/metropolevsech.eu\/cs\/wp-json\/wp\/v2\/users\/7"}],"replies":[{"embeddable":true,"href":"https:\/\/metropolevsech.eu\/cs\/wp-json\/wp\/v2\/comments?post=21176"}],"version-history":[{"count":87,"href":"https:\/\/metropolevsech.eu\/cs\/wp-json\/wp\/v2\/pages\/21176\/revisions"}],"predecessor-version":[{"id":24335,"href":"https:\/\/metropolevsech.eu\/cs\/wp-json\/wp\/v2\/pages\/21176\/revisions\/24335"}],"wp:attachment":[{"href":"https:\/\/metropolevsech.eu\/cs\/wp-json\/wp\/v2\/media?parent=21176"}],"curies":[{"name":"wp","href":"https:\/\/api.w.org\/{rel}","templated":true}]}}