{"id":21343,"date":"2024-12-16T21:15:44","date_gmt":"2024-12-16T20:15:44","guid":{"rendered":"https:\/\/metropolevsech.eu\/?page_id=21343"},"modified":"2024-12-16T23:26:34","modified_gmt":"2024-12-16T22:26:34","slug":"projekt-unites-hl-m-praha-partnerem-v-mezinarodnim-projektu-o-integraci","status":"publish","type":"page","link":"https:\/\/metropolevsech.eu\/cs\/o-nas\/projekty-a-spoluprace-s-hmp\/zahranicni-spoluprace\/projekt-unites-hl-m-praha-partnerem-v-mezinarodnim-projektu-o-integraci\/","title":{"rendered":"Projekt UNITES &#8211; Hl. m. Praha partnerem v mezin\u00e1rodn\u00edm projektu o integraci\u00a0"},"content":{"rendered":"<p><span style=\"font-weight: 400;\">Poprv\u00e9 v historii je <\/span><b>Hl. m. Praha partnersk\u00fdm m\u011bstem v mezin\u00e1rodn\u00edm projektu se zam\u011b\u0159en\u00edm na integraci cizinc\u016f <\/b><span style=\"font-weight: 400;\">pod veden\u00edm uzn\u00e1van\u00e9 evropsk\u00e9 s\u00edt\u011b <\/span><a href=\"https:\/\/eurocities.eu\/\"><span style=\"font-weight: 400;\">EUROCITIES<\/span><\/a><span style=\"font-weight: 400;\">*. Jedn\u00e1 se o v\u00fdznamn\u00fd miln\u00edk na cest\u011b Prahy k uzn\u00e1n\u00ed diverzity sv\u00e9 m\u00edstn\u00ed spole\u010dnosti a inkluzivnosti pro v\u0161echny sv\u00e9 ob\u010dany a ob\u010danky bez ohledu na jejich p\u016fvod. Hl. m. Prahu\u00a0 v projektu reprezentuj\u00ed specialist\u00e9 na integraci z <\/span><a href=\"https:\/\/metropolevsech.eu\/cs\/kontakty\/urady-v-praze\/magistrat-hl-m-prahy\/\"><b>odd\u011blen\u00ed n\u00e1rodnostn\u00edch men\u0161in a cizinc\u016f<\/b><\/a><b> Odboru kultury a cestovn\u00edho ruch z pra\u017esk\u00e9ho Magistr\u00e1tu<\/b><span style=\"font-weight: 400;\">.<\/span><\/p>\n<p>&nbsp;<\/p>\n<ul class=\"bullet links\">\n<li><strong><a href=\"https:\/\/metropolevsech.eu\/cs\/o-nas\/projekty-a-spoluprace-s-hmp\/zahranicni-spoluprace\/projekt-unites-hl-m-praha-partnerem-v-mezinarodnim-projektu-o-integraci\/predstaveni-projektu-unites\/\">P\u0159edstaven\u00ed projektu UNITES<\/a><\/strong><\/li>\n<li><a href=\"https:\/\/metropolevsech.eu\/cs\/o-nas\/projekty-a-spoluprace-s-hmp\/zahranicni-spoluprace\/projekt-unites-hl-m-praha-partnerem-v-mezinarodnim-projektu-o-integraci\/videoreportaz-z-projektu\/\"><strong>Videoreport\u00e1\u017e z projektu\u00a0<\/strong><\/a><\/li>\n<li><a href=\"https:\/\/metropolevsech.eu\/cs\/o-nas\/projekty-a-spoluprace-s-hmp\/zahranicni-spoluprace\/projekt-unites-hl-m-praha-partnerem-v-mezinarodnim-projektu-o-integraci\/aktivity-mhmp-a-migact-z-s-v-projektu-unites\/?preview_id=21388&amp;preview_nonce=96c841f43a&amp;_thumbnail_id=-1&amp;preview=true\"><strong>Aktivity MHMP a MigAct, z.s., v projektu UNITES<\/strong><\/a><\/li>\n<li><strong><a href=\"https:\/\/metropolevsech.eu\/cs\/o-nas\/projekty-a-spoluprace-s-hmp\/zahranicni-spoluprace\/projekt-unites-hl-m-praha-partnerem-v-mezinarodnim-projektu-o-integraci\/studijni-navstevy-partneru-v-praze-a-partnerskych-mestech\/\">Studijn\u00ed n\u00e1v\u0161t\u011bvy partner\u016f v Praze a partnersk\u00fdch m\u011bstech<\/a> <\/strong><\/li>\n<li><a href=\"https:\/\/metropolevsech.eu\/cs\/o-nas\/projekty-a-spoluprace-s-hmp\/zahranicni-spoluprace\/projekt-unites-hl-m-praha-partnerem-v-mezinarodnim-projektu-o-integraci\/11-konference-integrating-cities-v-bologni\/\"><strong>Z\u00e1v\u011bre\u010dn\u00e1 konference v Bologni<\/strong><\/a><\/li>\n<\/ul>\n<p>&nbsp;<\/p>\n<p>&nbsp;<\/p>\n<p>&nbsp;<\/p>","protected":false},"excerpt":{"rendered":"<p>Poprv\u00e9 v historii je Hl. m. Praha partnersk\u00fdm m\u011bstem v mezin\u00e1rodn\u00edm projektu se zam\u011b\u0159en\u00edm na integraci cizinc\u016f pod veden\u00edm uzn\u00e1van\u00e9 evropsk\u00e9 s\u00edt\u011b EUROCITIES*. Jedn\u00e1 se o v\u00fdznamn\u00fd miln\u00edk na cest\u011b Prahy k uzn\u00e1n\u00ed diverzity sv\u00e9 m\u00edstn\u00ed spole\u010dnosti a inkluzivnosti pro&#8230;<\/p>\n<a class=\"more-block\" href=\"https:\/\/metropolevsech.eu\/cs\/o-nas\/projekty-a-spoluprace-s-hmp\/zahranicni-spoluprace\/projekt-unites-hl-m-praha-partnerem-v-mezinarodnim-projektu-o-integraci\/\">\u010c\u00edst v\u00edce<\/a>","protected":false},"author":7,"featured_media":21399,"parent":17534,"menu_order":1,"comment_status":"closed","ping_status":"closed","template":"","meta":[],"acf":[],"_links":{"self":[{"href":"https:\/\/metropolevsech.eu\/cs\/wp-json\/wp\/v2\/pages\/21343"}],"collection":[{"href":"https:\/\/metropolevsech.eu\/cs\/wp-json\/wp\/v2\/pages"}],"about":[{"href":"https:\/\/metropolevsech.eu\/cs\/wp-json\/wp\/v2\/types\/page"}],"author":[{"embeddable":true,"href":"https:\/\/metropolevsech.eu\/cs\/wp-json\/wp\/v2\/users\/7"}],"replies":[{"embeddable":true,"href":"https:\/\/metropolevsech.eu\/cs\/wp-json\/wp\/v2\/comments?post=21343"}],"version-history":[{"count":9,"href":"https:\/\/metropolevsech.eu\/cs\/wp-json\/wp\/v2\/pages\/21343\/revisions"}],"predecessor-version":[{"id":21402,"href":"https:\/\/metropolevsech.eu\/cs\/wp-json\/wp\/v2\/pages\/21343\/revisions\/21402"}],"up":[{"embeddable":true,"href":"https:\/\/metropolevsech.eu\/cs\/wp-json\/wp\/v2\/pages\/17534"}],"wp:featuredmedia":[{"embeddable":true,"href":"https:\/\/metropolevsech.eu\/cs\/wp-json\/wp\/v2\/media\/21399"}],"wp:attachment":[{"href":"https:\/\/metropolevsech.eu\/cs\/wp-json\/wp\/v2\/media?parent=21343"}],"curies":[{"name":"wp","href":"https:\/\/api.w.org\/{rel}","templated":true}]}}