{"id":21347,"date":"2024-12-16T21:16:01","date_gmt":"2024-12-16T20:16:01","guid":{"rendered":"https:\/\/metropolevsech.eu\/?page_id=21347"},"modified":"2024-12-16T21:35:21","modified_gmt":"2024-12-16T20:35:21","slug":"studijni-navstevy-partneru-v-praze-a-partnerskych-mestech","status":"publish","type":"page","link":"https:\/\/metropolevsech.eu\/cs\/o-nas\/projekty-a-spoluprace-s-hmp\/zahranicni-spoluprace\/projekt-unites-hl-m-praha-partnerem-v-mezinarodnim-projektu-o-integraci\/studijni-navstevy-partneru-v-praze-a-partnerskych-mestech\/","title":{"rendered":"Studijn\u00ed n\u00e1v\u0161t\u011bvy partner\u016f v Praze a partnersk\u00fdch m\u011bstech"},"content":{"rendered":"<p><span style=\"font-weight: 400;\">Magistr\u00e1t hl. m. Prahy m\u011bl v roce 2024 tu \u010dest hostit partnery projektu UNITES v r\u00e1mci jejich studijn\u00ed n\u00e1v\u0161t\u011bvy. Tento mezin\u00e1rodn\u00ed projekt, veden\u00fd s\u00edt\u00ed Eurocities, si klade za c\u00edl zlep\u0161it integra\u010dn\u00ed strategie m\u011bst pomoc\u00ed participativn\u00edho spoluvytv\u00e1\u0159en\u00ed s migranty a dal\u0161\u00edmi kl\u00ed\u010dov\u00fdmi akt\u00e9ry.<\/span><\/p>\n<p><span style=\"font-weight: 400;\">Jednou z kl\u00ed\u010dov\u00fdch zast\u00e1vek byla n\u00e1v\u0161t\u011bva <\/span><a href=\"https:\/\/amiga-migrant.cz\/\"><span style=\"font-weight: 400;\">Agency for Migration and Adaptation AMIGA, z.s.<\/span><\/a><span style=\"font-weight: 400;\"> (AMIGA), kterou v roce 2010 zalo\u017eily \u010dty\u0159i \u017eeny p\u016fvodem z Ruska a Ukrajiny. AMIGA je prvn\u00ed multidisciplin\u00e1rn\u00ed centrum v \u010cesku, kter\u00e9 poskytuje psychologickou a soci\u00e1ln\u00ed podporu migrant\u016fm a uprchl\u00edk\u016fm, v\u010detn\u011b projektu \u201eDumka\u201c pro ukrajinsk\u00e9 uprchl\u00edky. Centrum vzniklo za podpory hlavn\u00edho m\u011bsta Prahy a dal\u0161\u00edch organizac\u00ed.<\/span><\/p>\n<p><span style=\"font-weight: 400;\">Partne\u0159i projektu UNITES se rovn\u011b\u017e setkali se z\u00e1stupci spolku <\/span><a href=\"https:\/\/migact.net\/cs\/\"><span style=\"font-weight: 400;\">MigAct, z.s.<\/span><\/a><span style=\"font-weight: 400;\">, kter\u00fd aktivn\u011b zapojuje obyvatele s migrantsk\u00fdm p\u016fvodem do participativn\u00edch proces\u016f v Praze. MigAct organizuje diskuse, v\u011bnuje se odstra\u0148ov\u00e1n\u00ed bari\u00e9r a podporuje zapojen\u00ed migrant\u016f do tvorby m\u00edstn\u00edch politik.<\/span><\/p>\n<p><span style=\"font-weight: 400;\">Projekt UNITES umo\u017e\u0148uje partnersk\u00fdm m\u011bst\u016fm, jako je Praha, sd\u00edlet zku\u0161enosti s ostatn\u00edmi evropsk\u00fdmi metropolemi a inspirovat se v\u00fdznamn\u00fdmi p\u0159\u00edklady dobr\u00e9 praxe, nap\u0159\u00edklad z Ath\u00e9n \u010di Bologni. Tyto v\u00fdm\u011bny p\u0159isp\u00edvaj\u00ed k lep\u0161\u00ed p\u0159\u00edprav\u011b na sou\u010dasn\u00e9 i budouc\u00ed v\u00fdzvy, kter\u00e9 souvis\u00ed s migrac\u00ed a integrac\u00ed v m\u011bstsk\u00e9m prost\u0159ed\u00ed.<\/span><\/p>\n<p><span style=\"font-weight: 400;\">UNITES zd\u016fraz\u0148uje, \u017ee kl\u00ed\u010dem k \u00fasp\u011bchu je spolupr\u00e1ce mezi institucemi, neziskov\u00fdm sektorem, migranty a dal\u0161\u00edmi obyvateli. Praha se t\u00edmto projektem zavazuje vytv\u00e1\u0159et inkluzivn\u011bj\u0161\u00ed prost\u0159ed\u00ed pro v\u0161echny, kte\u0159\u00ed v\u011b\u0159\u00ed v my\u0161lenku spole\u010dn\u00e9ho m\u011bsta.<\/span><\/p>\n<p>&nbsp;<\/p>\n<img loading=\"lazy\" class=\"alignnone wp-image-21351 size-content-image\" src=\"https:\/\/metropolevsech.eu\/wp-content\/uploads\/2024\/12\/Prague-7-1024x768-1-670x503.jpg\" alt=\"\" width=\"670\" height=\"503\" srcset=\"https:\/\/metropolevsech.eu\/wp-content\/uploads\/2024\/12\/Prague-7-1024x768-1-670x503.jpg 670w, https:\/\/metropolevsech.eu\/wp-content\/uploads\/2024\/12\/Prague-7-1024x768-1-300x225.jpg 300w, https:\/\/metropolevsech.eu\/wp-content\/uploads\/2024\/12\/Prague-7-1024x768-1-768x576.jpg 768w, https:\/\/metropolevsech.eu\/wp-content\/uploads\/2024\/12\/Prague-7-1024x768-1.jpg 1024w\" sizes=\"(max-width: 670px) 100vw, 670px\" \/>\n<p><em>foto: <a href=\"https:\/\/integratingcities.eu\/blog\/a-unites-story-amplifying-the-voice-of-migrants-in-prague\/\">webov\u00e9 str\u00e1nky integrating cities<\/a><\/em><\/p>","protected":false},"excerpt":{"rendered":"<p>Magistr\u00e1t hl. m. Prahy m\u011bl v roce 2024 tu \u010dest hostit partnery projektu UNITES v r\u00e1mci jejich studijn\u00ed n\u00e1v\u0161t\u011bvy. Tento mezin\u00e1rodn\u00ed projekt, veden\u00fd s\u00edt\u00ed Eurocities, si klade za c\u00edl zlep\u0161it integra\u010dn\u00ed strategie m\u011bst pomoc\u00ed participativn\u00edho spoluvytv\u00e1\u0159en\u00ed s migranty a dal\u0161\u00edmi&#8230;<\/p>\n<a class=\"more-block\" href=\"https:\/\/metropolevsech.eu\/cs\/o-nas\/projekty-a-spoluprace-s-hmp\/zahranicni-spoluprace\/projekt-unites-hl-m-praha-partnerem-v-mezinarodnim-projektu-o-integraci\/studijni-navstevy-partneru-v-praze-a-partnerskych-mestech\/\">\u010c\u00edst v\u00edce<\/a>","protected":false},"author":7,"featured_media":0,"parent":21343,"menu_order":4,"comment_status":"closed","ping_status":"closed","template":"","meta":[],"acf":[],"_links":{"self":[{"href":"https:\/\/metropolevsech.eu\/cs\/wp-json\/wp\/v2\/pages\/21347"}],"collection":[{"href":"https:\/\/metropolevsech.eu\/cs\/wp-json\/wp\/v2\/pages"}],"about":[{"href":"https:\/\/metropolevsech.eu\/cs\/wp-json\/wp\/v2\/types\/page"}],"author":[{"embeddable":true,"href":"https:\/\/metropolevsech.eu\/cs\/wp-json\/wp\/v2\/users\/7"}],"replies":[{"embeddable":true,"href":"https:\/\/metropolevsech.eu\/cs\/wp-json\/wp\/v2\/comments?post=21347"}],"version-history":[{"count":2,"href":"https:\/\/metropolevsech.eu\/cs\/wp-json\/wp\/v2\/pages\/21347\/revisions"}],"predecessor-version":[{"id":21352,"href":"https:\/\/metropolevsech.eu\/cs\/wp-json\/wp\/v2\/pages\/21347\/revisions\/21352"}],"up":[{"embeddable":true,"href":"https:\/\/metropolevsech.eu\/cs\/wp-json\/wp\/v2\/pages\/21343"}],"wp:attachment":[{"href":"https:\/\/metropolevsech.eu\/cs\/wp-json\/wp\/v2\/media?parent=21347"}],"curies":[{"name":"wp","href":"https:\/\/api.w.org\/{rel}","templated":true}]}}