{"id":21356,"date":"2024-12-16T21:25:40","date_gmt":"2024-12-16T20:25:40","guid":{"rendered":"https:\/\/metropolevsech.eu\/?page_id=21356"},"modified":"2024-12-16T23:23:52","modified_gmt":"2024-12-16T22:23:52","slug":"predstaveni-projektu-unites","status":"publish","type":"page","link":"https:\/\/metropolevsech.eu\/cs\/o-nas\/projekty-a-spoluprace-s-hmp\/zahranicni-spoluprace\/projekt-unites-hl-m-praha-partnerem-v-mezinarodnim-projektu-o-integraci\/predstaveni-projektu-unites\/","title":{"rendered":"P\u0159edstaven\u00ed projektu UNITES"},"content":{"rendered":"<p><a href=\"https:\/\/integratingcities.eu\/projects\/unites-2022-2024\/\"><span style=\"font-weight: 400;\">Projekt UNITES<\/span><\/a><span style=\"font-weight: 400;\">* (UrbaN InTEgration Strategies through co-design) pod veden\u00edm Eurocities p\u0159ipravuje a doprov\u00e1z\u00ed 8 evropsk\u00fdch m\u011bst p\u0159i navrhov\u00e1n\u00ed jejich integra\u010dn\u00edch strategi\u00ed spole\u010dn\u011b s dal\u0161\u00edmi zainteresovan\u00fdmi akt\u00e9ry a p\u0159edev\u0161\u00edm pak s obyvateli migra\u010dn\u00edho p\u016fvodu.<\/span><\/p>\n<p>&nbsp;<\/p>\n<h4><span style=\"font-weight: 400;\">UNITES si klade za c\u00edl:<\/span><\/h4>\n<ul class=\"bullet links\">\n<li style=\"font-weight: 400;\" aria-level=\"1\"><span style=\"font-weight: 400;\">zlep\u0161it v\u00fdsledky integrace na lok\u00e1ln\u00ed \u00farovni skrze spole\u010dn\u00e9 navrhov\u00e1n\u00ed (co-design) integra\u010dn\u00edch strategi\u00ed s m\u00edstn\u00edmi akt\u00e9ry a ob\u010dany, v\u010detn\u011b migrant\u016f a zraniteln\u00fdch osob<\/span><\/li>\n<li style=\"font-weight: 400;\" aria-level=\"1\"><span style=\"font-weight: 400;\">\u0161kolit odborn\u00edky na integraci v \u0159\u00edzen\u00ed proces\u016f spole\u010dn\u00e9ho navrhov\u00e1n\u00ed (co-designu) prost\u0159ednictv\u00edm r\u016fzn\u00fdch forem u\u010den\u00ed a v\u00fdm\u011bny osv\u011bd\u010den\u00fdch postup\u016f<\/span><\/li>\n<li style=\"font-weight: 400;\" aria-level=\"1\"><span style=\"font-weight: 400;\">podporovat \u00fa\u010dast ob\u010dan\u016f, v\u010detn\u011b migrant\u016f a zraniteln\u00fdch osob do strategick\u00fdch proces\u016f\u00a0<\/span><\/li>\n<li style=\"font-weight: 400;\" aria-level=\"1\"><span style=\"font-weight: 400;\">zv\u00fd\u0161it pov\u011bdom\u00ed o v\u00fdhod\u00e1ch \u201ecelospole\u010densk\u00e9ho p\u0159\u00edstupu\u201c k integraci.<\/span><\/li>\n<\/ul>\n<p>&nbsp;<\/p>\n<p><span style=\"font-weight: 400;\">Projekt UNITES b\u011b\u017e\u00ed od roku 2022 a ve sv\u00e9 prvn\u00ed f\u00e1zi jeho metodick\u00fd t\u00fdm, slo\u017een\u00fd z evropsk\u00fdch expert\u016f a osob se \u017eitou zku\u0161enost\u00ed migrace, vyvinul<\/span><b> \u0161kolen\u00ed pro m\u00edstn\u00ed samospr\u00e1vy<\/b><span style=\"font-weight: 400;\"> o spole\u010dn\u00e9m navrhov\u00e1n\u00ed integra\u010dn\u00edch strategi\u00ed, kter\u00e9 zahrnoval mj. v\u00fdzkum osv\u011bd\u010den\u00fdch postup\u016f v cel\u00e9 Evrop\u011b. Pilotn\u00ed verze \u0161kolen\u00ed se z\u00fa\u010dastnili <\/span><b>zam\u011bstnanci z 8 partnersk\u00fdch m\u011bst projektu<\/b><span style=\"font-weight: 400;\"> &#8211; At\u00e9n (\u0158ecko), Bolon\u011b (It\u00e1lie), Dusseldorfu (N\u011bmecko),\u00a0 Grenoble (Francie), Oulu (Finsko), Prahy (\u010cesk\u00e1 republika), Z\u00e1h\u0159ebu (Chorvatsko) a Zaragozy (\u0160pan\u011blsko). \u0160kolen\u00ed se d\u00e1le rozv\u00edj\u00ed do <\/span><b>otev\u0159en\u00e9ho online kurzu<\/b><span style=\"font-weight: 400;\"> (MOOC) pro odborn\u00edky z praxe mimo projekt. Ten bude k dispozici na podzim 2024.<\/span><\/p>\n<p>&nbsp;<\/p>\n<p><span style=\"font-weight: 400;\">Ve druh\u00e9 f\u00e1zi projektu obdr\u017eelo v\u0161ech 8 m\u011bstsk\u00fdch partner\u016f lok\u00e1ln\u00ed granty na vytvo\u0159en\u00ed nov\u00e9ho mechanismu pro konzultace se z\u00fa\u010dastn\u011bn\u00fdmi stranami a na rozvoj sv\u00e9 m\u00edstn\u00ed integra\u010dn\u00ed strategie prost\u0159ednictv\u00edm spole\u010dn\u00e9ho navrhov\u00e1n\u00ed (co-designu) s m\u00edstn\u00edmi akt\u00e9ry a ob\u010dany migranty. P\u0159i pl\u00e1nov\u00e1n\u00ed a realizaci sv\u00fdch akc\u00ed b\u011bhem roku 2023 a jara 2024 z\u00edskal ka\u017ed\u00fd t\u00fdm zapojen\u00e9 samospr\u00e1vy rady od koleg\u016f z jin\u00fdch m\u011bst a organizac\u00ed migrant\u016f v r\u00e1mci tzv. peer workshop\u016f a peer n\u00e1v\u0161t\u011bv v ka\u017ed\u00e9m m\u011bst\u011b.\u00a0<\/span><\/p>\n<p>&nbsp;<\/p>\n<p><span style=\"font-weight: 400;\">Peer mentory pro Prahu se staly partnerk\u00e9 t\u00fdmy z<\/span><b> \u0159eck\u00fdch At\u00e9n a italsk\u00e9 Bolon\u011b<\/b><span style=\"font-weight: 400;\">, n\u00e1\u0161 t\u00fdm naopak poskytoval svoje zku\u0161enosti a rady pro <\/span><b>m\u011bsta Oulu ve Finsku a Z\u00e1h\u0159eb v Chorvatsku<\/b><span style=\"font-weight: 400;\">. D\u00e1le jsme pracovali pod veden\u00edm konzultanta na integraci Dirka Gerharda z\u00a0 organizace <\/span><a href=\"https:\/\/www.migrationwork.org\/\"><span style=\"font-weight: 400;\">MigrationWork<\/span><\/a><span style=\"font-weight: 400;\"> a svou \u017eitou zku\u0161enost s integrac\u00ed s n\u00e1mi pravideln\u011b sd\u00edleli Adem Kumcu z organizace <\/span><a href=\"https:\/\/www.unitee.eu\/\"><span style=\"font-weight: 400;\">UNITEE<\/span><\/a><span style=\"font-weight: 400;\"> a Razan Ismail z organizace <\/span><a href=\"https:\/\/www.newwomenconnectors.com\/\"><span style=\"font-weight: 400;\">New Women Connectors<\/span><\/a><span style=\"font-weight: 400;\">.\u00a0<\/span><\/p>\n<p>&nbsp;<\/p>\n<p><span style=\"font-weight: 400;\">Na dom\u00e1c\u00ed p\u016fd\u011b jsme spolupracovali p\u0159edev\u0161\u00edm s rozv\u00edjej\u00edc\u00ed se migrantskou organizac\u00ed <\/span><a href=\"https:\/\/migact.net\/cs\/\"><span style=\"font-weight: 400;\">MigAct<\/span><\/a><span style=\"font-weight: 400;\"> (ze za\u010d\u00e1tku projektu jako sou\u010d\u00e1st organizace Inb\u00e1ze) a <\/span><a href=\"https:\/\/icpraha.com\/\"><span style=\"font-weight: 400;\">Integra\u010dn\u00edm centrem Praha<\/span><\/a><span style=\"font-weight: 400;\">.\u00a0<\/span><\/p>\n<p><span style=\"font-weight: 400;\">S t\u011bmito spolupracovn\u00edky jsme mezin\u00e1rodn\u00ed partnery p\u0159iv\u00edtali v Praze b\u011bhem z\u00e1\u0159\u00ed 2023 a nab\u00eddli jim bohatou uk\u00e1zku integra\u010dn\u00edch aktivit ve m\u011bst\u011b, a\u0165 ji\u017e t\u011bch ur\u010den\u00fdch a spoluvytv\u00e1\u0159en\u00fdch s migranty a migrantkami ve m\u011bst\u011b usazen\u00fdmi (konference MigAct k ob\u010dansk\u00e9 participaci migrant\u016f, slu\u017eby interkulturn\u00ed pr\u00e1ce Integra\u010dn\u00edho centra Praha), nebo i t\u011bch se zam\u011b\u0159en\u00edm na adaptaci a integraci ukrajinsk\u00fdch uprchl\u00edk\u016f (kreativn\u00ed programy Galerie hl. m. Prahy pro ukrajinsk\u00e9 uprchl\u00edky a dal\u0161\u00ed mezin\u00e1rodn\u00ed skupiny, slu\u017eby Centra n\u00e1vazn\u00e9 pomoci pro ukrajinsk\u00e9 uprchl\u00edky, nebo t\u00e9\u017e ukrajinsk\u00fd psychologick\u00fd t\u00fdm organizace AMIGA).\u00a0\u00a0<\/span><\/p>\n<p>&nbsp;<\/p>\n<p><span style=\"font-weight: 400;\">V\u00edce o aktivit\u00e1ch v hl. m. Praze b\u011bhem projektu UNITES prozrazuje <a href=\"https:\/\/www.youtube.com\/watch?v=s-1udlOntIU&amp;t=181s\">video<\/a> nato\u010den\u00e9 se zapojen\u00fdmi akt\u00e9ry a ob\u010dany m\u011bsta.<\/span><\/p>\n<p>&nbsp;<\/p>\n<p><b>Kontaktn\u00ed osoba projektu UNITES:\u00a0<\/b><\/p>\n<p><span style=\"font-weight: 400;\">Rossella Nicoletti, hlavn\u00ed koordin\u00e1torka projektu, <\/span><a href=\"mailto:rossella.nicoletti@eurocities.eu\"><span style=\"font-weight: 400;\">rossella.nicoletti@eurocities.eu<\/span><\/a><\/p>\n<p>&nbsp;<\/p>\n<p><b>Kontaktn\u00ed osoby za hl. m. Prahu:\u00a0<\/b><\/p>\n<p><span style=\"font-weight: 400;\">Jan Janou\u0161ek, specialista integrace cizinc\u016f, odd\u011blen\u00ed n\u00e1rodnostn\u00edch men\u0161in a cizinc\u016f, Magistr\u00e1t hl. m. Prahy, <\/span><a href=\"mailto:jan.janousek@praha.eu\"><span style=\"font-weight: 400;\">jan.janousek@praha.eu<\/span><\/a><\/p>\n<p><span style=\"font-weight: 400;\">Eva \u010cech Valentov\u00e1, garantka projektu UNITES za hl. m. Prahu, <\/span><a href=\"mailto:valentova@gmail.com\"><span style=\"font-weight: 400;\">valentova@gmail.com<\/span><\/a><span style=\"font-weight: 400;\">\u00a0\u00a0<\/span><\/p>\n<img loading=\"lazy\" class=\"alignnone wp-image-21397 size-content-image\" src=\"https:\/\/metropolevsech.eu\/wp-content\/uploads\/2024\/12\/unnamed-5-670x878.jpg\" alt=\"\" width=\"670\" height=\"878\" srcset=\"https:\/\/metropolevsech.eu\/wp-content\/uploads\/2024\/12\/unnamed-5-670x878.jpg 670w, https:\/\/metropolevsech.eu\/wp-content\/uploads\/2024\/12\/unnamed-5-229x300.jpg 229w, https:\/\/metropolevsech.eu\/wp-content\/uploads\/2024\/12\/unnamed-5-794x1040.jpg 794w, https:\/\/metropolevsech.eu\/wp-content\/uploads\/2024\/12\/unnamed-5-768x1007.jpg 768w, https:\/\/metropolevsech.eu\/wp-content\/uploads\/2024\/12\/unnamed-5-1172x1536.jpg 1172w, https:\/\/metropolevsech.eu\/wp-content\/uploads\/2024\/12\/unnamed-5-1563x2048.jpg 1563w, https:\/\/metropolevsech.eu\/wp-content\/uploads\/2024\/12\/unnamed-5-scaled.jpg 1953w\" sizes=\"(max-width: 670px) 100vw, 670px\" \/>\n<p>&nbsp;<\/p>\n<p><em><span style=\"font-weight: 400;\">*Odkazy jsou dostupn\u00e9 pouze v angli\u010dtin\u011b.<\/span><\/em><\/p>","protected":false},"excerpt":{"rendered":"<p>Projekt UNITES* (UrbaN InTEgration Strategies through co-design) pod veden\u00edm Eurocities p\u0159ipravuje a doprov\u00e1z\u00ed 8 evropsk\u00fdch m\u011bst p\u0159i navrhov\u00e1n\u00ed jejich integra\u010dn\u00edch strategi\u00ed spole\u010dn\u011b s dal\u0161\u00edmi zainteresovan\u00fdmi akt\u00e9ry a p\u0159edev\u0161\u00edm pak s obyvateli migra\u010dn\u00edho p\u016fvodu. &nbsp; UNITES si klade za c\u00edl: zlep\u0161it&#8230;<\/p>\n<a class=\"more-block\" href=\"https:\/\/metropolevsech.eu\/cs\/o-nas\/projekty-a-spoluprace-s-hmp\/zahranicni-spoluprace\/projekt-unites-hl-m-praha-partnerem-v-mezinarodnim-projektu-o-integraci\/predstaveni-projektu-unites\/\">\u010c\u00edst v\u00edce<\/a>","protected":false},"author":7,"featured_media":0,"parent":21343,"menu_order":1,"comment_status":"closed","ping_status":"closed","template":"","meta":[],"acf":[],"_links":{"self":[{"href":"https:\/\/metropolevsech.eu\/cs\/wp-json\/wp\/v2\/pages\/21356"}],"collection":[{"href":"https:\/\/metropolevsech.eu\/cs\/wp-json\/wp\/v2\/pages"}],"about":[{"href":"https:\/\/metropolevsech.eu\/cs\/wp-json\/wp\/v2\/types\/page"}],"author":[{"embeddable":true,"href":"https:\/\/metropolevsech.eu\/cs\/wp-json\/wp\/v2\/users\/7"}],"replies":[{"embeddable":true,"href":"https:\/\/metropolevsech.eu\/cs\/wp-json\/wp\/v2\/comments?post=21356"}],"version-history":[{"count":6,"href":"https:\/\/metropolevsech.eu\/cs\/wp-json\/wp\/v2\/pages\/21356\/revisions"}],"predecessor-version":[{"id":21358,"href":"https:\/\/metropolevsech.eu\/cs\/wp-json\/wp\/v2\/pages\/21356\/revisions\/21358"}],"up":[{"embeddable":true,"href":"https:\/\/metropolevsech.eu\/cs\/wp-json\/wp\/v2\/pages\/21343"}],"wp:attachment":[{"href":"https:\/\/metropolevsech.eu\/cs\/wp-json\/wp\/v2\/media?parent=21356"}],"curies":[{"name":"wp","href":"https:\/\/api.w.org\/{rel}","templated":true}]}}