{"id":21361,"date":"2024-12-16T21:34:41","date_gmt":"2024-12-16T20:34:41","guid":{"rendered":"https:\/\/metropolevsech.eu\/?page_id=21361"},"modified":"2024-12-16T21:53:04","modified_gmt":"2024-12-16T20:53:04","slug":"videoreportaz-z-projektu","status":"publish","type":"page","link":"https:\/\/metropolevsech.eu\/cs\/o-nas\/projekty-a-spoluprace-s-hmp\/zahranicni-spoluprace\/projekt-unites-hl-m-praha-partnerem-v-mezinarodnim-projektu-o-integraci\/videoreportaz-z-projektu\/","title":{"rendered":"Videoreport\u00e1\u017e z projektu"},"content":{"rendered":"<p><span style=\"font-weight: 400;\">Video p\u0159ibli\u017euje aktu\u00e1ln\u00ed rozmanitost obyvatelstva pra\u017esk\u00e9 metropole, postoje p\u0159edstavitel\u016f hl. m. Prahy k ot\u00e1zk\u00e1m diverzity a integrace cizinc\u016f a seznamuje s procesy tvorby integra\u010dn\u00edch strategi\u00ed m\u011bsta na pozad\u00ed pestr\u00e9 \u0161k\u00e1ly forem spolupr\u00e1ce s m\u00edstn\u00edmi organizacemi a aktivn\u00edmi jednotlivci rozli\u010dn\u00e9ho p\u016fvodu.\u00a0<\/span><\/p>\n<p><span style=\"font-weight: 400;\">Video vzniklo d\u00edky historicky prvn\u00edmu mezin\u00e1rodn\u00edmu partnerstv\u00ed hl. m. Prahy se zam\u011b\u0159en\u00edm na oblast integrace cizinc\u016f. Projekt UNITES (UrbaN InTEgration Strategies through co-design), se pod veden\u00edm evropsk\u00e9 s\u00edt\u011b m\u011bst Eurocities v\u011bnuje zlep\u0161en\u00ed integra\u010dn\u00edch strategi\u00ed v osmi evropsk\u00fdch m\u011bstech, v\u010detn\u011b Prahy. Odborn\u00edci na integraci z pra\u017esk\u00e9ho magistr\u00e1tu d\u00edky tomu iniciovali spole\u010dn\u00e9 navrhov\u00e1n\u00ed (co-design) integra\u010dn\u00edch strategi\u00ed m\u011bsta v ak\u010dn\u00edm pl\u00e1nu pro l\u00e9ta 2024 &#8211; 2025 spolu s m\u00edstn\u00edmi akt\u00e9ry a ob\u010dany m\u011bsta, zejm\u00e9na t\u011bch s migra\u010dn\u00ed zku\u0161enost\u00ed (migrantsk\u00e9ho p\u016fvodu).<\/span><\/p>\n<p>Video je dostupn\u00e9 na <span style=\"font-weight: 400;\"><a href=\"https:\/\/www.youtube.com\/watch?v=s-1udlOntIU&amp;t=181s\">YouTube HMP<\/a>.\u00a0<\/span><\/p>\n<img loading=\"lazy\" class=\"alignnone  wp-image-21370\" src=\"https:\/\/metropolevsech.eu\/wp-content\/uploads\/2024\/12\/1.-Eurocities-Logo-with-text-300x104.png\" alt=\"\" width=\"291\" height=\"101\" srcset=\"https:\/\/metropolevsech.eu\/wp-content\/uploads\/2024\/12\/1.-Eurocities-Logo-with-text-300x104.png 300w, https:\/\/metropolevsech.eu\/wp-content\/uploads\/2024\/12\/1.-Eurocities-Logo-with-text-1040x361.png 1040w, https:\/\/metropolevsech.eu\/wp-content\/uploads\/2024\/12\/1.-Eurocities-Logo-with-text-768x266.png 768w, https:\/\/metropolevsech.eu\/wp-content\/uploads\/2024\/12\/1.-Eurocities-Logo-with-text-1536x533.png 1536w, https:\/\/metropolevsech.eu\/wp-content\/uploads\/2024\/12\/1.-Eurocities-Logo-with-text-2048x710.png 2048w, https:\/\/metropolevsech.eu\/wp-content\/uploads\/2024\/12\/1.-Eurocities-Logo-with-text-670x232.png 670w\" sizes=\"(max-width: 291px) 100vw, 291px\" \/>\n<p><em><img loading=\"lazy\" class=\"alignnone  wp-image-10953\" src=\"https:\/\/metropolevsech.eu\/wp-content\/uploads\/2020\/02\/AMIF-EU-300x55.jpg\" alt=\"\" width=\"408\" height=\"75\" srcset=\"https:\/\/metropolevsech.eu\/wp-content\/uploads\/2020\/02\/AMIF-EU-300x55.jpg 300w, https:\/\/metropolevsech.eu\/wp-content\/uploads\/2020\/02\/AMIF-EU-768x141.jpg 768w, https:\/\/metropolevsech.eu\/wp-content\/uploads\/2020\/02\/AMIF-EU-1040x191.jpg 1040w, https:\/\/metropolevsech.eu\/wp-content\/uploads\/2020\/02\/AMIF-EU-670x123.jpg 670w\" sizes=\"(max-width: 408px) 100vw, 408px\" \/><\/em><\/p>","protected":false},"excerpt":{"rendered":"<p>Video p\u0159ibli\u017euje aktu\u00e1ln\u00ed rozmanitost obyvatelstva pra\u017esk\u00e9 metropole, postoje p\u0159edstavitel\u016f hl. m. Prahy k ot\u00e1zk\u00e1m diverzity a integrace cizinc\u016f a seznamuje s procesy tvorby integra\u010dn\u00edch strategi\u00ed m\u011bsta na pozad\u00ed pestr\u00e9 \u0161k\u00e1ly forem spolupr\u00e1ce s m\u00edstn\u00edmi organizacemi a aktivn\u00edmi jednotlivci rozli\u010dn\u00e9ho p\u016fvodu.\u00a0&#8230;<\/p>\n<a class=\"more-block\" href=\"https:\/\/metropolevsech.eu\/cs\/o-nas\/projekty-a-spoluprace-s-hmp\/zahranicni-spoluprace\/projekt-unites-hl-m-praha-partnerem-v-mezinarodnim-projektu-o-integraci\/videoreportaz-z-projektu\/\">\u010c\u00edst v\u00edce<\/a>","protected":false},"author":7,"featured_media":0,"parent":21343,"menu_order":2,"comment_status":"closed","ping_status":"closed","template":"","meta":[],"acf":[],"_links":{"self":[{"href":"https:\/\/metropolevsech.eu\/cs\/wp-json\/wp\/v2\/pages\/21361"}],"collection":[{"href":"https:\/\/metropolevsech.eu\/cs\/wp-json\/wp\/v2\/pages"}],"about":[{"href":"https:\/\/metropolevsech.eu\/cs\/wp-json\/wp\/v2\/types\/page"}],"author":[{"embeddable":true,"href":"https:\/\/metropolevsech.eu\/cs\/wp-json\/wp\/v2\/users\/7"}],"replies":[{"embeddable":true,"href":"https:\/\/metropolevsech.eu\/cs\/wp-json\/wp\/v2\/comments?post=21361"}],"version-history":[{"count":2,"href":"https:\/\/metropolevsech.eu\/cs\/wp-json\/wp\/v2\/pages\/21361\/revisions"}],"predecessor-version":[{"id":21371,"href":"https:\/\/metropolevsech.eu\/cs\/wp-json\/wp\/v2\/pages\/21361\/revisions\/21371"}],"up":[{"embeddable":true,"href":"https:\/\/metropolevsech.eu\/cs\/wp-json\/wp\/v2\/pages\/21343"}],"wp:attachment":[{"href":"https:\/\/metropolevsech.eu\/cs\/wp-json\/wp\/v2\/media?parent=21361"}],"curies":[{"name":"wp","href":"https:\/\/api.w.org\/{rel}","templated":true}]}}