{"id":21375,"date":"2024-12-16T22:06:08","date_gmt":"2024-12-16T21:06:08","guid":{"rendered":"https:\/\/metropolevsech.eu\/?page_id=21375"},"modified":"2024-12-16T22:19:29","modified_gmt":"2024-12-16T21:19:29","slug":"11-konference-integrating-cities-v-bologni","status":"publish","type":"page","link":"https:\/\/metropolevsech.eu\/cs\/o-nas\/projekty-a-spoluprace-s-hmp\/zahranicni-spoluprace\/projekt-unites-hl-m-praha-partnerem-v-mezinarodnim-projektu-o-integraci\/11-konference-integrating-cities-v-bologni\/","title":{"rendered":"Z\u00e1v\u011bre\u010dn\u00e1 konference projektu UNITES v Bologni"},"content":{"rendered":"<p>Magistr\u00e1t hl. m. Prahy se ve dnech 20. a\u017e 21. listopadu 2024 z\u00fa\u010dastnil 11. ro\u010dn\u00edku konference Integrating Cities v italsk\u00e9 Bologni. Toto mezin\u00e1rodn\u00ed setk\u00e1n\u00ed sdru\u017eilo z\u00e1stupce m\u011bst, politiky, z\u00e1stupce evropsk\u00fdch instituc\u00ed, akademiky a nevl\u00e1dn\u00ed organizace, aby spole\u010dn\u011b hledali strategie pro inkluzi a participaci migrant\u016f na lok\u00e1ln\u00ed \u00farovni. Leto\u0161n\u00ed t\u00e9ma &#8222;Shaping our cities with migrant and local communities&#8220; se zam\u011b\u0159ilo na v\u00fdznam spolupr\u00e1ce mezi migranty, ob\u010dany a m\u011bsty.<\/p>\n<h4>Konference jako vyvrcholen\u00ed projektu UNITES<\/h4>\n<p>Konference byla z\u00e1v\u011bre\u010dnou ud\u00e1lost\u00ed projektu UNITES (UrbaN InTEgration Strategies through co-design), kter\u00fd koordinuje s\u00ed\u0165 Eurocities a je spolufinancov\u00e1n Azylov\u00fdm, migra\u010dn\u00edm a integra\u010dn\u00edm fondem (AMIF). C\u00edlem projektu bylo prost\u0159ednictv\u00edm metody spoluvytv\u00e1\u0159en\u00ed (co-design) zapojit migranty a dal\u0161\u00ed kl\u00ed\u010dov\u00e9 akt\u00e9ry do p\u0159\u00edpravy integra\u010dn\u00edch strategi\u00ed na lok\u00e1ln\u00ed \u00farovni.<\/p>\n<p><strong>Projekt p\u0159inesl n\u011bkolik konkr\u00e9tn\u00edch v\u00fdstup\u016f:<\/strong><\/p>\n<ul class=\"bullet link\">\n<li>Realizaci tr\u00e9nink\u016f na t\u00e9ma spoluvytv\u00e1\u0159en\u00ed integra\u010dn\u00edch strategi\u00ed.<\/li>\n<li>Vytvo\u0159en\u00ed p\u0159\u00edru\u010dky &#8222;Jak na spoluvytv\u00e1\u0159en\u00ed&#8220;.<\/li>\n<li>V\u00fdvoj online kurzu (MOOC) pro odborn\u00edky na integraci.<\/li>\n<li>P\u0159\u00edpravu ak\u010dn\u00edch pl\u00e1n\u016f a pl\u00e1n\u016f zapojen\u00ed pro osm partnersk\u00fdch m\u011bst.<\/li>\n<li>Organizaci peer-to-peer podpory a osmi studijn\u00edch n\u00e1v\u0161t\u011bv ve spolupracuj\u00edc\u00edch m\u011bstech.<\/li>\n<\/ul>\n<h4>Zapojen\u00ed Prahy<\/h4>\n<p>Praha v r\u00e1mci projektu UNITES sd\u00edlela sv\u00e9 zku\u0161enosti a \u010derpala inspiraci od partnersk\u00fdch m\u011bst, jako jsou Ath\u00e9ny nebo Bologna. Tato spolupr\u00e1ce zahrnovala v\u00fdm\u011bnu dobr\u00fdch prax\u00ed i p\u0159\u00edpravu a realizaci ak\u010dn\u00edch pl\u00e1n\u016f zam\u011b\u0159en\u00fdch na podporu inkluze a participace migrant\u016f v m\u011bstsk\u00e9m prost\u0159ed\u00ed.<\/p>\n<h4>Sm\u011b\u0159ov\u00e1n\u00ed k inkluzivn\u011bj\u0161\u00edm m\u011bst\u016fm<\/h4>\n<p>Konference zd\u016fraznila v\u00fdznam zapojen\u00ed migrant\u016f do tvorby m\u011bstsk\u00fdch politik a pl\u00e1nov\u00e1n\u00ed. D\u00edky projekt\u016fm, jako je UNITES, mohou evropsk\u00e1 m\u011bsta vytv\u00e1\u0159et inkluzivn\u011bj\u0161\u00ed prost\u0159ed\u00ed, kter\u00e9 bude prosp\u011b\u0161n\u00e9 pro v\u0161echny obyvatele. Z\u00e1v\u011bry projektu budou cenn\u00fdm podkladem pro budouc\u00ed aktivity v oblasti integrace.<\/p>\n<p>Magistr\u00e1t hl. m. Prahy vn\u00edm\u00e1 \u00fa\u010dast na projektu UNITES jako p\u0159\u00ednosnou p\u0159\u00edle\u017eitost k pos\u00edlen\u00ed spolupr\u00e1ce na evropsk\u00e9 \u00farovni a k podpo\u0159e otev\u0159en\u011bj\u0161\u00ed a soudr\u017en\u011bj\u0161\u00ed spole\u010dnosti.<\/p>","protected":false},"excerpt":{"rendered":"<p>Magistr\u00e1t hl. m. Prahy se ve dnech 20. a\u017e 21. listopadu 2024 z\u00fa\u010dastnil 11. ro\u010dn\u00edku konference Integrating Cities v italsk\u00e9 Bologni. Toto mezin\u00e1rodn\u00ed setk\u00e1n\u00ed sdru\u017eilo z\u00e1stupce m\u011bst, politiky, z\u00e1stupce evropsk\u00fdch instituc\u00ed, akademiky a nevl\u00e1dn\u00ed organizace, aby spole\u010dn\u011b hledali strategie pro&#8230;<\/p>\n<a class=\"more-block\" href=\"https:\/\/metropolevsech.eu\/cs\/o-nas\/projekty-a-spoluprace-s-hmp\/zahranicni-spoluprace\/projekt-unites-hl-m-praha-partnerem-v-mezinarodnim-projektu-o-integraci\/11-konference-integrating-cities-v-bologni\/\">\u010c\u00edst v\u00edce<\/a>","protected":false},"author":7,"featured_media":0,"parent":21343,"menu_order":5,"comment_status":"closed","ping_status":"closed","template":"","meta":[],"acf":[],"_links":{"self":[{"href":"https:\/\/metropolevsech.eu\/cs\/wp-json\/wp\/v2\/pages\/21375"}],"collection":[{"href":"https:\/\/metropolevsech.eu\/cs\/wp-json\/wp\/v2\/pages"}],"about":[{"href":"https:\/\/metropolevsech.eu\/cs\/wp-json\/wp\/v2\/types\/page"}],"author":[{"embeddable":true,"href":"https:\/\/metropolevsech.eu\/cs\/wp-json\/wp\/v2\/users\/7"}],"replies":[{"embeddable":true,"href":"https:\/\/metropolevsech.eu\/cs\/wp-json\/wp\/v2\/comments?post=21375"}],"version-history":[{"count":6,"href":"https:\/\/metropolevsech.eu\/cs\/wp-json\/wp\/v2\/pages\/21375\/revisions"}],"predecessor-version":[{"id":21386,"href":"https:\/\/metropolevsech.eu\/cs\/wp-json\/wp\/v2\/pages\/21375\/revisions\/21386"}],"up":[{"embeddable":true,"href":"https:\/\/metropolevsech.eu\/cs\/wp-json\/wp\/v2\/pages\/21343"}],"wp:attachment":[{"href":"https:\/\/metropolevsech.eu\/cs\/wp-json\/wp\/v2\/media?parent=21375"}],"curies":[{"name":"wp","href":"https:\/\/api.w.org\/{rel}","templated":true}]}}