{"id":21388,"date":"2024-12-16T22:41:34","date_gmt":"2024-12-16T21:41:34","guid":{"rendered":"https:\/\/metropolevsech.eu\/?page_id=21388"},"modified":"2024-12-16T22:51:46","modified_gmt":"2024-12-16T21:51:46","slug":"aktivity-mhmp-a-migact-z-s-v-projektu-unites","status":"publish","type":"page","link":"https:\/\/metropolevsech.eu\/cs\/o-nas\/projekty-a-spoluprace-s-hmp\/zahranicni-spoluprace\/projekt-unites-hl-m-praha-partnerem-v-mezinarodnim-projektu-o-integraci\/aktivity-mhmp-a-migact-z-s-v-projektu-unites\/","title":{"rendered":"Aktivity MHMP a MigAct, z.s., v projektu UNITES"},"content":{"rendered":"<p><strong>Spolupr\u00e1ce Magistr\u00e1tu a obyvatel Prahy s migra\u010dn\u00edm p\u016fvodem: Participativn\u00ed setk\u00e1n\u00ed iniciativy MigAct, z.s., otev\u0159ela dialog o integraci a spole\u010dn\u00e9m pl\u00e1nov\u00e1n\u00ed budoucnosti m\u011bsta.<\/strong><\/p>\n<p>Magistr\u00e1t hl. m. Prahy ve spolupr\u00e1ci s iniciativou MigAct v r\u00e1mci projektu UNITES uspo\u0159\u00e1dal s\u00e9rii participativn\u00edch akc\u00ed, jejich\u017e c\u00edlem bylo podpo\u0159it dialog mezi obyvateli Prahy s migra\u010dn\u00edm p\u016fvodem a z\u00e1stupci m\u011bsta. Tyto akce p\u0159inesly p\u0159\u00edle\u017eitost pro vz\u00e1jemnou spolupr\u00e1ci, sd\u00edlen\u00ed n\u00e1pad\u016f a spole\u010dn\u00e9 pl\u00e1nov\u00e1n\u00ed aktivit pro rozvoj inkluze a participace.<\/p>\n<h4><a href=\"https:\/\/metropolevsech.eu\/cs\/events\/migact-2\/\"><strong>Interaktivn\u00ed semin\u00e1\u0159: Mo\u017enosti spolupr\u00e1ce s pra\u017esk\u00fdm Magistr\u00e1tem<\/strong><\/a><\/h4>\n<p>Prvn\u00ed setk\u00e1n\u00ed, kter\u00e9 prob\u011bhlo 17. dubna 2023 v Dom\u011b U Kamenn\u00e9ho zvonu, p\u0159edstavilo \u00fa\u010dastn\u00edk\u016fm slu\u017eby Magistr\u00e1tu a ak\u010dn\u00ed pl\u00e1n integrace. C\u00edlem bylo otev\u0159\u00edt dialog s obyvateli Prahy a umo\u017enit jim aktivn\u011b se zapojit do pl\u00e1nov\u00e1n\u00ed podm\u00ednek pro lep\u0161\u00ed \u017eivot ve m\u011bst\u011b. Setk\u00e1n\u00ed se uskute\u010dnilo v \u010de\u0161tin\u011b a angli\u010dtin\u011b.<\/p>\n<h4><a href=\"https:\/\/metropolevsech.eu\/en\/events\/english-your-city-your-voice-a-workshop-on-cooperation-with-prague-city-hall-vol-2\/\"><strong>Pl\u00e1nov\u00e1n\u00ed aktivit na obdob\u00ed 2024\u20132025 (<\/strong>Your City, Your Voice: A Workshop on Cooperation with Prague City Hall vol.2)<\/a><\/h4>\n<p>Druh\u00e1 akce se konala 31. kv\u011btna 2023 op\u011bt v Dom\u011b U Kamenn\u00e9ho zvonu. Diskutovala se budouc\u00ed spolupr\u00e1ce mezi iniciativou MigAct a Magistr\u00e1tem a pracovn\u00edm jazykem byla angli\u010dtina. \u00da\u010dastn\u00edci se zam\u011b\u0159ili na t\u00e9mata, jako je podpora dobrovolnictv\u00ed, zlep\u0161en\u00ed dota\u010dn\u00edch program\u016f a pl\u00e1nov\u00e1n\u00ed integra\u010dn\u00edch aktivit pro n\u00e1sleduj\u00edc\u00ed roky.<\/p>\n<h4><a href=\"https:\/\/metropolevsech.eu\/cs\/events\/interaktivni-seminar-moznosti-spoluprace-s-prazskym-magistratem-vol-3\/\">Interaktivn\u00ed semin\u00e1\u0159: Mo\u017enosti spolupr\u00e1ce s pra\u017esk\u00fdm Magistr\u00e1tem vol. 3<\/a><\/h4>\n<p>T\u0159et\u00ed setk\u00e1n\u00ed prob\u011bhlo 29. listopadu 2023. \u00da\u010dastn\u00edci se zam\u011b\u0159ili na u\u017eivatelskou p\u0159\u00edv\u011btivost a obsah integra\u010dn\u00edho port\u00e1lu metropolevsech.eu. Spole\u010dn\u011b testovali str\u00e1nky, sd\u00edleli zp\u011btnou vazbu a p\u0159in\u00e1\u0161eli n\u00e1vrhy na zlep\u0161en\u00ed jejich funk\u010dnosti a propagace. Akce nab\u00eddla p\u0159\u00edle\u017eitost aktivn\u011b ovlivnit podobu d\u016fle\u017eit\u00e9ho n\u00e1stroje pro migranty \u017eij\u00edc\u00ed v Praze.<\/p>\n<h4><a href=\"https:\/\/metropolevsech.eu\/cs\/events\/jak-ziskat-pristup-k-mestskym-grantum\/\"><strong>Podpora n\u00e1pad\u016f: Jak z\u00edskat p\u0159\u00edstup k m\u011bstsk\u00fdm grant\u016fm<\/strong><\/a><\/h4>\n<p>Posledn\u00ed akce z cyklu se uskute\u010dnila 27. srpna 2024 v Expat Centru Praha. Byla zam\u011b\u0159ena na mo\u017enosti z\u00edsk\u00e1n\u00ed dotac\u00ed a ve\u0159ejn\u00fdch prost\u0159edk\u016f na projekty spojen\u00e9 s integrac\u00ed. \u00da\u010dastn\u00edci mohli diskutovat p\u0159\u00edmo se z\u00e1stupci m\u011bsta, z\u00edskat praktick\u00e9 informace o procesu \u017e\u00e1dost\u00ed o dotace a inspirovat se p\u0159\u00edklady dobr\u00e9 praxe.<\/p>\n<p>&nbsp;<\/p>\n<p>Tyto aktivity p\u0159isp\u011bly k pos\u00edlen\u00ed spolupr\u00e1ce mezi migranty a m\u011bstsk\u00fdmi institucemi a nab\u00eddly prostor pro sd\u00edlen\u00ed n\u00e1pad\u016f a hled\u00e1n\u00ed spole\u010dn\u00fdch \u0159e\u0161en\u00ed. Projekt UNITES t\u00edmto vytv\u00e1\u0159\u00ed z\u00e1klady pro inkluzivn\u011bj\u0161\u00ed a participativn\u00ed m\u011bstskou komunitu.<\/p>","protected":false},"excerpt":{"rendered":"<p>Spolupr\u00e1ce Magistr\u00e1tu a obyvatel Prahy s migra\u010dn\u00edm p\u016fvodem: Participativn\u00ed setk\u00e1n\u00ed iniciativy MigAct, z.s., otev\u0159ela dialog o integraci a spole\u010dn\u00e9m pl\u00e1nov\u00e1n\u00ed budoucnosti m\u011bsta. Magistr\u00e1t hl. m. Prahy ve spolupr\u00e1ci s iniciativou MigAct v r\u00e1mci projektu UNITES uspo\u0159\u00e1dal s\u00e9rii participativn\u00edch akc\u00ed, jejich\u017e&#8230;<\/p>\n<a class=\"more-block\" href=\"https:\/\/metropolevsech.eu\/cs\/o-nas\/projekty-a-spoluprace-s-hmp\/zahranicni-spoluprace\/projekt-unites-hl-m-praha-partnerem-v-mezinarodnim-projektu-o-integraci\/aktivity-mhmp-a-migact-z-s-v-projektu-unites\/\">\u010c\u00edst v\u00edce<\/a>","protected":false},"author":7,"featured_media":0,"parent":21343,"menu_order":3,"comment_status":"closed","ping_status":"closed","template":"","meta":[],"acf":[],"_links":{"self":[{"href":"https:\/\/metropolevsech.eu\/cs\/wp-json\/wp\/v2\/pages\/21388"}],"collection":[{"href":"https:\/\/metropolevsech.eu\/cs\/wp-json\/wp\/v2\/pages"}],"about":[{"href":"https:\/\/metropolevsech.eu\/cs\/wp-json\/wp\/v2\/types\/page"}],"author":[{"embeddable":true,"href":"https:\/\/metropolevsech.eu\/cs\/wp-json\/wp\/v2\/users\/7"}],"replies":[{"embeddable":true,"href":"https:\/\/metropolevsech.eu\/cs\/wp-json\/wp\/v2\/comments?post=21388"}],"version-history":[{"count":5,"href":"https:\/\/metropolevsech.eu\/cs\/wp-json\/wp\/v2\/pages\/21388\/revisions"}],"predecessor-version":[{"id":21394,"href":"https:\/\/metropolevsech.eu\/cs\/wp-json\/wp\/v2\/pages\/21388\/revisions\/21394"}],"up":[{"embeddable":true,"href":"https:\/\/metropolevsech.eu\/cs\/wp-json\/wp\/v2\/pages\/21343"}],"wp:attachment":[{"href":"https:\/\/metropolevsech.eu\/cs\/wp-json\/wp\/v2\/media?parent=21388"}],"curies":[{"name":"wp","href":"https:\/\/api.w.org\/{rel}","templated":true}]}}