{"id":21630,"date":"2025-02-05T15:42:28","date_gmt":"2025-02-05T14:42:28","guid":{"rendered":"https:\/\/metropolevsech.eu\/?page_id=21630"},"modified":"2025-02-03T13:32:57","modified_gmt":"2025-02-03T12:32:57","slug":"obcanska-a-politicka-participace","status":"publish","type":"page","link":"https:\/\/metropolevsech.eu\/cs\/obcanska-a-politicka-participace\/","title":{"rendered":"Ob\u010dansk\u00e1 a politick\u00e1 participace"},"content":{"rendered":"<p><i>V tomto textu se dozv\u00edte, co je ob\u010dansk\u00e1 a politick\u00e1 participace, jak\u00fd je mezi nimi rozd\u00edl a pro\u010d jsou d\u016fle\u017eit\u00e9. Zjist\u00edte tak\u00e9, jak aktivn\u00ed zapojen\u00ed pom\u00e1h\u00e1 nejen spole\u010dnosti, ale i jednotlivc\u016fm \u2013 p\u0159in\u00e1\u0161\u00ed pocit u\u017eite\u010dnosti, nov\u00e9 dovednosti a buduje komunity. \u00davod vysv\u011btluje z\u00e1kladn\u00ed pojmy a ukazuje, pro\u010d je participace d\u016fle\u017eit\u00e1 pro rozmanitost n\u00e1zor\u016f a zapojen\u00ed v\u0161ech lid\u00ed, v\u010detn\u011b t\u011bch, kte\u0159\u00ed nemaj\u00ed politick\u00e9 zastoupen\u00ed.<\/i><\/p>\n<h2>O co jde a pro\u010d je to d\u016fle\u017eit\u00e9?<\/h2>\n<p>Ka\u017ed\u00fd z n\u00e1s sv\u00fdm chov\u00e1n\u00edm ovliv\u0148uje prost\u0159ed\u00ed, ve kter\u00e9m \u017eijeme \u2013 u\u017e jen t\u00edm, \u017ee tam bydl\u00edme, cestujeme, t\u0159\u00edd\u00edme nebo naopak net\u0159\u00edd\u00edme odpad. Participace v\u0161ak p\u0159edstavuje v\u011bdom\u00e9 rozhodnut\u00ed aktivn\u011b se zapojit do utv\u00e1\u0159en\u00ed komunity \u010di okol\u00ed, v n\u011bm\u017e \u017eijeme.<\/p>\n<p>T\u00e9ma zapojen\u00ed do ve\u0159ejn\u00e9ho \u017eivota m\u00e1 mnoho podob a forem. \u010casto se pou\u017e\u00edvaj\u00ed pojmy ob\u010dansk\u00e1 a politick\u00e1 participace, aktivn\u00ed ob\u010danstv\u00ed a podobn\u011b. Tyto aktivity mohou b\u00fdt organizovan\u00e9 i neform\u00e1ln\u00ed, individu\u00e1ln\u00ed i kolektivn\u00ed. N\u011bkdy nen\u00ed snadn\u00e9 p\u0159esn\u011b odd\u011blit ob\u010danskou participaci od politick\u00e9, proto\u017ee ob\u011b se mohou v r\u00e1mci jedn\u00e9 aktivity prol\u00ednat.<\/p>\n<p>V \u010desk\u00e9m kontextu se v\u0161ak tyto pojmy obvykle rozli\u0161uj\u00ed:<\/p>\n<p><b>Politick\u00e1 participace<\/b> zahrnuje aktivity zam\u011b\u0159en\u00e9 na ovliv\u0148ov\u00e1n\u00ed politiky, \u0159e\u0161en\u00ed spole\u010densk\u00fdch probl\u00e9m\u016f nebo prosazov\u00e1n\u00ed politick\u00fdch c\u00edl\u016f. Pat\u0159\u00ed sem nap\u0159\u00edklad \u00fa\u010dast ve volb\u00e1ch, \u010dlenstv\u00ed v politick\u00fdch stran\u00e1ch, podpora politick\u00fdch hnut\u00ed, demonstrace, podepisov\u00e1n\u00ed petic \u010di kontaktov\u00e1n\u00ed politik\u016f. Politick\u00e1 participace tvo\u0159\u00ed z\u00e1klad demokracie \u2013 bez n\u00ed by demokratick\u00fd syst\u00e9m nemohl fungovat.<\/p>\n<p><b>Ob\u010dansk\u00e1 participace<\/b> naopak obecn\u011b zahrnuje aktivity, kter\u00e9 usiluj\u00ed o zlep\u0161en\u00ed podm\u00ednek ve spole\u010dnosti a maj\u00ed dopad na \u0161ir\u0161\u00ed okruh lid\u00ed, nejen na vlastn\u00ed rodinu \u010di bl\u00edzk\u00e9 p\u0159\u00e1tele. M\u016f\u017ee se jednat o dobrovolnictv\u00ed, \u010dinnost v neziskov\u00fdch organizac\u00edch, \u00fa\u010dast na komunitn\u00edch akc\u00edch nebo diskusn\u00edch f\u00f3rech. Tyto \u010dinnosti \u010dasto podporuj\u00ed konkr\u00e9tn\u00ed hodnoty, jako je ochrana \u017eivotn\u00edho prost\u0159ed\u00ed nebo pomoc znev\u00fdhodn\u011bn\u00fdm skupin\u00e1m.<\/p>\n<div class=\"box-ok\"> Konkr\u00e9tn\u00ed p\u0159\u00edklady najdete v sekci <a href=\"https:\/\/metropolevsech.eu\/cs\/dobrovolnictvi-v-praze\/\">Jak\u00e9 m\u00e1m mo\u017enosti? Jak se m\u016f\u017eu zapojit?<\/a><\/div>\n<p>Je velice pravd\u011bpodobn\u00e9, \u017ee mnoho z v\u00e1s u\u017e aktivn\u00ed je, ani\u017e byste si to uv\u011bdomovali nebo se k aktivn\u00edmu ob\u010danstv\u00ed hl\u00e1sili. I men\u0161\u00ed pomoc ostatn\u00edm, p\u0159isp\u011bn\u00ed p\u00e1r drobn\u00fdch nebo \u00faklid parku m\u016f\u017eeme ch\u00e1pat jako ob\u010danskou participaci.<\/p>\n<p>Aktivn\u00edmi ve spole\u010dnosti m\u016f\u017eeme b\u00fdt i neform\u00e1ln\u00edm zp\u016fsobem, to znamen\u00e1, \u017ee se nutn\u011b nemus\u00edme zapojovat do \u010dinnost\u00ed konkr\u00e9tn\u00edch organizac\u00ed \u010di instituc\u00ed. M\u016f\u017eeme jednat z vlastn\u00ed iniciativy sami, ale stejn\u011b tak i spolu s dal\u0161\u00edmi lidmi (soused\u00e9, kamar\u00e1di).<\/p>\n<h2>Pro\u010d je participace d\u016fle\u017eit\u00e1?<\/h2>\n<p>Z pohledu cel\u00e9 spole\u010dnosti p\u0159isp\u00edv\u00e1 participace obyvatel k v\u011bt\u0161\u00ed rozmanitosti n\u00e1zor\u016f ve ve\u0159ejn\u00e9 diskusi a d\u00e1v\u00e1 prostor i t\u011bm, kte\u0159\u00ed by jinak nebyli sly\u0161et. Zvl\u00e1\u0161tn\u00ed v\u00fdznam m\u00e1 tato ot\u00e1zka v kontextu migrace. Mnoho cizinc\u016f \u017eij\u00edc\u00edch v Praze nen\u00ed politicky zastoupeno a nem\u016f\u017ee ovlivnit d\u011bn\u00ed prost\u0159ednictv\u00edm voleb. Aktivn\u00ed zapojen\u00ed jim v\u0161ak umo\u017e\u0148uje p\u0159isp\u011bt k rozvoji m\u00edstn\u00ed komunity, uk\u00e1zat sv\u016fj z\u00e1jem o spole\u010dnost a pod\u00edlet se na jej\u00edm v\u00fdvoji.<\/p>\n<p>Rozhodnut\u00ed zapojit se do ob\u010dansk\u00e9 \u010di politick\u00e9 aktivity obvykle souvis\u00ed s osobn\u00ed motivac\u00ed, \u017eivotn\u00edm p\u0159\u00edb\u011bhem a c\u00edli jednotlivce. Aktivn\u00ed zapojen\u00ed v\u00e1m m\u016f\u017ee nap\u0159\u00edklad p\u0159in\u00e9st a nab\u00eddnout:<\/p>\n<ul class=\"bullet\">\n<li>Osobn\u00ed rozvoj: z\u00edsk\u00e1n\u00ed nov\u00fdch znalost\u00ed, dovednost\u00ed \u010di kompetenc\u00ed. V kontextu migrace m\u016f\u017ee b\u00fdt participace i p\u0159\u00edle\u017eitost\u00ed k procvi\u010den\u00ed m\u00edstn\u00edho jazyka.<\/li>\n<li>Napln\u011bn\u00ed vnit\u0159n\u00edch pot\u0159eb: pocit u\u017eite\u010dnosti, radost z pomoci ostatn\u00edm \u010di zlep\u0161en\u00ed spole\u010densk\u00e9ho prost\u0159ed\u00ed.<\/li>\n<li>Budov\u00e1n\u00ed komunit: sezn\u00e1men\u00ed s lidmi se spole\u010dn\u00fdmi hodnotami a vz\u00e1jemn\u00e1 podpora.<\/li>\n<\/ul>\n<p><div class=\"box-ok\">V\u00edce o tomto t\u00e9matu se m\u016f\u017eete dozv\u011bd\u011bt ve <a href=\"https:\/\/metropolevsech.eu\/wp-content\/uploads\/2021\/06\/Vstupni-analyza-existujicich-forem-obcanske-a-politicke-participace-obyvatel-HMP-z-rad-migrantu.pdf\">Vstupn\u00ed anal\u00fdze<\/a> existuj\u00edc\u00edch forem ob\u010dansk\u00e9 a politick\u00e9 participace obyvatel hl. m\u011bsta Prahy z \u0159ad migrant\u016f z roku 2021.<i><\/div> <\/i><\/p>","protected":false},"excerpt":{"rendered":"<p>V tomto textu se dozv\u00edte, co je ob\u010dansk\u00e1 a politick\u00e1 participace, jak\u00fd je mezi nimi rozd\u00edl a pro\u010d jsou d\u016fle\u017eit\u00e9. Zjist\u00edte tak\u00e9, jak aktivn\u00ed zapojen\u00ed pom\u00e1h\u00e1 nejen spole\u010dnosti, ale i jednotlivc\u016fm \u2013 p\u0159in\u00e1\u0161\u00ed pocit u\u017eite\u010dnosti, nov\u00e9 dovednosti a buduje komunity&#8230;.<\/p>\n<a class=\"more-block\" href=\"https:\/\/metropolevsech.eu\/cs\/obcanska-a-politicka-participace\/\">\u010c\u00edst v\u00edce<\/a>","protected":false},"author":7,"featured_media":0,"parent":0,"menu_order":0,"comment_status":"closed","ping_status":"closed","template":"","meta":[],"acf":[],"_links":{"self":[{"href":"https:\/\/metropolevsech.eu\/cs\/wp-json\/wp\/v2\/pages\/21630"}],"collection":[{"href":"https:\/\/metropolevsech.eu\/cs\/wp-json\/wp\/v2\/pages"}],"about":[{"href":"https:\/\/metropolevsech.eu\/cs\/wp-json\/wp\/v2\/types\/page"}],"author":[{"embeddable":true,"href":"https:\/\/metropolevsech.eu\/cs\/wp-json\/wp\/v2\/users\/7"}],"replies":[{"embeddable":true,"href":"https:\/\/metropolevsech.eu\/cs\/wp-json\/wp\/v2\/comments?post=21630"}],"version-history":[{"count":20,"href":"https:\/\/metropolevsech.eu\/cs\/wp-json\/wp\/v2\/pages\/21630\/revisions"}],"predecessor-version":[{"id":21754,"href":"https:\/\/metropolevsech.eu\/cs\/wp-json\/wp\/v2\/pages\/21630\/revisions\/21754"}],"wp:attachment":[{"href":"https:\/\/metropolevsech.eu\/cs\/wp-json\/wp\/v2\/media?parent=21630"}],"curies":[{"name":"wp","href":"https:\/\/api.w.org\/{rel}","templated":true}]}}