{"id":21639,"date":"2025-02-05T16:02:29","date_gmt":"2025-02-05T15:02:29","guid":{"rendered":"https:\/\/metropolevsech.eu\/?page_id=21639"},"modified":"2025-02-03T11:50:07","modified_gmt":"2025-02-03T10:50:07","slug":"jaka-mam-obcanska-a-politicka-prava","status":"publish","type":"page","link":"https:\/\/metropolevsech.eu\/cs\/jaka-mam-obcanska-a-politicka-prava\/","title":{"rendered":"Jak\u00e1 m\u00e1m ob\u010dansk\u00e1 a politick\u00e1 pr\u00e1va?"},"content":{"rendered":"<p><i>V t\u00e9to kapitole se podrobn\u011bji sezn\u00e1m\u00edte s podm\u00ednkami pr\u00e1va na svobodu projevu, shroma\u017e\u010fovac\u00edho pr\u00e1va, peti\u010dn\u00edho pr\u00e1va, volebn\u00edho pr\u00e1va a \u00fa\u010dasti v politick\u00fdch stran\u00e1ch.<\/i><\/p>\n<p>Pr\u00e1vn\u00ed z\u00e1klady ob\u010dansk\u00e9 a politick\u00e9 participace lze nal\u00e9zt v <a href=\"https:\/\/www.psp.cz\/docs\/laws\/constitution.html\">\u00dastav\u011b \u010cR<\/a>. Podle <a href=\"https:\/\/www.psp.cz\/docs\/laws\/listina.html\">Listiny z\u00e1kladn\u00edch pr\u00e1v a svobod (\u010dl. 17\u201323)<\/a> jsou n\u011bkter\u00e1 ob\u010dansk\u00e1 a politick\u00e1 pr\u00e1va pro v\u0161echny spole\u010dn\u00e1 bez ohledu na st\u00e1tn\u00ed p\u0159\u00edslu\u0161nost. Konkr\u00e9tn\u011b se jedn\u00e1 o: pr\u00e1vo na svobodu projevu, pr\u00e1vo na informace, peti\u010dn\u00ed pr\u00e1vo, shroma\u017e\u010fovac\u00ed pr\u00e1vo, pr\u00e1vo sdru\u017eovat se ve spolc\u00edch, spole\u010dnostech a jin\u00fdch sdru\u017een\u00edch, pr\u00e1vo na odpor (nap\u0159. st\u00e1vky).<\/p>\n<p>Lid\u00e9 s migra\u010dn\u00edm p\u016fvodem \u017eij\u00edc\u00ed v \u010cesk\u00e9 republice maj\u00ed pr\u00e1vo se zapojovat do d\u011bn\u00ed ve spole\u010dnosti. Mohou vyj\u00e1d\u0159it sv\u016fj n\u00e1zor na d\u011bn\u00ed v m\u00edst\u011b, kde \u017eij\u00ed, mohou nab\u00eddnout podporu ostatn\u00edm skrze dobrovolnictv\u00ed, mohou zalo\u017eit vlastn\u00ed spolky, mohou podniknout vlastn\u00ed komunitn\u00ed aktivity, mohou se informovat a c\u00edtit se sami \u010dleny dan\u00e9 komunity atd. V\u011bt\u0161ina mo\u017enost\u00ed k zapojov\u00e1n\u00ed je pro migranty otev\u0159en\u00e1. Nicm\u00e9n\u011b n\u011bkter\u00e1 <b>d\u016fle\u017eit\u00e1 politick\u00e1 pr\u00e1va<\/b>, zejm\u00e9na pro lidi, kte\u0159\u00ed poch\u00e1zej\u00ed ze zem\u00ed mimo EU, <b>jsou st\u00e1le je\u0161t\u011b zna\u010dn\u011b omezen\u00e1<\/b>.\u00a0<\/p>\n<h2>Pr\u00e1vo na svobodu projevu<\/h2>\n<p>V \u010cesk\u00e9 republice je svoboda slova zaru\u010dena \u00dastavou a Listinou z\u00e1kladn\u00edch pr\u00e1v a svobod, kter\u00e1 stanov\u00ed pr\u00e1vo ka\u017ed\u00e9ho vyjad\u0159ovat sv\u00e9 n\u00e1zory, svobodn\u011b vyhled\u00e1vat a \u0161\u00ed\u0159it informace. Tento princip chr\u00e1n\u00ed jak svobodu n\u00e1zor\u016f a postoj\u016f jednotlivc\u016f, tak i jejich pr\u00e1vo na p\u0159\u00edstup k informac\u00edm.\u00a0<\/p>\n<p>Nicm\u00e9n\u011b, svoboda projevu nen\u00ed neomezen\u00e1. St\u00e1t m\u016f\u017ee omezit tuto svobodu z\u00e1konem, a to za \u00fa\u010delem ochrany ve\u0159ejn\u00e9 bezpe\u010dnosti, pr\u00e1v a svobod jin\u00fdch osob nebo ve\u0159ejn\u00e9ho zdrav\u00ed (nap\u0159\u00edklad v p\u0159\u00edpad\u011b \u0161\u00ed\u0159en\u00ed nepravdiv\u00fdch informac\u00ed). Mezi konkr\u00e9tn\u00ed omezen\u00ed pat\u0159\u00ed nap\u0159\u00edklad z\u00e1kaz projev\u016f, kter\u00e9 podporuj\u00ed nen\u00e1vist v\u016f\u010di ur\u010dit\u00fdm skupin\u00e1m lid\u00ed (etnick\u00fdm, rasov\u00fdm apod.), pop\u00edr\u00e1n\u00ed holokaustu nebo \u0161\u00ed\u0159en\u00ed popla\u0161n\u00fdch zpr\u00e1v. Tato omezen\u00ed mus\u00ed b\u00fdt v\u017edy z\u00e1konn\u00e1, jasn\u011b definovan\u00e1 a nezbytn\u00e1 v demokratick\u00e9 spole\u010dnosti.\u00a0<\/p>\n<p>Hranice mezi svobodou projevu a jej\u00edm omezen\u00edm z\u00e1vis\u00ed na konkr\u00e9tn\u00edch okolnostech dan\u00e9 situace, p\u0159i\u010dem\u017e rozhoduj\u00edc\u00ed je, zda je omezen\u00ed skute\u010dn\u011b nezbytn\u00e9.<\/p>\n<h2>Shroma\u017e\u010fovac\u00ed pr\u00e1vo<\/h2>\n<p>Shroma\u017e\u010fovac\u00ed pr\u00e1vo je jedno z kl\u00ed\u010dov\u00fdch pr\u00e1v, kter\u00e9 chr\u00e1n\u00ed svobodu projevu a umo\u017e\u0148uje ob\u010dan\u016fm vyjad\u0159ovat sv\u00e9 n\u00e1zory a postoje ve\u0159ejn\u011b. V \u010cR m\u016f\u017eete toto pr\u00e1vo vyu\u017e\u00edvat k po\u0159\u00e1d\u00e1n\u00ed demonstrac\u00ed, pochod\u016f nebo jin\u00fdch ve\u0159ejn\u00fdch shrom\u00e1\u017ed\u011bn\u00ed, kter\u00e1 se konaj\u00ed na ve\u0159ejn\u00fdch m\u00edstech, jako jsou n\u00e1m\u011bst\u00ed a ulice.<\/p>\n<p>Toto pr\u00e1vo se vztahuje na ka\u017ed\u00e9ho \u2013 nejen na ob\u010dany \u010cesk\u00e9 republiky, ale i na cizince. M\u016f\u017eete tedy nap\u0159. jako zahrani\u010dn\u00ed student organizovat ve\u0159ejn\u00e9 shrom\u00e1\u017ed\u011bn\u00ed, pokud spln\u00edte podm\u00ednky stanoven\u00e9 z\u00e1konem. K po\u0159\u00e1d\u00e1n\u00ed shrom\u00e1\u017ed\u011bn\u00ed nen\u00ed pot\u0159eba povolen\u00ed od \u00fa\u0159ad\u016f, ale mus\u00edte ho \u0159\u00e1dn\u011b ozn\u00e1mit. Ozn\u00e1men\u00ed m\u00e1 registra\u010dn\u00ed charakter a slou\u017e\u00ed k p\u0159\u00edprav\u011b na zaji\u0161t\u011bn\u00ed bezpe\u010dnosti a po\u0159\u00e1dku b\u011bhem akce. Shrom\u00e1\u017ed\u011bn\u00ed m\u016f\u017eete svolat, pokud jste star\u0161\u00ed 18 let (v n\u011bkter\u00fdch p\u0159\u00edpadech i mlad\u0161\u00ed) a pokud nebylo shrom\u00e1\u017ed\u011bn\u00ed z n\u011bjak\u00e9ho d\u016fvodu zak\u00e1z\u00e1no. Z\u00e1kazy jsou v\u0161ak v\u00fdjime\u010dn\u00e9. Shrom\u00e1\u017ed\u011bn\u00ed nelze konat v n\u011bkter\u00fdch vymezen\u00fdch oblastech, nap\u0159\u00edklad v bl\u00edzkosti Parlamentu nebo \u00dastavn\u00edho soudu. Kulturn\u00ed, sportovn\u00ed nebo jin\u00e9 spole\u010densk\u00e9 akce, jako jsou koncerty, maratony nebo trhy, se nepo\u010d\u00edtaj\u00ed jako shrom\u00e1\u017ed\u011bn\u00ed, pokud jejich hlavn\u00edm \u00fa\u010delem nen\u00ed vyj\u00e1d\u0159en\u00ed politick\u00fdch n\u00e1zor\u016f.<\/p>\n<p>V\u00edce informac\u00ed o shroma\u017e\u010fovac\u00edm pr\u00e1vu naleznete na <a href=\"https:\/\/mv.gov.cz\/clanek\/shromazdovaci-pravo.aspx\">webu Ministerstva vnitra \u010cR<\/a>.<\/p>\n<h2>Peti\u010dn\u00ed pr\u00e1vo<\/h2>\n<p>Peti\u010dn\u00ed pr\u00e1vo znamen\u00e1 pr\u00e1vo ka\u017ed\u00e9ho ob\u010dana nebo skupiny lid\u00ed obracet se na st\u00e1tn\u00ed org\u00e1ny s \u017e\u00e1dostmi, n\u00e1vrhy nebo st\u00ed\u017enostmi, kter\u00e9 se t\u00fdkaj\u00ed ve\u0159ejn\u00e9ho z\u00e1jmu. Petici m\u016f\u017ee podat jednotlivec nebo peti\u010dn\u00ed v\u00fdbor, kter\u00fd sestav\u00ed skupina lid\u00ed. Pokud chcete podat petici, mus\u00edte napsat jej\u00ed text a sehnat podpisy od ostatn\u00edch lid\u00ed. Podpisy m\u016f\u017eete sb\u00edrat ve\u0159ejn\u011b, ale mus\u00edte zajistit, aby lid\u00e9 m\u011bli mo\u017enost sezn\u00e1mit se s obsahem petice p\u0159ed t\u00edm, ne\u017e ji podep\u00ed\u0161\u00ed.<\/p>\n<p>Jako cizinci tak\u00e9 m\u00e1te pr\u00e1vo podepsat petici, pokud uvedete sv\u00e9 jm\u00e9no, p\u0159\u00edjmen\u00ed a adresu pobytu (v p\u0159\u00edpad\u011b, \u017ee nem\u00e1te v \u010cR trval\u00fd pobyt, uvedete adresu faktick\u00e9ho pobytu).\u00a0<\/p>\n<p>Pokud je petice pod\u00e1na spr\u00e1vn\u011b, st\u00e1tn\u00ed org\u00e1ny jsou povinny ji p\u0159ijmout a do 30 dn\u016f na ni reagovat. Tato reakce bude obsahovat stanovisko k po\u017eadavk\u016fm uveden\u00fdm v petici. Petice m\u016f\u017ee b\u00fdt pod\u00e1na i elektronicky, co\u017e usnad\u0148uje sb\u00edr\u00e1n\u00ed podpis\u016f.<\/p>\n<p>Peti\u010dn\u00ed pr\u00e1vo je siln\u00fdm n\u00e1strojem, jak vyj\u00e1d\u0159it sv\u00e9 n\u00e1zory a po\u017eadavky na zm\u011bnu ve spole\u010dnosti. V\u00edce informac\u00ed o petici naleznete na <a href=\"https:\/\/mv.gov.cz\/clanek\/obcanske-aktivity-118893.aspx?q=Y2hudW09NA%3D%3D\">webu Ministerstva vnitra \u010cR<\/a>.<\/p>\n<h2>Volebn\u00ed pr\u00e1vo<\/h2>\n<p>V \u010cesk\u00e9 republice jsou volby z\u00e1kladn\u00edm n\u00e1strojem pro obsazov\u00e1n\u00ed ve\u0159ejn\u00fdch funkc\u00ed. Lid\u00e9 vol\u00ed sv\u00e9 z\u00e1stupce do r\u016fzn\u00fdch org\u00e1n\u016f, jako je nap\u0159. prezidentsk\u00fd \u00fa\u0159ad, Poslaneck\u00e1 sn\u011bmovna, Sen\u00e1t, Evropsk\u00fd parlament, zastupitelstva kraj\u016f a obc\u00ed. Volby jsou z\u00e1kladem demokratick\u00e9ho rozhodov\u00e1n\u00ed a mus\u00ed b\u00fdt prov\u00e1d\u011bny na z\u00e1klad\u011b ur\u010dit\u00fdch \u00fastavn\u00edch princip\u016f, jako je v\u0161eobecnost, rovnost, p\u0159\u00edmost a tajnost.<\/p>\n<p>Volebn\u00ed syst\u00e9m v \u010cR se d\u011bl\u00ed na dv\u011b hlavn\u00ed kategorie: syst\u00e9m pom\u011brn\u00e9ho zastoupen\u00ed, v n\u011bm\u017e jsou mand\u00e1ty p\u0159id\u011blov\u00e1ny na z\u00e1klad\u011b procenta hlas\u016f, kter\u00e9 strany z\u00edskaj\u00ed, a v\u011bt\u0161inov\u00fd volebn\u00ed syst\u00e9m, v n\u011bm\u017e vyhr\u00e1v\u00e1 kandid\u00e1t s nejv\u00edce hlasy, v prvn\u00edm \u010di p\u0159\u00edpadn\u011b druh\u00e9m kole volby. Pom\u011brn\u00e9 zastoupen\u00ed se pou\u017e\u00edv\u00e1 p\u0159i volb\u00e1ch do Poslaneck\u00e9 sn\u011bmovny, kraj\u016f, obc\u00ed a Evropsk\u00e9ho parlamentu, zat\u00edmco v\u011bt\u0161inov\u00fd syst\u00e9m je ur\u010den pro volby do Sen\u00e1tu a pro volbu prezidenta.<\/p>\n<p>Pro v\u00edce informac\u00ed o volb\u00e1ch a volebn\u00edm syst\u00e9mu nav\u0161tivte <a href=\"https:\/\/mv.gov.cz\/volby\/clanek\/volby-v-cr.aspx\">web Ministerstva vnitra \u010cR<\/a>.<\/p>\n<h3>\u00da\u010dast ve volb\u00e1ch a referendech<\/h3>\n<p>\u00da\u010dast ve volb\u00e1ch pat\u0159\u00ed k form\u00e1m politick\u00e9 participace, kter\u00e9 jsou pro migranty v \u010cR nejv\u00edce omezen\u00e9. Pro ob\u010dany t\u0159et\u00edch zem\u00ed je tato mo\u017enost zcela nedostupn\u00e1, v\u010detn\u011b volby v referendech. Ob\u010dan\u00e9 EU maj\u00ed pr\u00e1vo volit na m\u00edstn\u00ed \u00farovni, ve volb\u00e1ch do Evropsk\u00e9ho parlamentu a \u00fa\u010dastnit se m\u00edstn\u00edch referend (za podm\u00ednky trval\u00e9ho pobytu v obci). V\u00edce informac\u00ed naleznete na <a href=\"https:\/\/ipc.gov.cz\/zivot-v-cesku\/volby\/?iqTabs=%7B%220%22%3A0%7D\">Informa\u010dn\u00edm port\u00e1lu pro cizince Ministerstva vnitra<\/a>.\u00a0<\/p>\n<h4>Volby v cel\u00e9 \u010cR<\/h4>\n<p>V \u010cesk\u00e9 republice se vol\u00ed jednou za 4 roky do Poslaneck\u00e9 sn\u011bmovny a jednou za 6 let do Sen\u00e1tu Parlamentu \u010cR, p\u0159\u00edmou volbou se vol\u00ed jednou za 5 let prezident republiky a d\u00e1le se na lok\u00e1ln\u00ed \u00farovni vol\u00ed do zastupitelstva obce. <b>Podm\u00ednkou pro v\u0161echny uveden\u00e9 volby je st\u00e1tn\u00ed ob\u010danstv\u00ed \u010cesk\u00e9 republiky a dosa\u017een\u00ed v\u011bku 18 let.<\/b><\/p>\n<h4>Volby v Praze<\/h4>\n<p>V Praze se vol\u00ed Zastupitelstvo hl. m. Prahy a sou\u010dasn\u011b s n\u00edm i zastupitelstva jednotliv\u00fdch m\u011bstsk\u00fdch \u010d\u00e1st\u00ed v Praze. Volby na lok\u00e1ln\u00ed \u00farovni se zpravidla konaj\u00ed jednou za 4 roky. <b>Volit v t\u011bchto volb\u00e1ch m\u016f\u017ee za ur\u010dit\u00fdch podm\u00ednek tak\u00e9 st\u00e1tn\u00ed ob\u010dan jin\u00e9ho \u010dlensk\u00e9ho st\u00e1tu EU.\u00a0 <\/b>V\u00edce se dozv\u00edte v <a href=\"https:\/\/metropolevsech.eu\/wp-content\/uploads\/2022\/09\/Letak-volby.CZ_.digital.pdf\">informa\u010dn\u00edm let\u00e1ku.<\/a><\/p>\n<h4>Volby do Evropsk\u00e9ho parlamentu<\/h4>\n<p>St\u00e1tn\u00ed ob\u010dan\u00e9 jin\u00e9ho \u010dlensk\u00e9ho st\u00e1tu EU se tak\u00e9 mohou v \u010cR z\u00fa\u010dastnit voleb do Evropsk\u00e9ho parlamentu (zastupitelsk\u00e9ho org\u00e1nu Evropsk\u00e9 unie), kam se vol\u00ed poslanci na dobu 5 let. V p\u0159\u00edpad\u011b voleb do Evropsk\u00e9ho parlamentu je pot\u0159eba v den voleb b\u00fdt alespo\u0148 45 dn\u016f p\u0159ihl\u00e1\u0161en k trval\u00e9mu \u010di p\u0159echodn\u00e9mu pobytu v \u010cesk\u00e9 republice. V\u00edce se dozv\u00edte v <a href=\"https:\/\/icpraha.com\/wp-content\/uploads\/2024\/04\/Letak_k_volbam_nahled_Cestina.pdf\">informa\u010dn\u00edm let\u00e1ku<\/a>.\u00a0<\/p>\n<h3>\u010clenstv\u00ed v politick\u00fdch stran\u00e1ch<\/h3>\n<p>\u010cesk\u00e1 legislativa v sou\u010dasn\u00e9 dob\u011b upravuje \u010dlenstv\u00ed v politick\u00fdch stran\u00e1ch prost\u0159ednictv\u00edm z\u00e1kona o sdru\u017eov\u00e1n\u00ed v politick\u00fdch stran\u00e1ch. Tento z\u00e1kon pou\u017e\u00edv\u00e1 term\u00edn \u201eob\u010dan\u201c, a t\u00edm de facto neumo\u017e\u0148uje cizinc\u016fm z EU \u010dlenstv\u00ed v politick\u00fdch stran\u00e1ch. Tato pr\u00e1vn\u00ed \u00faprava byla ned\u00e1vno (podzim 2024) zpochybn\u011bna rozhodnut\u00edm Soudn\u00edho dvora EU, kter\u00fd rozhodl, \u017ee ob\u010dan\u00e9 EU by m\u011bli m\u00edt stejn\u00fd p\u0159\u00edstup k politick\u00fdm pr\u00e1v\u016fm jako ob\u010dan\u00e9 \u010cesk\u00e9 republiky, a nesm\u011bj\u00ed b\u00fdt diskriminov\u00e1ni na z\u00e1klad\u011b sv\u00e9 st\u00e1tn\u00ed p\u0159\u00edslu\u0161nosti. V praxi to znamen\u00e1, \u017ee ob\u010dan\u00e9 EU by m\u011bli m\u00edt mo\u017enost \u00fa\u010dastnit se politick\u00e9ho \u017eivota v \u010cesk\u00e9 republice, v\u010detn\u011b \u010dlenstv\u00ed v politick\u00fdch stran\u00e1ch. Nyn\u00ed se o\u010dek\u00e1v\u00e1, \u017ee \u010desk\u00e9 pr\u00e1vo bude v tomto duchu zm\u011bn\u011bno.<br \/>\nTento krok by m\u011bl ob\u010dan\u016fm EU umo\u017enit p\u0159\u00edstup k v\u00fdhod\u00e1m, jako je zapojen\u00ed do volebn\u00edho apar\u00e1tu, p\u0159\u00edstup k finan\u010dn\u00edm prost\u0159edk\u016fm politick\u00fdch stran, da\u0148ov\u00e9 v\u00fdhody a lep\u0161\u00ed p\u0159\u00edstup k m\u00e9di\u00edm, co\u017e m\u016f\u017ee podstatn\u011b pos\u00edlit jejich politickou anga\u017eovanost.<\/p>","protected":false},"excerpt":{"rendered":"<p>V t\u00e9to kapitole se podrobn\u011bji sezn\u00e1m\u00edte s podm\u00ednkami pr\u00e1va na svobodu projevu, shroma\u017e\u010fovac\u00edho pr\u00e1va, peti\u010dn\u00edho pr\u00e1va, volebn\u00edho pr\u00e1va a \u00fa\u010dasti v politick\u00fdch stran\u00e1ch. Pr\u00e1vn\u00ed z\u00e1klady ob\u010dansk\u00e9 a politick\u00e9 participace lze nal\u00e9zt v \u00dastav\u011b \u010cR. Podle Listiny z\u00e1kladn\u00edch pr\u00e1v a svobod&#8230;<\/p>\n<a class=\"more-block\" href=\"https:\/\/metropolevsech.eu\/cs\/jaka-mam-obcanska-a-politicka-prava\/\">\u010c\u00edst v\u00edce<\/a>","protected":false},"author":7,"featured_media":0,"parent":0,"menu_order":0,"comment_status":"closed","ping_status":"closed","template":"","meta":[],"acf":[],"_links":{"self":[{"href":"https:\/\/metropolevsech.eu\/cs\/wp-json\/wp\/v2\/pages\/21639"}],"collection":[{"href":"https:\/\/metropolevsech.eu\/cs\/wp-json\/wp\/v2\/pages"}],"about":[{"href":"https:\/\/metropolevsech.eu\/cs\/wp-json\/wp\/v2\/types\/page"}],"author":[{"embeddable":true,"href":"https:\/\/metropolevsech.eu\/cs\/wp-json\/wp\/v2\/users\/7"}],"replies":[{"embeddable":true,"href":"https:\/\/metropolevsech.eu\/cs\/wp-json\/wp\/v2\/comments?post=21639"}],"version-history":[{"count":22,"href":"https:\/\/metropolevsech.eu\/cs\/wp-json\/wp\/v2\/pages\/21639\/revisions"}],"predecessor-version":[{"id":21721,"href":"https:\/\/metropolevsech.eu\/cs\/wp-json\/wp\/v2\/pages\/21639\/revisions\/21721"}],"wp:attachment":[{"href":"https:\/\/metropolevsech.eu\/cs\/wp-json\/wp\/v2\/media?parent=21639"}],"curies":[{"name":"wp","href":"https:\/\/api.w.org\/{rel}","templated":true}]}}