{"id":21647,"date":"2025-02-05T16:13:00","date_gmt":"2025-02-05T15:13:00","guid":{"rendered":"https:\/\/metropolevsech.eu\/?page_id=21647"},"modified":"2025-03-13T15:35:43","modified_gmt":"2025-03-13T14:35:43","slug":"dobrovolnictvi-v-praze","status":"publish","type":"page","link":"https:\/\/metropolevsech.eu\/cs\/dobrovolnictvi-v-praze\/","title":{"rendered":"Jak\u00e9 m\u00e1m mo\u017enosti? Jak se m\u016f\u017eu zapojit?"},"content":{"rendered":"<p><\/p>\n<h2>Dobrovolnictv\u00ed v Praze<\/h2>\n<p><i>V\u00a0t\u00e9to kapitole se dozv\u00edte, co je dobrovolnictv\u00ed a jak se m\u016f\u017eete aktivn\u011b zapojit do komunitn\u00edho d\u011bn\u00ed v Praze. Pas\u00e1\u017e p\u0159edstavuje r\u016fzn\u00e9 typy dobrovolnick\u00fdch p\u0159\u00edle\u017eitost\u00ed, od neziskov\u00fdch organizac\u00ed a firemn\u00edho dobrovolnictv\u00ed a\u017e po ve\u0159ejn\u00e9 instituce, \u0161koly \u010di nemocnice. Najdete zde tipy, kde hledat dobrovolnick\u00e9 pozice, a inspiraci, jak se pod\u00edlet na rozvoji sv\u00e9 \u010dtvrti. D\u00e1le v\u00e1m p\u0159in\u00e1\u0161\u00edme informace o mo\u017enostech participace na pl\u00e1nov\u00e1n\u00ed m\u011bsta, zapojen\u00ed do sousedsk\u00fdch aktivit a tipy, kde si p\u0159\u00edpadn\u011b zlep\u0161it jazykov\u00e9 dovednosti v \u010de\u0161tin\u011b.<\/i><\/p>\n<ul class=\"bullet\">\n<li><a href=\"#dobrovolnictvi\">Co je dobrovolnictv\u00ed?<\/a><\/li>\n<li><a href=\"#typyprilezitosti\">Typy dobrovolnick\u00fdch p\u0159\u00edle\u017eitost\u00ed<\/a><\/li>\n<li><a href=\"#statsedobrovolnikem\">Jak se st\u00e1t dobrovoln\u00edkem<\/a><\/li>\n<li><a href=\"#kdenajitprilezitosti\">Kde naj\u00edt dobrovolnick\u00e9 p\u0159\u00edle\u017eitosti<\/a><\/li>\n<li><a href=\"#zapojenidoneziskovychorganizaci\">Zapojen\u00ed do neziskov\u00fdch organizac\u00ed<\/a><\/li>\n<li><a href=\"#zapojenidoplanovanimesta\">Zapojen\u00ed ve\u0159ejnosti do pl\u00e1nov\u00e1n\u00ed m\u011bsta<\/a><\/li>\n<li><a href=\"#chcisezapojit\">Chci se zapojit, kde m\u00e1m za\u010d\u00edt?<\/a><\/li>\n<li><a href=\"#jazykovedovednosti\">Jazykov\u00e9 dovednosti<\/a><\/li>\n<\/ul>\n<h2 id=\"dobrovolnictvi\">Co je dobrovolnictv\u00ed?<\/h2>\n<p>Dobrovolnictv\u00ed znamen\u00e1 v\u011bnovat sv\u016fj \u010das a energii ve prosp\u011bch druh\u00fdch nebo komunity bez n\u00e1roku na finan\u010dn\u00ed odm\u011bnu. Jde o to zanechat stopu, a\u0165 u\u017e prost\u0159ednictv\u00edm form\u00e1ln\u00edch organizac\u00ed, nebo neform\u00e1ln\u00edch komunitn\u00edch aktivit.<\/p>\n<p>Dobrovolnictv\u00ed m\u00e1 velk\u00fd v\u00fdznam pro ob\u010danskou participaci \u2013 jak form\u00e1ln\u00ed, v r\u00e1mci neziskov\u00fdch organizac\u00ed, tak neform\u00e1ln\u00ed. \u201eDobrovoln\u00edk je \u010dlov\u011bk, kter\u00fd ze sv\u00e9 vlastn\u00ed v\u016fle a ve sv\u00e9m voln\u00e9m \u010dase bez n\u00e1roku na odm\u011bnu pom\u00e1h\u00e1 lidem kolem sebe a zapojuje se do ve\u0159ejn\u011b prosp\u011b\u0161n\u00fdch aktivit\u201c <i>(<\/i><a href=\"https:\/\/www.dobrovolnik.cz\/o-dobrovolnictvi\">dobrovolnik.cz<\/a><i>)<\/i>.<\/p>\n<p>Od roku 2003 existuje v \u010cesk\u00e9 republice z\u00e1kon o dobrovolnick\u00e9 slu\u017eb\u011b (z\u00e1kon \u010d. 86\/2014 Sb.), kter\u00fd nastavuje pravidla pro organizovan\u00e9 dobrovolnictv\u00ed. Mo\u017enost\u00ed dobrovoln\u00e9ho zapojen\u00ed je cel\u00e1 \u0159ada \u2013 od neziskov\u00fdch organizac\u00ed po firemn\u00ed dobrovolnictv\u00ed \u010di dal\u0161\u00ed instituce. Pod\u00edvejme se bl\u00ed\u017ee na jednotliv\u00e9 oblasti:<\/p>\n<h2 id=\"typyprilezitosti\">Typy dobrovolnick\u00fdch p\u0159\u00edle\u017eitost\u00ed<\/h2>\n<h3>Neziskov\u00e9 organizace<\/h3>\n<p>Mnoho organizac\u00ed nab\u00edz\u00ed rozmanit\u00e9 dobrovolnick\u00e9 role, jako je dou\u010dov\u00e1n\u00ed, mentoring nebo podpora komunitn\u00edch akc\u00ed. Nap\u0159\u00edklad publikace organizace META s\u00a0n\u00e1zvem <a href=\"https:\/\/meta-ops.eu\/wp-content\/uploads\/2019\/12\/meta_7_statecnych.pdf\"><i>Sedm state\u010dn\u00fdch<\/i><\/a> p\u0159edstavuje osobn\u00ed p\u0159\u00edb\u011bhy zahrani\u010dn\u00edch dobrovoln\u00edk\u016f a jejich p\u0159\u00ednos. Pokud se chcete zapojit, sta\u010d\u00ed kontaktovat organizace, kter\u00e9 odpov\u00eddaj\u00ed va\u0161im z\u00e1jm\u016fm, a informovat se o voln\u00fdch pozic\u00edch. P\u0159\u00edklady organizac\u00ed: Sue Ryder, Greenpeace, Limity jsme my a dal\u0161\u00ed.<\/p>\n<p>V\u00edce o neziskov\u00fdch organizac\u00edch se dozv\u00edte v sekci <a href=\"#zapojenidoneziskovychorganizaci\"><em>Zapojen\u00ed do neziskov\u00fdch organizac\u00ed<\/em><\/a>.<\/p>\n<h3>Firemn\u00ed dobrovolnictv\u00ed<\/h3>\n<p>Firemn\u00ed dobrovolnictv\u00ed umo\u017e\u0148uje zam\u011bstnanc\u016fm podporovat obecn\u011b prosp\u011b\u0161n\u00e9 organizace a z\u00e1rove\u0148 posiluje spole\u010denskou odpov\u011bdnost firmy. Nap\u0159\u00edklad:<\/p>\n<p>Spole\u010dnost <i>Vodafone<\/i> nab\u00edz\u00ed zam\u011bstnanc\u016fm a\u017e dva placen\u00e9 dny ro\u010dn\u011b na dobrovolnictv\u00ed, finan\u010dn\u00ed granty pro NNO a specializovan\u00fd Fond dobrovoln\u00edk\u016f <i>(<\/i><a href=\"https:\/\/www.nadacevodafone.cz\/programy\/zamestnanecky-program.html#:~:text=Fond%20dobrovoln%C3%ADk,organizaci%2C%20v%20kter%C3%A9%20pravideln%C4%9B%20dobrovolni%C4%8D%C3%AD.\"><i>v\u00edce zde<\/i><\/a><i>)<\/i>.<\/p>\n<p>Dal\u0161\u00ed p\u0159\u00edle\u017eitosti nab\u00edz\u00ed platforma <a href=\"https:\/\/www.zapojimse.cz\">Zapojme se<\/a>.<\/p>\n<h3>Ve\u0159ejn\u00e9 a kulturn\u00ed instituce<\/h3>\n<p>Instituce, jako je <a href=\"https:\/\/www.nm.cz\/spoluprace\/stante-se-dobrovolnikem\">N\u00e1rodn\u00ed muzeum<\/a> nebo <a href=\"https:\/\/studiohrdinu.cz\/en\/studio-hrdinu-hleda-dalsi-dobrovolniky-zapojte-se\/\">Studio Hrdin\u016f<\/a>, se spol\u00e9haj\u00ed na dobrovoln\u00edky p\u0159i p\u0159\u00edprav\u011b v\u00fdstav, podpo\u0159e herc\u016f nebo administrativn\u00edch \u00fakolech.<\/p>\n<h3>\u0160koly, nemocnice a knihovny<\/h3>\n<p>Dobrovoln\u00edci mohou podporovat studenty v r\u00e1mci dou\u010dovac\u00edch program\u016f, organizovat volno\u010dasov\u00e9 aktivity pro pacienty nemocnic nebo pom\u00e1hat s komunitn\u00edmi projekty v knihovn\u00e1ch. Nap\u0159\u00edklad M\u011bstsk\u00e1 knihovna v Praze spolupracuje s Novou \u0161kolou na projektu <i>Spole\u010dn\u011b v knihovn\u011b<\/i>, kter\u00fd zahrnuje dou\u010dov\u00e1n\u00ed d\u011bt\u00ed v prostor\u00e1ch knihovny <i>(<\/i><a href=\"http:\/\/www.novaskolaops.cz\/spolecne-v-knihovne-o-co-jde\"><i>v\u00edce zde<\/i><\/a><i>)<\/i>.<\/p>\n<p>Pro dal\u0161\u00ed podporu p\u0159i hled\u00e1n\u00ed dobrovolnick\u00fdch p\u0159\u00edle\u017eitost\u00ed se m\u016f\u017eete obr\u00e1tit tak\u00e9 na organizaci <a href=\"https:\/\/migact.net\/cs\/\">MigAct<\/a>, kter\u00e1 nab\u00edz\u00ed individu\u00e1ln\u00ed mentoring a konzultace.<\/p>\n<h2 id=\"statsedobrovolnikem\">Jak se st\u00e1t dobrovoln\u00edkem<\/h2>\n<img loading=\"lazy\" class=\"alignnone wp-image-21648 size-large\" src=\"https:\/\/metropolevsech.eu\/wp-content\/uploads\/2025\/01\/5-steps-_volunteering_cz-1040x1040.png\" alt=\"\" width=\"670\" height=\"670\" srcset=\"https:\/\/metropolevsech.eu\/wp-content\/uploads\/2025\/01\/5-steps-_volunteering_cz-1040x1040.png 1040w, https:\/\/metropolevsech.eu\/wp-content\/uploads\/2025\/01\/5-steps-_volunteering_cz-300x300.png 300w, https:\/\/metropolevsech.eu\/wp-content\/uploads\/2025\/01\/5-steps-_volunteering_cz-150x150.png 150w, https:\/\/metropolevsech.eu\/wp-content\/uploads\/2025\/01\/5-steps-_volunteering_cz-768x768.png 768w, https:\/\/metropolevsech.eu\/wp-content\/uploads\/2025\/01\/5-steps-_volunteering_cz-670x670.png 670w, https:\/\/metropolevsech.eu\/wp-content\/uploads\/2025\/01\/5-steps-_volunteering_cz-109x109.png 109w, https:\/\/metropolevsech.eu\/wp-content\/uploads\/2025\/01\/5-steps-_volunteering_cz-125x125.png 125w, https:\/\/metropolevsech.eu\/wp-content\/uploads\/2025\/01\/5-steps-_volunteering_cz.png 1080w\" sizes=\"(max-width: 670px) 100vw, 670px\" \/>\n<h2 id=\"kdenajitprilezitosti\">Kde naj\u00edt dobrovolnick\u00e9 p\u0159\u00edle\u017eitosti<\/h2>\n<p>V Praze funguje \u0161irok\u00e1 \u0161k\u00e1la platforem, je\u017e propojuj\u00ed dobrovoln\u00edky s vhodn\u00fdmi p\u0159\u00edle\u017eitostmi:<\/p>\n<ul class=\"bullet\">\n<li><a href=\"https:\/\/www.hest.cz\/\">Hestia <\/a>\u2013 N\u00e1rodn\u00ed dobrovolnick\u00e9 centrum,<\/li>\n<li><a href=\"http:\/\/dobrovolnik.cz\">Dobrovolnik.cz <\/a>\u2013 Centr\u00e1ln\u00ed platforma pro dobrovolnick\u00e9 p\u0159\u00edle\u017eitosti v\u00a0\u010cR,<\/li>\n<li>dobrovolnick\u00e1 centra \u2013 nap\u0159\u00edklad <a href=\"https:\/\/letokruh.eu\/\">Dobrovolnick\u00e9 centrum Letokruh<\/a>,<\/li>\n<li>mezin\u00e1rodn\u00ed platformy \u2013 <a href=\"https:\/\/www.workaway.info\/\">Workaway<\/a>, <a href=\"https:\/\/www.inexsda.cz\/\">INEX SDA<\/a>,<\/li>\n<li>odborn\u00e9 dobrovolnictv\u00ed \u2013 <a href=\"https:\/\/www.heroclan.cz\/\">HeroClan<\/a>,<\/li>\n<li>soci\u00e1ln\u00ed s\u00edt\u011b \u2013 facebookov\u00e9 skupiny a ud\u00e1losti (nap\u0159. \u201eVolunteering in Prague\u201c).<\/li>\n<\/ul>\n<h2 id=\"zapojenidoneziskovychorganizaci\">Zapojen\u00ed do neziskov\u00fdch organizac\u00ed<\/h2>\n<p>Organizace ob\u010dansk\u00e9 spole\u010dnosti (tak\u00e9 neziskov\u00e9, dobro\u010dinn\u00e9 organizace) hraj\u00ed v\u00fdznamnou roli v procesech participace a nab\u00edz\u00ed \u0159adu mo\u017enost\u00ed pro zapojov\u00e1n\u00ed. D\u00e1 se o nich uva\u017eovat jako o \u0161kol\u00e1ch demokracie, kter\u00e9 socializuj\u00ed ob\u010dany do ob\u010dansk\u00e9 spole\u010dnosti a nab\u00edz\u00ed mo\u017enost tr\u00e9novat a rozv\u00edjet ob\u010dansk\u00e9 kompetence.\u00a0<\/p>\n<p>V Praze p\u016fsob\u00ed tis\u00edce t\u011bchto organizac\u00ed, zahrnuj\u00ed r\u016fzn\u00e9 spolky, nadace nebo c\u00edrkevn\u00ed instituce. V\u011bnuj\u00ed se \u0161irok\u00e9 \u0161k\u00e1le t\u00e9mat a aktivit. Z hlediska jejich zam\u011b\u0159en\u00ed lze rozli\u0161it dva hlavn\u00ed typy:<\/p>\n<ul class=\"bullet\">\n<li><b>Servisn\u00ed organizace<\/b>, kter\u00e9 se zam\u011b\u0159uj\u00ed nap\u0159\u00edklad na sport, rekreaci, komunitn\u00ed rozvoj, soci\u00e1ln\u00ed a zdravotn\u00ed p\u00e9\u010di, vzd\u011bl\u00e1v\u00e1n\u00ed nebo humanit\u00e1rn\u00ed pomoc.<\/li>\n<li><b>Advoka\u010dn\u00ed organizace<\/b>, kter\u00e9 se zasazuj\u00ed o ochranu a prosazov\u00e1n\u00ed d\u016fle\u017eit\u00fdch spole\u010densk\u00fdch t\u00e9mat, jako je \u017eivotn\u00ed prost\u0159ed\u00ed, lidsk\u00e1 pr\u00e1va nebo ob\u010dansk\u00e9 svobody. Jejich c\u00edlem je ovliv\u0148ovat ve\u0159ejn\u00e9 m\u00edn\u011bn\u00ed, politiky a z\u00e1kony k dosa\u017een\u00ed pozitivn\u00edch zm\u011bn ve spole\u010dnosti.<\/li>\n<\/ul>\n<h3>Jak se m\u016f\u017eete zapojit?<\/h3>\n<p>Obyvatel\u00e9 Prahy maj\u00ed mnoho p\u0159\u00edle\u017eitost\u00ed, jak se do \u010dinnosti t\u011bchto organizac\u00ed zapojit. Mezi mo\u017enosti pat\u0159\u00ed nap\u0159\u00edklad:<\/p>\n<ul class=\"bullet\">\n<li>dobrovolnictv\u00ed (v\u00edce v sekci <i>Dobrovolnictv\u00ed v Praze<\/i>),<\/li>\n<li>zalo\u017een\u00ed neziskov\u00e9 organizace (nap\u0159. spolek),<\/li>\n<li>\u010dlenstv\u00ed ve spr\u00e1vn\u00edch nebo dozor\u010d\u00edch rad\u00e1ch,<\/li>\n<li>aktivn\u00ed \u010dlenstv\u00ed ve spolc\u00edch,<\/li>\n<li>podpora a dary.<\/li>\n<\/ul>\n<h3>U\u017eite\u010dn\u00e9 zdroje a odkazy<\/h3>\n<p>Jak zalo\u017eit spolek? Praktick\u00fd n\u00e1vod najdete na str\u00e1nk\u00e1ch organizace Frank Bold: <a href=\"https:\/\/frankbold.org\/poradna\/zalozeni-spolku\">Frank Bold \u2013 zalo\u017een\u00ed spolku.<\/a><\/p>\n<p>Chcete podpo\u0159it neziskov\u00e9 organizace v Praze? Nav\u0161tivte d\u00e1rcovsk\u00fd port\u00e1l <a href=\"https:\/\/www.darujme.cz\/\">Darujme.cz<\/a>, kde najdete \u0159adu inspirativn\u00edch projekt\u016f.<\/p>\n<p>V\u00edce informac\u00ed o organizac\u00edch ob\u010dansk\u00e9 spole\u010dnosti v \u010cR najdete tak\u00e9 na <a href=\"https:\/\/takovijsme.cz\/\">takovijsme.cz<\/a> a <a href=\"https:\/\/mapaneziskovek.cz\/infografika\/\">mapaneziskovek.cz.<\/a><\/p>\n<div class=\"box-ok\">Tipy a doporu\u010den\u00ed na spolupr\u00e1ci s organizac\u00ed ob\u010dansk\u00e9 spole\u010dnosti p\u0159in\u00e1\u0161\u00ed neziskov\u00e1 organizace <a href=\"https:\/\/drive.google.com\/file\/d\/1q_b2J3xrRB0cZo8vUdVCONnC-uzj8nCP\/view?usp=sharing\">MigAct, z.s<\/a>.<\/div>\n<h2 id=\"zapojenidoplanovanimesta\">Zapojen\u00ed ve\u0159ejnosti do pl\u00e1nov\u00e1n\u00ed m\u011bsta<\/h2>\n<p>Zapojen\u00ed ve\u0159ejnosti do pl\u00e1nov\u00e1n\u00ed m\u011bsta m\u016f\u017ee iniciovat org\u00e1n ve\u0159ejn\u00e9 moci. V tomto p\u0159\u00edpad\u011b jde o tzv. <b>shora \u0159\u00edzen\u00e9 zapojov\u00e1n\u00ed obyvatel<\/b> do rozhodov\u00e1n\u00ed. Participace se odehr\u00e1v\u00e1 za pou\u017eit\u00ed r\u016fzn\u00fdch participa\u010dn\u00edch metod jako jsou nap\u0159\u00edklad:<\/p>\n<ul class=\"bullet\">\n<li>dny otev\u0159en\u00fdch dve\u0159\u00ed,<\/li>\n<li>dotazn\u00edkov\u00e1 \u0161et\u0159en\u00ed,<\/li>\n<li>f\u00f3ra budoucnosti,<\/li>\n<li>komunitn\u00ed vych\u00e1zky a cykloj\u00edzdy,<\/li>\n<li>kulat\u00e9 stoly,<\/li>\n<li>online platformy,<\/li>\n<li>pracovn\u00ed skupiny,<\/li>\n<li>sousedsk\u00e1 setk\u00e1n\u00ed a dal\u0161\u00ed.<\/li>\n<\/ul>\n<p>Hlavn\u00edm c\u00edlem t\u011bchto aktivit je umo\u017enit ve\u0159ejnosti pod\u00edlet se na rozhodov\u00e1n\u00ed o podob\u011b konkr\u00e9tn\u00edho \u00fazem\u00ed \u010di m\u011bsta, strategick\u00e9m pl\u00e1nov\u00e1n\u00ed nebo pl\u00e1nov\u00e1n\u00ed soci\u00e1ln\u00edch slu\u017eeb.<\/p>\n<p>Existuje i mo\u017enost \u00fa\u010dasti ve\u0159ejnosti na zastupitelstvu hl. m\u011bsta Prahy nebo jednotliv\u00fdch m\u011bstsk\u00fdch \u010d\u00e1st\u00ed, v Komis\u00edch Rady nebo V\u00fdborech zastupitelstva pro r\u016fzn\u00e9 oblasti spojen\u00e9 s fungov\u00e1n\u00edm obce\/kraje. V\u00edce se m\u016f\u017eete dozv\u011bd\u011bt <a href=\"https:\/\/portalprazana.cz\/pro-verejnost\/sluzby\/132\">tady<\/a>.<\/p>\n<p>Hlavn\u00ed m\u011bsto Praha m\u00e1 pom\u011brn\u011b slo\u017eit\u00e9 administrativn\u00ed \u010dlen\u011bn\u00ed, d\u011bl\u00ed se na 22 spr\u00e1vn\u00edch obvod\u016f, 57 m\u011bstsk\u00fdch \u010d\u00e1st\u00ed a 112 katastr\u00e1ln\u00edch \u00fazem\u00ed. Ka\u017ed\u00e1 m\u011bstsk\u00e1 \u010d\u00e1st zodpov\u00edd\u00e1 za participa\u010dn\u00ed procesy na sv\u00e9m \u00fazem\u00ed, proto\u017ee je samospr\u00e1vn\u00fdm celkem.<\/p>\n<p>Pro objevov\u00e1n\u00ed m\u011bsta lze vyu\u017e\u00edt <a href=\"https:\/\/app.iprpraha.cz\/apl\/app\/atlas-prahy\/\">Atlas Prahy<\/a>, kter\u00fd nab\u00edz\u00ed interaktivn\u00ed mapu m\u011bsta.<\/p>\n<p>P\u0159\u00edklad\u016f participa\u010dn\u00edch proces\u016f, iniciovan\u00fdch shora, je na \u00fazem\u00ed hl. m\u011bsta Prahy pom\u011brn\u011b mnoho. Uv\u00e1d\u00edme jen n\u011bkter\u00e9 z nich.\u00a0<\/p>\n<h4>Cel\u00e1 Praha<\/h4>\n<ul class=\"bullet-links\">\n<li><a href=\"https:\/\/iprpraha.cz\/\">Institut pl\u00e1nov\u00e1n\u00ed a\u00a0rozvoje hlavn\u00edho m\u011bsta Prahy (IPR)<\/a><\/li>\n<li><a href=\"https:\/\/praha.camp\/\">Centrum\u00a0Architektury a\u00a0M\u011bstsk\u00e9ho\u00a0Pl\u00e1nov\u00e1n\u00ed (CAMP)<\/a><\/li>\n<\/ul>\n<h4>Jednotliv\u00e9 m\u011bstsk\u00e9 \u010d\u00e1sti:<\/h4>\n<ul class=\"bullet-links\">\n<li><a href=\"https:\/\/planujtrojku.cz\/\">Pl\u00e1nuj Trojku<\/a> &#8211; nejnov\u011bj\u0161\u00ed informace z komunitn\u00edho pl\u00e1nov\u00e1n\u00ed budoucnosti Prahy 3 a jej\u00edm strategick\u00e9m pl\u00e1nov\u00e1n\u00ed<\/li>\n<li><a href=\"https:\/\/planuj.praha1.cz\/\">Praha 1 &#8211; Strategie udr\u017eiteln\u00e9ho rozvoje<\/a><\/li>\n<\/ul>\n<p>Dal\u0161\u00edm n\u00e1strojem pro zapojen\u00ed obyvatel do pl\u00e1nov\u00e1n\u00ed je <b>participativn\u00ed rozpo\u010det<\/b>. Tento koncept umo\u017e\u0148uje financovat n\u00e1vrhy m\u00edstn\u00edch obyvatel, kter\u00e9 jsou zam\u011b\u0159en\u00e9 na rozvoj jejich obce nebo m\u011bstsk\u00e9 \u010d\u00e1sti.<\/p>\n<h4>Jak proces funguje?<\/h4>\n<ul class=\"bullet\">\n<li>Obyvatel\u00e9 se sch\u00e1zej\u00ed na ve\u0159ejn\u00fdch, tematick\u00fdch \u010di lok\u00e1ln\u00edch diskus\u00edch, kde sd\u00edlej\u00ed sv\u00e9 n\u00e1pady.<\/li>\n<li>Spole\u010dn\u011b diskutuj\u00ed, co je t\u0159eba zm\u011bnit, a vytv\u00e1\u0159ej\u00ed konkr\u00e9tn\u00ed n\u00e1vrhy, kter\u00e9 n\u00e1sledn\u011b p\u0159edkl\u00e1daj\u00ed k posouzen\u00ed radnici.<\/li>\n<li>Po vyhodnocen\u00ed realizovatelnosti n\u00e1vrh\u016f doch\u00e1z\u00ed k hlasov\u00e1n\u00ed, v n\u011bm\u017e obyvatel\u00e9 rozhoduj\u00ed, kter\u00e9 projekty budou realizov\u00e1ny.<\/li>\n<\/ul>\n<div class=\"box-ok\">Chcete-li zjistit, zda se participativn\u00ed rozpo\u010det realizuje i ve va\u0161\u00ed m\u011bstsk\u00e9 \u010d\u00e1sti, prohl\u00e9dn\u011bte si jej\u00ed webov\u00e9 str\u00e1nky. <\/div>\n<h4>Participace zdola<\/h4>\n<p>Participaci v\u0161ak nemus\u00ed iniciovat pouze org\u00e1ny ve\u0159ejn\u00e9 spr\u00e1vy \u2013 aktivn\u00ed mohou b\u00fdt i sami obyvatel\u00e9. Tento p\u0159\u00edstup se ozna\u010duje jako participace zdola. Jedn\u00e1 se o m\u00e9n\u011b formalizovanou formu zapojen\u00ed, kter\u00e1 vych\u00e1z\u00ed z iniciativy neform\u00e1ln\u00edch ob\u010dansk\u00fdch sdru\u017een\u00ed \u010di m\u00edstn\u00edch spolk\u016f.<\/p>\n<p>V ka\u017ed\u00e9 m\u011bstsk\u00e9 \u010d\u00e1sti lze naj\u00edt mno\u017estv\u00ed sousedsk\u00fdch skupin, komunitn\u00edch spolk\u016f nebo neform\u00e1ln\u00edch iniciativ, je\u017e se v\u011bnuj\u00ed r\u016fzn\u00fdm t\u00e9mat\u016fm.<\/p>\n<h2 id=\"chcisezapojit\">Chci se zapojit, kde m\u00e1m za\u010d\u00edt?<\/h2>\n<p>B\u00fdt aktivn\u00edm \u010dlenem komunity nebo \u010dtvrti, ve kter\u00e9 \u017eijeme, se m\u016f\u017ee zd\u00e1t ze za\u010d\u00e1tku obt\u00ed\u017en\u00e9, zvl\u00e1\u0161t\u011b pokud nikoho nezn\u00e1me nebo pokud nem\u00e1me v t\u00e9to oblasti \u017e\u00e1dn\u00e9 p\u0159edchoz\u00ed zku\u0161enosti. To ov\u0161em nevad\u00ed. Informace m\u016f\u017eeme v\u017edy dohledat a nov\u00e9 kontakty vytvo\u0159it. Pokud jste se u\u017e rozhodli, \u017ee zapojov\u00e1n\u00ed zkus\u00edte, nab\u00edz\u00edme p\u00e1r rad, kter\u00e9 m\u016f\u017eou b\u00fdt na za\u010d\u00e1tku n\u00e1pomocn\u00e9.<\/p>\n<p>Poznejte m\u00edsto, kde \u017eijete. Vydejte se na del\u0161\u00ed proch\u00e1zku a zamyslete se nad t\u011bmito ot\u00e1zkami:<\/p>\n<ul class=\"bullet\">\n<li>Co v\u0161echno se v okol\u00ed nach\u00e1z\u00ed (nap\u0159. knihovna, kulturn\u00ed centrum, komunitn\u00ed zahrada)?<\/li>\n<li>Kdo jsou va\u0161i soused\u00e9?<\/li>\n<li>Jak na v\u00e1s m\u011bsto p\u016fsob\u00ed? Cht\u011bli byste n\u011bco zm\u011bnit?<\/li>\n<li>Nab\u00edz\u00ed m\u00edstn\u00ed \u00fa\u0159ad zaj\u00edmav\u00e9 aktivity?<\/li>\n<\/ul>\n<p>Sb\u00edrejte informace:<\/p>\n<ul class=\"bullet\">\n<li>Sledujte let\u00e1ky, plak\u00e1ty \u010di informa\u010dn\u00ed bulletin m\u011bstsk\u00e9 \u010d\u00e1sti.<\/li>\n<li>Prozkoumejte mo\u017enosti na internetu \u2013 soci\u00e1ln\u00ed s\u00edt\u011b jsou pln\u00e9 skupin zam\u011b\u0159en\u00fdch na r\u016fzn\u00e9 komunitn\u00ed akce.<\/li>\n<li>Spojte se s ostatn\u00edmi. Najd\u011bte aktivn\u00ed obyvatele ve sv\u00e9m okol\u00ed, kte\u0159\u00ed ji\u017e n\u011bkterou z aktivit organizuj\u00ed, a p\u0159idejte se k nim. Nebojte se zeptat na mo\u017enosti zapojen\u00ed.<\/li>\n<\/ul>\n<div class=\"box-ok\">Spole\u010dnost, ve kter\u00e9 \u017eijeme, odpov\u00edd\u00e1 tomu, jak se chov\u00e1me. \u010c\u00edm v\u00edce se budeme zaj\u00edmat o d\u011bn\u00ed kolem n\u00e1s, \u010d\u00edm v\u00edce budeme spolupracovat a sd\u00edlet sv\u00e9 n\u00e1zory, t\u00edm v\u00edce se budeme c\u00edtit jako doma. M\u011bsto, v n\u011bm\u017e \u017eijeme, je toti\u017e takov\u00e9, jak\u00e9 si ho sami vytvo\u0159\u00edme.<\/div>\n<h2 id=\"jazykovedovednosti\">Jazykov\u00e9 dovednosti<\/h2>\n<p>Mnoho organizac\u00ed v Praze v\u00edt\u00e1 podporovatele a dobrovoln\u00edky, kte\u0159\u00ed mluv\u00ed anglicky, ale n\u011bkter\u00e9 pozice mohou vy\u017eadovat znalost \u010de\u0161tiny. Pro zlep\u0161en\u00ed jazykov\u00fdch schopnost\u00ed:<\/p>\n<ul class=\"bullet\">\n<li>Se p\u0159ihlaste do bezplatn\u00fdch kurz\u016f \u010de\u0161tiny.<\/li>\n<li>Vyu\u017eijte online vzd\u011bl\u00e1vac\u00ed platformy.<\/li>\n<li>Procvi\u010dujte konverzaci na komunitn\u00edch setk\u00e1n\u00edch, nap\u0159\u00edklad v <a href=\"http:\/\/inbaze.cz\">InB\u00e1zi<\/a> nebo <a href=\"https:\/\/www.blablalanguageexchange.com\/czechia\">BlaBla Language<\/a>.<\/li>\n<\/ul>\n<p>Dal\u0161\u00ed mo\u017enosti, jak se u\u010dit \u010desk\u00fd jazyk:<\/p>\n<ul class=\"bullet\">\n<li>integra\u010dn\u00ed centra: <a href=\"https:\/\/icpraha.com\/\">ICPraha<\/a> | <a href=\"https:\/\/icpraha.com\/e-learningovy-kurz-2\/\">ICPraha E-learning<\/a>,<\/li>\n<li>online kurzy:<a href=\"https:\/\/www.centrumcizincu.cz\"> Centrum Cizinc\u016f<\/a> |<a href=\"https:\/\/www.studyczech.cz\"> Study Czech<\/a> |<a href=\"https:\/\/www.cestina2.cz\"> \u010ce\u0161tina 2<\/a><\/li>\n<\/ul>\n<p>V\u00edce informac\u00ed o kurzech \u010desk\u00e9ho jazyka naleznete v sekci <a href=\"https:\/\/metropolevsech.eu\/cs\/potrebuji-resit\/vzdelavani-a-nostrifikace-diplomu\/kurzy-ceskeho-jazyka\/\">Kurzy \u010desk\u00e9ho jazyka.<\/a><\/p>","protected":false},"excerpt":{"rendered":"<p>Dobrovolnictv\u00ed v Praze V\u00a0t\u00e9to kapitole se dozv\u00edte, co je dobrovolnictv\u00ed a jak se m\u016f\u017eete aktivn\u011b zapojit do komunitn\u00edho d\u011bn\u00ed v Praze. Pas\u00e1\u017e p\u0159edstavuje r\u016fzn\u00e9 typy dobrovolnick\u00fdch p\u0159\u00edle\u017eitost\u00ed, od neziskov\u00fdch organizac\u00ed a firemn\u00edho dobrovolnictv\u00ed a\u017e po ve\u0159ejn\u00e9 instituce, \u0161koly \u010di nemocnice&#8230;.<\/p>\n<a class=\"more-block\" href=\"https:\/\/metropolevsech.eu\/cs\/dobrovolnictvi-v-praze\/\">\u010c\u00edst v\u00edce<\/a>","protected":false},"author":7,"featured_media":0,"parent":0,"menu_order":0,"comment_status":"closed","ping_status":"closed","template":"","meta":[],"acf":[],"_links":{"self":[{"href":"https:\/\/metropolevsech.eu\/cs\/wp-json\/wp\/v2\/pages\/21647"}],"collection":[{"href":"https:\/\/metropolevsech.eu\/cs\/wp-json\/wp\/v2\/pages"}],"about":[{"href":"https:\/\/metropolevsech.eu\/cs\/wp-json\/wp\/v2\/types\/page"}],"author":[{"embeddable":true,"href":"https:\/\/metropolevsech.eu\/cs\/wp-json\/wp\/v2\/users\/7"}],"replies":[{"embeddable":true,"href":"https:\/\/metropolevsech.eu\/cs\/wp-json\/wp\/v2\/comments?post=21647"}],"version-history":[{"count":33,"href":"https:\/\/metropolevsech.eu\/cs\/wp-json\/wp\/v2\/pages\/21647\/revisions"}],"predecessor-version":[{"id":22165,"href":"https:\/\/metropolevsech.eu\/cs\/wp-json\/wp\/v2\/pages\/21647\/revisions\/22165"}],"wp:attachment":[{"href":"https:\/\/metropolevsech.eu\/cs\/wp-json\/wp\/v2\/media?parent=21647"}],"curies":[{"name":"wp","href":"https:\/\/api.w.org\/{rel}","templated":true}]}}