{"id":21690,"date":"2025-02-05T08:41:58","date_gmt":"2025-02-05T07:41:58","guid":{"rendered":"https:\/\/metropolevsech.eu\/?page_id=21690"},"modified":"2025-02-03T13:25:11","modified_gmt":"2025-02-03T12:25:11","slug":"%d1%83%d0%ba%d1%80%d0%b0%d1%97%d0%bd%d1%81%d1%8c%d0%ba%d0%b0-uzitecne-kontakty-a-odkazy","status":"publish","type":"page","link":"https:\/\/metropolevsech.eu\/cs\/%d1%83%d0%ba%d1%80%d0%b0%d1%97%d0%bd%d1%81%d1%8c%d0%ba%d0%b0-uzitecne-kontakty-a-odkazy\/","title":{"rendered":"U\u017eite\u010dn\u00e9 kontakty a odkazy"},"content":{"rendered":"<p><i>Pokud se chcete aktivn\u011b zapojit do ob\u010dansk\u00e9ho \u017eivota, zde zjist\u00edte, kam se obr\u00e1tit. Najdete zde kontakty na neziskov\u00e9 organizace, komunitn\u00ed centra a zahrady i odkazy na pr\u016fvodce m\u011bstsk\u00fdch \u010d\u00e1st\u00ed pro zapojen\u00ed do m\u00edstn\u00edch aktivit.<\/i><\/p>\n<h3>MigAct, z. s.<\/h3>\n<p>Chcete-li se dozv\u011bd\u011bt v\u00edce o mo\u017enostech ob\u010dansk\u00e9 a politick\u00e9 participace, m\u016f\u017eete se obr\u00e1tit na neziskovou organizaci <a href=\"https:\/\/migact.net\/cs\/what-we-do\/\">MigAct<\/a>, kter\u00e1 poskytuje konzultace, mentoring a vzd\u011bl\u00e1vac\u00ed programy na toto t\u00e9ma. Jedn\u00e1 se o komunitn\u00ed organizaci podporuj\u00edc\u00ed inkluzivn\u00ed prost\u0159ed\u00ed, kde se mohou v\u0161ichni obyvatel\u00e9 Prahy \u2013 a\u0165 u\u017e s migra\u010dn\u00edm p\u016fvodem, nebo rodil\u00ed \u010ce\u0161i \u2013 aktivn\u011b zapojit do ob\u010dansk\u00e9ho \u017eivota.<\/p>\n<h3>Nevl\u00e1dn\u00ed neziskov\u00e9 organizace<\/h3>\n<p>M\u016f\u017eete se obr\u00e1tit i na dal\u0161\u00ed neziskov\u00e9 organizace, je\u017e nab\u00edz\u00ed slu\u017eby pro obyvatele Prahy s migra\u010dn\u00edm p\u016fvodem. Jejich seznam naleznete zde: <a href=\"https:\/\/metropolevsech.eu\/cs\/kontakty\/nevladni-neziskove-organizace\/\">nevl\u00e1dn\u00ed neziskov\u00e9 organizace<\/a>.<\/p>\n<div class=\"box-ok\"> V hlavn\u00edm m\u011bst\u011b Praze existuje mnoho m\u00edst vhodn\u00fdch pro setk\u00e1v\u00e1n\u00ed. M\u016f\u017eete se zapojit do komunitn\u00edch a sousedsk\u00fdch aktivit, sezn\u00e1mit se s dal\u0161\u00edmi aktivn\u00edmi lidmi nebo realizovat vlastn\u00ed n\u00e1pady a projekty. Doporu\u010dujeme sledovat sekci <a href=\"https:\/\/metropolevsech.eu\/cs\/events\/\">Akce<\/a> na hlavn\u00ed str\u00e1nce na\u0161eho webu a na <a href=\"https:\/\/www.facebook.com\/metropolevsech\">facebookov\u00e9m profilu <\/a> Metropole v\u0161ech, kde najdete aktu\u00e1ln\u00ed ud\u00e1losti a p\u0159\u00edle\u017eitosti k zapojen\u00ed. Dal\u0161\u00ed mo\u017enost\u00ed je prohl\u00e9dnout si <a href=\"https:\/\/www.mapko.cz\/\">mapu komunitn\u00edch zahrad<\/a> nebo naj\u00edt komunitn\u00ed centrum ve va\u0161\u00ed bl\u00edzkosti. <\/div>\n<h3>Pr\u016fvodce komunitn\u00edm \u017eivotem ve va\u0161em okol\u00ed<\/h3>\n<p>N\u011bkter\u00e9 m\u011bstsk\u00e9 \u010d\u00e1sti nav\u00edc nab\u00edzej\u00ed pr\u016fvodce komunitn\u00edm a ob\u010dansk\u00fdm \u017eivotem, z n\u011bho\u017e m\u016f\u017eete \u010derpat inspiraci a naj\u00edt dal\u0161\u00ed u\u017eite\u010dn\u00e9 kontakty:<\/p>\n<ul class=\"bullet-links\">\n<li><a href=\"https:\/\/drive.google.com\/file\/d\/1KSsJuExsGvEdtC0b59UykRBZeCSE5skL\/view\">Praha 7 \u2013 nejen bydlet, ale \u017e\u00edt<\/a><\/li>\n<li><a href=\"http:\/\/migact.net\/en\/wp-content\/uploads\/2024\/08\/Praha11_jak-se-mohu-zapojit-ve-sve-ctvrti_CZ.pdf\">Praha 11 \u2013 jak se mohu zapojit ve sv\u00e9 \u010dtvrti?<\/a><\/li>\n<\/ul>\n<p><\/p>","protected":false},"excerpt":{"rendered":"<p>Pokud se chcete aktivn\u011b zapojit do ob\u010dansk\u00e9ho \u017eivota, zde zjist\u00edte, kam se obr\u00e1tit. Najdete zde kontakty na neziskov\u00e9 organizace, komunitn\u00ed centra a zahrady i odkazy na pr\u016fvodce m\u011bstsk\u00fdch \u010d\u00e1st\u00ed pro zapojen\u00ed do m\u00edstn\u00edch aktivit. MigAct, z. s. Chcete-li se dozv\u011bd\u011bt&#8230;<\/p>\n<a class=\"more-block\" href=\"https:\/\/metropolevsech.eu\/cs\/%d1%83%d0%ba%d1%80%d0%b0%d1%97%d0%bd%d1%81%d1%8c%d0%ba%d0%b0-uzitecne-kontakty-a-odkazy\/\">\u010c\u00edst v\u00edce<\/a>","protected":false},"author":7,"featured_media":0,"parent":0,"menu_order":0,"comment_status":"closed","ping_status":"closed","template":"","meta":[],"acf":[],"_links":{"self":[{"href":"https:\/\/metropolevsech.eu\/cs\/wp-json\/wp\/v2\/pages\/21690"}],"collection":[{"href":"https:\/\/metropolevsech.eu\/cs\/wp-json\/wp\/v2\/pages"}],"about":[{"href":"https:\/\/metropolevsech.eu\/cs\/wp-json\/wp\/v2\/types\/page"}],"author":[{"embeddable":true,"href":"https:\/\/metropolevsech.eu\/cs\/wp-json\/wp\/v2\/users\/7"}],"replies":[{"embeddable":true,"href":"https:\/\/metropolevsech.eu\/cs\/wp-json\/wp\/v2\/comments?post=21690"}],"version-history":[{"count":12,"href":"https:\/\/metropolevsech.eu\/cs\/wp-json\/wp\/v2\/pages\/21690\/revisions"}],"predecessor-version":[{"id":21749,"href":"https:\/\/metropolevsech.eu\/cs\/wp-json\/wp\/v2\/pages\/21690\/revisions\/21749"}],"wp:attachment":[{"href":"https:\/\/metropolevsech.eu\/cs\/wp-json\/wp\/v2\/media?parent=21690"}],"curies":[{"name":"wp","href":"https:\/\/api.w.org\/{rel}","templated":true}]}}