{"id":2179,"date":"2017-02-19T08:01:48","date_gmt":"2017-02-19T07:01:48","guid":{"rendered":"https:\/\/metropolevsech.eu\/?page_id=2179"},"modified":"2026-03-02T15:06:50","modified_gmt":"2026-03-02T14:06:50","slug":"integracni-centrum-praha","status":"publish","type":"page","link":"https:\/\/metropolevsech.eu\/cs\/kontakty\/integracni-centrum-praha\/","title":{"rendered":"Integra\u010dn\u00ed centrum Praha"},"content":{"rendered":"<p><img loading=\"lazy\" class=\"alignnone wp-image-24021 size-content-image\" src=\"https:\/\/metropolevsech.eu\/wp-content\/uploads\/2025\/11\/Obra\u0301zek-14.11.2025-v-11.01-670x289.jpeg\" alt=\"\" width=\"670\" height=\"289\" srcset=\"https:\/\/metropolevsech.eu\/wp-content\/uploads\/2025\/11\/Obra\u0301zek-14.11.2025-v-11.01-670x289.jpeg 670w, https:\/\/metropolevsech.eu\/wp-content\/uploads\/2025\/11\/Obra\u0301zek-14.11.2025-v-11.01-300x129.jpeg 300w, https:\/\/metropolevsech.eu\/wp-content\/uploads\/2025\/11\/Obra\u0301zek-14.11.2025-v-11.01-1040x448.jpeg 1040w, https:\/\/metropolevsech.eu\/wp-content\/uploads\/2025\/11\/Obra\u0301zek-14.11.2025-v-11.01-768x331.jpeg 768w, https:\/\/metropolevsech.eu\/wp-content\/uploads\/2025\/11\/Obra\u0301zek-14.11.2025-v-11.01-1536x662.jpeg 1536w, https:\/\/metropolevsech.eu\/wp-content\/uploads\/2025\/11\/Obra\u0301zek-14.11.2025-v-11.01.jpeg 1846w\" sizes=\"(max-width: 670px) 100vw, 670px\" \/><\/p>\n<p>Integra\u010dn\u00ed centrum Praha, o. p. s., (d\u00e1le jen ICP) bylo zalo\u017eeno hlavn\u00edm m\u011bstem Praha 14. b\u0159ezna 2012 a od t\u00e9 doby pomohlo tis\u00edc\u016fm migrant\u016f p\u0159i jejich integraci do \u010desk\u00e9 spole\u010dnosti.<br \/>\nICP je jedn\u00edm ze 18 existuj\u00edc\u00edch integra\u010dn\u00edch center, kter\u00e9 se nach\u00e1zej\u00ed v jednotliv\u00fdch kraj\u00edch \u010cesk\u00e9 republiky. ICP p\u016fsob\u00ed na \u00fazem\u00ed hlavn\u00edho m\u011bsta Prahy, kde poskytuje sv\u00e9 slu\u017eby migrant\u016fm spole\u010dn\u011b s partnersk\u00fdmi neziskov\u00fdmi organizacemi.<\/p>\n<p>ICP m\u00e1 centr\u00e1ln\u00ed pobo\u010dku v Praze 1 v \u017ditn\u00e9 ulici a dal\u0161\u00ed 2 pobo\u010dky Praze: Praha 13 \u2013 Lu\u017einy a Praha 14 \u2013 \u010cern\u00fd Most. Kontakty na jednotliv\u00e9 pobo\u010dky naleznete <a target=\"_blank\" href=\"\/\/icpraha.com\/kontakty\/\" rel=\"noopener\">zde<\/a>.<\/p>\n<p>ICP nab\u00edz\u00ed celou \u0161k\u00e1lu slu\u017eeb pro migranty. Z\u00e1rove\u0148 se z\u00e1sadn\u00edm zp\u016fsobem pod\u00edl\u00ed i na ovliv\u0148ov\u00e1n\u00ed lok\u00e1ln\u00ed integra\u010dn\u00ed politiky a pr\u00e1ci s odborn\u00edky z r\u016fzn\u00fdch sf\u00e9r.<\/p>\n<div class=\"box-fixa\"><em>ICP nab\u00edz\u00ed v\u0161echny slu\u017eby zdarma. Pouze na kurzech \u010de\u0161tiny plat\u00ed studenti motiva\u010dn\u00ed z\u00e1lohu 2000 K\u010d, kter\u00e1 je jim po skon\u010den\u00ed kurzu vr\u00e1cena, pokud spln\u00ed pot\u0159ebn\u00e9 podm\u00ednky. <\/em><\/div>\n<h4><strong>Slu\u017eby ICP ur\u010den\u00e9 pro migranty<\/strong><\/h4>\n<ul class=\"bullet\">\n<li><strong>Kurzy \u010desk\u00e9ho jazyka pro dosp\u011bl\u00e9<\/strong> \u2013\u00a0standardn\u00ed gramatick\u00e9 kurzy pro slovansky mluv\u00edc\u00ed (A1 &#8211; B1) a neslovansky mluv\u00edc\u00ed (A1 &#8211; A2), v prezen\u010dn\u00ed i online form\u011b. D\u00e1le specializovan\u00e9 kurzy k p\u0159\u00edprav\u011b je zkou\u0161ce k trval\u00e9mu pobytu, kurz \u010de\u0161tiny do pr\u00e1ce nebo konverza\u010dn\u00ed kurz. Dal\u0161\u00ed mo\u017enost\u00ed je e-learningov\u00fd kurz ve form\u011b samostudia pro za\u010d\u00e1te\u010dn\u00edky a m\u00edrn\u011b pokro\u010dil\u00e9.<\/li>\n<li><strong>Kurzy \u010desk\u00e9ho jazyka pro d\u011bti<\/strong> \u2013intenzivn\u00ed letn\u00ed d\u011btsk\u00e9 kurzy vyu\u010dovan\u00e9 z\u00e1bavnou formou. Doch\u00e1z\u00ed p\u0159i nich nejen k osvojen\u00ed \u010de\u0161tiny, ale i k z\u00edsk\u00e1n\u00ed nov\u00fdch p\u0159\u00e1tel.<\/li>\n<li><strong>Kurzy sociokulturn\u00ed orientace <\/strong>\u2013 jsou organizov\u00e1ny formou odborn\u00fdch p\u0159edn\u00e1\u0161ek, na nich\u017e se dozv\u00edte v\u0161e o historii \u010cR, zvyc\u00edch a tradic\u00edch \u010desk\u00e9ho n\u00e1roda, o druz\u00edch pobyt\u016f v \u010cR, o zdravotn\u00edm, soci\u00e1ln\u00edm nebo vzd\u011bl\u00e1vac\u00edm syst\u00e9mu v \u010cR, o da\u0148ov\u00e9m p\u0159izn\u00e1n\u00ed apod.<\/li>\n<li><strong>Kulturn\u00ed a komunitn\u00ed aktivity <\/strong>\u2013 ka\u017edoro\u010dn\u011b ICP po\u0159\u00e1d\u00e1 n\u011bkolik kulturn\u00edch a komunitn\u00edch aktivit po cel\u00e9 Praze, kter\u00e9 maj\u00ed za c\u00edl sbli\u017eovat \u010cechy s migranty a podpo\u0159it jejich p\u0159\u00e1telsk\u00e9 sou\u017eit\u00ed.<\/li>\n<li><strong>Pr\u00e1vn\u00ed poradenstv\u00ed <\/strong>\u2013 informov\u00e1n\u00ed o pr\u00e1vn\u00edm syst\u00e9mu \u010cesk\u00e9 republiky, pomoc p\u0159i \u017e\u00e1dostech o pobyt v \u010cR nebo p\u0159i jeho prodlu\u017eov\u00e1n\u00ed, z\u00e1kladn\u00ed poradenstv\u00ed v oblasti ob\u010dansk\u00e9ho pr\u00e1va (nap\u0159. rozvody nebo nevyplacen\u00e1 mzda \u2013 bez zastupov\u00e1n\u00ed v \u0159\u00edzen\u00ed a bez sepisov\u00e1n\u00ed n\u00e1vrh\u016f na soud), konzultace \u010di pomoc p\u0159i spr\u00e1vn\u00edm \u0159\u00edzen\u00ed. V oblasti st\u00e1tn\u00edho ob\u010danstv\u00ed jsou poskytov\u00e1ny konzultace ve slo\u017eit\u011bj\u0161\u00edch p\u0159\u00edpadech nebo v souvislosti s ji\u017e prob\u00edhaj\u00edc\u00edm \u0159\u00edzen\u00edm.<\/li>\n<li><strong>Soci\u00e1ln\u00ed poradenstv\u00ed<\/strong> \u2013 Rodinn\u00e9 poradenstv\u00ed (narozen\u00ed d\u00edt\u011bte, d\u00e1vky spojen\u00e9 s mate\u0159stv\u00edm a rodi\u010dovstv\u00edm, aj.), kari\u00e9rov\u00e9 poradenstv\u00ed , hled\u00e1n\u00ed mate\u0159sk\u00fdch, z\u00e1kladn\u00edch a st\u0159edn\u00edch \u0161kol, uzn\u00e1v\u00e1n\u00ed zahrani\u010dn\u00edho vzd\u011bl\u00e1n\u00ed (nostrifikace), asistence p\u0159i hled\u00e1n\u00ed l\u00e9ka\u0159\u016f, bydlen\u00ed, informace o zdravotn\u00edm a soci\u00e1ln\u00edm poji\u0161t\u011bn\u00ed, poradenstv\u00ed ohledn\u011b man\u017eelstv\u00ed, narozen\u00ed, \u00famrt\u00ed, odborn\u00e1 pomoc p\u0159i komunikaci s \u00fa\u0159ady, d\u016fchody a soci\u00e1ln\u00ed d\u00e1vky, zalo\u017een\u00ed \u017eivnosti, z\u00e1kladn\u00ed poradenstv\u00ed k \u017e\u00e1dosti o ud\u011blen\u00ed st\u00e1tn\u00edho ob\u010danstv\u00ed,doprovody na \u00fa\u0159ady a jin\u00e9 st\u00e1tn\u00ed instituce.<\/li>\n<li><strong>P\u0159\u00edstup k informac\u00edm <\/strong>\u2013 bezplatn\u00fd p\u0159\u00edstup na internet, cizojazy\u010dn\u00e1 knihovna s odborn\u00fdmi publikacemi, beletri\u00ed, poezi\u00ed a cizojazy\u010dn\u00fdmi periodiky a TV.<\/li>\n<li><a href=\"https:\/\/icpraha.com\/sluzby\/tlumoceni-a-doprovody\" data-saferedirecturl=\"https:\/\/www.google.com\/url?q=https:\/\/icpraha.com\/sluzby\/tlumoceni-a-doprovody&amp;source=gmail&amp;ust=1769849695362000&amp;usg=AOvVaw1QSTlnl79gvGGLV0Mc1AUd\">Interkulturn\u00ed pr\u00e1ce<\/a>:\u00a0<strong>tlumo\u010den\u00ed, doprovody a asistence\u00a0<\/strong>p\u0159i n\u00e1v\u0161t\u011bv\u00e1ch \u00fa\u0159ad\u016f, \u0161kol, nemocnic a dal\u0161\u00edch ve\u0159ejn\u00fdch instituc\u00ed. Interkulturn\u00ed pracovn\u00edci v\u00e1s doprovod\u00ed, pomohou s komunikac\u00ed a tlumo\u010den\u00edm, sezn\u00e1m\u00ed v\u00e1s se z\u00e1kladn\u00edmi aspekty \u017eivota v Praze, porad\u00ed, kam se obr\u00e1tit (nap\u0159. soci\u00e1ln\u00ed pracovn\u00edci, pr\u00e1vn\u00ed poradci) a doporu\u010d\u00ed mo\u017enosti u\u010den\u00ed \u010de\u0161tiny. Slu\u017eby jsou poskytovan\u00e9 je v n\u011bkolika jazyc\u00edch &#8211; \u010desky, anglicky, ukrajinsky, rusky, vietnamsky, \u010d\u00ednsky a arabsky a \u00a0jsou k dispozici v\u00fdhradn\u011b na z\u00e1klad\u011b objedn\u00e1n\u00ed. Kapacity jsou omezen\u00e9.<\/li>\n<li><strong>Mo\u017enost se zapojit<\/strong> \u2013 \u00fa\u010dast na region\u00e1ln\u00ed poradn\u00ed platform\u011b, dobrovolnictv\u00ed.<\/li>\n<\/ul>\n<h4><strong>Odkazy:<\/strong><\/h4>\n<ul class=\"bullet-links\">\n<li><a href=\"\/\/www.icpraha.com\">Webov\u00e9 str\u00e1nky<\/a><\/li>\n<li><a href=\"\/\/www.facebook.com\/icpraha\">Facebookov\u00e9 str\u00e1nky<\/a><\/li>\n<li><a target=\"_blank\" href=\"\/\/www.integracnicentra.cz\/\" rel=\"noopener\">Integra\u010dn\u00ed centra<\/a><\/li>\n<\/ul>\n<div class=\"box-ok\"><em>Sledujte facebookov\u00e9 str\u00e1nky ICP, a\u0165 m\u00e1te p\u0159ehled o po\u0159\u00e1dan\u00fdch akc\u00edch! <\/em><\/div>\n<p><div class=\"box-ok\"><em>M\u00e1te cestu kolem centr\u00e1ly ICP v\u00a0\u017ditn\u00e9 ulici? Nebojte se zastavit a zjistit informace o tom, co v\u00e1m m\u016f\u017ee ICP nab\u00eddnout.<\/em><\/div><\/p>","protected":false},"excerpt":{"rendered":"<p>Integra\u010dn\u00ed centrum Praha, o. p. s., (d\u00e1le jen ICP) bylo zalo\u017eeno hlavn\u00edm m\u011bstem Praha 14. b\u0159ezna 2012 a od t\u00e9 doby pomohlo tis\u00edc\u016fm migrant\u016f p\u0159i jejich integraci do \u010desk\u00e9 spole\u010dnosti. ICP je jedn\u00edm ze 18 existuj\u00edc\u00edch integra\u010dn\u00edch center, kter\u00e9 se&#8230;<\/p>\n<a class=\"more-block\" href=\"https:\/\/metropolevsech.eu\/cs\/kontakty\/integracni-centrum-praha\/\">\u010c\u00edst v\u00edce<\/a>","protected":false},"author":7,"featured_media":6707,"parent":895,"menu_order":0,"comment_status":"closed","ping_status":"closed","template":"","meta":[],"acf":[],"_links":{"self":[{"href":"https:\/\/metropolevsech.eu\/cs\/wp-json\/wp\/v2\/pages\/2179"}],"collection":[{"href":"https:\/\/metropolevsech.eu\/cs\/wp-json\/wp\/v2\/pages"}],"about":[{"href":"https:\/\/metropolevsech.eu\/cs\/wp-json\/wp\/v2\/types\/page"}],"author":[{"embeddable":true,"href":"https:\/\/metropolevsech.eu\/cs\/wp-json\/wp\/v2\/users\/7"}],"replies":[{"embeddable":true,"href":"https:\/\/metropolevsech.eu\/cs\/wp-json\/wp\/v2\/comments?post=2179"}],"version-history":[{"count":29,"href":"https:\/\/metropolevsech.eu\/cs\/wp-json\/wp\/v2\/pages\/2179\/revisions"}],"predecessor-version":[{"id":25033,"href":"https:\/\/metropolevsech.eu\/cs\/wp-json\/wp\/v2\/pages\/2179\/revisions\/25033"}],"up":[{"embeddable":true,"href":"https:\/\/metropolevsech.eu\/cs\/wp-json\/wp\/v2\/pages\/895"}],"wp:featuredmedia":[{"embeddable":true,"href":"https:\/\/metropolevsech.eu\/cs\/wp-json\/wp\/v2\/media\/6707"}],"wp:attachment":[{"href":"https:\/\/metropolevsech.eu\/cs\/wp-json\/wp\/v2\/media?parent=2179"}],"curies":[{"name":"wp","href":"https:\/\/api.w.org\/{rel}","templated":true}]}}