{"id":22006,"date":"2025-03-04T16:39:49","date_gmt":"2025-03-04T15:39:49","guid":{"rendered":"https:\/\/metropolevsech.eu\/?page_id=22006"},"modified":"2025-03-18T19:08:22","modified_gmt":"2025-03-18T18:08:22","slug":"%d1%83%d0%ba%d1%80%d0%b0%d1%97%d0%bd%d1%81%d1%8c%d0%ba%d0%b0-mezinarodni-ochrana","status":"publish","type":"page","link":"https:\/\/metropolevsech.eu\/cs\/potrebuji-resit\/pobyt-na-uzemi-ceske-republiky\/%d1%83%d0%ba%d1%80%d0%b0%d1%97%d0%bd%d1%81%d1%8c%d0%ba%d0%b0-mezinarodni-ochrana\/","title":{"rendered":"Mezin\u00e1rodn\u00ed ochrana v \u010cR"},"content":{"rendered":"<p>Zde se dozv\u00edte, <b>jak po\u017e\u00e1dat o mezin\u00e1rodn\u00ed ochranu v \u010cesk\u00e9 republice<\/b>, kdo na ni m\u00e1 n\u00e1rok a jak prob\u00edh\u00e1 samotn\u00fd proces. Dozv\u00edte se:<\/p>\n<ul class=\"bullet\">\n<li><b>druhy mezin\u00e1rodn\u00ed ochrany<\/b> (azyl a dopl\u0148kov\u00e1 ochrana).<\/li>\n<li><b>v\u00fdhody<\/b> a <b>pr\u00e1va<\/b> dr\u017eitel\u016f mezin\u00e1rodn\u00ed ochrany<\/li>\n<li>jak a kde <b>podat \u017e\u00e1dost<\/b> o mezin\u00e1rodn\u00ed ochranu<\/li>\n<li>jakou <b>podporu<\/b> od st\u00e1tu m\u016f\u017eete o\u010dek\u00e1vat<\/li>\n<li>jak\u00e9 jsou va\u0161e <b>dal\u0161\u00ed mo\u017enosti pobytu<\/b> v \u010cR<\/li>\n<\/ul>\n<h3><b>Jak po\u017e\u00e1dat o mezin\u00e1rodn\u00ed ochranu v \u010cesk\u00e9 republice?<\/b><\/h3>\n<p>Pokud <b>nem\u00e1te mo\u017enost vr\u00e1tit se do sv\u00e9 zem\u011b, proto\u017ee v\u00e1m hroz\u00ed v\u00e1\u017en\u00e9 nebezpe\u010d\u00ed<\/b>, m\u016f\u017eete v \u010cR po\u017e\u00e1dat o <b>mezin\u00e1rodn\u00ed ochranu<\/b>. Ta je poskytov\u00e1na <b>ve form\u011b azylu nebo dopl\u0148kov\u00e9 ochrany<\/b>.<\/p>\n<p>Po pod\u00e1n\u00ed \u017e\u00e1dosti <b>se mus\u00edte dostavit do p\u0159ij\u00edmac\u00edho st\u0159ediska<\/b>, kde prob\u011bhne registrace a z\u00e1kladn\u00ed zdravotn\u00ed prohl\u00eddky. N\u00e1sledn\u011b budete p\u0159em\u00edst\u011bni do <b>pobytov\u00e9ho st\u0159ediska<\/b>, kde po\u010dk\u00e1te na rozhodnut\u00ed o sv\u00e9 \u017e\u00e1dosti. \u0158\u00edzen\u00ed obvykle trv\u00e1 <b>a\u017e \u0161est m\u011bs\u00edc\u016f<\/b>. Po dobu pobytov\u00e9ho \u0159\u00edzen\u00ed i po p\u0159\u00edpadn\u00e9m ud\u011blen\u00ed ochrany <b>m\u00e1te n\u00e1rok na podporu od st\u00e1tu<\/b> v oblasti bydlen\u00ed, vzd\u011bl\u00e1v\u00e1n\u00ed, zdravotn\u00ed p\u00e9\u010de a soci\u00e1ln\u00ed pomoci.<\/p>\n<h2><b>Jak\u00e9 druhy mezin\u00e1rodn\u00ed ochrany existuj\u00ed?<\/b><\/h2>\n<h3><b>Azyl<\/b><\/h3>\n<p>Azyl je ud\u011blov\u00e1n osob\u00e1m, kter\u00e9 byly <b>pron\u00e1sledov\u00e1ny<\/b> ve sv\u00e9 domovsk\u00e9 zemi z d\u016fvodu:<\/p>\n<ul class=\"bullet\">\n<li>politick\u00fdch n\u00e1zor\u016f<\/li>\n<li>n\u00e1bo\u017eenstv\u00ed<\/li>\n<li>n\u00e1rodnosti<\/li>\n<li>pohlav\u00ed<\/li>\n<li>rasy nebo p\u0159\u00edslu\u0161nosti k ur\u010dit\u00e9 soci\u00e1ln\u00ed skupin\u011b<\/li>\n<\/ul>\n<p>Azyl m\u016f\u017ee b\u00fdt ud\u011blen tak\u00e9 <b>z humanit\u00e1rn\u00edch d\u016fvod\u016f<\/b> nebo za \u00fa\u010delem <b>slou\u010den\u00ed rodiny<\/b>, pokud u\u017e n\u011bkdo z va\u0161ich bl\u00edzk\u00fdch v \u010cR azyl z\u00edskal.<\/p>\n<div class=\"box-fixa\"> Pokud v\u00e1m bude ud\u011blen azyl, <b>mus\u00edte se vzd\u00e1t ochrany sv\u00e9 domovsk\u00e9 zem\u011b<\/b> a nem\u016f\u017eete se tam vr\u00e1tit po dobu jeho platnosti. Po spln\u011bn\u00ed d\u00e9lky pobytu m\u016f\u017eete po\u017e\u00e1dat o trval\u00fd pobyt \u010di <b>\u010desk\u00e9 ob\u010danstv\u00ed<\/b>.<\/div>\n<p><b>Dopl\u0148kov\u00e1 ochrana<\/b><\/p>\n<p>Pokud nespl\u0148ujete podm\u00ednky pro azyl, m\u016f\u017eete z\u00edskat <b>dopl\u0148kovou ochranu<\/b>, pokud v\u00e1m v domovsk\u00e9 zemi <b>hroz\u00ed v\u00e1\u017en\u00e9 nebezpe\u010d\u00ed<\/b>, jako je:<\/p>\n<ul class=\"bullet\">\n<li>v\u00e1lka nebo ozbrojen\u00fd konflikt<\/li>\n<li>riziko mu\u010den\u00ed, nelidsk\u00e9ho zach\u00e1zen\u00ed nebo v\u00e1\u017en\u00e9ho ohro\u017een\u00ed \u017eivota<\/li>\n<\/ul>\n<p>Dopl\u0148kov\u00e1 ochrana je ud\u011blov\u00e1na <b>na omezenou dobu<\/b> a <b>m\u016f\u017ee b\u00fdt prodlou\u017eena<\/b>, pokud d\u016fvody pro jej\u00ed ud\u011blen\u00ed trvaj\u00ed.<\/p>\n<div class=\"box-fixa\">\u00a0O prodlou\u017een\u00ed je nutn\u00e9 po\u017e\u00e1dat <b>nejpozd\u011bji 30 dn\u016f p\u0159ed vypr\u0161en\u00edm<\/b> platnosti ochrany. <\/div>\n<h2><b>Jak podat \u017e\u00e1dost o mezin\u00e1rodn\u00ed ochranu?<\/b><\/h2>\n<ul class=\"bullet\">\n<li><b>P\u0159ihlaste se osobn\u011b<\/b> na <b>Ministerstvu vnitra \u010cR<\/b> nebo na hrani\u010dn\u00edm p\u0159echodu p\u0159i vstupu do \u010cR.<\/li>\n<li>Po pod\u00e1n\u00ed \u017e\u00e1dosti budete p\u0159evezeni do <b>p\u0159ij\u00edmac\u00edho st\u0159ediska<\/b>, kde:<\/li>\n<li>podstoup\u00edte <b>l\u00e9ka\u0159skou prohl\u00eddku<\/b><\/li>\n<li>budou v\u00e1m <b>odebr\u00e1ny otisky prst\u016f<\/b><\/li>\n<li>dostanete <b>identifika\u010dn\u00ed kartu \u017eadatele<\/b><\/li>\n<li>N\u00e1sledn\u011b budete p\u0159em\u00edst\u011bni do <b>pobytov\u00e9ho st\u0159ediska<\/b>, kde po\u010dk\u00e1te na rozhodnut\u00ed.<\/li>\n<li>Po dobu \u0159\u00edzen\u00ed budete absolvovat pohovory s <b>Ministerstvem vnitra \u010cR<\/b>, kter\u00e9 posoud\u00ed v\u00e1\u0161 p\u0159\u00edpad.<\/li>\n<\/ul>\n<p>B\u011bhem cel\u00e9ho procesu m\u00e1te <b>pr\u00e1vo na bezplatn\u00e9 pr\u00e1vn\u00ed poradenstv\u00ed a tlumo\u010den\u00ed<\/b>.<\/p>\n<p><b>Jakou podporu z\u00edsk\u00e1te?<\/b><\/p>\n<p>Pokud v\u00e1m bude <b>ud\u011blena mezin\u00e1rodn\u00ed ochrana<\/b>, z\u00edsk\u00e1te n\u00e1rok na podporu od st\u00e1tu v r\u00e1mci <a href=\"https:\/\/www.integracniprogram.cz\/\"><b>St\u00e1tn\u00edho integra\u010dn\u00edho programu (SIP)<\/b><\/a>:<\/p>\n<ul class=\"bullet\">\n<li><b>Bydlen\u00ed<\/b> \u2013 pomoc s hled\u00e1n\u00edm bydlen\u00ed, hrazen\u00ed n\u00e1klad\u016f na st\u011bhov\u00e1n\u00ed a z\u00e1kladn\u00ed vybaven\u00ed.<\/li>\n<li><b>Zam\u011bstn\u00e1n\u00ed<\/b> \u2013 mo\u017enost pracovat <b>bez pracovn\u00edho povolen\u00ed<\/b>, pomoc \u00fa\u0159adu pr\u00e1ce s hled\u00e1n\u00edm zam\u011bstn\u00e1n\u00ed nebo rekvalifikac\u00ed.<\/li>\n<li><b>Vzd\u011bl\u00e1v\u00e1n\u00ed<\/b> \u2013 intenzivn\u00ed kurzy \u010de\u0161tiny, nostrifikace vzd\u011bl\u00e1n\u00ed, podpora p\u0159i z\u00e1pisu d\u011bt\u00ed do \u0161kol.<\/li>\n<li><b>Soci\u00e1ln\u00ed podpora<\/b> \u2013 pomoc p\u0159i jedn\u00e1n\u00ed s \u00fa\u0159ady, mo\u017enost \u010derp\u00e1n\u00ed soci\u00e1ln\u00edch d\u00e1vek.<\/li>\n<li><b>Zdravotn\u00ed p\u00e9\u010de<\/b> \u2013 p\u0159\u00edstup k ve\u0159ejn\u00e9mu zdravotn\u00edmu poji\u0161t\u011bn\u00ed, pomoc p\u0159i hled\u00e1n\u00ed l\u00e9ka\u0159e.<\/li>\n<li><b>Pr\u00e1vn\u00ed pomoc<\/b> \u2013 mo\u017enost vyu\u017e\u00edt <b>bezplatn\u00e9 pr\u00e1vn\u00ed slu\u017eby<\/b>.<\/li>\n<\/ul>\n<p>V\u00edce informac\u00ed najdete na str\u00e1nk\u00e1ch <a href=\"https:\/\/www.mvcr.cz\/migrace\/clanek\/nase-hlavni-temata-mezinarodni-ochrana-mezinarodni-ochrana.aspx\">Ministerstva vnitra \u010cesk\u00e9 republiky<\/a> nebo v <a href=\"https:\/\/mv.gov.cz\/migrace\/docDetail.aspx?docid=22081172&amp;doctype=ART\">informa\u010dn\u00edch bro\u017eur\u00e1ch <\/a>v \u010de\u0161tin\u011b, angli\u010dtin\u011b, ru\u0161tin\u011b, nebo ukrajin\u0161tin\u011b.<\/p>","protected":false},"excerpt":{"rendered":"<p>Zde se dozv\u00edte, jak po\u017e\u00e1dat o mezin\u00e1rodn\u00ed ochranu v \u010cesk\u00e9 republice, kdo na ni m\u00e1 n\u00e1rok a jak prob\u00edh\u00e1 samotn\u00fd proces. Dozv\u00edte se: druhy mezin\u00e1rodn\u00ed ochrany (azyl a dopl\u0148kov\u00e1 ochrana). v\u00fdhody a pr\u00e1va dr\u017eitel\u016f mezin\u00e1rodn\u00ed ochrany jak a kde podat&#8230;<\/p>\n<a class=\"more-block\" href=\"https:\/\/metropolevsech.eu\/cs\/potrebuji-resit\/pobyt-na-uzemi-ceske-republiky\/%d1%83%d0%ba%d1%80%d0%b0%d1%97%d0%bd%d1%81%d1%8c%d0%ba%d0%b0-mezinarodni-ochrana\/\">\u010c\u00edst v\u00edce<\/a>","protected":false},"author":7,"featured_media":0,"parent":554,"menu_order":5,"comment_status":"closed","ping_status":"closed","template":"","meta":[],"acf":[],"_links":{"self":[{"href":"https:\/\/metropolevsech.eu\/cs\/wp-json\/wp\/v2\/pages\/22006"}],"collection":[{"href":"https:\/\/metropolevsech.eu\/cs\/wp-json\/wp\/v2\/pages"}],"about":[{"href":"https:\/\/metropolevsech.eu\/cs\/wp-json\/wp\/v2\/types\/page"}],"author":[{"embeddable":true,"href":"https:\/\/metropolevsech.eu\/cs\/wp-json\/wp\/v2\/users\/7"}],"replies":[{"embeddable":true,"href":"https:\/\/metropolevsech.eu\/cs\/wp-json\/wp\/v2\/comments?post=22006"}],"version-history":[{"count":24,"href":"https:\/\/metropolevsech.eu\/cs\/wp-json\/wp\/v2\/pages\/22006\/revisions"}],"predecessor-version":[{"id":22186,"href":"https:\/\/metropolevsech.eu\/cs\/wp-json\/wp\/v2\/pages\/22006\/revisions\/22186"}],"up":[{"embeddable":true,"href":"https:\/\/metropolevsech.eu\/cs\/wp-json\/wp\/v2\/pages\/554"}],"wp:attachment":[{"href":"https:\/\/metropolevsech.eu\/cs\/wp-json\/wp\/v2\/media?parent=22006"}],"curies":[{"name":"wp","href":"https:\/\/api.w.org\/{rel}","templated":true}]}}