{"id":22286,"date":"2025-03-26T11:43:07","date_gmt":"2025-03-26T10:43:07","guid":{"rendered":"https:\/\/metropolevsech.eu\/?page_id=22286"},"modified":"2025-03-26T11:43:07","modified_gmt":"2025-03-26T10:43:07","slug":"hrady","status":"publish","type":"page","link":"https:\/\/metropolevsech.eu\/cs\/hrady\/","title":{"rendered":"Hrady"},"content":{"rendered":"<p><\/p>\n<h3><strong>Hrady<\/strong><\/h3>\n<h4>Pra\u017esk\u00fd hrad<\/h4>\n<img loading=\"lazy\" class=\"alignnone wp-image-4742 size-content-image article-img\" src=\"\/\/metropolevsech.eu\/wp-content\/uploads\/2016\/12\/podzim5-670x161.jpg\" alt=\"\" width=\"670\" height=\"161\" srcset=\"https:\/\/metropolevsech.eu\/wp-content\/uploads\/2016\/12\/podzim5-670x161.jpg 670w, https:\/\/metropolevsech.eu\/wp-content\/uploads\/2016\/12\/podzim5-300x72.jpg 300w, https:\/\/metropolevsech.eu\/wp-content\/uploads\/2016\/12\/podzim5-768x185.jpg 768w, https:\/\/metropolevsech.eu\/wp-content\/uploads\/2016\/12\/podzim5.jpg 1040w\" sizes=\"(max-width: 670px) 100vw, 670px\" \/>\n<p>Pra\u017esk\u00fd hrad b\u00fdval od 9. stolet\u00ed s\u00eddlem \u010desk\u00fdch kn\u00ed\u017eat, pozd\u011bji kr\u00e1l\u016f, a od roku 1918 je s\u00eddlem prezidenta republiky. Dvakr\u00e1t v d\u011bjin\u00e1ch se stal hlavn\u00ed rezidenc\u00ed c\u00edsa\u0159e Svat\u00e9 \u0159\u00ed\u0161e \u0159\u00edmsk\u00e9. Podle Guinessovy knihy rekord\u016f je pova\u017eov\u00e1n za nejv\u011bt\u0161\u00ed starobyl\u00fd hrad na sv\u011bt\u011b \u2013 zab\u00edr\u00e1 plochu 570 m na d\u00e9lku a 130 m na \u0161\u00ed\u0159ku. Sou\u010d\u00e1st\u00ed hradu je komplex historick\u00fdch budov, kter\u00fdm dominuje <strong>Katedr\u00e1la sv. V\u00edta<\/strong>, kde jsou ulo\u017eeny korunova\u010dn\u00ed klenoty \u010desk\u00fdch kr\u00e1l\u016f.<\/p>\n<p>Vstup na Pra\u017esk\u00fd hrad je ze v\u0161ech stran chr\u00e1n\u011bn hl\u00eddkou hradn\u00ed str\u00e1\u017ee.<\/p>\n<p>V\u00edce se dozv\u00edte na <a href=\"\/\/www.prague.eu\/cs\/objekt\/mista\/31\/prazsky-hrad\">ofici\u00e1ln\u00edm turistick\u00e9m port\u00e1lu Prahy.<\/a><\/p>\n<h4>Zahrady Pra\u017esk\u00e9ho hradu<\/h4>\n<img loading=\"lazy\" class=\"alignnone wp-image-9198 size-content-image article-img\" src=\"\/\/metropolevsech.eu\/wp-content\/uploads\/2019\/04\/1-kralovska-zahrada-2-670x209.jpg\" alt=\"\" width=\"670\" height=\"209\" srcset=\"https:\/\/metropolevsech.eu\/wp-content\/uploads\/2019\/04\/1-kralovska-zahrada-2-670x209.jpg 670w, https:\/\/metropolevsech.eu\/wp-content\/uploads\/2019\/04\/1-kralovska-zahrada-2-300x94.jpg 300w, https:\/\/metropolevsech.eu\/wp-content\/uploads\/2019\/04\/1-kralovska-zahrada-2-768x240.jpg 768w, https:\/\/metropolevsech.eu\/wp-content\/uploads\/2019\/04\/1-kralovska-zahrada-2-1040x325.jpg 1040w, https:\/\/metropolevsech.eu\/wp-content\/uploads\/2019\/04\/1-kralovska-zahrada-2.jpg 1920w\" sizes=\"(max-width: 670px) 100vw, 670px\" \/>\n<p><em>foto \u00a9 Prague City Tourism<\/em><\/p>\n<p>Kr\u00e1lovsk\u00e1 zahrada je historicky nejcenn\u011bj\u0161\u00ed ze v\u0161ech hradn\u00edch zahrad. Zalo\u017eena byla r. 1534 Ferdinandem I. Habsbursk\u00fdm a inspirovala se italsk\u00fdmi vzory, sou\u010dasn\u00e1 podoba zahrady v\u0161ak navazuje na anglickou \u00fapravu z poloviny 19. stolet\u00ed. Jedn\u00edm z jej\u00edch nejv\u011bt\u0161\u00edch skvost\u016f je Zp\u00edvaj\u00edc\u00ed font\u00e1na, kter\u00e1 pat\u0159\u00ed k nejkr\u00e1sn\u011bj\u0161\u00edm renesan\u010dn\u00edm font\u00e1n\u00e1m v Evrop\u011b. Ji\u017en\u00ed zahrady (Rajsk\u00e1, Zahrada Na Valech a Hartigovsk\u00e1) rozp\u00ednaj\u00edc\u00ed se p\u0159ed ji\u017en\u00edm pr\u016f\u010del\u00edm Pra\u017esk\u00e9ho hradu sk\u00fdtaj\u00ed okouzluj\u00edc\u00ed v\u00fdhled na Malou Stranu, Star\u00e9 M\u011bsto i nedalek\u00fd Pet\u0159\u00edn.<\/p>\n<p>V\u00edce se dozv\u00edte na <a href=\"\/\/www.prague.eu\/cs\/objekt\/mista\/505\/zahrady-prazskeho-hradu\">ofici\u00e1ln\u00edm turistick\u00e9m port\u00e1lu Prahy Prague.eu<\/a><\/p>\n<h4>Vy\u0161ehrad<\/h4>\n<img loading=\"lazy\" class=\"alignnone wp-image-9195 article-img\" src=\"\/\/metropolevsech.eu\/wp-content\/uploads\/2019\/04\/vysehrad-zdroj-Prague-City-Tourism-670x447.jpg\" alt=\"\" width=\"557\" height=\"371\" srcset=\"https:\/\/metropolevsech.eu\/wp-content\/uploads\/2019\/04\/vysehrad-zdroj-Prague-City-Tourism-670x447.jpg 670w, https:\/\/metropolevsech.eu\/wp-content\/uploads\/2019\/04\/vysehrad-zdroj-Prague-City-Tourism-300x200.jpg 300w, https:\/\/metropolevsech.eu\/wp-content\/uploads\/2019\/04\/vysehrad-zdroj-Prague-City-Tourism-768x512.jpg 768w, https:\/\/metropolevsech.eu\/wp-content\/uploads\/2019\/04\/vysehrad-zdroj-Prague-City-Tourism-1040x693.jpg 1040w, https:\/\/metropolevsech.eu\/wp-content\/uploads\/2019\/04\/vysehrad-zdroj-Prague-City-Tourism.jpg 2000w\" sizes=\"(max-width: 557px) 100vw, 557px\" \/>\n<p><em>foto \u00a9 Prague City Tourism<\/em><\/p>\n<p>Podle pov\u011bst\u00ed nejstar\u0161\u00ed s\u00eddlo \u010desk\u00fdch kn\u00ed\u017eat, hradi\u0161t\u011b v\u0161ak vzniklo asi v polovin\u011b 10. stolet\u00ed. Z ostrohu nad Vltavou se nab\u00edz\u00ed jedine\u010dn\u00e9 v\u00fdhledy na Prahu a jeho parkov\u00fd are\u00e1l ukr\u00fdv\u00e1 architektonick\u00e9 poklady zahrnuj\u00edc\u00ed rom\u00e1nskou vz\u00e1cnou rotundu sv. Martina, novogotick\u00fd kostel sv. Petra a Pavla, n\u00e1rodn\u00ed poh\u0159ebi\u0161t\u011b Slav\u00edn a podzemn\u00ed kasemata s origin\u00e1ly n\u011bkter\u00fdch barokn\u00edch soch z Karlova mostu.<\/p>\n<p>V\u00edce se dozv\u00edte na <a href=\"\/\/www.prague.eu\/cs\/objekt\/mista\/137\/vysehrad\">ofici\u00e1ln\u00edm turistick\u00e9m port\u00e1lu Prahy.<\/a><\/p>","protected":false},"excerpt":{"rendered":"<p>Hrady Pra\u017esk\u00fd hrad Pra\u017esk\u00fd hrad b\u00fdval od 9. stolet\u00ed s\u00eddlem \u010desk\u00fdch kn\u00ed\u017eat, pozd\u011bji kr\u00e1l\u016f, a od roku 1918 je s\u00eddlem prezidenta republiky. Dvakr\u00e1t v d\u011bjin\u00e1ch se stal hlavn\u00ed rezidenc\u00ed c\u00edsa\u0159e Svat\u00e9 \u0159\u00ed\u0161e \u0159\u00edmsk\u00e9. Podle Guinessovy knihy rekord\u016f je pova\u017eov\u00e1n za&#8230;<\/p>\n<a class=\"more-block\" href=\"https:\/\/metropolevsech.eu\/cs\/hrady\/\">\u010c\u00edst v\u00edce<\/a>","protected":false},"author":7,"featured_media":0,"parent":0,"menu_order":0,"comment_status":"closed","ping_status":"closed","template":"","meta":[],"acf":[],"_links":{"self":[{"href":"https:\/\/metropolevsech.eu\/cs\/wp-json\/wp\/v2\/pages\/22286"}],"collection":[{"href":"https:\/\/metropolevsech.eu\/cs\/wp-json\/wp\/v2\/pages"}],"about":[{"href":"https:\/\/metropolevsech.eu\/cs\/wp-json\/wp\/v2\/types\/page"}],"author":[{"embeddable":true,"href":"https:\/\/metropolevsech.eu\/cs\/wp-json\/wp\/v2\/users\/7"}],"replies":[{"embeddable":true,"href":"https:\/\/metropolevsech.eu\/cs\/wp-json\/wp\/v2\/comments?post=22286"}],"version-history":[{"count":1,"href":"https:\/\/metropolevsech.eu\/cs\/wp-json\/wp\/v2\/pages\/22286\/revisions"}],"predecessor-version":[{"id":22289,"href":"https:\/\/metropolevsech.eu\/cs\/wp-json\/wp\/v2\/pages\/22286\/revisions\/22289"}],"wp:attachment":[{"href":"https:\/\/metropolevsech.eu\/cs\/wp-json\/wp\/v2\/media?parent=22286"}],"curies":[{"name":"wp","href":"https:\/\/api.w.org\/{rel}","templated":true}]}}