{"id":22291,"date":"2025-03-26T11:52:31","date_gmt":"2025-03-26T10:52:31","guid":{"rendered":"https:\/\/metropolevsech.eu\/?page_id=22291"},"modified":"2025-03-26T11:52:31","modified_gmt":"2025-03-26T10:52:31","slug":"mosty","status":"publish","type":"page","link":"https:\/\/metropolevsech.eu\/cs\/mosty\/","title":{"rendered":"Mosty"},"content":{"rendered":"<p>Prahou prot\u00e9k\u00e1 nejdel\u0161\u00ed \u010desk\u00e1 \u0159eka <a href=\"\/\/cs.wikipedia.org\/wiki\/Vltava\">Vltava<\/a>, kter\u00e1 pramen\u00ed na jihu \u010cech, a p\u0159es Prahu pokra\u010duje d\u00e1le do N\u011bmecka. V Praze stoj\u00ed v\u00edce jak <a href=\"\/\/www.milujuprahu.cz\/v-praze-je-30-mostu-mostku-ci-lavek-pres-vltavu\/\">30 most\u016f<\/a>, ale t\u00edm nejzn\u00e1m\u011bj\u0161\u00edch z nich je zajist\u00e9 Karl\u016fv most.<\/p>\n<h4>Karl\u016fv most<\/h4>\n<img loading=\"lazy\" class=\"article-img alignnone wp-image-4743 size-content-image\" src=\"https:\/\/metropolevsech.eu\/wp-content\/uploads\/2016\/12\/podzim6-670x161.jpg\" alt=\"\" width=\"670\" height=\"161\" srcset=\"https:\/\/metropolevsech.eu\/wp-content\/uploads\/2016\/12\/podzim6-670x161.jpg 670w, https:\/\/metropolevsech.eu\/wp-content\/uploads\/2016\/12\/podzim6-300x72.jpg 300w, https:\/\/metropolevsech.eu\/wp-content\/uploads\/2016\/12\/podzim6-768x185.jpg 768w, https:\/\/metropolevsech.eu\/wp-content\/uploads\/2016\/12\/podzim6.jpg 1040w\" sizes=\"(max-width: 670px) 100vw, 670px\" \/>\n<p>Karl\u016fv most je nejstar\u0161\u00ed stoj\u00edc\u00ed most p\u0159es \u0159eku Vltavu v Praze a druh\u00fd nejstar\u0161\u00ed dochovan\u00fd most v \u010cesk\u00e9 republice. Karl\u016fv most je pojmenov\u00e1n po sv\u00e9m zakladateli a nejslavn\u011bj\u0161\u00edm \u010desk\u00e9m kr\u00e1li Karlu IV. S jeho vznikem je spojeno mnoho pov\u011bst\u00ed. Jedna z\u00a0nich prav\u00ed,\u00a0 \u017ee se k stavb\u011b mostu pou\u017e\u00edvala vejce. Karl\u016fv most dodnes spojuje dv\u011b m\u011bstsk\u00e9 \u010d\u00e1sti \u2013 Star\u00e9 M\u011bsto a Malou Stranu \u2013 a vede p\u0159es n\u011bj historick\u00e1 kr\u00e1lovsk\u00e1 cesta.<\/p>\n<p>V\u00edce se dozv\u00edte na <a href=\"\/\/www.prague.eu\/cs\/objekt\/mista\/93\/karluv-most?back=1\">ofici\u00e1ln\u00edm turistick\u00e9m port\u00e1lu Prahy<\/a>.<\/p>","protected":false},"excerpt":{"rendered":"<p>Prahou prot\u00e9k\u00e1 nejdel\u0161\u00ed \u010desk\u00e1 \u0159eka Vltava, kter\u00e1 pramen\u00ed na jihu \u010cech, a p\u0159es Prahu pokra\u010duje d\u00e1le do N\u011bmecka. V Praze stoj\u00ed v\u00edce jak 30 most\u016f, ale t\u00edm nejzn\u00e1m\u011bj\u0161\u00edch z nich je zajist\u00e9 Karl\u016fv most. Karl\u016fv most Karl\u016fv most je nejstar\u0161\u00ed&#8230;<\/p>\n<a class=\"more-block\" href=\"https:\/\/metropolevsech.eu\/cs\/mosty\/\">\u010c\u00edst v\u00edce<\/a>","protected":false},"author":7,"featured_media":0,"parent":0,"menu_order":0,"comment_status":"closed","ping_status":"closed","template":"","meta":[],"acf":[],"_links":{"self":[{"href":"https:\/\/metropolevsech.eu\/cs\/wp-json\/wp\/v2\/pages\/22291"}],"collection":[{"href":"https:\/\/metropolevsech.eu\/cs\/wp-json\/wp\/v2\/pages"}],"about":[{"href":"https:\/\/metropolevsech.eu\/cs\/wp-json\/wp\/v2\/types\/page"}],"author":[{"embeddable":true,"href":"https:\/\/metropolevsech.eu\/cs\/wp-json\/wp\/v2\/users\/7"}],"replies":[{"embeddable":true,"href":"https:\/\/metropolevsech.eu\/cs\/wp-json\/wp\/v2\/comments?post=22291"}],"version-history":[{"count":1,"href":"https:\/\/metropolevsech.eu\/cs\/wp-json\/wp\/v2\/pages\/22291\/revisions"}],"predecessor-version":[{"id":22294,"href":"https:\/\/metropolevsech.eu\/cs\/wp-json\/wp\/v2\/pages\/22291\/revisions\/22294"}],"wp:attachment":[{"href":"https:\/\/metropolevsech.eu\/cs\/wp-json\/wp\/v2\/media?parent=22291"}],"curies":[{"name":"wp","href":"https:\/\/api.w.org\/{rel}","templated":true}]}}