{"id":22295,"date":"2025-03-26T11:58:03","date_gmt":"2025-03-26T10:58:03","guid":{"rendered":"https:\/\/metropolevsech.eu\/?page_id=22295"},"modified":"2025-03-26T11:58:03","modified_gmt":"2025-03-26T10:58:03","slug":"namesti","status":"publish","type":"page","link":"https:\/\/metropolevsech.eu\/cs\/namesti\/","title":{"rendered":"N\u00e1m\u011bst\u00ed"},"content":{"rendered":"<p><\/p>\n<h4>Starom\u011bstsk\u00e9 n\u00e1m\u011bst\u00ed<\/h4>\n<img loading=\"lazy\" class=\"alignnone wp-image-7880 size-content-image article-img\" src=\"\/\/metropolevsech.eu\/wp-content\/uploads\/2018\/12\/F5A9894-670x161.jpg\" alt=\"\" width=\"670\" height=\"161\" srcset=\"https:\/\/metropolevsech.eu\/wp-content\/uploads\/2018\/12\/F5A9894-670x161.jpg 670w, https:\/\/metropolevsech.eu\/wp-content\/uploads\/2018\/12\/F5A9894-300x72.jpg 300w, https:\/\/metropolevsech.eu\/wp-content\/uploads\/2018\/12\/F5A9894-768x185.jpg 768w, https:\/\/metropolevsech.eu\/wp-content\/uploads\/2018\/12\/F5A9894.jpg 1040w\" sizes=\"(max-width: 670px) 100vw, 670px\" \/>\n<p>Starom\u011bstsk\u00e9 n\u00e1m\u011bst\u00ed, d\u0159\u00edve tak\u00e9 Velk\u00e9 n\u00e1m\u011bst\u00ed, dnes lidov\u011b ozna\u010dov\u00e1no jako \u201eStarom\u00e1k\u201c, se nach\u00e1z\u00ed v centru Star\u00e9ho M\u011bsta pra\u017esk\u00e9ho. Nalezneme na n\u011bm n\u011bkolik v\u00fdznamn\u00fdch historick\u00fdch objekt\u016f. Pozornosti n\u00e1v\u0161t\u011bvn\u00edk\u016f by nem\u011bly uj\u00edt <strong>Starom\u011bstsk\u00e1 radnice s Pra\u017esk\u00fdm orlojem<\/strong> a <strong>T\u00fdnsk\u00fd chr\u00e1m<\/strong>. Pra\u017esk\u00fd orloj \u2013 st\u0159edov\u011bk\u00e9 astrologick\u00e9 hodiny s kr\u00e1sn\u011b vy\u0159ez\u00e1van\u00fdmi postavami smrtky, and\u011bla nebo dvan\u00e1cti apo\u0161tol\u016f \u2013 odb\u00edj\u00ed na v\u011b\u017ei Starom\u011bstsk\u00e9 radnice v\u00a0ka\u017edou celou hodinu. Radnice se v pr\u016fb\u011bhu sv\u00e9 historie stala obl\u00edben\u00fdm m\u00edstem pro civiln\u00ed svatebn\u00ed ob\u0159ady.<\/p>\n<p>V\u00edce se dozv\u00edte na <a href=\"\/\/www.prague.eu\/cs\/objekt\/mista\/183\/staromestske-namesti\">ofici\u00e1ln\u00edm turistick\u00e9m port\u00e1lu Prahy.<\/a><\/p>\n<h4>Malostransk\u00e9 n\u00e1m\u011bst\u00ed<\/h4>\n<div id=\"attachment_9203\" style=\"width: 680px\" class=\"wp-caption alignnone\"><img aria-describedby=\"caption-attachment-9203\" loading=\"lazy\" class=\"wp-image-9203 size-content-image article-img\" src=\"\/\/metropolevsech.eu\/wp-content\/uploads\/2019\/04\/malostransk\u00e9-n\u00e1m\u011bst\u00ed-670x503.jpg\" alt=\"\" width=\"670\" height=\"503\" srcset=\"https:\/\/metropolevsech.eu\/wp-content\/uploads\/2019\/04\/malostransk\u00e9-n\u00e1m\u011bst\u00ed-670x503.jpg 670w, https:\/\/metropolevsech.eu\/wp-content\/uploads\/2019\/04\/malostransk\u00e9-n\u00e1m\u011bst\u00ed-300x225.jpg 300w, https:\/\/metropolevsech.eu\/wp-content\/uploads\/2019\/04\/malostransk\u00e9-n\u00e1m\u011bst\u00ed-768x576.jpg 768w, https:\/\/metropolevsech.eu\/wp-content\/uploads\/2019\/04\/malostransk\u00e9-n\u00e1m\u011bst\u00ed-1040x780.jpg 1040w\" sizes=\"(max-width: 670px) 100vw, 670px\" \/><p id=\"caption-attachment-9203\" class=\"wp-caption-text\">foto \u00a9 Prague.eu<\/p><\/div>\n<p>N\u00e1m\u011bst\u00ed s \u0159adou historick\u00fdch dom\u016f a pal\u00e1c\u016f je tvo\u0159en\u00e9 dv\u011bma \u010d\u00e1stmi, kter\u00e9 spojuje dominanta cel\u00e9ho prostoru &#8211; chr\u00e1m sv. Mikul\u00e1\u0161e. Pat\u0159\u00ed k turisticky nejatraktivn\u011bj\u0161\u00edm m\u00edst\u016fm Prahy a je sou\u010d\u00e1st\u00ed Kr\u00e1lovsk\u00e9 cesty. Od roku 2016 je nov\u011b vyu\u017e\u00edv\u00e1no pro po\u0159\u00e1d\u00e1n\u00ed setk\u00e1n\u00ed, v\u00fdstav nebo projekc\u00ed. Na n\u00e1m\u011bst\u00ed stoj\u00ed kostel sv. Mikul\u00e1\u0161e. Tento nejslavn\u011bj\u0161\u00ed barokn\u00ed chr\u00e1m Prahy pat\u0159\u00ed k nejcenn\u011bj\u0161\u00edm stavb\u00e1m baroka na sever od Alp. Kopule m\u00e1 v pr\u016fm\u011bru obdivuhodn\u00fdch 20 m, vnit\u0159n\u00ed v\u00fd\u0161ka do vrcholu lucerny je p\u0159es 49 m, co\u017e p\u0159edstavuje nejvy\u0161\u0161\u00ed pra\u017esk\u00fd interi\u00e9r, kter\u00fd je z\u00e1rove\u0148 vynikaj\u00edc\u00ed uk\u00e1zkou v\u00fdzdoby vrcholn\u00e9ho baroka. V kostele prob\u00edhaj\u00ed celoro\u010dn\u00ed koncertn\u00ed cykly s vyu\u017eit\u00edm historick\u00fdch varhan z 18. stolet\u00ed.<\/p>\n<p>V\u00edce se dozv\u00edte na <a href=\"\/\/www.prague.eu\/cs\/objekt\/mista\/2740\/malostranske-namesti\">ofici\u00e1ln\u00edm turistick\u00e9m port\u00e1lu Prahy Prague.eu<\/a><\/p>","protected":false},"excerpt":{"rendered":"<p>Starom\u011bstsk\u00e9 n\u00e1m\u011bst\u00ed Starom\u011bstsk\u00e9 n\u00e1m\u011bst\u00ed, d\u0159\u00edve tak\u00e9 Velk\u00e9 n\u00e1m\u011bst\u00ed, dnes lidov\u011b ozna\u010dov\u00e1no jako \u201eStarom\u00e1k\u201c, se nach\u00e1z\u00ed v centru Star\u00e9ho M\u011bsta pra\u017esk\u00e9ho. Nalezneme na n\u011bm n\u011bkolik v\u00fdznamn\u00fdch historick\u00fdch objekt\u016f. Pozornosti n\u00e1v\u0161t\u011bvn\u00edk\u016f by nem\u011bly uj\u00edt Starom\u011bstsk\u00e1 radnice s Pra\u017esk\u00fdm orlojem a T\u00fdnsk\u00fd chr\u00e1m&#8230;.<\/p>\n<a class=\"more-block\" href=\"https:\/\/metropolevsech.eu\/cs\/namesti\/\">\u010c\u00edst v\u00edce<\/a>","protected":false},"author":7,"featured_media":0,"parent":0,"menu_order":0,"comment_status":"closed","ping_status":"closed","template":"","meta":[],"acf":[],"_links":{"self":[{"href":"https:\/\/metropolevsech.eu\/cs\/wp-json\/wp\/v2\/pages\/22295"}],"collection":[{"href":"https:\/\/metropolevsech.eu\/cs\/wp-json\/wp\/v2\/pages"}],"about":[{"href":"https:\/\/metropolevsech.eu\/cs\/wp-json\/wp\/v2\/types\/page"}],"author":[{"embeddable":true,"href":"https:\/\/metropolevsech.eu\/cs\/wp-json\/wp\/v2\/users\/7"}],"replies":[{"embeddable":true,"href":"https:\/\/metropolevsech.eu\/cs\/wp-json\/wp\/v2\/comments?post=22295"}],"version-history":[{"count":1,"href":"https:\/\/metropolevsech.eu\/cs\/wp-json\/wp\/v2\/pages\/22295\/revisions"}],"predecessor-version":[{"id":22298,"href":"https:\/\/metropolevsech.eu\/cs\/wp-json\/wp\/v2\/pages\/22295\/revisions\/22298"}],"wp:attachment":[{"href":"https:\/\/metropolevsech.eu\/cs\/wp-json\/wp\/v2\/media?parent=22295"}],"curies":[{"name":"wp","href":"https:\/\/api.w.org\/{rel}","templated":true}]}}