{"id":22299,"date":"2025-03-26T12:02:31","date_gmt":"2025-03-26T11:02:31","guid":{"rendered":"https:\/\/metropolevsech.eu\/?page_id=22299"},"modified":"2025-03-26T12:03:38","modified_gmt":"2025-03-26T11:03:38","slug":"kostely","status":"publish","type":"page","link":"https:\/\/metropolevsech.eu\/cs\/kostely\/","title":{"rendered":"Kostely"},"content":{"rendered":"<p><\/p>\n<h4>Kostel sv. Mikul\u00e1\u0161e &#8211; Mal\u00e1 Strana<\/h4>\n<img loading=\"lazy\" class=\"alignnone wp-image-9204 size-content-image article-img\" src=\"\/\/metropolevsech.eu\/wp-content\/uploads\/2019\/04\/kostel-svat\u00e9ho-mikul\u00e1\u0161e-prague-city-tourism-670x447.jpg\" alt=\"\" width=\"670\" height=\"447\" srcset=\"https:\/\/metropolevsech.eu\/wp-content\/uploads\/2019\/04\/kostel-svat\u00e9ho-mikul\u00e1\u0161e-prague-city-tourism-670x447.jpg 670w, https:\/\/metropolevsech.eu\/wp-content\/uploads\/2019\/04\/kostel-svat\u00e9ho-mikul\u00e1\u0161e-prague-city-tourism-300x200.jpg 300w, https:\/\/metropolevsech.eu\/wp-content\/uploads\/2019\/04\/kostel-svat\u00e9ho-mikul\u00e1\u0161e-prague-city-tourism-768x512.jpg 768w, https:\/\/metropolevsech.eu\/wp-content\/uploads\/2019\/04\/kostel-svat\u00e9ho-mikul\u00e1\u0161e-prague-city-tourism-1040x693.jpg 1040w\" sizes=\"(max-width: 670px) 100vw, 670px\" \/>\n<p><em>foto \u00a9 Prague City Tourism<\/em><\/p>\n<p>Tento nejslavn\u011bj\u0161\u00ed barokn\u00ed chr\u00e1m Prahy pat\u0159\u00ed k nejcenn\u011bj\u0161\u00edm stavb\u00e1m baroka na sever od Alp. Kopule m\u00e1 v pr\u016fm\u011bru obdivuhodn\u00fdch 20 m, vnit\u0159n\u00ed v\u00fd\u0161ka do vrcholu lucerny je p\u0159es 49 m, co\u017e p\u0159edstavuje nejvy\u0161\u0161\u00ed pra\u017esk\u00fd interi\u00e9r, kter\u00fd je z\u00e1rove\u0148 vynikaj\u00edc\u00ed uk\u00e1zkou v\u00fdzdoby vrcholn\u00e9ho baroka. V kostele prob\u00edhaj\u00ed celoro\u010dn\u00ed koncertn\u00ed cykly s vyu\u017eit\u00edm historick\u00fdch varhan z 18. stolet\u00ed.<\/p>\n<p>V\u00edce se dozv\u00edte na <a href=\"\/\/www.prague.eu\/cs\/objekt\/mista\/166\/kostel-sv-mikulase-mala-strana\">ofici\u00e1ln\u00edm turistick\u00e9m port\u00e1lu Prahy Prague.eu<\/a><\/p>","protected":false},"excerpt":{"rendered":"<p>Kostel sv. Mikul\u00e1\u0161e &#8211; Mal\u00e1 Strana foto \u00a9 Prague City Tourism Tento nejslavn\u011bj\u0161\u00ed barokn\u00ed chr\u00e1m Prahy pat\u0159\u00ed k nejcenn\u011bj\u0161\u00edm stavb\u00e1m baroka na sever od Alp. Kopule m\u00e1 v pr\u016fm\u011bru obdivuhodn\u00fdch 20 m, vnit\u0159n\u00ed v\u00fd\u0161ka do vrcholu lucerny je p\u0159es 49&#8230;<\/p>\n<a class=\"more-block\" href=\"https:\/\/metropolevsech.eu\/cs\/kostely\/\">\u010c\u00edst v\u00edce<\/a>","protected":false},"author":7,"featured_media":0,"parent":0,"menu_order":0,"comment_status":"closed","ping_status":"closed","template":"","meta":[],"acf":[],"_links":{"self":[{"href":"https:\/\/metropolevsech.eu\/cs\/wp-json\/wp\/v2\/pages\/22299"}],"collection":[{"href":"https:\/\/metropolevsech.eu\/cs\/wp-json\/wp\/v2\/pages"}],"about":[{"href":"https:\/\/metropolevsech.eu\/cs\/wp-json\/wp\/v2\/types\/page"}],"author":[{"embeddable":true,"href":"https:\/\/metropolevsech.eu\/cs\/wp-json\/wp\/v2\/users\/7"}],"replies":[{"embeddable":true,"href":"https:\/\/metropolevsech.eu\/cs\/wp-json\/wp\/v2\/comments?post=22299"}],"version-history":[{"count":1,"href":"https:\/\/metropolevsech.eu\/cs\/wp-json\/wp\/v2\/pages\/22299\/revisions"}],"predecessor-version":[{"id":22302,"href":"https:\/\/metropolevsech.eu\/cs\/wp-json\/wp\/v2\/pages\/22299\/revisions\/22302"}],"wp:attachment":[{"href":"https:\/\/metropolevsech.eu\/cs\/wp-json\/wp\/v2\/media?parent=22299"}],"curies":[{"name":"wp","href":"https:\/\/api.w.org\/{rel}","templated":true}]}}